{"id":3688,"date":"2022-08-04T15:59:33","date_gmt":"2022-08-04T15:59:33","guid":{"rendered":"https:\/\/transferstours.com\/?page_id=3688"},"modified":"2024-09-03T08:19:11","modified_gmt":"2024-09-03T08:19:11","slug":"reiseziele-in-kolumbien","status":"publish","type":"page","link":"https:\/\/transferstours.com\/de\/reiseziele-in-kolumbien\/","title":{"rendered":"reiseziele in kolumbien"},"content":{"rendered":"\t\t<div data-elementor-type=\"wp-page\" data-elementor-id=\"3688\" class=\"elementor elementor-3688\" data-elementor-post-type=\"page\">\n\t\t\t\t\t\t<section class=\"elementor-section elementor-top-section elementor-element elementor-element-636b4a8 elementor-section-boxed elementor-section-height-default elementor-section-height-default\" data-id=\"636b4a8\" data-element_type=\"section\" data-e-type=\"section\">\n\t\t\t\t\t\t<div class=\"elementor-container elementor-column-gap-default\">\n\t\t\t\t\t<div class=\"elementor-column elementor-col-100 elementor-top-column elementor-element elementor-element-68f22d5\" data-id=\"68f22d5\" data-element_type=\"column\" data-e-type=\"column\">\n\t\t\t<div class=\"elementor-widget-wrap elementor-element-populated\">\n\t\t\t\t\t\t<div class=\"elementor-element elementor-element-9c1a352 elementor-widget elementor-widget-heading\" data-id=\"9c1a352\" data-element_type=\"widget\" data-e-type=\"widget\" data-widget_type=\"heading.default\">\n\t\t\t\t<div class=\"elementor-widget-container\">\n\t\t\t\t\t<h1 class=\"elementor-heading-title elementor-size-xxl\">reiseziele in kolumbien<\/h1>\t\t\t\t<\/div>\n\t\t\t\t<\/div>\n\t\t\t\t\t<\/div>\n\t\t<\/div>\n\t\t\t\t\t<\/div>\n\t\t<\/section>\n\t\t\t\t<section class=\"elementor-section elementor-top-section elementor-element elementor-element-a1d4965 elementor-section-boxed elementor-section-height-default elementor-section-height-default\" data-id=\"a1d4965\" data-element_type=\"section\" data-e-type=\"section\">\n\t\t\t\t\t\t<div class=\"elementor-container elementor-column-gap-default\">\n\t\t\t\t\t<div class=\"elementor-column elementor-col-50 elementor-top-column elementor-element elementor-element-a2b0af0\" data-id=\"a2b0af0\" data-element_type=\"column\" data-e-type=\"column\">\n\t\t\t<div class=\"elementor-widget-wrap elementor-element-populated\">\n\t\t\t\t\t\t<div class=\"elementor-element elementor-element-f9af901 elementor-widget elementor-widget-text-editor\" data-id=\"f9af901\" data-element_type=\"widget\" data-e-type=\"widget\" data-widget_type=\"text-editor.default\">\n\t\t\t\t<div class=\"elementor-widget-container\">\n\t\t\t\t\t\t\t\t\t<p>Hier finden Sie die wichtigsten Reiseziele in unserem sch\u00f6nen <a href=\"https:\/\/www.colombia.co\/\" target=\"_blank\" rel=\"noopener\">Kolumbien<\/a> vom Amazonas bis La Guajira mit Pl\u00e4nen, die auf Ihre Bed\u00fcrfnisse zugeschnitten sind, um sich Ihrer Zeit anzupassen. Wir organisieren <a href=\"https:\/\/www.tripadvisor.com\/Attraction_Review-g294074-d8846089-Reviews-Transfers_Tours-Bogota.html\" target=\"_blank\" rel=\"noopener\">Erlebnisse<\/a> von 1 Tag bis 1 Monat, wenn Sie das ganze Land bereisen m\u00f6chten Reise nach Kolumbien Sie werden immer von Experten und lokalen Guides mit den besten Logistik-, Live-Kultur-, <a href=\"https:\/\/transferstours.com\/de\">Wellness- und Naturpl\u00e4nen begleitet<\/a><\/p>\t\t\t\t\t\t\t\t<\/div>\n\t\t\t\t<\/div>\n\t\t\t\t<div class=\"elementor-element elementor-element-b2d004a elementor-align-center elementor-widget elementor-widget-button\" data-id=\"b2d004a\" data-element_type=\"widget\" data-e-type=\"widget\" data-widget_type=\"button.default\">\n\t\t\t\t<div class=\"elementor-widget-container\">\n\t\t\t\t\t\t\t\t\t<div class=\"elementor-button-wrapper\">\n\t\t\t\t\t<a class=\"elementor-button elementor-button-link elementor-size-sm\" href=\"https:\/\/transferstours.com\/Es_brochure\/Destinos\/Colombia\/index.html\">\n\t\t\t\t\t\t<span class=\"elementor-button-content-wrapper\">\n\t\t\t\t\t\t\t\t\t<span class=\"elementor-button-text\">Nutzerinformation<\/span>\n\t\t\t\t\t<\/span>\n\t\t\t\t\t<\/a>\n\t\t\t\t<\/div>\n\t\t\t\t\t\t\t\t<\/div>\n\t\t\t\t<\/div>\n\t\t\t\t\t<\/div>\n\t\t<\/div>\n\t\t\t\t<div class=\"elementor-column elementor-col-50 elementor-top-column elementor-element elementor-element-81e78f8\" data-id=\"81e78f8\" data-element_type=\"column\" data-e-type=\"column\">\n\t\t\t<div class=\"elementor-widget-wrap elementor-element-populated\">\n\t\t\t\t\t\t<div class=\"elementor-element elementor-element-2607b48 elementor-widget elementor-widget-image\" data-id=\"2607b48\" data-element_type=\"widget\" data-e-type=\"widget\" data-widget_type=\"image.default\">\n\t\t\t\t<div class=\"elementor-widget-container\">\n\t\t\t\t\t\t\t\t\t\t\t\t\t\t\t<img fetchpriority=\"high\" decoding=\"async\" width=\"580\" height=\"820\" src=\"https:\/\/transferstours.com\/wp-content\/uploads\/2021\/12\/Map-724x1024.png\" class=\"attachment-large size-large wp-image-2579\" alt=\"destinos en colombia\" srcset=\"https:\/\/transferstours.com\/wp-content\/uploads\/2021\/12\/Map-724x1024.png 724w, https:\/\/transferstours.com\/wp-content\/uploads\/2021\/12\/Map-212x300.png 212w, https:\/\/transferstours.com\/wp-content\/uploads\/2021\/12\/Map-768x1086.png 768w, https:\/\/transferstours.com\/wp-content\/uploads\/2021\/12\/Map-1086x1536.png 1086w, https:\/\/transferstours.com\/wp-content\/uploads\/2021\/12\/Map-1448x2048.png 1448w, https:\/\/transferstours.com\/wp-content\/uploads\/2021\/12\/Map-1200x1698.png 1200w, https:\/\/transferstours.com\/wp-content\/uploads\/2021\/12\/Map-1980x2801.png 1980w, https:\/\/transferstours.com\/wp-content\/uploads\/2021\/12\/Map-scaled.png 1920w\" sizes=\"(max-width: 580px) 100vw, 580px\" \/>\t\t\t\t\t\t\t\t\t\t\t\t\t\t\t<\/div>\n\t\t\t\t<\/div>\n\t\t\t\t\t<\/div>\n\t\t<\/div>\n\t\t\t\t\t<\/div>\n\t\t<\/section>\n\t\t\t\t<\/div>\n\t\t","protected":false},"excerpt":{"rendered":"<p>reiseziele in kolumbien Hier finden Sie die wichtigsten Reiseziele in unserem sch\u00f6nen Kolumbien vom Amazonas bis La Guajira mit Pl\u00e4nen, die auf Ihre Bed\u00fcrfnisse zugeschnitten sind, um sich Ihrer Zeit anzupassen. Wir organisieren Erlebnisse von 1 Tag bis 1 Monat, wenn Sie das ganze Land bereisen m\u00f6chten Reise nach Kolumbien Sie werden immer von Experten [&hellip;]<\/p>\n","protected":false},"author":1,"featured_media":6145,"parent":0,"menu_order":0,"comment_status":"closed","ping_status":"closed","template":"elementor_header_footer","meta":{"footnotes":""},"class_list":["post-3688","page","type-page","status-publish","has-post-thumbnail","hentry"],"_links":{"self":[{"href":"https:\/\/transferstours.com\/de\/wp-json\/wp\/v2\/pages\/3688","targetHints":{"allow":["GET"]}}],"collection":[{"href":"https:\/\/transferstours.com\/de\/wp-json\/wp\/v2\/pages"}],"about":[{"href":"https:\/\/transferstours.com\/de\/wp-json\/wp\/v2\/types\/page"}],"author":[{"embeddable":true,"href":"https:\/\/transferstours.com\/de\/wp-json\/wp\/v2\/users\/1"}],"replies":[{"embeddable":true,"href":"https:\/\/transferstours.com\/de\/wp-json\/wp\/v2\/comments?post=3688"}],"version-history":[{"count":0,"href":"https:\/\/transferstours.com\/de\/wp-json\/wp\/v2\/pages\/3688\/revisions"}],"wp:featuredmedia":[{"embeddable":true,"href":"https:\/\/transferstours.com\/de\/wp-json\/wp\/v2\/media\/6145"}],"wp:attachment":[{"href":"https:\/\/transferstours.com\/de\/wp-json\/wp\/v2\/media?parent=3688"}],"curies":[{"name":"wp","href":"https:\/\/api.w.org\/{rel}","templated":true}]}}