{"id":3694,"date":"2022-08-04T16:09:05","date_gmt":"2022-08-04T16:09:05","guid":{"rendered":"https:\/\/transferstours.com\/?page_id=3694"},"modified":"2023-03-23T08:05:08","modified_gmt":"2023-03-23T08:05:08","slug":"kolumbianische-andenregion","status":"publish","type":"page","link":"https:\/\/transferstours.com\/de\/reiseziele-in-kolumbien\/kolumbianische-andenregion\/","title":{"rendered":"Kolumbianische Andenregion"},"content":{"rendered":"\t\t<div data-elementor-type=\"wp-page\" data-elementor-id=\"3694\" class=\"elementor elementor-3694\" data-elementor-post-type=\"page\">\n\t\t\t\t\t\t<section class=\"elementor-section elementor-top-section elementor-element elementor-element-ea58424 elementor-section-boxed elementor-section-height-default elementor-section-height-default\" data-id=\"ea58424\" data-element_type=\"section\" data-e-type=\"section\">\n\t\t\t\t\t\t<div class=\"elementor-container elementor-column-gap-default\">\n\t\t\t\t\t<div class=\"elementor-column elementor-col-100 elementor-top-column elementor-element elementor-element-8ba2dea\" data-id=\"8ba2dea\" data-element_type=\"column\" data-e-type=\"column\">\n\t\t\t<div class=\"elementor-widget-wrap elementor-element-populated\">\n\t\t\t\t\t\t<div class=\"elementor-element elementor-element-67f6a20 elementor-widget elementor-widget-heading\" data-id=\"67f6a20\" data-element_type=\"widget\" data-e-type=\"widget\" data-widget_type=\"heading.default\">\n\t\t\t\t<div class=\"elementor-widget-container\">\n\t\t\t\t\t<h1 class=\"elementor-heading-title elementor-size-xxl\">Kolumbianische Andenregion<\/h1>\t\t\t\t<\/div>\n\t\t\t\t<\/div>\n\t\t\t\t\t<\/div>\n\t\t<\/div>\n\t\t\t\t\t<\/div>\n\t\t<\/section>\n\t\t\t\t<section class=\"elementor-section elementor-top-section elementor-element elementor-element-b24c2b1 elementor-section-boxed elementor-section-height-default elementor-section-height-default\" data-id=\"b24c2b1\" data-element_type=\"section\" data-e-type=\"section\">\n\t\t\t\t\t\t<div class=\"elementor-container elementor-column-gap-default\">\n\t\t\t\t\t<div class=\"elementor-column elementor-col-50 elementor-top-column elementor-element elementor-element-46cd29d\" data-id=\"46cd29d\" data-element_type=\"column\" data-e-type=\"column\">\n\t\t\t<div class=\"elementor-widget-wrap elementor-element-populated\">\n\t\t\t\t\t\t<div class=\"elementor-element elementor-element-baad240 elementor-widget elementor-widget-video\" data-id=\"baad240\" data-element_type=\"widget\" data-e-type=\"widget\" data-settings=\"{&quot;youtube_url&quot;:&quot;https:\\\/\\\/www.youtube.com\\\/watch?v=cIzJFyJpao0&quot;,&quot;video_type&quot;:&quot;youtube&quot;,&quot;controls&quot;:&quot;yes&quot;}\" data-widget_type=\"video.default\">\n\t\t\t\t<div class=\"elementor-widget-container\">\n\t\t\t\t\t\t\t<div class=\"elementor-wrapper elementor-open-inline\">\n\t\t\t<div class=\"elementor-video\"><\/div>\t\t<\/div>\n\t\t\t\t\t\t<\/div>\n\t\t\t\t<\/div>\n\t\t\t\t<div class=\"elementor-element elementor-element-628cdc0 elementor-widget elementor-widget-image\" data-id=\"628cdc0\" data-element_type=\"widget\" data-e-type=\"widget\" data-widget_type=\"image.default\">\n\t\t\t\t<div class=\"elementor-widget-container\">\n\t\t\t\t\t\t\t\t\t\t\t\t\t\t\t<img fetchpriority=\"high\" decoding=\"async\" width=\"580\" height=\"820\" src=\"https:\/\/transferstours.com\/wp-content\/uploads\/2021\/12\/Map-4-724x1024.png\" class=\"attachment-large size-large wp-image-2599\" alt=\"lo mejor de los andes colombianos\" srcset=\"https:\/\/transferstours.com\/wp-content\/uploads\/2021\/12\/Map-4-724x1024.png 724w, https:\/\/transferstours.com\/wp-content\/uploads\/2021\/12\/Map-4-212x300.png 212w, https:\/\/transferstours.com\/wp-content\/uploads\/2021\/12\/Map-4-768x1086.png 768w, https:\/\/transferstours.com\/wp-content\/uploads\/2021\/12\/Map-4-1086x1536.png 1086w, https:\/\/transferstours.com\/wp-content\/uploads\/2021\/12\/Map-4-1448x2048.png 1448w, https:\/\/transferstours.com\/wp-content\/uploads\/2021\/12\/Map-4-1200x1697.png 1200w, https:\/\/transferstours.com\/wp-content\/uploads\/2021\/12\/Map-4-1980x2800.png 1980w, https:\/\/transferstours.com\/wp-content\/uploads\/2021\/12\/Map-4-scaled.png 1920w\" sizes=\"(max-width: 580px) 100vw, 580px\" \/>\t\t\t\t\t\t\t\t\t\t\t\t\t\t\t<\/div>\n\t\t\t\t<\/div>\n\t\t\t\t\t<\/div>\n\t\t<\/div>\n\t\t\t\t<div class=\"elementor-column elementor-col-50 elementor-top-column elementor-element elementor-element-20e709a\" data-id=\"20e709a\" data-element_type=\"column\" data-e-type=\"column\">\n\t\t\t<div class=\"elementor-widget-wrap elementor-element-populated\">\n\t\t\t\t\t\t<div class=\"elementor-element elementor-element-01146a2 elementor-widget elementor-widget-heading\" data-id=\"01146a2\" data-element_type=\"widget\" data-e-type=\"widget\" data-widget_type=\"heading.default\">\n\t\t\t\t<div class=\"elementor-widget-container\">\n\t\t\t\t\t<h2 class=\"elementor-heading-title elementor-size-xl\">Die kolumbianischen Anden sind ein unverzichtbares Reiseziel f\u00fcr Natur- und Kulturliebhaber.<\/h2>\t\t\t\t<\/div>\n\t\t\t\t<\/div>\n\t\t\t\t<div class=\"elementor-element elementor-element-7191726 elementor-widget elementor-widget-text-editor\" data-id=\"7191726\" data-element_type=\"widget\" data-e-type=\"widget\" data-widget_type=\"text-editor.default\">\n\t\t\t\t<div class=\"elementor-widget-container\">\n\t\t\t\t\t\t\t\t\t<p>Die kolumbianischen Anden heben sich von 2 der wichtigsten St\u00e4dte Kolumbiens (Bogot\u00e1, Medell\u00edn) ab und ihre Biodiversit\u00e4t ist einzigartig, da die Andenkette, wenn sie Kolumbien erreicht, in drei verschiedene Formationen unterteilt ist, die sie reich an verschiedenen Thermalb\u00f6den mit Vulkanen und Kristallwasserf\u00e4llen machen klares Wasser, gesch\u00fctzte Moore, Fl\u00fcsse, historische St\u00e4dte und viele weitere Qualit\u00e4ten, die wir auf dieser Reise durch die Traditionen und Kultur ihrer Menschen entdecken m\u00fcssen<\/p><h3><strong>Bogota ist Kultur<\/strong><\/h3><p>ist die gr\u00f6\u00dfte Stadt und Hauptstadt Kolumbiens und nat\u00fcrlich mit einer Vielzahl von kulturellen Pl\u00e4nen und Veranstaltungen das ganze Jahr \u00fcber, wo das Hotel-, Gastronomie- und Aktivit\u00e4tenangebot uns viele M\u00f6glichkeiten zur Auswahl bietet.<\/p><h3><strong>Medellin Land der Blumen\u00a0<\/strong><\/h3><p>wird wegen seines angenehmen Klimas und der malerischen Landschaft die Stadt des ewigen Fr\u00fchlings genannt und gibt uns die M\u00f6glichkeit, verschiedene Erfahrungen zu machen<\/p><h3><strong>Boyaca und seine historischen St\u00e4dte<\/strong><\/h3><p>eines der produktivsten Gebiete Kolumbiens, wo sich die gr\u00f6\u00dfte landwirtschaftliche Fl\u00e4che unseres Landes konzentriert, gibt Ihnen die M\u00f6glichkeit, wundersch\u00f6ne Landschaften und historische St\u00e4dte der kolumbianischen Kultur zu sehen.<\/p><p><strong>Eje Cafetero: (Caldas, Risaralda, Quind\u00edo)<\/strong><\/p><p>Sie wissen bereits, dass Kolumbien f\u00fcr seinen Kaffee ber\u00fchmt ist und dass es f\u00fcr Liebhaber dieser Kultur k\u00f6stlicher ist, das Kaffeedreieck und seine wundersch\u00f6nen Landschaften zu kennen, in denen das Cocora-Tal, Salento, Hervorzuheben sind der Schmetterlingsgarten, die Kaffeefarmen, der verschneite Park, die hei\u00dfen Quellen in Santa Rosa de Cabal und andere unglaubliche Orte.<\/p><p><strong>Santander:<\/strong><\/p><p>reich an Natur und Kultur, hier finden Sie eine gro\u00dfe Auswahl an Abenteueraktivit\u00e4ten, die mit der Natur verbunden sind, wie (Rafting, Paragliding, Kajakfahren) und die historischen St\u00e4dte Barichara, Sangil, Socorro, Zapaca.<\/p><p><strong>Tolima und Huila<\/strong>,<\/p><p>hier finden Sie verschiedene Orte, die es zu erkunden gilt, wie die Tatacoa-W\u00fcste, gehen Sie durch das R\u00fcckenmark und probieren Sie das ber\u00fchmte Spanferkel oder fahren Sie weiter in den S\u00fcden und sehen Sie San Agust\u00edn und seine arch\u00e4ologischen und nat\u00fcrlichen Sehensw\u00fcrdigkeiten wie die Quelle der Magdalena-Fluss.<\/p>\t\t\t\t\t\t\t\t<\/div>\n\t\t\t\t<\/div>\n\t\t\t\t\t<\/div>\n\t\t<\/div>\n\t\t\t\t\t<\/div>\n\t\t<\/section>\n\t\t\t\t<\/div>\n\t\t","protected":false},"excerpt":{"rendered":"<p>Kolumbianische Andenregion Die kolumbianischen Anden sind ein unverzichtbares Reiseziel f\u00fcr Natur- und Kulturliebhaber. Die kolumbianischen Anden heben sich von 2 der wichtigsten St\u00e4dte Kolumbiens (Bogot\u00e1, Medell\u00edn) ab und ihre Biodiversit\u00e4t ist einzigartig, da die Andenkette, wenn sie Kolumbien erreicht, in drei verschiedene Formationen unterteilt ist, die sie reich an verschiedenen Thermalb\u00f6den mit Vulkanen und Kristallwasserf\u00e4llen [&hellip;]<\/p>\n","protected":false},"author":1,"featured_media":3690,"parent":3688,"menu_order":0,"comment_status":"closed","ping_status":"closed","template":"elementor_header_footer","meta":{"footnotes":""},"class_list":["post-3694","page","type-page","status-publish","has-post-thumbnail","hentry"],"_links":{"self":[{"href":"https:\/\/transferstours.com\/de\/wp-json\/wp\/v2\/pages\/3694","targetHints":{"allow":["GET"]}}],"collection":[{"href":"https:\/\/transferstours.com\/de\/wp-json\/wp\/v2\/pages"}],"about":[{"href":"https:\/\/transferstours.com\/de\/wp-json\/wp\/v2\/types\/page"}],"author":[{"embeddable":true,"href":"https:\/\/transferstours.com\/de\/wp-json\/wp\/v2\/users\/1"}],"replies":[{"embeddable":true,"href":"https:\/\/transferstours.com\/de\/wp-json\/wp\/v2\/comments?post=3694"}],"version-history":[{"count":0,"href":"https:\/\/transferstours.com\/de\/wp-json\/wp\/v2\/pages\/3694\/revisions"}],"up":[{"embeddable":true,"href":"https:\/\/transferstours.com\/de\/wp-json\/wp\/v2\/pages\/3688"}],"wp:featuredmedia":[{"embeddable":true,"href":"https:\/\/transferstours.com\/de\/wp-json\/wp\/v2\/media\/3690"}],"wp:attachment":[{"href":"https:\/\/transferstours.com\/de\/wp-json\/wp\/v2\/media?parent=3694"}],"curies":[{"name":"wp","href":"https:\/\/api.w.org\/{rel}","templated":true}]}}