{"id":3699,"date":"2022-08-04T16:13:13","date_gmt":"2022-08-04T16:13:13","guid":{"rendered":"https:\/\/transferstours.com\/?page_id=3699"},"modified":"2022-08-04T16:18:44","modified_gmt":"2022-08-04T16:18:44","slug":"erfahrungen-in-bogota","status":"publish","type":"page","link":"https:\/\/transferstours.com\/de\/erfahrungen-in-bogota\/","title":{"rendered":"Erfahrungen in Bogot\u00e1"},"content":{"rendered":"\t\t<div data-elementor-type=\"wp-page\" data-elementor-id=\"3699\" class=\"elementor elementor-3699\" data-elementor-post-type=\"page\">\n\t\t\t\t\t\t<section class=\"elementor-section elementor-top-section elementor-element elementor-element-b01379c elementor-section-boxed elementor-section-height-default elementor-section-height-default\" data-id=\"b01379c\" data-element_type=\"section\" data-e-type=\"section\">\n\t\t\t\t\t\t<div class=\"elementor-container elementor-column-gap-default\">\n\t\t\t\t\t<div class=\"elementor-column elementor-col-100 elementor-top-column elementor-element elementor-element-597f004\" data-id=\"597f004\" data-element_type=\"column\" data-e-type=\"column\">\n\t\t\t<div class=\"elementor-widget-wrap elementor-element-populated\">\n\t\t\t\t\t\t<div class=\"elementor-element elementor-element-043243b elementor-widget elementor-widget-heading\" data-id=\"043243b\" data-element_type=\"widget\" data-e-type=\"widget\" data-widget_type=\"heading.default\">\n\t\t\t\t<div class=\"elementor-widget-container\">\n\t\t\t\t\t<h1 class=\"elementor-heading-title elementor-size-xxl\">Erfahrungen in Bogot\u00e1<\/h1>\t\t\t\t<\/div>\n\t\t\t\t<\/div>\n\t\t\t\t<section class=\"elementor-section elementor-inner-section elementor-element elementor-element-e38f6c1 elementor-section-full_width elementor-section-height-default elementor-section-height-default\" data-id=\"e38f6c1\" data-element_type=\"section\" data-e-type=\"section\" data-settings=\"{&quot;shape_divider_top&quot;:&quot;triangle&quot;}\">\n\t\t\t\t\t<div class=\"elementor-shape elementor-shape-top\" aria-hidden=\"true\" data-negative=\"false\">\n\t\t\t<svg xmlns=\"http:\/\/www.w3.org\/2000\/svg\" viewBox=\"0 0 1000 100\" preserveAspectRatio=\"none\">\n\t<path class=\"elementor-shape-fill\" d=\"M500,98.9L0,6.1V0h1000v6.1L500,98.9z\"\/>\n<\/svg>\t\t<\/div>\n\t\t\t\t\t<div class=\"elementor-container elementor-column-gap-default\">\n\t\t\t\t\t<div class=\"elementor-column elementor-col-100 elementor-inner-column elementor-element elementor-element-d2ca94d\" data-id=\"d2ca94d\" data-element_type=\"column\" data-e-type=\"column\">\n\t\t\t<div class=\"elementor-widget-wrap elementor-element-populated\">\n\t\t\t\t\t\t<div class=\"elementor-element elementor-element-5cbc6d4 elementor-widget__width-initial elementor-widget elementor-widget-video\" data-id=\"5cbc6d4\" data-element_type=\"widget\" data-e-type=\"widget\" data-settings=\"{&quot;youtube_url&quot;:&quot;https:\\\/\\\/www.youtube.com\\\/watch?v=88i2C82qFUk&quot;,&quot;video_type&quot;:&quot;youtube&quot;,&quot;controls&quot;:&quot;yes&quot;}\" data-widget_type=\"video.default\">\n\t\t\t\t<div class=\"elementor-widget-container\">\n\t\t\t\t\t\t\t<div class=\"elementor-wrapper elementor-open-inline\">\n\t\t\t<div class=\"elementor-video\"><\/div>\t\t<\/div>\n\t\t\t\t\t\t<\/div>\n\t\t\t\t<\/div>\n\t\t\t\t<div class=\"elementor-element elementor-element-c94b8aa elementor-widget elementor-widget-text-editor\" data-id=\"c94b8aa\" data-element_type=\"widget\" data-e-type=\"widget\" data-widget_type=\"text-editor.default\">\n\t\t\t\t<div class=\"elementor-widget-container\">\n\t\t\t\t\t\t\t\t\t<h2 style=\"text-align: center;\">Erlebnisse in Bogota und Umgebung<\/h2><p>Wir wissen sehr gut, dass Kolumbien verschiedene Orte und Reiseziele hat, von denen einige international anerkannt sind, dank verschiedener Aspekte wie seiner Kultur, seiner traditionellen Aktivit\u00e4ten, seiner Gastronomie und anderen Aspekten.<\/p><p>Viele Menschen kennen jedoch das touristische Angebot nicht, das es bietet, und wir finden es in der Stadt Bogot\u00e1, die nicht nur die Hauptstadt Kolumbiens ist, sondern auch viele Orte und Pl\u00e4ne hat, mit denen wir wirklich staunen k\u00f6nnen.<\/p><p>Im Folgenden werden wir Ihnen einige der touristischen Ziele in <a href=\"https:\/\/transferstours.com\/andes-colombianos\/\">Bogot\u00e1<\/a> sowie einige ihrer wichtigsten Merkmale vorstellen.<\/p><p><strong>Touristenziele in Bogot\u00e1 und Umgebung:<\/strong><\/p><ul><li><h3>Lichtme\u00df<\/h3><\/li><\/ul><p>Obwohl einer der bekanntesten Orte in Bogot\u00e1 der als La Candelaria bekannte Ort ist, der nicht nur eine wirklich sch\u00f6ne Architektur hat, die durch steile Steinstra\u00dfen best\u00e4tigt wird, sondern auch seine Kolonialarchitektur macht es zu einem perfekten Sektor, um Ihnen ein gro\u00dfartiges Bild zu machen dieses touristische Ziel von Bogot\u00e1.<\/p><p>Neben seinem unglaublichen Design ist La Candelaria eines der meistbesuchten Touristenziele in Bogot\u00e1, da Sie an diesem Ort die Geschichte der Gr\u00fcndung der Stadt um das Jahr 1538 finden und erfahren k\u00f6nnen, ohne Zweifel ist dies einer der Orte dieser Hauptstadt, die Sie nicht verpassen d\u00fcrfen.<\/p><ul><li><h3><a title=\"Museo del Oro\" href=\"https:\/\/www.banrepcultural.org\/bogota\/museo-del-oro\" target=\"_blank\" rel=\"noopener\"><strong>Gold Museum<\/strong><\/a><\/h3><\/li><\/ul><p>Eine der Touristenattraktionen verschiedener St\u00e4dte der Welt sind die Museen, da wir in ihnen Geschichten, Kultur und historische Daten des Ortes finden k\u00f6nnen, den wir besuchen, also ist dies im Fall von Bogot\u00e1 keine Ausnahme.<\/p><p>In dieser Stadt ist eines der bekanntesten Touristenziele das Goldmuseum, in dem wir verschiedene Goldst\u00fccke und T\u00f6pferwaren aus Gold finden k\u00f6nnen, die zu alten indigenen Kulturen des kolumbianischen Territoriums geh\u00f6rten, wenn Sie ein Liebhaber der Geschichte sind, k\u00f6nnen Sie nicht vermisse dieses Ziel.<\/p><ul><li><h3><strong>Monserrate-H\u00fcgel<\/strong><\/h3><\/li><\/ul><p>\u00dcberall auf der Welt sind die allgemein als Aussichtspunkte bezeichneten Orte einer der touristischsten Orte, die uns einzigartige und unglaubliche Ausblicke auf das Ziel bieten, an dem wir uns befinden. Sie befinden sich normalerweise an hohen Orten in der Stadt, was es uns erm\u00f6glicht, einen besseren zu haben Perspektive platzieren.<\/p><p>Im Fall von Bogot\u00e1 finden wir auch einen Aussichtspunkt, den Monserrate-H\u00fcgel. Dieser Ort bietet uns nicht nur einen wirklich sch\u00f6nen Blick auf die Stadt, sondern ist auch ein Erlebnis, das jeder Tourist kennen sollte, der dieses Reiseziel besucht.<\/p><p>Auf diesem H\u00fcgel finden wir nicht nur diese Aussicht, sondern es ist auch ein religi\u00f6ses Ziel dank des Heiligtums, das wir darauf finden, au\u00dferdem hat es Brunnen und sch\u00f6ne G\u00e4rten, die es zusammen mit seiner Gastronomie zu einem Ort machen, an dem man sehr angenehm verbringen kann Tag und haben Sie eine unvergessliche Erinnerung an Ihren Besuch in Bogot\u00e1.<\/p><p>Wie in den vorherigen Beispielen gibt es in Bogot\u00e1 noch viele weitere touristische Ziele, die wir besuchen k\u00f6nnen.<\/p><p>Dank seiner eigenen ethnischen und kulturellen Vielfalt und Charakteristik der Hauptstadt eines Landes, hat Bogot\u00e1 verschiedene Pl\u00e4ne und Aktivit\u00e4ten sowie touristische Ziele, die man sowohl innerhalb als auch in der Umgebung kennen sollte. Einige von denen, die wir zus\u00e4tzlich zu den zuvor genannten hervorheben konnten, sind.<\/p><p>Unter anderem das Bootsmuseum, der botanische Garten von Bogot\u00e1, der Marktplatz von Paloquemao, das kolumbianische Nationalmuseum, der Sim\u00f3n Bol\u00edvar Central Park, der 93 Park.<\/p><p>Sie d\u00fcrfen es nicht vers\u00e4umen, diese unglaubliche Stadt kennenzulernen, und denken Sie daran, wenn Sie sich eines Tages in diesem Reiseziel wiederfinden, vergessen Sie nicht, dass wir Ihnen hier die besten Informationen zur Verf\u00fcgung stellen, damit Sie die besten touristischen Pl\u00e4ne f\u00fcr dieses Reiseziel organisieren k\u00f6nnen.<\/p>\t\t\t\t\t\t\t\t<\/div>\n\t\t\t\t<\/div>\n\t\t\t\t\t<\/div>\n\t\t<\/div>\n\t\t\t\t\t<\/div>\n\t\t<\/section>\n\t\t\t\t<div class=\"elementor-element elementor-element-6d6987d elementor-widget elementor-widget-html\" data-id=\"6d6987d\" data-element_type=\"widget\" data-e-type=\"widget\" data-widget_type=\"html.default\">\n\t\t\t\t<div class=\"elementor-widget-container\">\n\t\t\t\t\t<script type=\"text\/javascript\" src=\"https:\/\/widgets.bokun.io\/assets\/javascripts\/apps\/build\/BokunWidgetsLoader.js?bookingChannelUUID=08e26d02-ee3c-48fb-bc18-154eccfe80e7\" async><\/script>\r\n     \r\n    <div class=\"bokunWidget\" data-src=\"https:\/\/widgets.bokun.io\/online-sales\/08e26d02-ee3c-48fb-bc18-154eccfe80e7\/product-list\/32977\"><\/div>\r\n    <noscript>Please enable javascript in your browser to book<\/noscript>\r\n\t\t\t\t<\/div>\n\t\t\t\t<\/div>\n\t\t\t\t\t<\/div>\n\t\t<\/div>\n\t\t\t\t\t<\/div>\n\t\t<\/section>\n\t\t\t\t<\/div>\n\t\t","protected":false},"excerpt":{"rendered":"<p>Erfahrungen in Bogot\u00e1 https:\/\/www.youtube.com\/watch?v=88i2C82qFUk Erlebnisse in Bogota und Umgebung Wir wissen sehr gut, dass Kolumbien verschiedene Orte und Reiseziele hat, von denen einige international anerkannt sind, dank verschiedener Aspekte wie seiner Kultur, seiner traditionellen Aktivit\u00e4ten, seiner Gastronomie und anderen Aspekten. Viele Menschen kennen jedoch das touristische Angebot nicht, das es bietet, und wir finden es [&hellip;]<\/p>\n","protected":false},"author":1,"featured_media":3701,"parent":0,"menu_order":0,"comment_status":"closed","ping_status":"closed","template":"elementor_header_footer","meta":{"footnotes":""},"class_list":["post-3699","page","type-page","status-publish","has-post-thumbnail","hentry"],"_links":{"self":[{"href":"https:\/\/transferstours.com\/de\/wp-json\/wp\/v2\/pages\/3699","targetHints":{"allow":["GET"]}}],"collection":[{"href":"https:\/\/transferstours.com\/de\/wp-json\/wp\/v2\/pages"}],"about":[{"href":"https:\/\/transferstours.com\/de\/wp-json\/wp\/v2\/types\/page"}],"author":[{"embeddable":true,"href":"https:\/\/transferstours.com\/de\/wp-json\/wp\/v2\/users\/1"}],"replies":[{"embeddable":true,"href":"https:\/\/transferstours.com\/de\/wp-json\/wp\/v2\/comments?post=3699"}],"version-history":[{"count":0,"href":"https:\/\/transferstours.com\/de\/wp-json\/wp\/v2\/pages\/3699\/revisions"}],"wp:featuredmedia":[{"embeddable":true,"href":"https:\/\/transferstours.com\/de\/wp-json\/wp\/v2\/media\/3701"}],"wp:attachment":[{"href":"https:\/\/transferstours.com\/de\/wp-json\/wp\/v2\/media?parent=3699"}],"curies":[{"name":"wp","href":"https:\/\/api.w.org\/{rel}","templated":true}]}}