{"id":3712,"date":"2022-08-04T16:27:41","date_gmt":"2022-08-04T16:27:41","guid":{"rendered":"https:\/\/transferstours.com\/?page_id=3712"},"modified":"2023-03-23T08:11:26","modified_gmt":"2023-03-23T08:11:26","slug":"kolumbianische-karibik","status":"publish","type":"page","link":"https:\/\/transferstours.com\/de\/reiseziele-in-kolumbien\/kolumbianische-karibik\/","title":{"rendered":"kolumbianische Karibik"},"content":{"rendered":"\t\t<div data-elementor-type=\"wp-page\" data-elementor-id=\"3712\" class=\"elementor elementor-3712\" data-elementor-post-type=\"page\">\n\t\t\t\t\t\t<section class=\"elementor-section elementor-top-section elementor-element elementor-element-ea58424 elementor-section-boxed elementor-section-height-default elementor-section-height-default\" data-id=\"ea58424\" data-element_type=\"section\" data-e-type=\"section\">\n\t\t\t\t\t\t<div class=\"elementor-container elementor-column-gap-default\">\n\t\t\t\t\t<div class=\"elementor-column elementor-col-100 elementor-top-column elementor-element elementor-element-8ba2dea\" data-id=\"8ba2dea\" data-element_type=\"column\" data-e-type=\"column\">\n\t\t\t<div class=\"elementor-widget-wrap elementor-element-populated\">\n\t\t\t\t\t\t<div class=\"elementor-element elementor-element-67f6a20 elementor-widget elementor-widget-heading\" data-id=\"67f6a20\" data-element_type=\"widget\" data-e-type=\"widget\" data-widget_type=\"heading.default\">\n\t\t\t\t<div class=\"elementor-widget-container\">\n\t\t\t\t\t<h1 class=\"elementor-heading-title elementor-size-xxl\">kolumbianische Karibik<\/h1>\t\t\t\t<\/div>\n\t\t\t\t<\/div>\n\t\t\t\t\t<\/div>\n\t\t<\/div>\n\t\t\t\t\t<\/div>\n\t\t<\/section>\n\t\t\t\t<section class=\"elementor-section elementor-top-section elementor-element elementor-element-b24c2b1 elementor-section-boxed elementor-section-height-default elementor-section-height-default\" data-id=\"b24c2b1\" data-element_type=\"section\" data-e-type=\"section\">\n\t\t\t\t\t\t<div class=\"elementor-container elementor-column-gap-default\">\n\t\t\t\t\t<div class=\"elementor-column elementor-col-50 elementor-top-column elementor-element elementor-element-46cd29d\" data-id=\"46cd29d\" data-element_type=\"column\" data-e-type=\"column\">\n\t\t\t<div class=\"elementor-widget-wrap elementor-element-populated\">\n\t\t\t\t\t\t<div class=\"elementor-element elementor-element-8f16c40 elementor-widget elementor-widget-video\" data-id=\"8f16c40\" data-element_type=\"widget\" data-e-type=\"widget\" data-settings=\"{&quot;youtube_url&quot;:&quot;https:\\\/\\\/www.youtube.com\\\/watch?v=rxWEGJyoH9o&quot;,&quot;video_type&quot;:&quot;youtube&quot;,&quot;controls&quot;:&quot;yes&quot;}\" data-widget_type=\"video.default\">\n\t\t\t\t<div class=\"elementor-widget-container\">\n\t\t\t\t\t\t\t<div class=\"elementor-wrapper elementor-open-inline\">\n\t\t\t<div class=\"elementor-video\"><\/div>\t\t<\/div>\n\t\t\t\t\t\t<\/div>\n\t\t\t\t<\/div>\n\t\t\t\t<div class=\"elementor-element elementor-element-628cdc0 elementor-widget elementor-widget-image\" data-id=\"628cdc0\" data-element_type=\"widget\" data-e-type=\"widget\" data-widget_type=\"image.default\">\n\t\t\t\t<div class=\"elementor-widget-container\">\n\t\t\t\t\t\t\t\t\t\t\t\t\t\t\t<img fetchpriority=\"high\" decoding=\"async\" width=\"580\" height=\"820\" src=\"https:\/\/transferstours.com\/wp-content\/uploads\/2021\/12\/Map-3-724x1024.png\" class=\"attachment-large size-large wp-image-2581\" alt=\"caribe-colombiano\" srcset=\"https:\/\/transferstours.com\/wp-content\/uploads\/2021\/12\/Map-3-724x1024.png 724w, https:\/\/transferstours.com\/wp-content\/uploads\/2021\/12\/Map-3-212x300.png 212w, https:\/\/transferstours.com\/wp-content\/uploads\/2021\/12\/Map-3-768x1086.png 768w, https:\/\/transferstours.com\/wp-content\/uploads\/2021\/12\/Map-3-1086x1536.png 1086w, https:\/\/transferstours.com\/wp-content\/uploads\/2021\/12\/Map-3-1448x2048.png 1448w, https:\/\/transferstours.com\/wp-content\/uploads\/2021\/12\/Map-3-1200x1697.png 1200w, https:\/\/transferstours.com\/wp-content\/uploads\/2021\/12\/Map-3-1980x2800.png 1980w, https:\/\/transferstours.com\/wp-content\/uploads\/2021\/12\/Map-3-scaled.png 1920w\" sizes=\"(max-width: 580px) 100vw, 580px\" \/>\t\t\t\t\t\t\t\t\t\t\t\t\t\t\t<\/div>\n\t\t\t\t<\/div>\n\t\t\t\t\t<\/div>\n\t\t<\/div>\n\t\t\t\t<div class=\"elementor-column elementor-col-50 elementor-top-column elementor-element elementor-element-20e709a\" data-id=\"20e709a\" data-element_type=\"column\" data-e-type=\"column\">\n\t\t\t<div class=\"elementor-widget-wrap elementor-element-populated\">\n\t\t\t\t\t\t<div class=\"elementor-element elementor-element-4b09841 elementor-widget elementor-widget-heading\" data-id=\"4b09841\" data-element_type=\"widget\" data-e-type=\"widget\" data-widget_type=\"heading.default\">\n\t\t\t\t<div class=\"elementor-widget-container\">\n\t\t\t\t\t<h2 class=\"elementor-heading-title elementor-size-xl\">Die kolumbianische Karibik - die beste Art, den Sommer zu genie\u00dfen<\/h2>\t\t\t\t<\/div>\n\t\t\t\t<\/div>\n\t\t\t\t<div class=\"elementor-element elementor-element-7191726 elementor-widget elementor-widget-text-editor\" data-id=\"7191726\" data-element_type=\"widget\" data-e-type=\"widget\" data-widget_type=\"text-editor.default\">\n\t\t\t\t<div class=\"elementor-widget-container\">\n\t\t\t\t\t\t\t\t\t<p><strong>Die kolumbianische Karibikregion ist voll von Orten<\/strong>, die einzigartige Erlebnisse bieten, ihre Vielfalt an Flora und Fauna ist so gro\u00df, dass sie Praktiken wie Vogelbeobachtung und einzigartige Orte f\u00fcr \u00d6kotourismus erm\u00f6glicht.<\/p><p>Die Str\u00e4nde an den Ufern des Karibischen Meeres und die tropischen Landschaften geh\u00f6ren zu den Attraktionen dieser Region, die traditionell zu den begehrtesten auf kolumbianischem Territorium geh\u00f6rt.<\/p><p><strong>Cartagena de Indias<\/strong> geh\u00f6rt nach wie vor zu den beliebtesten Reisezielen der Welt f\u00fcr unsere in- und ausl\u00e4ndischen Touristen, die uns f\u00fcr einen Sonnen- und Strandurlaub besuchen, um die besten Wassersportarten auszu\u00fcben (Windsurf, Kitesurf, Flyboard, Schnorchel und viele mehr&#8230;).<\/p><p><strong>La Guajira<\/strong> zeichnet sich durch seine W\u00fcstenlandschaften und die traditionellen Fischerd\u00f6rfer aus, in denen die indigenen Way\u00fa leben.<\/p><p><strong>Cesar<\/strong>, wo Sie vallenato das kulturelle Erbe des cacique Upar atmen und das Gelenk wiederum tut dies mit C\u00f3rdoba und Sucre. Diese musikalischen Genres sind zwei der gr\u00f6\u00dften Hinterlassenschaften der Region.<\/p><p><strong>Mompox<\/strong> wurde von der UNESCO zum Weltkulturerbe erkl\u00e4rt und ist eine der St\u00e4tten mit der sch\u00f6nsten Architektur und Schauplatz wichtiger kultureller Veranstaltungen des Landes.<\/p><p><strong>Barranquilla<\/strong> zeichnet sich durch die Lebensfreude seiner Einwohner aus und ist die Heimat der kolumbianischen Fu\u00dfballmannschaft, wo der zweitgr\u00f6\u00dfte Karneval Lateinamerikas gefeiert wird.<\/p><p><strong>San Andr\u00e9s Y Providencia<\/strong> mit seinem Meer aus 7 Farben und kristallklarem Wasser verwandelt dieses Reiseziel in Kolumbien in ein Paradies und eines der begehrtesten der Welt, in dem Sie den kulturellen Geschmack seiner Musik genie\u00dfen und sich vom L\u00e4rm des abschalten k\u00f6nnen gro\u00dfe St\u00e4dte.<\/p>\t\t\t\t\t\t\t\t<\/div>\n\t\t\t\t<\/div>\n\t\t\t\t\t<\/div>\n\t\t<\/div>\n\t\t\t\t\t<\/div>\n\t\t<\/section>\n\t\t\t\t<\/div>\n\t\t","protected":false},"excerpt":{"rendered":"<p>kolumbianische Karibik Die kolumbianische Karibik &#8211; die beste Art, den Sommer zu genie\u00dfen Die kolumbianische Karibikregion ist voll von Orten, die einzigartige Erlebnisse bieten, ihre Vielfalt an Flora und Fauna ist so gro\u00df, dass sie Praktiken wie Vogelbeobachtung und einzigartige Orte f\u00fcr \u00d6kotourismus erm\u00f6glicht. Die Str\u00e4nde an den Ufern des Karibischen Meeres und die tropischen [&hellip;]<\/p>\n","protected":false},"author":1,"featured_media":4110,"parent":3688,"menu_order":0,"comment_status":"closed","ping_status":"closed","template":"elementor_header_footer","meta":{"footnotes":""},"class_list":["post-3712","page","type-page","status-publish","has-post-thumbnail","hentry"],"_links":{"self":[{"href":"https:\/\/transferstours.com\/de\/wp-json\/wp\/v2\/pages\/3712","targetHints":{"allow":["GET"]}}],"collection":[{"href":"https:\/\/transferstours.com\/de\/wp-json\/wp\/v2\/pages"}],"about":[{"href":"https:\/\/transferstours.com\/de\/wp-json\/wp\/v2\/types\/page"}],"author":[{"embeddable":true,"href":"https:\/\/transferstours.com\/de\/wp-json\/wp\/v2\/users\/1"}],"replies":[{"embeddable":true,"href":"https:\/\/transferstours.com\/de\/wp-json\/wp\/v2\/comments?post=3712"}],"version-history":[{"count":0,"href":"https:\/\/transferstours.com\/de\/wp-json\/wp\/v2\/pages\/3712\/revisions"}],"up":[{"embeddable":true,"href":"https:\/\/transferstours.com\/de\/wp-json\/wp\/v2\/pages\/3688"}],"wp:featuredmedia":[{"embeddable":true,"href":"https:\/\/transferstours.com\/de\/wp-json\/wp\/v2\/media\/4110"}],"wp:attachment":[{"href":"https:\/\/transferstours.com\/de\/wp-json\/wp\/v2\/media?parent=3712"}],"curies":[{"name":"wp","href":"https:\/\/api.w.org\/{rel}","templated":true}]}}