{"id":3717,"date":"2022-08-04T16:41:03","date_gmt":"2022-08-04T16:41:03","guid":{"rendered":"https:\/\/transferstours.com\/?page_id=3717"},"modified":"2022-08-04T16:43:11","modified_gmt":"2022-08-04T16:43:11","slug":"cartagena","status":"publish","type":"page","link":"https:\/\/transferstours.com\/de\/cartagena\/","title":{"rendered":"Cartagena"},"content":{"rendered":"\t\t<div data-elementor-type=\"wp-page\" data-elementor-id=\"3717\" class=\"elementor elementor-3717\" data-elementor-post-type=\"page\">\n\t\t\t\t\t\t<section class=\"elementor-section elementor-top-section elementor-element elementor-element-72a03c3 elementor-section-boxed elementor-section-height-default elementor-section-height-default\" data-id=\"72a03c3\" data-element_type=\"section\" data-e-type=\"section\">\n\t\t\t\t\t\t<div class=\"elementor-container elementor-column-gap-default\">\n\t\t\t\t\t<div class=\"elementor-column elementor-col-100 elementor-top-column elementor-element elementor-element-3b62a76\" data-id=\"3b62a76\" data-element_type=\"column\" data-e-type=\"column\">\n\t\t\t<div class=\"elementor-widget-wrap elementor-element-populated\">\n\t\t\t\t\t\t<div class=\"elementor-element elementor-element-3cc1f2e elementor-widget elementor-widget-heading\" data-id=\"3cc1f2e\" data-element_type=\"widget\" data-e-type=\"widget\" data-widget_type=\"heading.default\">\n\t\t\t\t<div class=\"elementor-widget-container\">\n\t\t\t\t\t<h1 class=\"elementor-heading-title elementor-size-xxl\">Erfahrungen in Cartagena<\/h1>\t\t\t\t<\/div>\n\t\t\t\t<\/div>\n\t\t\t\t\t<\/div>\n\t\t<\/div>\n\t\t\t\t\t<\/div>\n\t\t<\/section>\n\t\t\t\t<section class=\"elementor-section elementor-top-section elementor-element elementor-element-6a7d358 elementor-section-boxed elementor-section-height-default elementor-section-height-default\" data-id=\"6a7d358\" data-element_type=\"section\" data-e-type=\"section\">\n\t\t\t\t\t\t<div class=\"elementor-container elementor-column-gap-default\">\n\t\t\t\t\t<div class=\"elementor-column elementor-col-50 elementor-top-column elementor-element elementor-element-fa72480\" data-id=\"fa72480\" data-element_type=\"column\" data-e-type=\"column\">\n\t\t\t<div class=\"elementor-widget-wrap elementor-element-populated\">\n\t\t\t\t\t\t<div class=\"elementor-element elementor-element-4584a68 elementor-widget elementor-widget-text-editor\" data-id=\"4584a68\" data-element_type=\"widget\" data-e-type=\"widget\" data-widget_type=\"text-editor.default\">\n\t\t\t\t<div class=\"elementor-widget-container\">\n\t\t\t\t\t\t\t\t\t<h2>Cartagena der Heldenhafte<\/h2><p>Willkommen in Cartagena, hier finden Sie die besten Optionen, um die Pl\u00e4ne und Ihre besten <a href=\"https:\/\/transferstours.com\/destinos\/\">Erfahrungen in Cartagena<\/a> in Begleitung erfahrener E<strong>inheimischer kennenzulernen. Wir bieten Ihnen Kultur-, Wellness- und Naturerlebnisse<\/strong>, damit Sie alle Aktivit\u00e4ten und Pl\u00e4ne in Cartagena am meisten genie\u00dfen k\u00f6nnen Attraktive Orte seiner Umgebung wie die <strong>Citytour<\/strong> zur ummauerten Stadt, Isla Mucura und ihren Ruhestr\u00e4nden oder Wanderungen durch die Montes de Maria und vieles mehr&#8230; mit all den Pl\u00e4nen, die Sie erwarten<\/p>\t\t\t\t\t\t\t\t<\/div>\n\t\t\t\t<\/div>\n\t\t\t\t\t<\/div>\n\t\t<\/div>\n\t\t\t\t<div class=\"elementor-column elementor-col-50 elementor-top-column elementor-element elementor-element-92f221f\" data-id=\"92f221f\" data-element_type=\"column\" data-e-type=\"column\">\n\t\t\t<div class=\"elementor-widget-wrap elementor-element-populated\">\n\t\t\t\t\t\t<div class=\"elementor-element elementor-element-e1c0abb elementor-widget elementor-widget-image\" data-id=\"e1c0abb\" data-element_type=\"widget\" data-e-type=\"widget\" data-widget_type=\"image.default\">\n\t\t\t\t<div class=\"elementor-widget-container\">\n\t\t\t\t\t\t\t\t\t\t\t\t\t\t\t<img decoding=\"async\" src=\"https:\/\/transferstours.com\/wp-content\/uploads\/2021\/01\/ricardo-gomez-angel-lexRTRXv-ok-unsplash-450x450.jpg\" title=\"experiencias-en-cartagena\" alt=\"experiencias-en-cartagena\" loading=\"lazy\" \/>\t\t\t\t\t\t\t\t\t\t\t\t\t\t\t<\/div>\n\t\t\t\t<\/div>\n\t\t\t\t\t<\/div>\n\t\t<\/div>\n\t\t\t\t\t<\/div>\n\t\t<\/section>\n\t\t\t\t<section class=\"elementor-section elementor-top-section elementor-element elementor-element-c9a858e elementor-section-boxed elementor-section-height-default elementor-section-height-default\" data-id=\"c9a858e\" data-element_type=\"section\" data-e-type=\"section\">\n\t\t\t\t\t\t<div class=\"elementor-container elementor-column-gap-default\">\n\t\t\t\t\t<div class=\"elementor-column elementor-col-100 elementor-top-column elementor-element elementor-element-8840f69\" data-id=\"8840f69\" data-element_type=\"column\" data-e-type=\"column\">\n\t\t\t<div class=\"elementor-widget-wrap elementor-element-populated\">\n\t\t\t\t\t\t<div class=\"elementor-element elementor-element-5b92ed2 elementor-widget elementor-widget-html\" data-id=\"5b92ed2\" data-element_type=\"widget\" data-e-type=\"widget\" data-widget_type=\"html.default\">\n\t\t\t\t<div class=\"elementor-widget-container\">\n\t\t\t\t\t<script type=\"text\/javascript\" src=\"https:\/\/widgets.bokun.io\/assets\/javascripts\/apps\/build\/BokunWidgetsLoader.js?bookingChannelUUID=08e26d02-ee3c-48fb-bc18-154eccfe80e7\" async><\/script>\r\n     \r\n    <div class=\"bokunWidget\" data-src=\"https:\/\/widgets.bokun.io\/online-sales\/08e26d02-ee3c-48fb-bc18-154eccfe80e7\/product-list\/52563\"><\/div>\r\n    <noscript>Please enable javascript in your browser to book<\/noscript>\r\n\t\t\t\t<\/div>\n\t\t\t\t<\/div>\n\t\t\t\t\t<\/div>\n\t\t<\/div>\n\t\t\t\t\t<\/div>\n\t\t<\/section>\n\t\t\t\t<\/div>\n\t\t","protected":false},"excerpt":{"rendered":"<p>Erfahrungen in Cartagena Cartagena der Heldenhafte Willkommen in Cartagena, hier finden Sie die besten Optionen, um die Pl\u00e4ne und Ihre besten Erfahrungen in Cartagena in Begleitung erfahrener Einheimischer kennenzulernen. Wir bieten Ihnen Kultur-, Wellness- und Naturerlebnisse, damit Sie alle Aktivit\u00e4ten und Pl\u00e4ne in Cartagena am meisten genie\u00dfen k\u00f6nnen Attraktive Orte seiner Umgebung wie die Citytour [&hellip;]<\/p>\n","protected":false},"author":1,"featured_media":0,"parent":0,"menu_order":0,"comment_status":"closed","ping_status":"closed","template":"elementor_header_footer","meta":{"footnotes":""},"class_list":["post-3717","page","type-page","status-publish","hentry"],"_links":{"self":[{"href":"https:\/\/transferstours.com\/de\/wp-json\/wp\/v2\/pages\/3717","targetHints":{"allow":["GET"]}}],"collection":[{"href":"https:\/\/transferstours.com\/de\/wp-json\/wp\/v2\/pages"}],"about":[{"href":"https:\/\/transferstours.com\/de\/wp-json\/wp\/v2\/types\/page"}],"author":[{"embeddable":true,"href":"https:\/\/transferstours.com\/de\/wp-json\/wp\/v2\/users\/1"}],"replies":[{"embeddable":true,"href":"https:\/\/transferstours.com\/de\/wp-json\/wp\/v2\/comments?post=3717"}],"version-history":[{"count":0,"href":"https:\/\/transferstours.com\/de\/wp-json\/wp\/v2\/pages\/3717\/revisions"}],"wp:attachment":[{"href":"https:\/\/transferstours.com\/de\/wp-json\/wp\/v2\/media?parent=3717"}],"curies":[{"name":"wp","href":"https:\/\/api.w.org\/{rel}","templated":true}]}}