{"id":3723,"date":"2022-08-04T16:49:59","date_gmt":"2022-08-04T16:49:59","guid":{"rendered":"https:\/\/transferstours.com\/?page_id=3723"},"modified":"2023-03-23T08:25:32","modified_gmt":"2023-03-23T08:25:32","slug":"kolumbianisches-massiv","status":"publish","type":"page","link":"https:\/\/transferstours.com\/de\/reiseziele-in-kolumbien\/kolumbianisches-massiv\/","title":{"rendered":"Kolumbianisches Massiv"},"content":{"rendered":"\t\t<div data-elementor-type=\"wp-page\" data-elementor-id=\"3723\" class=\"elementor elementor-3723\" data-elementor-post-type=\"page\">\n\t\t\t\t\t\t<section class=\"elementor-section elementor-top-section elementor-element elementor-element-ea58424 elementor-section-boxed elementor-section-height-default elementor-section-height-default\" data-id=\"ea58424\" data-element_type=\"section\" data-e-type=\"section\">\n\t\t\t\t\t\t<div class=\"elementor-container elementor-column-gap-default\">\n\t\t\t\t\t<div class=\"elementor-column elementor-col-100 elementor-top-column elementor-element elementor-element-8ba2dea\" data-id=\"8ba2dea\" data-element_type=\"column\" data-e-type=\"column\">\n\t\t\t<div class=\"elementor-widget-wrap elementor-element-populated\">\n\t\t\t\t\t\t<div class=\"elementor-element elementor-element-67f6a20 elementor-widget elementor-widget-heading\" data-id=\"67f6a20\" data-element_type=\"widget\" data-e-type=\"widget\" data-widget_type=\"heading.default\">\n\t\t\t\t<div class=\"elementor-widget-container\">\n\t\t\t\t\t<h1 class=\"elementor-heading-title elementor-size-xxl\">Das Beste des kolumbianischen Massivs<\/h1>\t\t\t\t<\/div>\n\t\t\t\t<\/div>\n\t\t\t\t\t<\/div>\n\t\t<\/div>\n\t\t\t\t\t<\/div>\n\t\t<\/section>\n\t\t\t\t<section class=\"elementor-section elementor-top-section elementor-element elementor-element-b24c2b1 elementor-section-boxed elementor-section-height-default elementor-section-height-default\" data-id=\"b24c2b1\" data-element_type=\"section\" data-e-type=\"section\">\n\t\t\t\t\t\t<div class=\"elementor-container elementor-column-gap-default\">\n\t\t\t\t\t<div class=\"elementor-column elementor-col-50 elementor-top-column elementor-element elementor-element-46cd29d\" data-id=\"46cd29d\" data-element_type=\"column\" data-e-type=\"column\">\n\t\t\t<div class=\"elementor-widget-wrap elementor-element-populated\">\n\t\t\t\t\t\t<div class=\"elementor-element elementor-element-628cdc0 elementor-widget elementor-widget-image\" data-id=\"628cdc0\" data-element_type=\"widget\" data-e-type=\"widget\" data-widget_type=\"image.default\">\n\t\t\t\t<div class=\"elementor-widget-container\">\n\t\t\t\t\t\t\t\t\t\t\t\t\t\t\t<img fetchpriority=\"high\" decoding=\"async\" width=\"580\" height=\"820\" src=\"https:\/\/transferstours.com\/wp-content\/uploads\/2021\/12\/Map-6-724x1024.png\" class=\"attachment-large size-large wp-image-2622\" alt=\"Mapa-region-macizo\" srcset=\"https:\/\/transferstours.com\/wp-content\/uploads\/2021\/12\/Map-6-724x1024.png 724w, https:\/\/transferstours.com\/wp-content\/uploads\/2021\/12\/Map-6-212x300.png 212w, https:\/\/transferstours.com\/wp-content\/uploads\/2021\/12\/Map-6-768x1086.png 768w, https:\/\/transferstours.com\/wp-content\/uploads\/2021\/12\/Map-6-1086x1536.png 1086w, https:\/\/transferstours.com\/wp-content\/uploads\/2021\/12\/Map-6-1448x2048.png 1448w, https:\/\/transferstours.com\/wp-content\/uploads\/2021\/12\/Map-6-1200x1697.png 1200w, https:\/\/transferstours.com\/wp-content\/uploads\/2021\/12\/Map-6-1980x2800.png 1980w, https:\/\/transferstours.com\/wp-content\/uploads\/2021\/12\/Map-6-scaled.png 1920w\" sizes=\"(max-width: 580px) 100vw, 580px\" \/>\t\t\t\t\t\t\t\t\t\t\t\t\t\t\t<\/div>\n\t\t\t\t<\/div>\n\t\t\t\t\t<\/div>\n\t\t<\/div>\n\t\t\t\t<div class=\"elementor-column elementor-col-50 elementor-top-column elementor-element elementor-element-20e709a\" data-id=\"20e709a\" data-element_type=\"column\" data-e-type=\"column\">\n\t\t\t<div class=\"elementor-widget-wrap elementor-element-populated\">\n\t\t\t\t\t\t<div class=\"elementor-element elementor-element-65ad801 elementor-widget elementor-widget-heading\" data-id=\"65ad801\" data-element_type=\"widget\" data-e-type=\"widget\" data-widget_type=\"heading.default\">\n\t\t\t\t<div class=\"elementor-widget-container\">\n\t\t\t\t\t<h3 class=\"elementor-heading-title elementor-size-default\">Arch\u00e4ologie und Natur im kolumbianischen Gebirgsmassiv: San Agustin ist ein Reiseziel, das man nicht verpassen sollte.<\/h3>\t\t\t\t<\/div>\n\t\t\t\t<\/div>\n\t\t\t\t<div class=\"elementor-element elementor-element-7191726 elementor-widget elementor-widget-text-editor\" data-id=\"7191726\" data-element_type=\"widget\" data-e-type=\"widget\" data-widget_type=\"text-editor.default\">\n\t\t\t\t<div class=\"elementor-widget-container\">\n\t\t\t\t\t\t\t\t\t<p>Das kolumbianische Massiv ist eine Berggruppe der kolumbianischen Anden, die die Departements Cauca und Nari\u00f1o umfasst, im S\u00fcden liegt der Nudo de los Pastos und im Norden die zentralen und \u00f6stlichen Gebirgsz\u00fcge.<\/p><p>wird als eines der gr\u00f6\u00dften Wasserreservoirs bezeichnet, das kolumbianische Massiv ist besser bekannt als der Wasserstern Kolumbiens, weil Fl\u00fcsse wie der Pat\u00eda (vom Pazifikhang), der Cauca und der Magdalena (vom Pazifikhang) aus entspringen it. Karibik) und Putumayo und Caquet\u00e1 (aus dem Amazonasbecken).<\/p><p>Das Departement Nari\u00f1o in Kolumbien hat eine Mischung aus attraktiven Attributen sowohl f\u00fcr kolumbianische Touristen als auch f\u00fcr diejenigen, die aus der ganzen Welt kommen. Nari\u00f1o bietet neben vielen anderen Naturwundern Fl\u00fcsse, Lagunen, Naturschutzgebiete, Schluchten, Str\u00e4nde, Vulkane und Moore.<\/p><p>Nari\u00f1o ist auch Handwerk, Gastronomie und Architektur. Er eignet sich f\u00fcr Erholung, Bergsteigen und Leichtathletik, zum Paragleiten und zum Aufbau einer eigenen Kaffeeroute. und wenn Sie Bergsteigen m\u00f6gen, ist der Vulkan Galeras der ideale Ort; Die Route beginnt am Heiligtum.<\/p><p>Nari\u00f1o ist voll von Orten zum Entspannen, Meditieren und Pilgern. Wenn Sie nach einer religi\u00f6sen oder architektonischen Tour suchen, werden Sie an vielen Orten in Nari\u00f1o einzigartige Geb\u00e4ude bewundern k\u00f6nnen.<\/p><p>Da ist zum Beispiel das Heiligtum Unserer Lieben Frau von Las Lajas, das zweite architektonische Wunder Kolumbiens nach der Salzkathedrale von Zipaquir\u00e1. Es ist eine neugotische Kirche von 1868,<\/p><p>Das Departement bietet weitere Wallfahrtsm\u00f6glichkeiten, wie die Wallfahrtskirche Virgen de la Playa in San Pablo, die Pfarrkirche Nuestra Se\u00f1ora de Las Mercedes oder die Basilika Nuestra Se\u00f1ora del Rosario in der Gemeinde Sandon\u00e1.<\/p><p>Abschlie\u00dfend kannst du dir in den Cascadas del Esp\u00edritu Santo oder in den gleichnamigen hei\u00dfen Quellen eine spirituelle Ruhe g\u00f6nnen.<\/p>\t\t\t\t\t\t\t\t<\/div>\n\t\t\t\t<\/div>\n\t\t\t\t\t<\/div>\n\t\t<\/div>\n\t\t\t\t\t<\/div>\n\t\t<\/section>\n\t\t\t\t<\/div>\n\t\t","protected":false},"excerpt":{"rendered":"<p>Das Beste des kolumbianischen Massivs Arch\u00e4ologie und Natur im kolumbianischen Gebirgsmassiv: San Agustin ist ein Reiseziel, das man nicht verpassen sollte. Das kolumbianische Massiv ist eine Berggruppe der kolumbianischen Anden, die die Departements Cauca und Nari\u00f1o umfasst, im S\u00fcden liegt der Nudo de los Pastos und im Norden die zentralen und \u00f6stlichen Gebirgsz\u00fcge. wird als [&hellip;]<\/p>\n","protected":false},"author":1,"featured_media":3979,"parent":3688,"menu_order":0,"comment_status":"closed","ping_status":"closed","template":"elementor_header_footer","meta":{"footnotes":""},"class_list":["post-3723","page","type-page","status-publish","has-post-thumbnail","hentry"],"_links":{"self":[{"href":"https:\/\/transferstours.com\/de\/wp-json\/wp\/v2\/pages\/3723","targetHints":{"allow":["GET"]}}],"collection":[{"href":"https:\/\/transferstours.com\/de\/wp-json\/wp\/v2\/pages"}],"about":[{"href":"https:\/\/transferstours.com\/de\/wp-json\/wp\/v2\/types\/page"}],"author":[{"embeddable":true,"href":"https:\/\/transferstours.com\/de\/wp-json\/wp\/v2\/users\/1"}],"replies":[{"embeddable":true,"href":"https:\/\/transferstours.com\/de\/wp-json\/wp\/v2\/comments?post=3723"}],"version-history":[{"count":0,"href":"https:\/\/transferstours.com\/de\/wp-json\/wp\/v2\/pages\/3723\/revisions"}],"up":[{"embeddable":true,"href":"https:\/\/transferstours.com\/de\/wp-json\/wp\/v2\/pages\/3688"}],"wp:featuredmedia":[{"embeddable":true,"href":"https:\/\/transferstours.com\/de\/wp-json\/wp\/v2\/media\/3979"}],"wp:attachment":[{"href":"https:\/\/transferstours.com\/de\/wp-json\/wp\/v2\/media?parent=3723"}],"curies":[{"name":"wp","href":"https:\/\/api.w.org\/{rel}","templated":true}]}}