{"id":3728,"date":"2022-08-04T16:54:02","date_gmt":"2022-08-04T16:54:02","guid":{"rendered":"https:\/\/transferstours.com\/?page_id=3728"},"modified":"2023-03-22T19:25:56","modified_gmt":"2023-03-22T19:25:56","slug":"amazonas-und-kolumbianische-orinoquia","status":"publish","type":"page","link":"https:\/\/transferstours.com\/de\/reiseziele-in-kolumbien\/amazonas-und-kolumbianische-orinoquia\/","title":{"rendered":"Amazonas und kolumbianische Orinoquia"},"content":{"rendered":"\t\t<div data-elementor-type=\"wp-page\" data-elementor-id=\"3728\" class=\"elementor elementor-3728\" data-elementor-post-type=\"page\">\n\t\t\t\t\t\t<section class=\"elementor-section elementor-top-section elementor-element elementor-element-ea58424 elementor-section-boxed elementor-section-height-default elementor-section-height-default\" data-id=\"ea58424\" data-element_type=\"section\" data-e-type=\"section\">\n\t\t\t\t\t\t<div class=\"elementor-container elementor-column-gap-default\">\n\t\t\t\t\t<div class=\"elementor-column elementor-col-100 elementor-top-column elementor-element elementor-element-8ba2dea\" data-id=\"8ba2dea\" data-element_type=\"column\" data-e-type=\"column\">\n\t\t\t<div class=\"elementor-widget-wrap elementor-element-populated\">\n\t\t\t\t\t\t<div class=\"elementor-element elementor-element-67f6a20 elementor-widget elementor-widget-heading\" data-id=\"67f6a20\" data-element_type=\"widget\" data-e-type=\"widget\" data-widget_type=\"heading.default\">\n\t\t\t\t<div class=\"elementor-widget-container\">\n\t\t\t\t\t<h1 class=\"elementor-heading-title elementor-size-xxl\">Amazonas und kolumbianische Orinoquia<\/h1>\t\t\t\t<\/div>\n\t\t\t\t<\/div>\n\t\t\t\t\t<\/div>\n\t\t<\/div>\n\t\t\t\t\t<\/div>\n\t\t<\/section>\n\t\t\t\t<section class=\"elementor-section elementor-top-section elementor-element elementor-element-b24c2b1 elementor-section-boxed elementor-section-height-default elementor-section-height-default\" data-id=\"b24c2b1\" data-element_type=\"section\" data-e-type=\"section\">\n\t\t\t\t\t\t<div class=\"elementor-container elementor-column-gap-default\">\n\t\t\t\t\t<div class=\"elementor-column elementor-col-50 elementor-top-column elementor-element elementor-element-46cd29d\" data-id=\"46cd29d\" data-element_type=\"column\" data-e-type=\"column\">\n\t\t\t<div class=\"elementor-widget-wrap elementor-element-populated\">\n\t\t\t\t\t\t<div class=\"elementor-element elementor-element-963e27f elementor-widget elementor-widget-video\" data-id=\"963e27f\" data-element_type=\"widget\" data-e-type=\"widget\" data-settings=\"{&quot;youtube_url&quot;:&quot;https:\\\/\\\/www.youtube.com\\\/watch?v=hOgGSV7LlI4&amp;list=PLl0VZQFxHNTXXmvecXC5DEI8pyX_dSBzs&amp;index=18&quot;,&quot;video_type&quot;:&quot;youtube&quot;,&quot;controls&quot;:&quot;yes&quot;}\" data-widget_type=\"video.default\">\n\t\t\t\t<div class=\"elementor-widget-container\">\n\t\t\t\t\t\t\t<div class=\"elementor-wrapper elementor-open-inline\">\n\t\t\t<div class=\"elementor-video\"><\/div>\t\t<\/div>\n\t\t\t\t\t\t<\/div>\n\t\t\t\t<\/div>\n\t\t\t\t<div class=\"elementor-element elementor-element-4c880f2 elementor-widget elementor-widget-image\" data-id=\"4c880f2\" data-element_type=\"widget\" data-e-type=\"widget\" data-widget_type=\"image.default\">\n\t\t\t\t<div class=\"elementor-widget-container\">\n\t\t\t\t\t\t\t\t\t\t\t\t\t\t\t<img fetchpriority=\"high\" decoding=\"async\" width=\"580\" height=\"820\" src=\"https:\/\/transferstours.com\/wp-content\/uploads\/2021\/12\/Map-7-724x1024.png\" class=\"attachment-large size-large wp-image-2605\" alt=\"amazonas y orinoquia\" srcset=\"https:\/\/transferstours.com\/wp-content\/uploads\/2021\/12\/Map-7-724x1024.png 724w, https:\/\/transferstours.com\/wp-content\/uploads\/2021\/12\/Map-7-212x300.png 212w, https:\/\/transferstours.com\/wp-content\/uploads\/2021\/12\/Map-7-768x1086.png 768w, https:\/\/transferstours.com\/wp-content\/uploads\/2021\/12\/Map-7-1086x1536.png 1086w, https:\/\/transferstours.com\/wp-content\/uploads\/2021\/12\/Map-7-1448x2048.png 1448w, https:\/\/transferstours.com\/wp-content\/uploads\/2021\/12\/Map-7-1200x1697.png 1200w, https:\/\/transferstours.com\/wp-content\/uploads\/2021\/12\/Map-7-1980x2800.png 1980w, https:\/\/transferstours.com\/wp-content\/uploads\/2021\/12\/Map-7-scaled.png 1920w\" sizes=\"(max-width: 580px) 100vw, 580px\" \/>\t\t\t\t\t\t\t\t\t\t\t\t\t\t\t<\/div>\n\t\t\t\t<\/div>\n\t\t\t\t\t<\/div>\n\t\t<\/div>\n\t\t\t\t<div class=\"elementor-column elementor-col-50 elementor-top-column elementor-element elementor-element-20e709a\" data-id=\"20e709a\" data-element_type=\"column\" data-e-type=\"column\">\n\t\t\t<div class=\"elementor-widget-wrap elementor-element-populated\">\n\t\t\t\t\t\t<div class=\"elementor-element elementor-element-26c935c elementor-widget elementor-widget-heading\" data-id=\"26c935c\" data-element_type=\"widget\" data-e-type=\"widget\" data-widget_type=\"heading.default\">\n\t\t\t\t<div class=\"elementor-widget-container\">\n\t\t\t\t\t<h2 class=\"elementor-heading-title elementor-size-large\">Reisen Sie durch den Amazonas und die Orinoquia in Kolumbien und erleben Sie unvergessliche Abenteuer inmitten unber\u00fchrter Natur.<\/h2>\t\t\t\t<\/div>\n\t\t\t\t<\/div>\n\t\t\t\t<div class=\"elementor-element elementor-element-7191726 elementor-widget elementor-widget-text-editor\" data-id=\"7191726\" data-element_type=\"widget\" data-e-type=\"widget\" data-widget_type=\"text-editor.default\">\n\t\t\t\t<div class=\"elementor-widget-container\">\n\t\t\t\t\t\t\t\t\t<p>\u00dcberraschen Sie sich mit einer Biodiversit\u00e4t, die so umfangreich ist wie sein Fluss. Der kolumbianische Amazonas ist nicht nur ein Synonym f\u00fcr Natur und Abenteuer, sondern auch f\u00fcr Nachhaltigkeit, sondern f\u00fcr eine Komponente, die ihn in der Region einzigartig macht: seine Menschen. Heute verzaubert die lokale Gemeinschaft Tausende von Weltreisenden und bewahrt gleichzeitig ihren kulturellen Reichtum durch die F\u00f6rderung des nachhaltigen Tourismus mit Erfahrungen wie:<\/p><p><strong>Handwerkliche Fischerei<\/strong> im Haus auf dem Wasser: Auf dem Weg zum Lake Tarapoto gibt es ein schwimmendes Flo\u00df am Ufer des Amazonas, ein perfekter Ort, um sich bei schlechtem Wetter auszuruhen und gleichzeitig das Angeln nach kleinen Tieren in der Gegend wie den ber\u00fchmten zu lernen Piranhas.<\/p><p><strong>Das Etuena-Aquarium:<\/strong> eine Sammlung von rund 47 lebenden Fischen, die im Amazonas heimisch sind, einschlie\u00dflich einer Erkl\u00e4rung der endemischen Arten.<\/p><p><strong>Ethnografisches Museum Yai Pata Uinchi:<\/strong> Der Name bedeutet \u201edie heiligen Elemente des Hauses\u201c, hier k\u00f6nnen Reisende mehr \u00fcber Br\u00e4uche und kulturelle Muster erfahren, die indigene ethnische Gruppen wie die Ticunas, Cocamas und Yaguas charakterisieren.<\/p><p><strong>Aussichtspunkt Naipata II:<\/strong> Wie der Name \u201eBaumhaus\u201c andeutet, bietet dieser Aussichtspunkt 18 Meter \u00fcber dem Boden einen Panoramablick auf die Landschaft von Puerto Nari\u00f1o, wo Sie die Fl\u00fcsse Amazonas und Loretoyacu sehen k\u00f6nnen.<\/p><p><strong>Natutama<\/strong> Interpretive Center: Dieser Raum befindet sich in Puerto Nari\u00f1o und bietet ein simuliertes Beispiel der \u201eUnterwasserwelt\u201c. Dort finden Sie eine Vielzahl von Arten zwischen rosa und grauen Delfinen und Seek\u00fchen, die von lokalen Handwerkern in Holz geschnitzt wurden.<\/p><p><strong>Victoria Regia Nature Reserve:<\/strong> 15 Minuten mit dem Boot von Leticia entfernt k\u00f6nnen Sie den gr\u00f6\u00dften Lotus im Amazonas bewundern<\/p><p>Die Orinoquia-Region oder \u00f6stliche Ebene ist dank ihrer Erdgas- und \u00d6lvorkommen eine der wichtigsten Regionen des Landes, sie hat Galerielandschaften, gro\u00dfe Rinderarten und eine Gastronomie, die nicht unbemerkt bleiben kann, das Llanera-Kalbfleisch, die Hallaca und Palo a Pique geh\u00f6ren zu den bekanntesten Gerichten. Seine Vaquer\u00eda-Lieder und Naturlandschaften machen diese Region zu einem unumg\u00e4nglichen Touristenort des Landes.<\/p>\t\t\t\t\t\t\t\t<\/div>\n\t\t\t\t<\/div>\n\t\t\t\t\t<\/div>\n\t\t<\/div>\n\t\t\t\t\t<\/div>\n\t\t<\/section>\n\t\t\t\t<\/div>\n\t\t","protected":false},"excerpt":{"rendered":"<p>Amazonas und kolumbianische Orinoquia Reisen Sie durch den Amazonas und die Orinoquia in Kolumbien und erleben Sie unvergessliche Abenteuer inmitten unber\u00fchrter Natur. \u00dcberraschen Sie sich mit einer Biodiversit\u00e4t, die so umfangreich ist wie sein Fluss. Der kolumbianische Amazonas ist nicht nur ein Synonym f\u00fcr Natur und Abenteuer, sondern auch f\u00fcr Nachhaltigkeit, sondern f\u00fcr eine Komponente, [&hellip;]<\/p>\n","protected":false},"author":1,"featured_media":4909,"parent":3688,"menu_order":0,"comment_status":"closed","ping_status":"closed","template":"elementor_header_footer","meta":{"footnotes":""},"class_list":["post-3728","page","type-page","status-publish","has-post-thumbnail","hentry"],"_links":{"self":[{"href":"https:\/\/transferstours.com\/de\/wp-json\/wp\/v2\/pages\/3728","targetHints":{"allow":["GET"]}}],"collection":[{"href":"https:\/\/transferstours.com\/de\/wp-json\/wp\/v2\/pages"}],"about":[{"href":"https:\/\/transferstours.com\/de\/wp-json\/wp\/v2\/types\/page"}],"author":[{"embeddable":true,"href":"https:\/\/transferstours.com\/de\/wp-json\/wp\/v2\/users\/1"}],"replies":[{"embeddable":true,"href":"https:\/\/transferstours.com\/de\/wp-json\/wp\/v2\/comments?post=3728"}],"version-history":[{"count":0,"href":"https:\/\/transferstours.com\/de\/wp-json\/wp\/v2\/pages\/3728\/revisions"}],"up":[{"embeddable":true,"href":"https:\/\/transferstours.com\/de\/wp-json\/wp\/v2\/pages\/3688"}],"wp:featuredmedia":[{"embeddable":true,"href":"https:\/\/transferstours.com\/de\/wp-json\/wp\/v2\/media\/4909"}],"wp:attachment":[{"href":"https:\/\/transferstours.com\/de\/wp-json\/wp\/v2\/media?parent=3728"}],"curies":[{"name":"wp","href":"https:\/\/api.w.org\/{rel}","templated":true}]}}