{"id":3732,"date":"2022-08-04T16:58:17","date_gmt":"2022-08-04T16:58:17","guid":{"rendered":"https:\/\/transferstours.com\/?page_id=3732"},"modified":"2022-08-04T16:59:19","modified_gmt":"2022-08-04T16:59:19","slug":"schaltungen-in-kolumbien","status":"publish","type":"page","link":"https:\/\/transferstours.com\/de\/reiseziele-in-kolumbien\/schaltungen-in-kolumbien\/","title":{"rendered":"Schaltungen in Kolumbien"},"content":{"rendered":"\t\t<div data-elementor-type=\"wp-page\" data-elementor-id=\"3732\" class=\"elementor elementor-3732\" data-elementor-post-type=\"page\">\n\t\t\t\t\t\t<section class=\"elementor-section elementor-top-section elementor-element elementor-element-30bff33 elementor-section-boxed elementor-section-height-default elementor-section-height-default\" data-id=\"30bff33\" data-element_type=\"section\" data-e-type=\"section\">\n\t\t\t\t\t\t<div class=\"elementor-container elementor-column-gap-default\">\n\t\t\t\t\t<div class=\"elementor-column elementor-col-100 elementor-top-column elementor-element elementor-element-5930fad\" data-id=\"5930fad\" data-element_type=\"column\" data-e-type=\"column\">\n\t\t\t<div class=\"elementor-widget-wrap elementor-element-populated\">\n\t\t\t\t\t\t<div class=\"elementor-element elementor-element-b0298fb elementor-widget elementor-widget-heading\" data-id=\"b0298fb\" data-element_type=\"widget\" data-e-type=\"widget\" data-widget_type=\"heading.default\">\n\t\t\t\t<div class=\"elementor-widget-container\">\n\t\t\t\t\t<h1 class=\"elementor-heading-title elementor-size-xxl\">Schaltungen in Kolumbien<\/h1>\t\t\t\t<\/div>\n\t\t\t\t<\/div>\n\t\t\t\t\t<\/div>\n\t\t<\/div>\n\t\t\t\t\t<\/div>\n\t\t<\/section>\n\t\t\t\t<section class=\"elementor-section elementor-top-section elementor-element elementor-element-19a8d64 elementor-section-boxed elementor-section-height-default elementor-section-height-default\" data-id=\"19a8d64\" data-element_type=\"section\" data-e-type=\"section\">\n\t\t\t\t\t\t<div class=\"elementor-container elementor-column-gap-default\">\n\t\t\t\t\t<div class=\"elementor-column elementor-col-50 elementor-top-column elementor-element elementor-element-022a036\" data-id=\"022a036\" data-element_type=\"column\" data-e-type=\"column\">\n\t\t\t<div class=\"elementor-widget-wrap elementor-element-populated\">\n\t\t\t\t\t\t<div class=\"elementor-element elementor-element-cffbe4b elementor-widget elementor-widget-text-editor\" data-id=\"cffbe4b\" data-element_type=\"widget\" data-e-type=\"widget\" data-widget_type=\"text-editor.default\">\n\t\t\t\t<div class=\"elementor-widget-container\">\n\t\t\t\t\t\t\t\t\t<h4>Die beste Option im rezeptiven Tourismus f\u00fcr Ihre Reise oder Gruppen in Kolumbien<\/h4><p>Mit unseren Rundreisen durch Kolumbien haben Sie die Garantie von 7 Jahren Erfahrung auf dem Markt, die die besten personalisierten Reisen in Kolumbien f\u00fcr jede Art von Reisenden und Aktivit\u00e4ten wie Natur, Kultur, Wellness oder Incentive organisieren<\/p><p>Wir haben ein menschliches und technisches Team, um Rundreisen durch Kolumbien zu organisieren und Ihnen exklusive Dienstleistungen anbieten zu k\u00f6nnen, die Sie f\u00fcr Fl\u00fcge, Hotels, Reiseleiter, Restaurants und vieles mehr ben\u00f6tigen. Immer unter Ber\u00fccksichtigung des kleinsten Details, damit Ihre Reise nach Kolumbien zu einem perfekten Erlebnis wird<\/p>\t\t\t\t\t\t\t\t<\/div>\n\t\t\t\t<\/div>\n\t\t\t\t\t<\/div>\n\t\t<\/div>\n\t\t\t\t<div class=\"elementor-column elementor-col-50 elementor-top-column elementor-element elementor-element-a82d17b\" data-id=\"a82d17b\" data-element_type=\"column\" data-e-type=\"column\">\n\t\t\t<div class=\"elementor-widget-wrap elementor-element-populated\">\n\t\t\t\t\t\t<div class=\"elementor-element elementor-element-f79140b elementor-widget elementor-widget-image\" data-id=\"f79140b\" data-element_type=\"widget\" data-e-type=\"widget\" data-widget_type=\"image.default\">\n\t\t\t\t<div class=\"elementor-widget-container\">\n\t\t\t\t\t\t\t\t\t\t\t\t\t\t\t<img fetchpriority=\"high\" decoding=\"async\" width=\"500\" height=\"500\" src=\"https:\/\/transferstours.com\/wp-content\/uploads\/2020\/09\/business-team-brainstorming-workspace-concept-PQ7EQMS.jpg\" class=\"attachment-large size-large wp-image-73\" alt=\"circuitos-en-colombia\" srcset=\"https:\/\/transferstours.com\/wp-content\/uploads\/2020\/09\/business-team-brainstorming-workspace-concept-PQ7EQMS.jpg 500w, https:\/\/transferstours.com\/wp-content\/uploads\/2020\/09\/business-team-brainstorming-workspace-concept-PQ7EQMS-450x450.jpg 450w, https:\/\/transferstours.com\/wp-content\/uploads\/2020\/09\/business-team-brainstorming-workspace-concept-PQ7EQMS-100x100.jpg 100w, https:\/\/transferstours.com\/wp-content\/uploads\/2020\/09\/business-team-brainstorming-workspace-concept-PQ7EQMS-300x300.jpg 300w, https:\/\/transferstours.com\/wp-content\/uploads\/2020\/09\/business-team-brainstorming-workspace-concept-PQ7EQMS-150x150.jpg 150w\" sizes=\"(max-width: 500px) 100vw, 500px\" \/>\t\t\t\t\t\t\t\t\t\t\t\t\t\t\t<\/div>\n\t\t\t\t<\/div>\n\t\t\t\t\t<\/div>\n\t\t<\/div>\n\t\t\t\t\t<\/div>\n\t\t<\/section>\n\t\t\t\t<section class=\"elementor-section elementor-top-section elementor-element elementor-element-cb2b07b elementor-section-boxed elementor-section-height-default elementor-section-height-default\" data-id=\"cb2b07b\" data-element_type=\"section\" data-e-type=\"section\">\n\t\t\t\t\t\t<div class=\"elementor-container elementor-column-gap-default\">\n\t\t\t\t\t<div class=\"elementor-column elementor-col-100 elementor-top-column elementor-element elementor-element-cbc83b4\" data-id=\"cbc83b4\" data-element_type=\"column\" data-e-type=\"column\">\n\t\t\t<div class=\"elementor-widget-wrap elementor-element-populated\">\n\t\t\t\t\t\t<div class=\"elementor-element elementor-element-998bd57 elementor-widget elementor-widget-html\" data-id=\"998bd57\" data-element_type=\"widget\" data-e-type=\"widget\" data-widget_type=\"html.default\">\n\t\t\t\t<div class=\"elementor-widget-container\">\n\t\t\t\t\t<script type=\"text\/javascript\" src=\"https:\/\/widgets.bokun.io\/assets\/javascripts\/apps\/build\/BokunWidgetsLoader.js?bookingChannelUUID=8923bcbd-8f4e-4237-9111-d79a717b2620\" async><\/script>\r\n     \r\n    <div class=\"bokunWidget\" data-src=\"https:\/\/widgets.bokun.io\/online-sales\/8923bcbd-8f4e-4237-9111-d79a717b2620\/product-list\/52561\"><\/div>\r\n    <noscript>Please enable javascript in your browser to book<\/noscript>\r\n\t\t\t\t<\/div>\n\t\t\t\t<\/div>\n\t\t\t\t\t<\/div>\n\t\t<\/div>\n\t\t\t\t\t<\/div>\n\t\t<\/section>\n\t\t\t\t<\/div>\n\t\t","protected":false},"excerpt":{"rendered":"<p>Schaltungen in Kolumbien Die beste Option im rezeptiven Tourismus f\u00fcr Ihre Reise oder Gruppen in Kolumbien Mit unseren Rundreisen durch Kolumbien haben Sie die Garantie von 7 Jahren Erfahrung auf dem Markt, die die besten personalisierten Reisen in Kolumbien f\u00fcr jede Art von Reisenden und Aktivit\u00e4ten wie Natur, Kultur, Wellness oder Incentive organisieren Wir haben [&hellip;]<\/p>\n","protected":false},"author":1,"featured_media":4209,"parent":3688,"menu_order":0,"comment_status":"closed","ping_status":"closed","template":"elementor_header_footer","meta":{"footnotes":""},"class_list":["post-3732","page","type-page","status-publish","has-post-thumbnail","hentry"],"_links":{"self":[{"href":"https:\/\/transferstours.com\/de\/wp-json\/wp\/v2\/pages\/3732","targetHints":{"allow":["GET"]}}],"collection":[{"href":"https:\/\/transferstours.com\/de\/wp-json\/wp\/v2\/pages"}],"about":[{"href":"https:\/\/transferstours.com\/de\/wp-json\/wp\/v2\/types\/page"}],"author":[{"embeddable":true,"href":"https:\/\/transferstours.com\/de\/wp-json\/wp\/v2\/users\/1"}],"replies":[{"embeddable":true,"href":"https:\/\/transferstours.com\/de\/wp-json\/wp\/v2\/comments?post=3732"}],"version-history":[{"count":0,"href":"https:\/\/transferstours.com\/de\/wp-json\/wp\/v2\/pages\/3732\/revisions"}],"up":[{"embeddable":true,"href":"https:\/\/transferstours.com\/de\/wp-json\/wp\/v2\/pages\/3688"}],"wp:featuredmedia":[{"embeddable":true,"href":"https:\/\/transferstours.com\/de\/wp-json\/wp\/v2\/media\/4209"}],"wp:attachment":[{"href":"https:\/\/transferstours.com\/de\/wp-json\/wp\/v2\/media?parent=3732"}],"curies":[{"name":"wp","href":"https:\/\/api.w.org\/{rel}","templated":true}]}}