{"id":3752,"date":"2022-08-04T18:18:00","date_gmt":"2022-08-04T18:18:00","guid":{"rendered":"https:\/\/transferstours.com\/?page_id=3752"},"modified":"2022-08-04T20:37:56","modified_gmt":"2022-08-04T20:37:56","slug":"fluege-und-hotels","status":"publish","type":"page","link":"https:\/\/transferstours.com\/de\/fluege-und-hotels\/","title":{"rendered":"Fl\u00fcge und Hotels"},"content":{"rendered":"\t\t<div data-elementor-type=\"wp-page\" data-elementor-id=\"3752\" class=\"elementor elementor-3752\" data-elementor-post-type=\"page\">\n\t\t\t\t\t\t<section class=\"elementor-section elementor-top-section elementor-element elementor-element-af8cfd4 elementor-section-boxed elementor-section-height-default elementor-section-height-default\" data-id=\"af8cfd4\" data-element_type=\"section\" data-e-type=\"section\" data-settings=\"{&quot;background_background&quot;:&quot;classic&quot;}\">\n\t\t\t\t\t\t<div class=\"elementor-container elementor-column-gap-default\">\n\t\t\t\t\t<div class=\"elementor-column elementor-col-100 elementor-top-column elementor-element elementor-element-c5dbe75\" data-id=\"c5dbe75\" data-element_type=\"column\" data-e-type=\"column\">\n\t\t\t<div class=\"elementor-widget-wrap elementor-element-populated\">\n\t\t\t\t\t\t<section class=\"elementor-section elementor-inner-section elementor-element elementor-element-ae9c7ec elementor-section-boxed elementor-section-height-default elementor-section-height-default\" data-id=\"ae9c7ec\" data-element_type=\"section\" data-e-type=\"section\">\n\t\t\t\t\t\t<div class=\"elementor-container elementor-column-gap-default\">\n\t\t\t\t\t<div class=\"elementor-column elementor-col-50 elementor-inner-column elementor-element elementor-element-945f32f\" data-id=\"945f32f\" data-element_type=\"column\" data-e-type=\"column\" data-settings=\"{&quot;background_background&quot;:&quot;classic&quot;}\">\n\t\t\t<div class=\"elementor-widget-wrap elementor-element-populated\">\n\t\t\t\t\t\t<div class=\"elementor-element elementor-element-4c17652 elementor-widget elementor-widget-heading\" data-id=\"4c17652\" data-element_type=\"widget\" data-e-type=\"widget\" data-widget_type=\"heading.default\">\n\t\t\t\t<div class=\"elementor-widget-container\">\n\t\t\t\t\t<h1 class=\"elementor-heading-title elementor-size-small\">Fl\u00fcge nach Kolumbien<\/h1>\t\t\t\t<\/div>\n\t\t\t\t<\/div>\n\t\t\t\t\t<\/div>\n\t\t<\/div>\n\t\t\t\t<div class=\"elementor-column elementor-col-50 elementor-inner-column elementor-element elementor-element-5e9488f elementor-hidden-tablet elementor-hidden-phone\" data-id=\"5e9488f\" data-element_type=\"column\" data-e-type=\"column\">\n\t\t\t<div class=\"elementor-widget-wrap\">\n\t\t\t\t\t\t\t<\/div>\n\t\t<\/div>\n\t\t\t\t\t<\/div>\n\t\t<\/section>\n\t\t\t\t\t<\/div>\n\t\t<\/div>\n\t\t\t\t\t<\/div>\n\t\t<\/section>\n\t\t\t\t<section class=\"elementor-section elementor-top-section elementor-element elementor-element-655653a8 elementor-section-content-middle elementor-section-boxed elementor-section-height-default elementor-section-height-default\" data-id=\"655653a8\" data-element_type=\"section\" data-e-type=\"section\" data-settings=\"{&quot;background_background&quot;:&quot;classic&quot;}\">\n\t\t\t\t\t\t<div class=\"elementor-container elementor-column-gap-default\">\n\t\t\t\t\t<div class=\"elementor-column elementor-col-50 elementor-top-column elementor-element elementor-element-3f815678\" data-id=\"3f815678\" data-element_type=\"column\" data-e-type=\"column\">\n\t\t\t<div class=\"elementor-widget-wrap elementor-element-populated\">\n\t\t\t\t\t\t<div class=\"elementor-element elementor-element-7752b2f5 elementor-widget elementor-widget-image\" data-id=\"7752b2f5\" data-element_type=\"widget\" data-e-type=\"widget\" data-widget_type=\"image.default\">\n\t\t\t\t<div class=\"elementor-widget-container\">\n\t\t\t\t\t\t\t\t\t\t\t\t\t\t\t<img fetchpriority=\"high\" decoding=\"async\" width=\"960\" height=\"540\" src=\"https:\/\/transferstours.com\/wp-content\/uploads\/2020\/12\/vuelos-colombia.jpg\" class=\"attachment-full size-full wp-image-1403\" alt=\"vuelos-colombia\" srcset=\"https:\/\/transferstours.com\/wp-content\/uploads\/2020\/12\/vuelos-colombia.jpg 960w, https:\/\/transferstours.com\/wp-content\/uploads\/2020\/12\/vuelos-colombia-300x169.jpg 300w, https:\/\/transferstours.com\/wp-content\/uploads\/2020\/12\/vuelos-colombia-768x432.jpg 768w, https:\/\/transferstours.com\/wp-content\/uploads\/2020\/12\/vuelos-colombia-600x338.jpg 600w\" sizes=\"(max-width: 960px) 100vw, 960px\" \/>\t\t\t\t\t\t\t\t\t\t\t\t\t\t\t<\/div>\n\t\t\t\t<\/div>\n\t\t\t\t<div class=\"elementor-element elementor-element-421e9797 elementor-widget__width-initial elementor-absolute elementor-widget-tablet__width-initial elementor-widget-mobile__width-initial elementor-widget elementor-widget-image\" data-id=\"421e9797\" data-element_type=\"widget\" data-e-type=\"widget\" data-settings=\"{&quot;_position&quot;:&quot;absolute&quot;}\" data-widget_type=\"image.default\">\n\t\t\t\t<div class=\"elementor-widget-container\">\n\t\t\t\t\t\t\t\t\t\t\t\t\t\t\t<img decoding=\"async\" width=\"300\" height=\"200\" src=\"https:\/\/transferstours.com\/wp-content\/uploads\/2020\/12\/hoteles-colombia-300x200.jpg\" class=\"attachment-medium size-medium wp-image-1401\" alt=\"hoteles-colombia\" srcset=\"https:\/\/transferstours.com\/wp-content\/uploads\/2020\/12\/hoteles-colombia-300x200.jpg 300w, https:\/\/transferstours.com\/wp-content\/uploads\/2020\/12\/hoteles-colombia-768x512.jpg 768w, https:\/\/transferstours.com\/wp-content\/uploads\/2020\/12\/hoteles-colombia-600x400.jpg 600w, https:\/\/transferstours.com\/wp-content\/uploads\/2020\/12\/hoteles-colombia.jpg 960w\" sizes=\"(max-width: 300px) 100vw, 300px\" \/>\t\t\t\t\t\t\t\t\t\t\t\t\t\t\t<\/div>\n\t\t\t\t<\/div>\n\t\t\t\t\t<\/div>\n\t\t<\/div>\n\t\t\t\t<div class=\"elementor-column elementor-col-50 elementor-top-column elementor-element elementor-element-762c28ae\" data-id=\"762c28ae\" data-element_type=\"column\" data-e-type=\"column\">\n\t\t\t<div class=\"elementor-widget-wrap elementor-element-populated\">\n\t\t\t\t\t\t<div class=\"elementor-element elementor-element-52589f6e elementor-widget elementor-widget-spacer\" data-id=\"52589f6e\" data-element_type=\"widget\" data-e-type=\"widget\" data-widget_type=\"spacer.default\">\n\t\t\t\t<div class=\"elementor-widget-container\">\n\t\t\t\t\t\t\t<div class=\"elementor-spacer\">\n\t\t\t<div class=\"elementor-spacer-inner\"><\/div>\n\t\t<\/div>\n\t\t\t\t\t\t<\/div>\n\t\t\t\t<\/div>\n\t\t\t\t<div class=\"elementor-element elementor-element-7949b8f5 elementor-widget elementor-widget-heading\" data-id=\"7949b8f5\" data-element_type=\"widget\" data-e-type=\"widget\" data-widget_type=\"heading.default\">\n\t\t\t\t<div class=\"elementor-widget-container\">\n\t\t\t\t\t<h2 class=\"elementor-heading-title elementor-size-default\">Fl\u00fcge und Hotels im Angebot<\/h2>\t\t\t\t<\/div>\n\t\t\t\t<\/div>\n\t\t\t\t<div class=\"elementor-element elementor-element-24ba93d1 elementor-widget elementor-widget-text-editor\" data-id=\"24ba93d1\" data-element_type=\"widget\" data-e-type=\"widget\" data-widget_type=\"text-editor.default\">\n\t\t\t\t<div class=\"elementor-widget-container\">\n\t\t\t\t\t\t\t\t\t<p>Wir bieten Ihnen nach unserer Erfahrung die besten Suchm\u00f6glichkeiten in Fl\u00fcge und Hotels, damit die Organisation Ihrer Reise mit exklusiven Angeboten nach Ihrem Geschmack und Budget geplant wird<\/p>\t\t\t\t\t\t\t\t<\/div>\n\t\t\t\t<\/div>\n\t\t\t\t\t<\/div>\n\t\t<\/div>\n\t\t\t\t\t<\/div>\n\t\t<\/section>\n\t\t\t\t<section class=\"elementor-section elementor-top-section elementor-element elementor-element-bde53df elementor-section-boxed elementor-section-height-default elementor-section-height-default\" data-id=\"bde53df\" data-element_type=\"section\" data-e-type=\"section\">\n\t\t\t\t\t\t<div class=\"elementor-container elementor-column-gap-default\">\n\t\t\t\t\t<div class=\"elementor-column elementor-col-50 elementor-top-column elementor-element elementor-element-63bec5c\" data-id=\"63bec5c\" data-element_type=\"column\" data-e-type=\"column\">\n\t\t\t<div class=\"elementor-widget-wrap elementor-element-populated\">\n\t\t\t\t\t\t<div class=\"elementor-element elementor-element-532f8d3 elementor-widget elementor-widget-button\" data-id=\"532f8d3\" data-element_type=\"widget\" data-e-type=\"widget\" data-widget_type=\"button.default\">\n\t\t\t\t<div class=\"elementor-widget-container\">\n\t\t\t\t\t\t\t\t\t<div class=\"elementor-button-wrapper\">\n\t\t\t\t\t<a class=\"elementor-button elementor-button-link elementor-size-xs\" href=\"https:\/\/www.kqzyfj.com\/click-100227326-11047807\" target=\"_blank\" rel=\"noopener\">\n\t\t\t\t\t\t<span class=\"elementor-button-content-wrapper\">\n\t\t\t\t\t\t<span class=\"elementor-button-icon\">\n\t\t\t\t<i aria-hidden=\"true\" class=\"far fa-hand-point-down\"><\/i>\t\t\t<\/span>\n\t\t\t\t\t\t\t\t\t<span class=\"elementor-button-text\">Aktionen hier<\/span>\n\t\t\t\t\t<\/span>\n\t\t\t\t\t<\/a>\n\t\t\t\t<\/div>\n\t\t\t\t\t\t\t\t<\/div>\n\t\t\t\t<\/div>\n\t\t\t\t<div class=\"elementor-element elementor-element-5f7a9f5 elementor-widget elementor-widget-html\" data-id=\"5f7a9f5\" data-element_type=\"widget\" data-e-type=\"widget\" data-widget_type=\"html.default\">\n\t\t\t\t<div class=\"elementor-widget-container\">\n\t\t\t\t\t<a href=\"https:\/\/www.kqzyfj.com\/click-100227326-11047807\" target=\"_top\" rel=\"noopener\">\r\n<img decoding=\"async\" src=\"https:\/\/www.ftjcfx.com\/image-100227326-11047807\" width=\"300\" height=\"250\" alt=\"\" border=\"0\"\/><\/a>\t\t\t\t<\/div>\n\t\t\t\t<\/div>\n\t\t\t\t\t<\/div>\n\t\t<\/div>\n\t\t\t\t<div class=\"elementor-column elementor-col-50 elementor-top-column elementor-element elementor-element-9395aa9\" data-id=\"9395aa9\" data-element_type=\"column\" data-e-type=\"column\">\n\t\t\t<div class=\"elementor-widget-wrap elementor-element-populated\">\n\t\t\t\t\t\t<div class=\"elementor-element elementor-element-93921cb elementor-widget elementor-widget-text-editor\" data-id=\"93921cb\" data-element_type=\"widget\" data-e-type=\"widget\" data-widget_type=\"text-editor.default\">\n\t\t\t\t<div class=\"elementor-widget-container\">\n\t\t\t\t\t\t\t\t\t<p style=\"text-align: center;\"><strong>Tools zur Suche nach Fl\u00fcgen<\/strong><\/p><p>Der einfachste Weg, g\u00fcnstige Fl\u00fcge f\u00fcr Ihre Reise anzubieten und sicher, ohne hohe Provisionen zahlen zu m\u00fcssen, und wobei die verschiedenen Fluggesellschaften der einzelnen L\u00e4nder Last-Minute-Angebote nutzen, deshalb geben wir Ihnen einige wertvolle Tipps, wenn Sie einen Flug buchen und falls Sie nicht an Reisen gew\u00f6hnt sind, haben wir einige Reiseempfehlungen f\u00fcr Sie:<\/p><ul><li>Verwenden Sie zuverl\u00e4ssige Tools, um Ihren Flug zu kalkulieren<\/li><li>Seien Sie nach M\u00f6glichkeit flexibel bei Ihren Reisedaten<\/li><li>Vermeiden Sie es, in der Hochsaison nach Fl\u00fcgen zu suchen, wenn Sie sie 2 Monate im Voraus buchen k\u00f6nnen<\/li><li>Schauen Sie sich die Flugpl\u00e4ne an. Nachtfl\u00fcge sind billiger<\/li><li>Nehmen Sie an den Meilen- oder Punkteprogrammen der verschiedenen Fluggesellschaften teil (wird in Zukunft dienen)<\/li><li>Lassen Sie sich immer von jemandem beraten, dem Sie vertrauen, wie transferstours.com<\/li><\/ul>\t\t\t\t\t\t\t\t<\/div>\n\t\t\t\t<\/div>\n\t\t\t\t\t<\/div>\n\t\t<\/div>\n\t\t\t\t\t<\/div>\n\t\t<\/section>\n\t\t\t\t<section class=\"elementor-section elementor-top-section elementor-element elementor-element-915c956 elementor-section-boxed elementor-section-height-default elementor-section-height-default\" data-id=\"915c956\" data-element_type=\"section\" data-e-type=\"section\">\n\t\t\t\t\t\t<div class=\"elementor-container elementor-column-gap-default\">\n\t\t\t\t\t<div class=\"elementor-column elementor-col-50 elementor-top-column elementor-element elementor-element-43653a4\" data-id=\"43653a4\" data-element_type=\"column\" data-e-type=\"column\">\n\t\t\t<div class=\"elementor-widget-wrap elementor-element-populated\">\n\t\t\t\t\t\t<div class=\"elementor-element elementor-element-3e6e5dc elementor-widget elementor-widget-text-editor\" data-id=\"3e6e5dc\" data-element_type=\"widget\" data-e-type=\"widget\" data-widget_type=\"text-editor.default\">\n\t\t\t\t<div class=\"elementor-widget-container\">\n\t\t\t\t\t\t\t\t\t<h6>Fl\u00fcge in Lateinamerika<\/h6><h6><a href=\"https:\/\/www.jdoqocy.com\/click-100227326-14074512\" target=\"_blank\" rel=\"noopener\"><strong>Skyscanner<\/strong><\/a><\/h6><p>Wenn Sie nach guten Flugoptionen suchen, bieten wir Ihnen eine sehr einfache M\u00f6glichkeit, Ihre Fl\u00fcge mit vielen Alternativen und mit einer der besten Flugsuchmaschinen weltweit zu zitieren. Hier haben Sie die M\u00f6glichkeit, nach Fl\u00fcgen in mehrere St\u00e4dte der Welt zu suchen dieselbe Reise, f\u00fcr die Sie keine unterschiedlichen Reservierungen vornehmen m\u00fcssen, und zwar bei den wichtigsten Fluggesellschaften und mit der Garantie eines der wichtigsten Unternehmen auf dem Markt f\u00fcr Flugsuchmaschinen.<\/p>\t\t\t\t\t\t\t\t<\/div>\n\t\t\t\t<\/div>\n\t\t\t\t\t<\/div>\n\t\t<\/div>\n\t\t\t\t<div class=\"elementor-column elementor-col-50 elementor-top-column elementor-element elementor-element-9efd5a9\" data-id=\"9efd5a9\" data-element_type=\"column\" data-e-type=\"column\">\n\t\t\t<div class=\"elementor-widget-wrap elementor-element-populated\">\n\t\t\t\t\t\t<div class=\"elementor-element elementor-element-76b10c4 elementor-align-center elementor-widget elementor-widget-button\" data-id=\"76b10c4\" data-element_type=\"widget\" data-e-type=\"widget\" data-widget_type=\"button.default\">\n\t\t\t\t<div class=\"elementor-widget-container\">\n\t\t\t\t\t\t\t\t\t<div class=\"elementor-button-wrapper\">\n\t\t\t\t\t<a class=\"elementor-button elementor-button-link elementor-size-xl\" href=\"https:\/\/www.jdoqocy.com\/click-100227326-14074512%20\" target=\"_blank\" rel=\"noopener\">\n\t\t\t\t\t\t<span class=\"elementor-button-content-wrapper\">\n\t\t\t\t\t\t<span class=\"elementor-button-icon\">\n\t\t\t\t<i aria-hidden=\"true\" class=\"far fa-hand-point-down\"><\/i>\t\t\t<\/span>\n\t\t\t\t\t\t\t\t\t<span class=\"elementor-button-text\">hier zitieren<\/span>\n\t\t\t\t\t<\/span>\n\t\t\t\t\t<\/a>\n\t\t\t\t<\/div>\n\t\t\t\t\t\t\t\t<\/div>\n\t\t\t\t<\/div>\n\t\t\t\t<div class=\"elementor-element elementor-element-d46a3fd elementor-widget elementor-widget-html\" data-id=\"d46a3fd\" data-element_type=\"widget\" data-e-type=\"widget\" data-widget_type=\"html.default\">\n\t\t\t\t<div class=\"elementor-widget-container\">\n\t\t\t\t\t<a href=\"https:\/\/www.dpbolvw.net\/click-100227326-13455551\" target=\"_top\" rel=\"noopener\">\r\n<img loading=\"lazy\" decoding=\"async\" src=\"https:\/\/www.awltovhc.com\/image-100227326-13455551\" width=\"336\" height=\"280\" alt=\"\" border=\"0\"\/><\/a>\t\t\t\t<\/div>\n\t\t\t\t<\/div>\n\t\t\t\t\t<\/div>\n\t\t<\/div>\n\t\t\t\t\t<\/div>\n\t\t<\/section>\n\t\t\t\t<section class=\"elementor-section elementor-top-section elementor-element elementor-element-4fdb497 elementor-section-boxed elementor-section-height-default elementor-section-height-default\" data-id=\"4fdb497\" data-element_type=\"section\" data-e-type=\"section\">\n\t\t\t\t\t\t<div class=\"elementor-container elementor-column-gap-default\">\n\t\t\t\t\t<div class=\"elementor-column elementor-col-33 elementor-top-column elementor-element elementor-element-88b0713\" data-id=\"88b0713\" data-element_type=\"column\" data-e-type=\"column\">\n\t\t\t<div class=\"elementor-widget-wrap elementor-element-populated\">\n\t\t\t\t\t\t<div class=\"elementor-element elementor-element-39dce58 elementor-widget elementor-widget-button\" data-id=\"39dce58\" data-element_type=\"widget\" data-e-type=\"widget\" data-widget_type=\"button.default\">\n\t\t\t\t<div class=\"elementor-widget-container\">\n\t\t\t\t\t\t\t\t\t<div class=\"elementor-button-wrapper\">\n\t\t\t\t\t<a class=\"elementor-button elementor-button-link elementor-size-xs\" href=\"https:\/\/transferstours.com\/de\/kontakte\/\">\n\t\t\t\t\t\t<span class=\"elementor-button-content-wrapper\">\n\t\t\t\t\t\t<span class=\"elementor-button-icon\">\n\t\t\t\t<i aria-hidden=\"true\" class=\"far fa-hand-point-down\"><\/i>\t\t\t<\/span>\n\t\t\t\t\t\t\t\t\t<span class=\"elementor-button-text\">Aktionen hier<\/span>\n\t\t\t\t\t<\/span>\n\t\t\t\t\t<\/a>\n\t\t\t\t<\/div>\n\t\t\t\t\t\t\t\t<\/div>\n\t\t\t\t<\/div>\n\t\t\t\t<div class=\"elementor-element elementor-element-0e500c7 elementor-widget elementor-widget-html\" data-id=\"0e500c7\" data-element_type=\"widget\" data-e-type=\"widget\" data-widget_type=\"html.default\">\n\t\t\t\t<div class=\"elementor-widget-container\">\n\t\t\t\t\t<a href=\"https:\/\/www.hotelscombined.es?a_aid=230087&amp;label=transferstours\" target=\"_blank\" rel=\"nofollow noopener\"><img decoding=\"async\" src=\"https:\/\/assets.portalhc.com\/banners\/affiliate\/es\/ES_300x250_CompreBookSave+V2.jpg\" alt=\"Ahorra en tu hotel - hotelscombined.es\" title=\"Ahorra en tu hotel - hotelscombined.es\" border=\"0\" \/><\/a>\r\n\t\t\t\t<\/div>\n\t\t\t\t<\/div>\n\t\t\t\t\t<\/div>\n\t\t<\/div>\n\t\t\t\t<div class=\"elementor-column elementor-col-66 elementor-top-column elementor-element elementor-element-bca2dcf\" data-id=\"bca2dcf\" data-element_type=\"column\" data-e-type=\"column\">\n\t\t\t<div class=\"elementor-widget-wrap elementor-element-populated\">\n\t\t\t\t\t\t<div class=\"elementor-element elementor-element-eb1b8ab elementor-widget elementor-widget-heading\" data-id=\"eb1b8ab\" data-element_type=\"widget\" data-e-type=\"widget\" data-widget_type=\"heading.default\">\n\t\t\t\t<div class=\"elementor-widget-container\">\n\t\t\t\t\t<h4 class=\"elementor-heading-title elementor-size-default\"><a href=\"https:\/\/www.awin1.com\/cread.php?awinmid=18119&#038;awinaffid=732887&#038;ued=https%3A%2F%2Fwww.booking.com\" target=\"_blank\" rel=\"noopener\">Hotels mit den besten Angeboten<\/a><\/h4>\t\t\t\t<\/div>\n\t\t\t\t<\/div>\n\t\t\t\t<div class=\"elementor-element elementor-element-036a6bc elementor-widget elementor-widget-text-editor\" data-id=\"036a6bc\" data-element_type=\"widget\" data-e-type=\"widget\" data-widget_type=\"text-editor.default\">\n\t\t\t\t<div class=\"elementor-widget-container\">\n\t\t\t\t\t\t\t\t\t<p>Wenn es um die Wahl der Unterkunft geht, spielt der Komfort unserer Erfahrung nach eine Schl\u00fcsselrolle f\u00fcr den Erfolg jeder Reise. Ein Hotel, das unseren Erwartungen entspricht, tr\u00e4gt zweifellos zu unserer pers\u00f6nlichen Zufriedenheit bei. Abgesehen von der Kategorie oder Struktur erwarten wir von einer Einrichtung, dass die Dienstleistungen, f\u00fcr die wir bezahlt haben, Qualit\u00e4tsstandards entsprechen und Erholung ein grundlegender Teil unseres Reiseabenteuers ist, und unsere besten Tipps, die Sie beachten sollten, sind:<\/p><ul><li>Reinigung<\/li><li>Bett<\/li><li>Privates Badezimmer<\/li><li>Wi-Fi-Dienst (kostenlos)<\/li><\/ul>\t\t\t\t\t\t\t\t<\/div>\n\t\t\t\t<\/div>\n\t\t\t\t\t<\/div>\n\t\t<\/div>\n\t\t\t\t\t<\/div>\n\t\t<\/section>\n\t\t\t\t<section class=\"elementor-section elementor-top-section elementor-element elementor-element-6a4dbd4c elementor-section-boxed elementor-section-height-default elementor-section-height-default\" data-id=\"6a4dbd4c\" data-element_type=\"section\" data-e-type=\"section\" data-settings=\"{&quot;background_background&quot;:&quot;classic&quot;}\">\n\t\t\t\t\t\t\t<div class=\"elementor-background-overlay\"><\/div>\n\t\t\t\t\t\t\t<div class=\"elementor-container elementor-column-gap-no\">\n\t\t\t\t\t<div class=\"elementor-column elementor-col-100 elementor-top-column elementor-element elementor-element-6e291ad7\" data-id=\"6e291ad7\" data-element_type=\"column\" data-e-type=\"column\">\n\t\t\t<div class=\"elementor-widget-wrap elementor-element-populated\">\n\t\t\t\t\t\t<section class=\"elementor-section elementor-inner-section elementor-element elementor-element-32ffbc4d elementor-section-boxed elementor-section-height-default elementor-section-height-default\" data-id=\"32ffbc4d\" data-element_type=\"section\" data-e-type=\"section\">\n\t\t\t\t\t\t<div class=\"elementor-container elementor-column-gap-default\">\n\t\t\t\t\t<div class=\"elementor-column elementor-col-100 elementor-inner-column elementor-element elementor-element-37bb831b\" data-id=\"37bb831b\" data-element_type=\"column\" data-e-type=\"column\">\n\t\t\t<div class=\"elementor-widget-wrap elementor-element-populated\">\n\t\t\t\t\t\t<div class=\"elementor-element elementor-element-109dab3d elementor-widget elementor-widget-heading\" data-id=\"109dab3d\" data-element_type=\"widget\" data-e-type=\"widget\" data-widget_type=\"heading.default\">\n\t\t\t\t<div class=\"elementor-widget-container\">\n\t\t\t\t\t<h2 class=\"elementor-heading-title elementor-size-default\">Holen Sie sich ein nahtloses Reiseerlebnis<\/h2>\t\t\t\t<\/div>\n\t\t\t\t<\/div>\n\t\t\t\t<div class=\"elementor-element elementor-element-30bbeb0d elementor-widget elementor-widget-text-editor\" data-id=\"30bbeb0d\" data-element_type=\"widget\" data-e-type=\"widget\" data-widget_type=\"text-editor.default\">\n\t\t\t\t<div class=\"elementor-widget-container\">\n\t\t\t\t\t\t\t\t\t<p>Ein unvergessliches Erlebnis, das Sie wiederholen m\u00f6chten<\/p>\t\t\t\t\t\t\t\t<\/div>\n\t\t\t\t<\/div>\n\t\t\t\t<div class=\"elementor-element elementor-element-6d6f657e elementor-widget-divider--view-line elementor-widget elementor-widget-divider\" data-id=\"6d6f657e\" data-element_type=\"widget\" data-e-type=\"widget\" data-widget_type=\"divider.default\">\n\t\t\t\t<div class=\"elementor-widget-container\">\n\t\t\t\t\t\t\t<div class=\"elementor-divider\">\n\t\t\t<span class=\"elementor-divider-separator\">\n\t\t\t\t\t\t<\/span>\n\t\t<\/div>\n\t\t\t\t\t\t<\/div>\n\t\t\t\t<\/div>\n\t\t\t\t\t<\/div>\n\t\t<\/div>\n\t\t\t\t\t<\/div>\n\t\t<\/section>\n\t\t\t\t\t<\/div>\n\t\t<\/div>\n\t\t\t\t\t<\/div>\n\t\t<\/section>\n\t\t\t\t<\/div>\n\t\t","protected":false},"excerpt":{"rendered":"<p>Fl\u00fcge nach Kolumbien Fl\u00fcge und Hotels im Angebot Wir bieten Ihnen nach unserer Erfahrung die besten Suchm\u00f6glichkeiten in Fl\u00fcge und Hotels, damit die Organisation Ihrer Reise mit exklusiven Angeboten nach Ihrem Geschmack und Budget geplant wird Aktionen hier Tools zur Suche nach Fl\u00fcgen Der einfachste Weg, g\u00fcnstige Fl\u00fcge f\u00fcr Ihre Reise anzubieten und sicher, ohne [&hellip;]<\/p>\n","protected":false},"author":1,"featured_media":4948,"parent":0,"menu_order":0,"comment_status":"closed","ping_status":"closed","template":"elementor_header_footer","meta":{"footnotes":""},"class_list":["post-3752","page","type-page","status-publish","has-post-thumbnail","hentry"],"_links":{"self":[{"href":"https:\/\/transferstours.com\/de\/wp-json\/wp\/v2\/pages\/3752","targetHints":{"allow":["GET"]}}],"collection":[{"href":"https:\/\/transferstours.com\/de\/wp-json\/wp\/v2\/pages"}],"about":[{"href":"https:\/\/transferstours.com\/de\/wp-json\/wp\/v2\/types\/page"}],"author":[{"embeddable":true,"href":"https:\/\/transferstours.com\/de\/wp-json\/wp\/v2\/users\/1"}],"replies":[{"embeddable":true,"href":"https:\/\/transferstours.com\/de\/wp-json\/wp\/v2\/comments?post=3752"}],"version-history":[{"count":0,"href":"https:\/\/transferstours.com\/de\/wp-json\/wp\/v2\/pages\/3752\/revisions"}],"wp:featuredmedia":[{"embeddable":true,"href":"https:\/\/transferstours.com\/de\/wp-json\/wp\/v2\/media\/4948"}],"wp:attachment":[{"href":"https:\/\/transferstours.com\/de\/wp-json\/wp\/v2\/media?parent=3752"}],"curies":[{"name":"wp","href":"https:\/\/api.w.org\/{rel}","templated":true}]}}