{"id":3758,"date":"2022-08-04T18:24:33","date_gmt":"2022-08-04T18:24:33","guid":{"rendered":"https:\/\/transferstours.com\/?page_id=3758"},"modified":"2024-10-10T21:44:49","modified_gmt":"2024-10-10T21:44:49","slug":"blog","status":"publish","type":"page","link":"https:\/\/transferstours.com\/de\/blog\/","title":{"rendered":"Blog"},"content":{"rendered":"\t\t<div data-elementor-type=\"wp-page\" data-elementor-id=\"3758\" class=\"elementor elementor-3758\" data-elementor-post-type=\"page\">\n\t\t\t\t\t\t<section class=\"elementor-section elementor-top-section elementor-element elementor-element-5d6d9b97 elementor-section-boxed elementor-section-height-default elementor-section-height-default\" data-id=\"5d6d9b97\" data-element_type=\"section\" data-e-type=\"section\" data-settings=\"{&quot;background_background&quot;:&quot;classic&quot;}\">\n\t\t\t\t\t\t\t<div class=\"elementor-background-overlay\"><\/div>\n\t\t\t\t\t\t\t<div class=\"elementor-container elementor-column-gap-default\">\n\t\t\t\t\t<div class=\"elementor-column elementor-col-100 elementor-top-column elementor-element elementor-element-39d9a2d1\" data-id=\"39d9a2d1\" data-element_type=\"column\" data-e-type=\"column\">\n\t\t\t<div class=\"elementor-widget-wrap elementor-element-populated\">\n\t\t\t\t\t\t<section class=\"elementor-section elementor-inner-section elementor-element elementor-element-6389456d elementor-section-boxed elementor-section-height-default elementor-section-height-default\" data-id=\"6389456d\" data-element_type=\"section\" data-e-type=\"section\">\n\t\t\t\t\t\t<div class=\"elementor-container elementor-column-gap-default\">\n\t\t\t\t\t<div class=\"elementor-column elementor-col-50 elementor-inner-column elementor-element elementor-element-529d86e1\" data-id=\"529d86e1\" data-element_type=\"column\" data-e-type=\"column\" data-settings=\"{&quot;background_background&quot;:&quot;classic&quot;}\">\n\t\t\t<div class=\"elementor-widget-wrap elementor-element-populated\">\n\t\t\t\t\t\t<div class=\"elementor-element elementor-element-7c9eb349 elementor-widget elementor-widget-heading\" data-id=\"7c9eb349\" data-element_type=\"widget\" data-e-type=\"widget\" data-widget_type=\"heading.default\">\n\t\t\t\t<div class=\"elementor-widget-container\">\n\t\t\t\t\t<h1 class=\"elementor-heading-title elementor-size-small\">Blog<br>Empfehlungen und Ausfl\u00fcge<\/h1>\t\t\t\t<\/div>\n\t\t\t\t<\/div>\n\t\t\t\t<div class=\"elementor-element elementor-element-5788a37f elementor-widget-divider--separator-type-pattern elementor-widget-divider--no-spacing elementor-widget-divider--view-line elementor-widget elementor-widget-divider\" data-id=\"5788a37f\" data-element_type=\"widget\" data-e-type=\"widget\" data-widget_type=\"divider.default\">\n\t\t\t\t<div class=\"elementor-widget-container\">\n\t\t\t\t\t\t\t<div class=\"elementor-divider\" style=\"--divider-pattern-url: url(&quot;data:image\/svg+xml,%3Csvg xmlns=&#039;http:\/\/www.w3.org\/2000\/svg&#039; preserveAspectRatio=&#039;xMidYMid meet&#039; overflow=&#039;visible&#039; height=&#039;100%&#039; viewBox=&#039;0 0 121 26&#039; fill=&#039;black&#039; stroke=&#039;none&#039;%3E%3Cpath d=&#039;M29.6,10.3l2.1,2.2l-3.6,3.3h7v2.9h-7l3.6,3.5l-2.1,1.7l-5.2-5.2h-5.8v-2.9h5.8L29.6,10.3z M70.9,9.6l2.1,1.7l-3.6,3.5h7v2.9h-7l3.6,3.3l-2.1,2.2l-5.2-5.5h-5.8v-2.9h5.8L70.9,9.6z M111.5,9.6l2.1,1.7l-3.6,3.5h7v2.9h-7l3.6,3.3l-2.1,2.2l-5.2-5.5h-5.8v-2.9h5.8L111.5,9.6z M50.2,2.7l2.1,1.7l-3.6,3.5h7v2.9h-7l3.6,3.3l-2.1,2.2L45,10.7h-5.8V7.9H45L50.2,2.7z M11,2l2.1,1.7L9.6,7.2h7V10h-7l3.6,3.3L11,15.5L5.8,10H0V7.2h5.8L11,2z M91.5,2l2.1,2.2l-3.6,3.3h7v2.9h-7l3.6,3.5l-2.1,1.7l-5.2-5.2h-5.8V7.5h5.8L91.5,2z&#039;\/%3E%3C\/svg%3E&quot;);\">\n\t\t\t<span class=\"elementor-divider-separator\">\n\t\t\t\t\t\t<\/span>\n\t\t<\/div>\n\t\t\t\t\t\t<\/div>\n\t\t\t\t<\/div>\n\t\t\t\t\t<\/div>\n\t\t<\/div>\n\t\t\t\t<div class=\"elementor-column elementor-col-50 elementor-inner-column elementor-element elementor-element-368d7f4c elementor-hidden-tablet elementor-hidden-phone\" data-id=\"368d7f4c\" data-element_type=\"column\" data-e-type=\"column\">\n\t\t\t<div class=\"elementor-widget-wrap\">\n\t\t\t\t\t\t\t<\/div>\n\t\t<\/div>\n\t\t\t\t\t<\/div>\n\t\t<\/section>\n\t\t\t\t\t<\/div>\n\t\t<\/div>\n\t\t\t\t\t<\/div>\n\t\t<\/section>\n\t\t\t\t<section class=\"elementor-section elementor-top-section elementor-element elementor-element-5fa276e elementor-section-boxed elementor-section-height-default elementor-section-height-default\" data-id=\"5fa276e\" data-element_type=\"section\" data-e-type=\"section\">\n\t\t\t\t\t\t<div class=\"elementor-container elementor-column-gap-default\">\n\t\t\t\t\t<div class=\"elementor-column elementor-col-100 elementor-top-column elementor-element elementor-element-35bbe7e\" data-id=\"35bbe7e\" data-element_type=\"column\" data-e-type=\"column\">\n\t\t\t<div class=\"elementor-widget-wrap elementor-element-populated\">\n\t\t\t\t\t\t<div class=\"elementor-element elementor-element-963add0 elementor-widget elementor-widget-image\" data-id=\"963add0\" data-element_type=\"widget\" data-e-type=\"widget\" data-widget_type=\"image.default\">\n\t\t\t\t<div class=\"elementor-widget-container\">\n\t\t\t\t\t\t\t\t\t\t\t\t\t\t\t<img fetchpriority=\"high\" decoding=\"async\" width=\"580\" height=\"387\" src=\"https:\/\/transferstours.com\/wp-content\/uploads\/2020\/09\/group-of-business-people-collaborating-on-project-8JK6AXU-768x512.jpg\" class=\"attachment-medium_large size-medium_large wp-image-97\" alt=\"recomendaciones-de-viaje-a-colombia\" srcset=\"https:\/\/transferstours.com\/wp-content\/uploads\/2020\/09\/group-of-business-people-collaborating-on-project-8JK6AXU-768x512.jpg 768w, https:\/\/transferstours.com\/wp-content\/uploads\/2020\/09\/group-of-business-people-collaborating-on-project-8JK6AXU-600x400.jpg 600w, https:\/\/transferstours.com\/wp-content\/uploads\/2020\/09\/group-of-business-people-collaborating-on-project-8JK6AXU-300x200.jpg 300w, https:\/\/transferstours.com\/wp-content\/uploads\/2020\/09\/group-of-business-people-collaborating-on-project-8JK6AXU-1024x683.jpg 1024w, https:\/\/transferstours.com\/wp-content\/uploads\/2020\/09\/group-of-business-people-collaborating-on-project-8JK6AXU-1536x1024.jpg 1536w, https:\/\/transferstours.com\/wp-content\/uploads\/2020\/09\/group-of-business-people-collaborating-on-project-8JK6AXU-1200x800.jpg 1200w, https:\/\/transferstours.com\/wp-content\/uploads\/2020\/09\/group-of-business-people-collaborating-on-project-8JK6AXU.jpg 1600w\" sizes=\"(max-width: 580px) 100vw, 580px\" \/>\t\t\t\t\t\t\t\t\t\t\t\t\t\t\t<\/div>\n\t\t\t\t<\/div>\n\t\t\t\t<div class=\"elementor-element elementor-element-a9fbc00 elementor-drop-cap-yes elementor-drop-cap-view-default elementor-widget elementor-widget-text-editor\" data-id=\"a9fbc00\" data-element_type=\"widget\" data-e-type=\"widget\" data-settings=\"{&quot;drop_cap&quot;:&quot;yes&quot;}\" data-widget_type=\"text-editor.default\">\n\t\t\t\t<div class=\"elementor-widget-container\">\n\t\t\t\t\t\t\t\t\t<p>In diesem Bereich finden Sie, was Sie von Informationen \u00fcber Ihre Reise nach Kolumbien erwartet haben, mit Tipps zur kolumbianischen Kultur, Gastronomie, lokalen Veranstaltungen, sicheren Transportmitteln. Wir informieren Sie \u00fcber die wichtigsten Sehensw\u00fcrdigkeiten und die Pl\u00e4ne, die Sie mit den Einheimischen genie\u00dfen werden Menschen jeder Region. Unsere Reiseempfehlungen sind mit dem Wissen der Orte geschrieben, die wir besuchen, sie sind wahr und garantiert von Experten in Kolumbien.<\/p><p>Wir arbeiten daran, dass Ihre Reiseempfehlungen mit unserem Logistik-Support-Team \u00fcberpr\u00fcft werden und Sie Ihre Erfahrungen personalisieren k\u00f6nnen. Wir bieten Ihnen Beratung zu Hotels, Fl\u00fcgen, Mietwagen und allem, was Sie brauchen, um die Reise nach Kolumbien unvergesslich zu machen. Z\u00f6gern Sie nicht, uns zu kontaktieren uns.<\/p>\t\t\t\t\t\t\t\t<\/div>\n\t\t\t\t<\/div>\n\t\t\t\t\t<\/div>\n\t\t<\/div>\n\t\t\t\t\t<\/div>\n\t\t<\/section>\n\t\t\t\t<\/div>\n\t\t","protected":false},"excerpt":{"rendered":"<p>BlogEmpfehlungen und Ausfl\u00fcge In diesem Bereich finden Sie, was Sie von Informationen \u00fcber Ihre Reise nach Kolumbien erwartet haben, mit Tipps zur kolumbianischen Kultur, Gastronomie, lokalen Veranstaltungen, sicheren Transportmitteln. Wir informieren Sie \u00fcber die wichtigsten Sehensw\u00fcrdigkeiten und die Pl\u00e4ne, die Sie mit den Einheimischen genie\u00dfen werden Menschen jeder Region. Unsere Reiseempfehlungen sind mit dem Wissen [&hellip;]<\/p>\n","protected":false},"author":1,"featured_media":3760,"parent":0,"menu_order":0,"comment_status":"closed","ping_status":"closed","template":"elementor_header_footer","meta":{"footnotes":""},"class_list":["post-3758","page","type-page","status-publish","has-post-thumbnail","hentry"],"_links":{"self":[{"href":"https:\/\/transferstours.com\/de\/wp-json\/wp\/v2\/pages\/3758","targetHints":{"allow":["GET"]}}],"collection":[{"href":"https:\/\/transferstours.com\/de\/wp-json\/wp\/v2\/pages"}],"about":[{"href":"https:\/\/transferstours.com\/de\/wp-json\/wp\/v2\/types\/page"}],"author":[{"embeddable":true,"href":"https:\/\/transferstours.com\/de\/wp-json\/wp\/v2\/users\/1"}],"replies":[{"embeddable":true,"href":"https:\/\/transferstours.com\/de\/wp-json\/wp\/v2\/comments?post=3758"}],"version-history":[{"count":0,"href":"https:\/\/transferstours.com\/de\/wp-json\/wp\/v2\/pages\/3758\/revisions"}],"wp:featuredmedia":[{"embeddable":true,"href":"https:\/\/transferstours.com\/de\/wp-json\/wp\/v2\/media\/3760"}],"wp:attachment":[{"href":"https:\/\/transferstours.com\/de\/wp-json\/wp\/v2\/media?parent=3758"}],"curies":[{"name":"wp","href":"https:\/\/api.w.org\/{rel}","templated":true}]}}