{"id":3784,"date":"2022-08-04T18:54:38","date_gmt":"2022-08-04T18:54:38","guid":{"rendered":"https:\/\/transferstours.com\/?page_id=3784"},"modified":"2022-08-04T20:13:39","modified_gmt":"2022-08-04T20:13:39","slug":"tourismusgesetze-in-kolumbien","status":"publish","type":"page","link":"https:\/\/transferstours.com\/de\/tourismusgesetze-in-kolumbien\/","title":{"rendered":"Tourismusgesetze in Kolumbien"},"content":{"rendered":"\t\t<div data-elementor-type=\"wp-page\" data-elementor-id=\"3784\" class=\"elementor elementor-3784\" data-elementor-post-type=\"page\">\n\t\t\t\t\t\t<section class=\"elementor-section elementor-top-section elementor-element elementor-element-6b76e0f elementor-section-boxed elementor-section-height-default elementor-section-height-default\" data-id=\"6b76e0f\" data-element_type=\"section\" data-e-type=\"section\">\n\t\t\t\t\t\t<div class=\"elementor-container elementor-column-gap-default\">\n\t\t\t\t\t<div class=\"elementor-column elementor-col-100 elementor-top-column elementor-element elementor-element-b4d4b68\" data-id=\"b4d4b68\" data-element_type=\"column\" data-e-type=\"column\">\n\t\t\t<div class=\"elementor-widget-wrap elementor-element-populated\">\n\t\t\t\t\t\t<div class=\"elementor-element elementor-element-4408a93 elementor-widget elementor-widget-heading\" data-id=\"4408a93\" data-element_type=\"widget\" data-e-type=\"widget\" data-widget_type=\"heading.default\">\n\t\t\t\t<div class=\"elementor-widget-container\">\n\t\t\t\t\t<h1 class=\"elementor-heading-title elementor-size-xxl\"><a href=\"https:\/\/transferstours.com\/\">Tourismusgesetze in Kolumbien<\/a><\/h1>\t\t\t\t<\/div>\n\t\t\t\t<\/div>\n\t\t\t\t\t<\/div>\n\t\t<\/div>\n\t\t\t\t\t<\/div>\n\t\t<\/section>\n\t\t\t\t<section class=\"elementor-section elementor-top-section elementor-element elementor-element-4736572 elementor-section-boxed elementor-section-height-default elementor-section-height-default\" data-id=\"4736572\" data-element_type=\"section\" data-e-type=\"section\">\n\t\t\t\t\t\t<div class=\"elementor-container elementor-column-gap-default\">\n\t\t\t\t\t<div class=\"elementor-column elementor-col-100 elementor-top-column elementor-element elementor-element-a08fd9d\" data-id=\"a08fd9d\" data-element_type=\"column\" data-e-type=\"column\">\n\t\t\t<div class=\"elementor-widget-wrap elementor-element-populated\">\n\t\t\t\t\t\t<div class=\"elementor-element elementor-element-5ad31f7 elementor-widget elementor-widget-image\" data-id=\"5ad31f7\" data-element_type=\"widget\" data-e-type=\"widget\" data-widget_type=\"image.default\">\n\t\t\t\t<div class=\"elementor-widget-container\">\n\t\t\t\t\t\t\t\t\t\t\t\t\t\t\t<img fetchpriority=\"high\" decoding=\"async\" width=\"580\" height=\"326\" src=\"https:\/\/transferstours.com\/wp-content\/uploads\/2021\/01\/leyes-de-turismo-768x432.png\" class=\"attachment-medium_large size-medium_large wp-image-1521\" alt=\"leyes-de-turismo\" srcset=\"https:\/\/transferstours.com\/wp-content\/uploads\/2021\/01\/leyes-de-turismo-768x432.png 768w, https:\/\/transferstours.com\/wp-content\/uploads\/2021\/01\/leyes-de-turismo-300x169.png 300w, https:\/\/transferstours.com\/wp-content\/uploads\/2021\/01\/leyes-de-turismo-1024x576.png 1024w, https:\/\/transferstours.com\/wp-content\/uploads\/2021\/01\/leyes-de-turismo-1200x675.png 1200w, https:\/\/transferstours.com\/wp-content\/uploads\/2021\/01\/leyes-de-turismo.png 1280w\" sizes=\"(max-width: 580px) 100vw, 580px\" \/>\t\t\t\t\t\t\t\t\t\t\t\t\t\t\t<\/div>\n\t\t\t\t<\/div>\n\t\t\t\t\t<\/div>\n\t\t<\/div>\n\t\t\t\t\t<\/div>\n\t\t<\/section>\n\t\t\t\t<section class=\"elementor-section elementor-top-section elementor-element elementor-element-e3c8f4e elementor-section-boxed elementor-section-height-default elementor-section-height-default\" data-id=\"e3c8f4e\" data-element_type=\"section\" data-e-type=\"section\">\n\t\t\t\t\t\t<div class=\"elementor-container elementor-column-gap-default\">\n\t\t\t\t\t<div class=\"elementor-column elementor-col-100 elementor-top-column elementor-element elementor-element-b8e2170\" data-id=\"b8e2170\" data-element_type=\"column\" data-e-type=\"column\">\n\t\t\t<div class=\"elementor-widget-wrap elementor-element-populated\">\n\t\t\t\t\t\t<div class=\"elementor-element elementor-element-5ba4589 elementor-widget elementor-widget-text-editor\" data-id=\"5ba4589\" data-element_type=\"widget\" data-e-type=\"widget\" data-widget_type=\"text-editor.default\">\n\t\t\t\t<div class=\"elementor-widget-container\">\n\t\t\t\t\t\t\t\t\t<h2 style=\"text-align: center;\">Tourismusverpflichtungen und Gesetze zum Schutz der Integrit\u00e4t unseres Kolumbiens<\/h2><p style=\"text-align: center;\"><a href=\"https:\/\/www.mincit.gov.co\/minturismo\/viceministerio\" target=\"_blank\" rel=\"noopener\">https:\/\/www.mincit.gov.co\/minturismo\/viceministerio<\/a><\/p><h3 style=\"text-align: center;\">gegen die sexuelle Ausbeutung Minderj\u00e4hriger<\/h3><p>Gesetz 679 von 2001: Gegen Ausbeutung, Pornografie und Sextourismus mit Minderj\u00e4hrigen<\/p><p>Transfers &amp; Touren S.A.S. informiert, dass wir gem\u00e4\u00df den Bestimmungen des Artikels 16 des Gesetzes 679 von 2001, herausgegeben vom Kongress der Republik Kolumbien, mit dem Bestimmungen erlassen werden, um Ausbeutung, Pornografie und Sextourismus mit Minderj\u00e4hrigen zu verhindern und zu bek\u00e4mpfen, die sexuelle Ausbeutung durch Pornografie ablehnen Ausbeutung von Kindern und Jugendlichen oder jede Art von Sextourismus mit Minderj\u00e4hrigen, wobei wir uns verpflichten, Artikel 44 der kolumbianischen Verfassung jederzeit zu respektieren.<\/p><h3 style=\"text-align: center;\">Verpflichtungen zum Schutz unserer Fauna und Flora<\/h3><p style=\"text-align: center;\"><a href=\"https:\/\/www.minambiente.gov.co\/\" target=\"_blank\" rel=\"noopener\">https:\/\/www.minambiente.gov.co\/<\/a><\/p><p>Gesetz 17 von 1981: Gegen den Handel mit wildlebenden Tier- und Pflanzenarten<\/p><p>Transfers &amp; Touren S.A.S. unterliegt diesem Gesetz, das den illegalen Handel und die Kommerzialisierung wildlebender Tier- und Pflanzenarten verhindert, und verpflichtet sich, jede Handlung zu melden, die gegen dieses Gesetz verst\u00f6\u00dft. Verbreitung des Kultur- und Naturerbes<\/p><h3 style=\"text-align: center;\">Engagement Schutz des kulturellen Erbes<\/h3><p>Gesetz 397 von 1997: Regeln zum Kulturerbe werden herausgegeben<\/p><p>Transfers &amp; Touren S.A.S. unterliegt diesem Gesetz, das Vorschriften zum Kulturerbe sowie zur F\u00f6rderung und F\u00f6rderung der Kultur erl\u00e4sst und in \u00dcbereinstimmung mit dem Gesetz 397 von 1997 \u00fcber F\u00f6rderung, Verh\u00fctung und Straftaten und illegalen Handel gegen Kulturerbe handelt. Es handelt in \u00dcbereinstimmung mit dem Gesetz 2811 von 74 zur Erhaltung und Bewirtschaftung nat\u00fcrlicher Ressourcen und mit den Dekreten 622 von 77 und 1715 von 78 zur F\u00f6rderung von Naturgebieten und verantwortungsvollem Verhalten in ihnen.<\/p><h3 style=\"text-align: center;\">Schutz der Rechte vor Rassismus und Diskriminierung<\/h3><p>Gesetz 1482 von 2011: Antidiskriminierung<\/p><p>Transfers &amp; Touren S.A.S. unterliegt diesem Gesetz, durch das es Verhalten oder Verhalten der Bel\u00e4stigung oder Diskriminierung ablehnt, das aufgrund von ethnischer Zugeh\u00f6rigkeit, Rasse, Religion, Nationalit\u00e4t, politischer oder weltanschaulicher Ideologie, Geschlecht oder sexueller Orientierung k\u00f6rperlichen und\/oder moralischen Schaden verursacht.<\/p><h3 style=\"text-align: center;\">Pr\u00e4vention von Tabak- und Alkoholkonsum<\/h3><p>Gesetz 1335 von 2009: Es werden Ma\u00dfnahmen in Bezug auf den Konsum von Zigaretten oder Tabak erlassen<\/p><p>Transfers &amp; Touren S.A.S. unterliegt diesem Gesetz, das gesundheitliche Sch\u00e4den bei Minderj\u00e4hrigen und der nicht rauchenden Bev\u00f6lkerung verhindert und \u00f6ffentliche Ma\u00dfnahmen zur Verhinderung des Tabakkonsums vorschreibt. Unsere R\u00e4umlichkeiten sind rauchfrei.<\/p><p>Unsere Gesetze gelten und erscheinen in den wichtigsten Suchmaschinen:<\/p><p><a href=\"https:\/\/transferstours.com\/\">Google\u00a0 internet\u00a0 Explorer Firefox<\/a><\/p><p>Alle Rechte vorbehalten<\/p>\t\t\t\t\t\t\t\t<\/div>\n\t\t\t\t<\/div>\n\t\t\t\t\t<\/div>\n\t\t<\/div>\n\t\t\t\t\t<\/div>\n\t\t<\/section>\n\t\t\t\t<\/div>\n\t\t","protected":false},"excerpt":{"rendered":"<p>Tourismusgesetze in Kolumbien Tourismusverpflichtungen und Gesetze zum Schutz der Integrit\u00e4t unseres Kolumbiens https:\/\/www.mincit.gov.co\/minturismo\/viceministerio gegen die sexuelle Ausbeutung Minderj\u00e4hriger Gesetz 679 von 2001: Gegen Ausbeutung, Pornografie und Sextourismus mit Minderj\u00e4hrigen Transfers &amp; Touren S.A.S. informiert, dass wir gem\u00e4\u00df den Bestimmungen des Artikels 16 des Gesetzes 679 von 2001, herausgegeben vom Kongress der Republik Kolumbien, mit dem [&hellip;]<\/p>\n","protected":false},"author":1,"featured_media":3786,"parent":0,"menu_order":0,"comment_status":"closed","ping_status":"closed","template":"elementor_header_footer","meta":{"footnotes":""},"class_list":["post-3784","page","type-page","status-publish","has-post-thumbnail","hentry"],"_links":{"self":[{"href":"https:\/\/transferstours.com\/de\/wp-json\/wp\/v2\/pages\/3784","targetHints":{"allow":["GET"]}}],"collection":[{"href":"https:\/\/transferstours.com\/de\/wp-json\/wp\/v2\/pages"}],"about":[{"href":"https:\/\/transferstours.com\/de\/wp-json\/wp\/v2\/types\/page"}],"author":[{"embeddable":true,"href":"https:\/\/transferstours.com\/de\/wp-json\/wp\/v2\/users\/1"}],"replies":[{"embeddable":true,"href":"https:\/\/transferstours.com\/de\/wp-json\/wp\/v2\/comments?post=3784"}],"version-history":[{"count":0,"href":"https:\/\/transferstours.com\/de\/wp-json\/wp\/v2\/pages\/3784\/revisions"}],"wp:featuredmedia":[{"embeddable":true,"href":"https:\/\/transferstours.com\/de\/wp-json\/wp\/v2\/media\/3786"}],"wp:attachment":[{"href":"https:\/\/transferstours.com\/de\/wp-json\/wp\/v2\/media?parent=3784"}],"curies":[{"name":"wp","href":"https:\/\/api.w.org\/{rel}","templated":true}]}}