{"id":24095,"date":"2021-12-28T10:45:09","date_gmt":"2021-12-28T10:45:09","guid":{"rendered":"https:\/\/transferstours.com\/destinos-en-colombia\/macizo-colombiano\/"},"modified":"2025-04-28T08:41:01","modified_gmt":"2025-04-28T08:41:01","slug":"colombian-massif-region","status":"publish","type":"page","link":"https:\/\/transferstours.com\/en\/destinations-in-colombia\/colombian-massif-region\/","title":{"rendered":"Region Colombian Massif"},"content":{"rendered":"\t\t<div data-elementor-type=\"wp-page\" data-elementor-id=\"24095\" class=\"elementor elementor-24095\" data-elementor-post-type=\"page\">\n\t\t\t\t\t\t<section class=\"elementor-section elementor-top-section elementor-element elementor-element-32ce26b elementor-section-boxed elementor-section-height-default elementor-section-height-default\" data-id=\"32ce26b\" data-element_type=\"section\" data-e-type=\"section\" data-settings=\"{&quot;background_background&quot;:&quot;classic&quot;}\">\n\t\t\t\t\t\t\t<div class=\"elementor-background-overlay\"><\/div>\n\t\t\t\t\t\t\t<div class=\"elementor-container elementor-column-gap-default\">\n\t\t\t\t\t<div class=\"elementor-column elementor-col-100 elementor-top-column elementor-element elementor-element-83222d8\" data-id=\"83222d8\" data-element_type=\"column\" data-e-type=\"column\">\n\t\t\t<div class=\"elementor-widget-wrap elementor-element-populated\">\n\t\t\t\t\t\t<section class=\"elementor-section elementor-inner-section elementor-element elementor-element-91c9d64 elementor-section-boxed elementor-section-height-default elementor-section-height-default\" data-id=\"91c9d64\" data-element_type=\"section\" data-e-type=\"section\">\n\t\t\t\t\t\t<div class=\"elementor-container elementor-column-gap-default\">\n\t\t\t\t\t<div class=\"elementor-column elementor-col-50 elementor-inner-column elementor-element elementor-element-b04e5b4\" data-id=\"b04e5b4\" data-element_type=\"column\" data-e-type=\"column\" data-settings=\"{&quot;background_background&quot;:&quot;classic&quot;}\">\n\t\t\t<div class=\"elementor-widget-wrap elementor-element-populated\">\n\t\t\t\t\t\t<div class=\"elementor-element elementor-element-07ed804 elementor-widget-divider--view-line elementor-widget elementor-widget-divider\" data-id=\"07ed804\" data-element_type=\"widget\" data-e-type=\"widget\" data-widget_type=\"divider.default\">\n\t\t\t\t<div class=\"elementor-widget-container\">\n\t\t\t\t\t\t\t<div class=\"elementor-divider\">\n\t\t\t<span class=\"elementor-divider-separator\">\n\t\t\t\t\t\t<\/span>\n\t\t<\/div>\n\t\t\t\t\t\t<\/div>\n\t\t\t\t<\/div>\n\t\t\t\t<div class=\"elementor-element elementor-element-d7dc72c elementor-widget elementor-widget-heading\" data-id=\"d7dc72c\" data-element_type=\"widget\" data-e-type=\"widget\" data-widget_type=\"heading.default\">\n\t\t\t\t<div class=\"elementor-widget-container\">\n\t\t\t\t\t<h1 class=\"elementor-heading-title elementor-size-default\">Colombian Massif region<\/h1>\t\t\t\t<\/div>\n\t\t\t\t<\/div>\n\t\t\t\t\t<\/div>\n\t\t<\/div>\n\t\t\t\t<div class=\"elementor-column elementor-col-50 elementor-inner-column elementor-element elementor-element-512d930 elementor-hidden-tablet elementor-hidden-phone\" data-id=\"512d930\" data-element_type=\"column\" data-e-type=\"column\">\n\t\t\t<div class=\"elementor-widget-wrap\">\n\t\t\t\t\t\t\t<\/div>\n\t\t<\/div>\n\t\t\t\t\t<\/div>\n\t\t<\/section>\n\t\t\t\t\t<\/div>\n\t\t<\/div>\n\t\t\t\t\t<\/div>\n\t\t<\/section>\n\t\t\t\t<section class=\"elementor-section elementor-top-section elementor-element elementor-element-ea58424 elementor-section-boxed elementor-section-height-default elementor-section-height-default\" data-id=\"ea58424\" data-element_type=\"section\" data-e-type=\"section\">\n\t\t\t\t\t\t<div class=\"elementor-container elementor-column-gap-default\">\n\t\t\t\t\t<div class=\"elementor-column elementor-col-100 elementor-top-column elementor-element elementor-element-8ba2dea\" data-id=\"8ba2dea\" data-element_type=\"column\" data-e-type=\"column\">\n\t\t\t<div class=\"elementor-widget-wrap elementor-element-populated\">\n\t\t\t\t\t\t<div class=\"elementor-element elementor-element-67f6a20 elementor-widget elementor-widget-heading\" data-id=\"67f6a20\" data-element_type=\"widget\" data-e-type=\"widget\" data-widget_type=\"heading.default\">\n\t\t\t\t<div class=\"elementor-widget-container\">\n\t\t\t\t\t<h2 class=\"elementor-heading-title elementor-size-xxl\">The best of the Colombian Massif region<\/h2>\t\t\t\t<\/div>\n\t\t\t\t<\/div>\n\t\t\t\t\t<\/div>\n\t\t<\/div>\n\t\t\t\t\t<\/div>\n\t\t<\/section>\n\t\t\t\t<section class=\"elementor-section elementor-top-section elementor-element elementor-element-b24c2b1 elementor-section-boxed elementor-section-height-default elementor-section-height-default\" data-id=\"b24c2b1\" data-element_type=\"section\" data-e-type=\"section\">\n\t\t\t\t\t\t<div class=\"elementor-container elementor-column-gap-default\">\n\t\t\t\t\t<div class=\"elementor-column elementor-col-50 elementor-top-column elementor-element elementor-element-46cd29d\" data-id=\"46cd29d\" data-element_type=\"column\" data-e-type=\"column\">\n\t\t\t<div class=\"elementor-widget-wrap elementor-element-populated\">\n\t\t\t\t\t\t<div class=\"elementor-element elementor-element-8377886 elementor-widget elementor-widget-heading\" data-id=\"8377886\" data-element_type=\"widget\" data-e-type=\"widget\" data-widget_type=\"heading.default\">\n\t\t\t\t<div class=\"elementor-widget-container\">\n\t\t\t\t\t<h3 class=\"elementor-heading-title elementor-size-xl\">Las lajas, la laguna de cocha and San Agust\u00edn: Three tourist destinations in the Colombian Massif region<\/h3>\t\t\t\t<\/div>\n\t\t\t\t<\/div>\n\t\t\t\t<div class=\"elementor-element elementor-element-367e35b elementor-widget elementor-widget-shortcode\" data-id=\"367e35b\" data-element_type=\"widget\" data-e-type=\"widget\" data-widget_type=\"shortcode.default\">\n\t\t\t\t<div class=\"elementor-widget-container\">\n\t\t\t\t\t\t\t<div class=\"elementor-shortcode\"><div class=\"map_wrapper\" id=\"map_wrapper_23071\">\n<div class=\"map_box\" style=\"max-width:2000px\">\n<div class=\"map_aspect_ratio\" style=\"padding-top:56%\" data-padding-top=\"56%\" data-padding-top-mobile=\"0%\">\n<div class=\"map_container\">\n<div class=\"map_render map_loading\" id=\"map_23071\"><\/div>\n<\/div>\n<\/div>\n<\/div>\n<\/div><\/div>\n\t\t\t\t\t\t<\/div>\n\t\t\t\t<\/div>\n\t\t\t\t<div class=\"elementor-element elementor-element-ad00535 elementor-widget elementor-widget-text-editor\" data-id=\"ad00535\" data-element_type=\"widget\" data-e-type=\"widget\" data-widget_type=\"text-editor.default\">\n\t\t\t\t<div class=\"elementor-widget-container\">\n\t\t\t\t\t\t\t\t\t1. <strong>Explore the San Agust\u00edn Archaeological Park<\/strong>\nThe San Agust\u00edn Archaeological Park is one of the most important and fascinating sites in Colombia. Here you can admire more than 500 stone statues carved by the ancient Augustinian civilisation. These sculptures, which represent human figures, animals and deities, offer an intriguing insight into the beliefs and culture of this mysterious people. In addition, the park is surrounded by breathtaking natural landscapes, making the visit even more memorable.\n\n2. Visit the Alto de los \u00cddolos and the Alto de las Piedras\nThese two archaeological sites close to San Agust\u00edn are equally impressive and perfectly complement a visit to the main park. The Alto de los \u00cddolos is home to some of the largest and best-preserved statues, while the Alto de las Piedras offers a spectacular view of the surrounding landscape. Both places allow you to delve deeper into the history and culture of the region while enjoying an incredible natural environment.\t\t\t\t\t\t\t\t<\/div>\n\t\t\t\t<\/div>\n\t\t\t\t<div class=\"elementor-element elementor-element-76ddb4c elementor-widget elementor-widget-image\" data-id=\"76ddb4c\" data-element_type=\"widget\" data-e-type=\"widget\" data-widget_type=\"image.default\">\n\t\t\t\t<div class=\"elementor-widget-container\">\n\t\t\t\t\t\t\t\t\t\t\t\t\t\t\t<img fetchpriority=\"high\" decoding=\"async\" width=\"580\" height=\"435\" src=\"https:\/\/transferstours.com\/wp-content\/uploads\/2024\/06\/amazonas-y-orinoquia-colombiana.webp\" class=\"attachment-large size-large wp-image-6214\" alt=\"amazonas-y-orinoquia-colombiana\" srcset=\"https:\/\/transferstours.com\/wp-content\/uploads\/2024\/06\/amazonas-y-orinoquia-colombiana.webp 640w, https:\/\/transferstours.com\/wp-content\/uploads\/2024\/06\/amazonas-y-orinoquia-colombiana-300x225.webp 300w\" sizes=\"(max-width: 580px) 100vw, 580px\" \/>\t\t\t\t\t\t\t\t\t\t\t\t\t\t\t<\/div>\n\t\t\t\t<\/div>\n\t\t\t\t<div class=\"elementor-element elementor-element-9437868 elementor-widget elementor-widget-text-editor\" data-id=\"9437868\" data-element_type=\"widget\" data-e-type=\"widget\" data-widget_type=\"text-editor.default\">\n\t\t\t\t<div class=\"elementor-widget-container\">\n\t\t\t\t\t\t\t\t\t<p>3. <b>The Sanctuary of Las Lajas<\/b><\/p><p>The Sanctuary of Las Lajas, located in the department of Nari\u00f1o, is an architectural marvel built in the canyon of the Gu\u00e1itara River. This impressive neo-Gothic sanctuary is known for its beauty and its dramatic location on a natural bridge. A visit to Las Lajas offers a spiritually and visually striking experience, with the opportunity to explore both the sanctuary and the surrounding landscapes.<\/p><p>4. <b>La Cocha Lagoon<\/b><\/p><p>La Cocha Lagoon, also in Nari\u00f1o, is one of the largest and most beautiful lagoons in Colombia. Surrounded by mountains and forests, this lagoon is ideal for boat trips, bird watching and enjoying the tranquillity of the natural environment. La Corota Island, located in the centre of the lagoon, is a nature reserve that can be visited and explored on foot, offering breathtaking panoramic views.<\/p>\t\t\t\t\t\t\t\t<\/div>\n\t\t\t\t<\/div>\n\t\t\t\t<div class=\"elementor-element elementor-element-70fc319 elementor-widget elementor-widget-image\" data-id=\"70fc319\" data-element_type=\"widget\" data-e-type=\"widget\" data-widget_type=\"image.default\">\n\t\t\t\t<div class=\"elementor-widget-container\">\n\t\t\t\t\t\t\t\t\t\t\t\t\t\t\t<img decoding=\"async\" width=\"300\" height=\"104\" src=\"https:\/\/transferstours.com\/wp-content\/uploads\/2024\/10\/LOGO-SF-TYT-300x104.png\" class=\"attachment-medium size-medium wp-image-7055\" alt=\"Logo Transfers &amp; Tours\" srcset=\"https:\/\/transferstours.com\/wp-content\/uploads\/2024\/10\/LOGO-SF-TYT-300x104.png 300w, https:\/\/transferstours.com\/wp-content\/uploads\/2024\/10\/LOGO-SF-TYT-768x266.png 768w, https:\/\/transferstours.com\/wp-content\/uploads\/2024\/10\/LOGO-SF-TYT.png 848w\" sizes=\"(max-width: 300px) 100vw, 300px\" \/>\t\t\t\t\t\t\t\t\t\t\t\t\t\t\t<\/div>\n\t\t\t\t<\/div>\n\t\t\t\t\t<\/div>\n\t\t<\/div>\n\t\t\t\t<div class=\"elementor-column elementor-col-50 elementor-top-column elementor-element elementor-element-20e709a\" data-id=\"20e709a\" data-element_type=\"column\" data-e-type=\"column\">\n\t\t\t<div class=\"elementor-widget-wrap elementor-element-populated\">\n\t\t\t\t\t\t<div class=\"elementor-element elementor-element-149d78a elementor-widget elementor-widget-video\" data-id=\"149d78a\" data-element_type=\"widget\" data-e-type=\"widget\" data-settings=\"{&quot;youtube_url&quot;:&quot;https:\\\/\\\/www.youtube.com\\\/watch?v=9KUqVeq0770&quot;,&quot;video_type&quot;:&quot;youtube&quot;,&quot;controls&quot;:&quot;yes&quot;}\" data-widget_type=\"video.default\">\n\t\t\t\t<div class=\"elementor-widget-container\">\n\t\t\t\t\t\t\t<div class=\"elementor-wrapper elementor-open-inline\">\n\t\t\t<div class=\"elementor-video\"><\/div>\t\t<\/div>\n\t\t\t\t\t\t<\/div>\n\t\t\t\t<\/div>\n\t\t\t\t<div class=\"elementor-element elementor-element-7191726 elementor-widget elementor-widget-text-editor\" data-id=\"7191726\" data-element_type=\"widget\" data-e-type=\"widget\" data-widget_type=\"text-editor.default\">\n\t\t\t\t<div class=\"elementor-widget-container\">\n\t\t\t\t\t\t\t\t\t<p><b>The Macizo Colombiano<\/b>, located in the departments of Cauca and Nari\u00f1o in the <a href=\"https:\/\/transferstours.com\/andes-colombianos\/\">Andes mountains<\/a>, is a natural treasure. In addition to being one of the largest water reservoirs, it is known as the water star of Colombia, as several important rivers flow from it to the Pacific, Caribbean and Amazonian watersheds.<\/p><h3>What to see in the Macizo Colombiano<\/h3><p>Nari\u00f1o, in particular, is a captivating mix of natural and cultural attractions that draw both local and international tourists. The department has a wide variety of natural places to explore, such as rivers, lagoons, nature reserves, canyons, volcanoes and moors. In addition, Nari\u00f1o also offers a great diversity of handicrafts, gastronomy and architecture that reflect the richness of its culture.<\/p><p>For sports and adventure enthusiasts, Nari\u00f1o is the ideal place to enjoy activities such as mountaineering, athletics, paragliding and the coffee route. If you like mountaineering, you can&#8217;t miss the opportunity to visit the Galeras volcano and experience the beauty of the route that begins at the sanctuary.<\/p><h3>Colombian spiritual massif<\/h3><p>Nari\u00f1o is also a place full of options for pilgrimage and meditation. If you are a lover of religious architecture, you will be able to appreciate unique buildings in places such as the Sanctuary of Nuestra Se\u00f1ora de Las Lajas, an impressive neo-Gothic church that is considered the second architectural wonder of <a href=\"https:\/\/transferstours.com\/destinos-en-colombia\/\">Colombia.<\/a> In addition, Nari\u00f1o has other interesting religious sites, such as the Sanctuary of the Virgen de la Playa, the parish church of Nuestra Se\u00f1ora de Las Mercedes, or the Basilica of Nuestra Se\u00f1ora del Rosario in the municipality of Sandon\u00e1.<\/p><h3>Nature in the Colombian Massif<\/h3><p>Finally, if you are looking for a moment of relaxation and peace, we recommend a visit to the Esp\u00edritu Santo waterfalls or the thermal springs of the same name, where you can find spiritual rest.<\/p><p>In addition to the natural and architectural wonders in the Colombian Massif, San Agust\u00edn in the department of Huila is also worth a mention. San Agust\u00edn is known for its archaeological heritage, particularly the stone statues carved by the ancient pre-Columbian civilisation that inhabited the region. These statues, some of which are more than 2,000 years old, can be seen in the Archaeological Park of San Agust\u00edn and in the Archaeological Museum of the city. In addition to the ruins, San Agust\u00edn offers beautiful waterfalls, natural wells and hiking trails. It is a popular <a href=\"https:\/\/transferstours.com\/destinos-en-colombia\/\">tourist destination<\/a> in Colombia and definitely worth a visit. Be sure to visit Nari\u00f1o and Huila to enjoy all that this wonderful place has to offer!<\/p>\t\t\t\t\t\t\t\t<\/div>\n\t\t\t\t<\/div>\n\t\t\t\t<div class=\"elementor-element elementor-element-d79d8cb elementor-align-center elementor-widget elementor-widget-button\" data-id=\"d79d8cb\" data-element_type=\"widget\" data-e-type=\"widget\" data-widget_type=\"button.default\">\n\t\t\t\t<div class=\"elementor-widget-container\">\n\t\t\t\t\t\t\t\t\t<div class=\"elementor-button-wrapper\">\n\t\t\t\t\t<a class=\"elementor-button elementor-button-link elementor-size-sm\" href=\"https:\/\/wa.me\/573146644303?text=!Hola!%20quiero%20mas%20informacion%20para%20viajar%20a%20Colombia.%20(Region%20macizo)\" target=\"_blank\" rel=\"noopener\">\n\t\t\t\t\t\t<span class=\"elementor-button-content-wrapper\">\n\t\t\t\t\t\t<span class=\"elementor-button-icon\">\n\t\t\t\t<i aria-hidden=\"true\" class=\"fab fa-whatsapp\"><\/i>\t\t\t<\/span>\n\t\t\t\t\t\t\t\t\t<span class=\"elementor-button-text\">organise your route with us<\/span>\n\t\t\t\t\t<\/span>\n\t\t\t\t\t<\/a>\n\t\t\t\t<\/div>\n\t\t\t\t\t\t\t\t<\/div>\n\t\t\t\t<\/div>\n\t\t\t\t\t<\/div>\n\t\t<\/div>\n\t\t\t\t\t<\/div>\n\t\t<\/section>\n\t\t\t\t<\/div>\n\t\t","protected":false},"excerpt":{"rendered":"<p>Colombian Massif region The best of the Colombian Massif region Las lajas, la laguna de cocha and San Agust\u00edn: Three tourist destinations in the Colombian Massif region 1. Explore the San Agust\u00edn Archaeological Park The San Agust\u00edn Archaeological Park is one of the most important and fascinating sites in Colombia. Here you can admire more [&hellip;]<\/p>\n","protected":false},"author":1,"featured_media":3977,"parent":24086,"menu_order":0,"comment_status":"closed","ping_status":"closed","template":"elementor_header_footer","meta":{"footnotes":""},"class_list":["post-24095","page","type-page","status-publish","has-post-thumbnail","hentry"],"_links":{"self":[{"href":"https:\/\/transferstours.com\/en\/wp-json\/wp\/v2\/pages\/24095","targetHints":{"allow":["GET"]}}],"collection":[{"href":"https:\/\/transferstours.com\/en\/wp-json\/wp\/v2\/pages"}],"about":[{"href":"https:\/\/transferstours.com\/en\/wp-json\/wp\/v2\/types\/page"}],"author":[{"embeddable":true,"href":"https:\/\/transferstours.com\/en\/wp-json\/wp\/v2\/users\/1"}],"replies":[{"embeddable":true,"href":"https:\/\/transferstours.com\/en\/wp-json\/wp\/v2\/comments?post=24095"}],"version-history":[{"count":0,"href":"https:\/\/transferstours.com\/en\/wp-json\/wp\/v2\/pages\/24095\/revisions"}],"up":[{"embeddable":true,"href":"https:\/\/transferstours.com\/en\/wp-json\/wp\/v2\/pages\/24086"}],"wp:featuredmedia":[{"embeddable":true,"href":"https:\/\/transferstours.com\/en\/wp-json\/wp\/v2\/media\/3977"}],"wp:attachment":[{"href":"https:\/\/transferstours.com\/en\/wp-json\/wp\/v2\/media?parent=24095"}],"curies":[{"name":"wp","href":"https:\/\/api.w.org\/{rel}","templated":true}]}}