{"id":3197,"date":"2020-10-03T23:38:34","date_gmt":"2020-10-03T23:38:34","guid":{"rendered":"https:\/\/transferstours.com\/traslados-aeropuertos-en-colombia\/"},"modified":"2024-12-13T09:07:24","modified_gmt":"2024-12-13T09:07:24","slug":"transferts-aeroport-en-colombie","status":"publish","type":"page","link":"https:\/\/transferstours.com\/fr\/transferts-aeroport-en-colombie\/","title":{"rendered":"Transferts A\u00e9roport En Colombie"},"content":{"rendered":"\t\t<div data-elementor-type=\"wp-page\" data-elementor-id=\"3197\" class=\"elementor elementor-3197\" data-elementor-post-type=\"page\">\n\t\t\t\t\t\t<section class=\"elementor-section elementor-top-section elementor-element elementor-element-d626312 elementor-section-boxed elementor-section-height-default elementor-section-height-default\" data-id=\"d626312\" data-element_type=\"section\" data-e-type=\"section\">\n\t\t\t\t\t\t<div class=\"elementor-container elementor-column-gap-default\">\n\t\t\t\t\t<div class=\"elementor-column elementor-col-100 elementor-top-column elementor-element elementor-element-0b44123\" data-id=\"0b44123\" data-element_type=\"column\" data-e-type=\"column\">\n\t\t\t<div class=\"elementor-widget-wrap elementor-element-populated\">\n\t\t\t\t\t\t<div class=\"elementor-element elementor-element-41abc53 elementor-widget elementor-widget-heading\" data-id=\"41abc53\" data-element_type=\"widget\" data-e-type=\"widget\" data-widget_type=\"heading.default\">\n\t\t\t\t<div class=\"elementor-widget-container\">\n\t\t\t\t\t<h1 class=\"elementor-heading-title elementor-size-xl\">transferts a\u00e9roport en colombie<\/h1>\t\t\t\t<\/div>\n\t\t\t\t<\/div>\n\t\t\t\t\t<\/div>\n\t\t<\/div>\n\t\t\t\t\t<\/div>\n\t\t<\/section>\n\t\t\t\t<section class=\"elementor-section elementor-top-section elementor-element elementor-element-8cd4378 elementor-section-boxed elementor-section-height-default elementor-section-height-default\" data-id=\"8cd4378\" data-element_type=\"section\" data-e-type=\"section\">\n\t\t\t\t\t\t<div class=\"elementor-container elementor-column-gap-default\">\n\t\t\t\t\t<div class=\"elementor-column elementor-col-50 elementor-top-column elementor-element elementor-element-3b5555e\" data-id=\"3b5555e\" data-element_type=\"column\" data-e-type=\"column\">\n\t\t\t<div class=\"elementor-widget-wrap elementor-element-populated\">\n\t\t\t\t\t\t<div class=\"elementor-element elementor-element-d95841d elementor-widget elementor-widget-text-editor\" data-id=\"d95841d\" data-element_type=\"widget\" data-e-type=\"widget\" data-widget_type=\"text-editor.default\">\n\t\t\t\t<div class=\"elementor-widget-container\">\n\t\t\t\t\t\t\t\t\t<p>Commencez votre voyage en Colombie avec notre service de transfert depuis les a\u00e9roports de Colombie vers votre site d&#8217;h\u00e9bergement avec la s\u00e9curit\u00e9 d&#8217;un v\u00e9hicule avec tous les protocoles de bios\u00e9curit\u00e9 et la gentillesse de nos chauffeurs qui seront attentifs \u00e0 votre arriv\u00e9e aux portes de l&#8217;a\u00e9roport et ils fourniront les informations n\u00e9cessaires pour que votre s\u00e9jour en Colombie soit s\u00fbr et unique.<\/p>\t\t\t\t\t\t\t\t<\/div>\n\t\t\t\t<\/div>\n\t\t\t\t\t<\/div>\n\t\t<\/div>\n\t\t\t\t<div class=\"elementor-column elementor-col-50 elementor-top-column elementor-element elementor-element-e505fca\" data-id=\"e505fca\" data-element_type=\"column\" data-e-type=\"column\">\n\t\t\t<div class=\"elementor-widget-wrap elementor-element-populated\">\n\t\t\t\t\t\t<div class=\"elementor-element elementor-element-21de2a0 elementor-widget elementor-widget-image\" data-id=\"21de2a0\" data-element_type=\"widget\" data-e-type=\"widget\" data-widget_type=\"image.default\">\n\t\t\t\t<div class=\"elementor-widget-container\">\n\t\t\t\t\t\t\t\t\t\t\t\t\t\t\t<img fetchpriority=\"high\" decoding=\"async\" width=\"300\" height=\"236\" src=\"https:\/\/transferstours.com\/wp-content\/uploads\/2020\/12\/sin-ttulo-2-1-1024x807-1-300x236.png\" class=\"attachment-medium size-medium wp-image-1319\" alt=\"traslados-aeropuertos-en-colombia\" srcset=\"https:\/\/transferstours.com\/wp-content\/uploads\/2020\/12\/sin-ttulo-2-1-1024x807-1-300x236.png 300w, https:\/\/transferstours.com\/wp-content\/uploads\/2020\/12\/sin-ttulo-2-1-1024x807-1-768x605.png 768w, https:\/\/transferstours.com\/wp-content\/uploads\/2020\/12\/sin-ttulo-2-1-1024x807-1-600x473.png 600w, https:\/\/transferstours.com\/wp-content\/uploads\/2020\/12\/sin-ttulo-2-1-1024x807-1.png 1024w\" sizes=\"(max-width: 300px) 100vw, 300px\" \/>\t\t\t\t\t\t\t\t\t\t\t\t\t\t\t<\/div>\n\t\t\t\t<\/div>\n\t\t\t\t\t<\/div>\n\t\t<\/div>\n\t\t\t\t\t<\/div>\n\t\t<\/section>\n\t\t\t\t<section class=\"elementor-section elementor-top-section elementor-element elementor-element-311a153 elementor-section-boxed elementor-section-height-default elementor-section-height-default\" data-id=\"311a153\" data-element_type=\"section\" data-e-type=\"section\">\n\t\t\t\t\t\t<div class=\"elementor-container elementor-column-gap-default\">\n\t\t\t\t\t<div class=\"elementor-column elementor-col-100 elementor-top-column elementor-element elementor-element-d9cc1f8\" data-id=\"d9cc1f8\" data-element_type=\"column\" data-e-type=\"column\">\n\t\t\t<div class=\"elementor-widget-wrap elementor-element-populated\">\n\t\t\t\t\t\t<div class=\"elementor-element elementor-element-45e1495 elementor-widget elementor-widget-html\" data-id=\"45e1495\" data-element_type=\"widget\" data-e-type=\"widget\" data-widget_type=\"html.default\">\n\t\t\t\t<div class=\"elementor-widget-container\">\n\t\t\t\t\t<script type=\"text\/javascript\" src=\"https:\/\/widgets.bokun.io\/assets\/javascripts\/apps\/build\/BokunWidgetsLoader.js?bookingChannelUUID=8923bcbd-8f4e-4237-9111-d79a717b2620\" async><\/script>\r\n     \r\n    <div class=\"bokunWidget\" data-src=\"https:\/\/widgets.bokun.io\/online-sales\/8923bcbd-8f4e-4237-9111-d79a717b2620\/product-list\/52562\"><\/div>\r\n    <noscript>Please enable javascript in your browser to book<\/noscript>\r\n\t\t\t\t<\/div>\n\t\t\t\t<\/div>\n\t\t\t\t\t<\/div>\n\t\t<\/div>\n\t\t\t\t\t<\/div>\n\t\t<\/section>\n\t\t\t\t<section class=\"elementor-section elementor-top-section elementor-element elementor-element-c03e378 elementor-section-boxed elementor-section-height-default elementor-section-height-default\" data-id=\"c03e378\" data-element_type=\"section\" data-e-type=\"section\">\n\t\t\t\t\t\t<div class=\"elementor-container elementor-column-gap-default\">\n\t\t\t\t\t<div class=\"elementor-column elementor-col-50 elementor-top-column elementor-element elementor-element-b072b9a\" data-id=\"b072b9a\" data-element_type=\"column\" data-e-type=\"column\">\n\t\t\t<div class=\"elementor-widget-wrap elementor-element-populated\">\n\t\t\t\t\t\t<div class=\"elementor-element elementor-element-21e1323 elementor-widget elementor-widget-html\" data-id=\"21e1323\" data-element_type=\"widget\" data-e-type=\"widget\" data-widget_type=\"html.default\">\n\t\t\t\t<div class=\"elementor-widget-container\">\n\t\t\t\t\t<div id=\"TA_cdswritereviewlgvi883\" class=\"TA_cdswritereviewlgvi\">\r\n<ul id=\"9ni2qf\" class=\"TA_links czDy6yp\">\r\n<li id=\"8vnMHyXpAN\" class=\"IaPZZUc\">\r\n<a target=\"_blank\" href=\"https:\/\/www.tripadvisor.com\/\" rel=\"noopener\"><img decoding=\"async\" src=\"https:\/\/static.tacdn.com\/img2\/brand_refresh\/Tripadvisor_lockup_horizontal_secondary_registered.svg\" alt=\"TripAdvisor\"\/><\/a>\r\n<\/li>\r\n<\/ul>\r\n<\/div>\r\n<script async src=\"https:\/\/www.jscache.com\/wejs?wtype=cdswritereviewlgvi&amp;uniq=883&amp;locationId=14085513&amp;lang=en_US&amp;lang=en_US&amp;display_version=2\" data-loadtrk onload=\"this.loadtrk=true\"><\/script>\r\n\t\t\t\t<\/div>\n\t\t\t\t<\/div>\n\t\t\t\t\t<\/div>\n\t\t<\/div>\n\t\t\t\t<div class=\"elementor-column elementor-col-50 elementor-top-column elementor-element elementor-element-8a25a1f\" data-id=\"8a25a1f\" data-element_type=\"column\" data-e-type=\"column\">\n\t\t\t<div class=\"elementor-widget-wrap\">\n\t\t\t\t\t\t\t<\/div>\n\t\t<\/div>\n\t\t\t\t\t<\/div>\n\t\t<\/section>\n\t\t\t\t<\/div>\n\t\t","protected":false},"excerpt":{"rendered":"<p>transferts a\u00e9roport en colombie Commencez votre voyage en Colombie avec notre service de transfert depuis les a\u00e9roports de Colombie vers votre site d&#8217;h\u00e9bergement avec la s\u00e9curit\u00e9 d&#8217;un v\u00e9hicule avec tous les protocoles de bios\u00e9curit\u00e9 et la gentillesse de nos chauffeurs qui seront attentifs \u00e0 votre arriv\u00e9e aux portes de l&#8217;a\u00e9roport et ils fourniront les informations [&hellip;]<\/p>\n","protected":false},"author":1,"featured_media":3083,"parent":0,"menu_order":0,"comment_status":"closed","ping_status":"closed","template":"elementor_header_footer","meta":{"footnotes":""},"class_list":["post-3197","page","type-page","status-publish","has-post-thumbnail","hentry"],"_links":{"self":[{"href":"https:\/\/transferstours.com\/fr\/wp-json\/wp\/v2\/pages\/3197","targetHints":{"allow":["GET"]}}],"collection":[{"href":"https:\/\/transferstours.com\/fr\/wp-json\/wp\/v2\/pages"}],"about":[{"href":"https:\/\/transferstours.com\/fr\/wp-json\/wp\/v2\/types\/page"}],"author":[{"embeddable":true,"href":"https:\/\/transferstours.com\/fr\/wp-json\/wp\/v2\/users\/1"}],"replies":[{"embeddable":true,"href":"https:\/\/transferstours.com\/fr\/wp-json\/wp\/v2\/comments?post=3197"}],"version-history":[{"count":0,"href":"https:\/\/transferstours.com\/fr\/wp-json\/wp\/v2\/pages\/3197\/revisions"}],"wp:featuredmedia":[{"embeddable":true,"href":"https:\/\/transferstours.com\/fr\/wp-json\/wp\/v2\/media\/3083"}],"wp:attachment":[{"href":"https:\/\/transferstours.com\/fr\/wp-json\/wp\/v2\/media?parent=3197"}],"curies":[{"name":"wp","href":"https:\/\/api.w.org\/{rel}","templated":true}]}}