{"id":3203,"date":"2021-12-24T12:46:41","date_gmt":"2021-12-24T12:46:41","guid":{"rendered":"https:\/\/transferstours.com\/andes-colombianos\/"},"modified":"2023-03-23T08:39:54","modified_gmt":"2023-03-23T08:39:54","slug":"le-meilleur-des-andes-colombiennes","status":"publish","type":"page","link":"https:\/\/transferstours.com\/fr\/destinations-en-colombie\/le-meilleur-des-andes-colombiennes\/","title":{"rendered":"Le Meilleur Des Andes Colombiennes"},"content":{"rendered":"\t\t<div data-elementor-type=\"wp-page\" data-elementor-id=\"3203\" class=\"elementor elementor-3203\" data-elementor-post-type=\"page\">\n\t\t\t\t\t\t<section class=\"elementor-section elementor-top-section elementor-element elementor-element-ea58424 elementor-section-boxed elementor-section-height-default elementor-section-height-default\" data-id=\"ea58424\" data-element_type=\"section\" data-e-type=\"section\">\n\t\t\t\t\t\t<div class=\"elementor-container elementor-column-gap-default\">\n\t\t\t\t\t<div class=\"elementor-column elementor-col-100 elementor-top-column elementor-element elementor-element-8ba2dea\" data-id=\"8ba2dea\" data-element_type=\"column\" data-e-type=\"column\">\n\t\t\t<div class=\"elementor-widget-wrap elementor-element-populated\">\n\t\t\t\t\t\t<div class=\"elementor-element elementor-element-67f6a20 elementor-widget elementor-widget-heading\" data-id=\"67f6a20\" data-element_type=\"widget\" data-e-type=\"widget\" data-widget_type=\"heading.default\">\n\t\t\t\t<div class=\"elementor-widget-container\">\n\t\t\t\t\t<h1 class=\"elementor-heading-title elementor-size-xxl\">Le meilleur des Andes colombiennes<\/h1>\t\t\t\t<\/div>\n\t\t\t\t<\/div>\n\t\t\t\t\t<\/div>\n\t\t<\/div>\n\t\t\t\t\t<\/div>\n\t\t<\/section>\n\t\t\t\t<section class=\"elementor-section elementor-top-section elementor-element elementor-element-b24c2b1 elementor-section-boxed elementor-section-height-default elementor-section-height-default\" data-id=\"b24c2b1\" data-element_type=\"section\" data-e-type=\"section\">\n\t\t\t\t\t\t<div class=\"elementor-container elementor-column-gap-default\">\n\t\t\t\t\t<div class=\"elementor-column elementor-col-50 elementor-top-column elementor-element elementor-element-46cd29d\" data-id=\"46cd29d\" data-element_type=\"column\" data-e-type=\"column\">\n\t\t\t<div class=\"elementor-widget-wrap elementor-element-populated\">\n\t\t\t\t\t\t<div class=\"elementor-element elementor-element-baad240 elementor-widget elementor-widget-video\" data-id=\"baad240\" data-element_type=\"widget\" data-e-type=\"widget\" data-settings=\"{&quot;youtube_url&quot;:&quot;https:\\\/\\\/www.youtube.com\\\/watch?v=riwClrpXyVI&quot;,&quot;video_type&quot;:&quot;youtube&quot;,&quot;controls&quot;:&quot;yes&quot;}\" data-widget_type=\"video.default\">\n\t\t\t\t<div class=\"elementor-widget-container\">\n\t\t\t\t\t\t\t<div class=\"elementor-wrapper elementor-open-inline\">\n\t\t\t<div class=\"elementor-video\"><\/div>\t\t<\/div>\n\t\t\t\t\t\t<\/div>\n\t\t\t\t<\/div>\n\t\t\t\t<div class=\"elementor-element elementor-element-628cdc0 elementor-widget elementor-widget-image\" data-id=\"628cdc0\" data-element_type=\"widget\" data-e-type=\"widget\" data-widget_type=\"image.default\">\n\t\t\t\t<div class=\"elementor-widget-container\">\n\t\t\t\t\t\t\t\t\t\t\t\t\t\t\t<img fetchpriority=\"high\" decoding=\"async\" width=\"580\" height=\"820\" src=\"https:\/\/transferstours.com\/wp-content\/uploads\/2021\/12\/Map-4-724x1024.png\" class=\"attachment-large size-large wp-image-2599\" alt=\"lo mejor de los andes colombianos\" srcset=\"https:\/\/transferstours.com\/wp-content\/uploads\/2021\/12\/Map-4-724x1024.png 724w, https:\/\/transferstours.com\/wp-content\/uploads\/2021\/12\/Map-4-212x300.png 212w, https:\/\/transferstours.com\/wp-content\/uploads\/2021\/12\/Map-4-768x1086.png 768w, https:\/\/transferstours.com\/wp-content\/uploads\/2021\/12\/Map-4-1086x1536.png 1086w, https:\/\/transferstours.com\/wp-content\/uploads\/2021\/12\/Map-4-1448x2048.png 1448w, https:\/\/transferstours.com\/wp-content\/uploads\/2021\/12\/Map-4-1200x1697.png 1200w, https:\/\/transferstours.com\/wp-content\/uploads\/2021\/12\/Map-4-1980x2800.png 1980w, https:\/\/transferstours.com\/wp-content\/uploads\/2021\/12\/Map-4-scaled.png 1920w\" sizes=\"(max-width: 580px) 100vw, 580px\" \/>\t\t\t\t\t\t\t\t\t\t\t\t\t\t\t<\/div>\n\t\t\t\t<\/div>\n\t\t\t\t\t<\/div>\n\t\t<\/div>\n\t\t\t\t<div class=\"elementor-column elementor-col-50 elementor-top-column elementor-element elementor-element-20e709a\" data-id=\"20e709a\" data-element_type=\"column\" data-e-type=\"column\">\n\t\t\t<div class=\"elementor-widget-wrap elementor-element-populated\">\n\t\t\t\t\t\t<div class=\"elementor-element elementor-element-a920d08 elementor-widget elementor-widget-heading\" data-id=\"a920d08\" data-element_type=\"widget\" data-e-type=\"widget\" data-widget_type=\"heading.default\">\n\t\t\t\t<div class=\"elementor-widget-container\">\n\t\t\t\t\t<h2 class=\"elementor-heading-title elementor-size-default\">culture et sports extr\u00eames le meilleur des andes colombiennes<\/h2>\t\t\t\t<\/div>\n\t\t\t\t<\/div>\n\t\t\t\t<div class=\"elementor-element elementor-element-7191726 elementor-widget elementor-widget-text-editor\" data-id=\"7191726\" data-element_type=\"widget\" data-e-type=\"widget\" data-widget_type=\"text-editor.default\">\n\t\t\t\t<div class=\"elementor-widget-container\">\n\t\t\t\t\t\t\t\t\t<p><span style=\"font-weight: 400;\">Les Andes colombiennes se distinguent par 2 des principales villes de Colombie (Bogot\u00e1, Medell\u00edn) et sa biodiversit\u00e9 est unique puisque la cordill\u00e8re des Andes lorsqu&#8217;elle atteint la Colombie est divis\u00e9e en trois formations diff\u00e9rentes la rendant riche en diff\u00e9rents \u00e9tages thermiques avec des volcans, des cascades de cristal eau claire, landes prot\u00e9g\u00e9es, rivi\u00e8res, villes patrimoniales et bien d&#8217;autres qualit\u00e9s que nous devons d\u00e9couvrir lors de ce voyage \u00e0 travers les traditions et la culture de ses habitants<\/span><\/p><p><b>Bogot\u00e1<\/b><span style=\"font-weight: 400;\"> la plus grande ville et capitale de la Colombie et bien s\u00fbr avec une grande vari\u00e9t\u00e9 de plans et d&#8217;\u00e9v\u00e9nements culturels tout au long de l&#8217;ann\u00e9e o\u00f9 l&#8217;offre h\u00f4teli\u00e8re, gastronomique et d&#8217;activit\u00e9s nous offre de nombreuses options \u00e0 choisir.<\/span><\/p><p><b>Medell\u00edn<\/b><span style=\"font-weight: 400;\"> Appel\u00e9e la ville du printemps \u00e9ternel pour son climat agr\u00e9able et ses paysages pittoresques, elle nous donne l&#8217;opportunit\u00e9 de vivre diff\u00e9rentes exp\u00e9riences. <\/span><\/p><p><b>Boyac\u00e1 <\/b><span style=\"font-weight: 400;\">\u00a0L&#8217;une des terres les plus productives de Colombie, o\u00f9 se concentre la plus grande zone agricole de notre pays, vous donne l&#8217;opportunit\u00e9 de voir de beaux paysages et des villes patrimoniales de la culture colombienne.<\/span><\/p><p><b>Eje Cafetero : (<\/b><b>Caldas, Risaralda, Quind\u00edo)\u00a0 <\/b><span style=\"font-weight: 400;\">Vous savez d\u00e9j\u00e0 que la Colombie est c\u00e9l\u00e8bre pour son caf\u00e9 et qu&#8217;il est plus d\u00e9licieux si vous \u00eates un amoureux de cette culture de conna\u00eetre le Triangle du Caf\u00e9 et ses beaux paysages o\u00f9 la vall\u00e9e de Cocora, le Salento, la ferme aux papillons, les plantations de caf\u00e9, la neige- parc couvert, ressorts chauds \u00e0 santa rosa de cabal et autres sites incroyables.<\/span><\/p><p><b>Santander<\/b><span style=\"font-weight: 400;\"> : riche en nature et en culture, vous trouverez ici un large \u00e9ventail d&#8217;activit\u00e9s d&#8217;aventure li\u00e9es \u00e0 la nature telles que (rafting, parapente, kayak) et les villes du patrimoine Barichara, Sangil, Socorro, Zapaca.<\/span><\/p><p><strong>Tolima et Huila<\/strong> ici vous trouverez diff\u00e9rents endroits \u00e0 explorer comme le d\u00e9sert de Tatacoa, traverser l&#8217;Espinal et essayer le c\u00e9l\u00e8bre cochon de lait ou continuer vers le sud et voir San Agust\u00edn et ses attractions arch\u00e9ologiques et naturelles telles que la source de la rivi\u00e8re Magdalena .<\/p>\t\t\t\t\t\t\t\t<\/div>\n\t\t\t\t<\/div>\n\t\t\t\t\t<\/div>\n\t\t<\/div>\n\t\t\t\t\t<\/div>\n\t\t<\/section>\n\t\t\t\t<\/div>\n\t\t","protected":false},"excerpt":{"rendered":"<p>Le meilleur des Andes colombiennes culture et sports extr\u00eames le meilleur des andes colombiennes Les Andes colombiennes se distinguent par 2 des principales villes de Colombie (Bogot\u00e1, Medell\u00edn) et sa biodiversit\u00e9 est unique puisque la cordill\u00e8re des Andes lorsqu&#8217;elle atteint la Colombie est divis\u00e9e en trois formations diff\u00e9rentes la rendant riche en diff\u00e9rents \u00e9tages thermiques [&hellip;]<\/p>\n","protected":false},"author":1,"featured_media":3459,"parent":3457,"menu_order":0,"comment_status":"closed","ping_status":"closed","template":"elementor_header_footer","meta":{"footnotes":""},"class_list":["post-3203","page","type-page","status-publish","has-post-thumbnail","hentry"],"_links":{"self":[{"href":"https:\/\/transferstours.com\/fr\/wp-json\/wp\/v2\/pages\/3203","targetHints":{"allow":["GET"]}}],"collection":[{"href":"https:\/\/transferstours.com\/fr\/wp-json\/wp\/v2\/pages"}],"about":[{"href":"https:\/\/transferstours.com\/fr\/wp-json\/wp\/v2\/types\/page"}],"author":[{"embeddable":true,"href":"https:\/\/transferstours.com\/fr\/wp-json\/wp\/v2\/users\/1"}],"replies":[{"embeddable":true,"href":"https:\/\/transferstours.com\/fr\/wp-json\/wp\/v2\/comments?post=3203"}],"version-history":[{"count":0,"href":"https:\/\/transferstours.com\/fr\/wp-json\/wp\/v2\/pages\/3203\/revisions"}],"up":[{"embeddable":true,"href":"https:\/\/transferstours.com\/fr\/wp-json\/wp\/v2\/pages\/3457"}],"wp:featuredmedia":[{"embeddable":true,"href":"https:\/\/transferstours.com\/fr\/wp-json\/wp\/v2\/media\/3459"}],"wp:attachment":[{"href":"https:\/\/transferstours.com\/fr\/wp-json\/wp\/v2\/media?parent=3203"}],"curies":[{"name":"wp","href":"https:\/\/api.w.org\/{rel}","templated":true}]}}