{"id":3211,"date":"2020-09-27T18:44:54","date_gmt":"2020-09-27T18:44:54","guid":{"rendered":"https:\/\/transferstours.com\/experiencias-en-bogota\/"},"modified":"2023-07-22T21:15:00","modified_gmt":"2023-07-22T21:15:00","slug":"experiences-a-bogota","status":"publish","type":"page","link":"https:\/\/transferstours.com\/fr\/experiences-a-bogota\/","title":{"rendered":"Exp\u00e9riences \u00c0 Bogota"},"content":{"rendered":"\t\t<div data-elementor-type=\"wp-page\" data-elementor-id=\"3211\" class=\"elementor elementor-3211\" data-elementor-post-type=\"page\">\n\t\t\t\t\t\t<section class=\"elementor-section elementor-top-section elementor-element elementor-element-b01379c elementor-section-boxed elementor-section-height-default elementor-section-height-default\" data-id=\"b01379c\" data-element_type=\"section\" data-e-type=\"section\">\n\t\t\t\t\t\t<div class=\"elementor-container elementor-column-gap-default\">\n\t\t\t\t\t<div class=\"elementor-column elementor-col-100 elementor-top-column elementor-element elementor-element-597f004\" data-id=\"597f004\" data-element_type=\"column\" data-e-type=\"column\">\n\t\t\t<div class=\"elementor-widget-wrap elementor-element-populated\">\n\t\t\t\t\t\t<div class=\"elementor-element elementor-element-043243b elementor-widget elementor-widget-heading\" data-id=\"043243b\" data-element_type=\"widget\" data-e-type=\"widget\" data-widget_type=\"heading.default\">\n\t\t\t\t<div class=\"elementor-widget-container\">\n\t\t\t\t\t<h1 class=\"elementor-heading-title elementor-size-xxl\">Exp\u00e9riences \u00e0 Bogota<\/h1>\t\t\t\t<\/div>\n\t\t\t\t<\/div>\n\t\t\t\t\t<\/div>\n\t\t<\/div>\n\t\t\t\t\t<\/div>\n\t\t<\/section>\n\t\t\t\t<section class=\"elementor-section elementor-top-section elementor-element elementor-element-3267891 elementor-section-boxed elementor-section-height-default elementor-section-height-default\" data-id=\"3267891\" data-element_type=\"section\" data-e-type=\"section\">\n\t\t\t\t\t\t<div class=\"elementor-container elementor-column-gap-default\">\n\t\t\t\t\t<div class=\"elementor-column elementor-col-50 elementor-top-column elementor-element elementor-element-bf9f34c\" data-id=\"bf9f34c\" data-element_type=\"column\" data-e-type=\"column\">\n\t\t\t<div class=\"elementor-widget-wrap elementor-element-populated\">\n\t\t\t\t\t\t<div class=\"elementor-element elementor-element-08af848 elementor-widget elementor-widget-heading\" data-id=\"08af848\" data-element_type=\"widget\" data-e-type=\"widget\" data-widget_type=\"heading.default\">\n\t\t\t\t<div class=\"elementor-widget-container\">\n\t\t\t\t\t<h2 class=\"elementor-heading-title elementor-size-default\">D\u00e9couvrez l'exp\u00e9riences  \u00e0 Bogota et ses alentours !<\/h2>\t\t\t\t<\/div>\n\t\t\t\t<\/div>\n\t\t\t\t<div class=\"elementor-element elementor-element-94f8d56 elementor-widget elementor-widget-text-editor\" data-id=\"94f8d56\" data-element_type=\"widget\" data-e-type=\"widget\" data-widget_type=\"text-editor.default\">\n\t\t\t\t<div class=\"elementor-widget-container\">\n\t\t\t\t\t\t\t\t\t<p>D\u00e9couvrez l&#8217;exp\u00e9rience ultime \u00e0 Bogota et ses alentours !<\/p><p>Vous r\u00eavez d&#8217;une aventure inoubliable, empreinte de d\u00e9couvertes et de sensations intenses ? Ne cherchez plus ! Notre <a href=\"https:\/\/colombia.travel\/fr\/autour-de-bogota-soacha-guatavita-et-la-calera\" target=\"_blank\" rel=\"noopener\"><span style=\"color: #3366ff;\">exp\u00e9rience \u00e0 Bogota<\/span> <\/a>et ses alentours est sp\u00e9cialement con\u00e7ue pour vous offrir des moments uniques, riches en \u00e9motions.<\/p><p>Explorez les merveilles cach\u00e9es de cette ville vibrante, plongez-vous dans son histoire fascinante et laissez-vous s\u00e9duire par sa culture color\u00e9e. Gr\u00e2ce \u00e0 nos guides locaux passionn\u00e9s, vous serez plong\u00e9 dans l&#8217;essence m\u00eame de Bogota, et chaque instant sera un voyage \u00e0 part enti\u00e8re.<\/p><p>D\u00e9couvrez les tr\u00e9sors architecturaux de la vieille ville, fl\u00e2nez dans ses ruelles pittoresques et laissez-vous charmer par l&#8217;atmosph\u00e8re boh\u00e8me qui y r\u00e8gne. En vous promenant dans les quartiers anim\u00e9s, vous serez \u00e9merveill\u00e9 par la diversit\u00e9 des arts de rue et la cr\u00e9ativit\u00e9 d\u00e9bordante des artistes locaux.<\/p><p>Partez \u00e0 la rencontre des communaut\u00e9s indig\u00e8nes, et apprenez de leur sagesse ancestrale. Vous participerez \u00e0 des \u00e9changes culturels uniques, et cela cr\u00e9era des liens que vous n&#8217;oublierez jamais.<\/p><p>Au-del\u00e0 de la ville, la nature environnante vous offre une v\u00e9ritable symphonie de paysages. Des montagnes majestueuses aux vall\u00e9es verdoyantes, en passant par des cascades rafra\u00eechissantes, vous serez \u00e9merveill\u00e9 par la beaut\u00e9 brute de la <a href=\"https:\/\/transferstours.com\/fr\/que-faire-a-bogota\/\" target=\"_blank\" rel=\"noopener\"><span style=\"color: #3366ff;\">nature colombienne.<\/span><\/a><\/p>\t\t\t\t\t\t\t\t<\/div>\n\t\t\t\t<\/div>\n\t\t\t\t\t<\/div>\n\t\t<\/div>\n\t\t\t\t<div class=\"elementor-column elementor-col-50 elementor-top-column elementor-element elementor-element-85de001\" data-id=\"85de001\" data-element_type=\"column\" data-e-type=\"column\">\n\t\t\t<div class=\"elementor-widget-wrap elementor-element-populated\">\n\t\t\t\t\t\t<div class=\"elementor-element elementor-element-06d5272 elementor-widget elementor-widget-image\" data-id=\"06d5272\" data-element_type=\"widget\" data-e-type=\"widget\" data-widget_type=\"image.default\">\n\t\t\t\t<div class=\"elementor-widget-container\">\n\t\t\t\t\t\t\t\t\t\t\t\t\t\t\t<img fetchpriority=\"high\" decoding=\"async\" width=\"580\" height=\"435\" src=\"https:\/\/transferstours.com\/wp-content\/uploads\/2022\/03\/Diseno-sin-titulo-22-1024x768.png\" class=\"attachment-large size-large wp-image-3088\" alt=\"experiences-a-bogota\" srcset=\"https:\/\/transferstours.com\/wp-content\/uploads\/2022\/03\/Diseno-sin-titulo-22-1024x768.png 1024w, https:\/\/transferstours.com\/wp-content\/uploads\/2022\/03\/Diseno-sin-titulo-22-300x225.png 300w, https:\/\/transferstours.com\/wp-content\/uploads\/2022\/03\/Diseno-sin-titulo-22-768x576.png 768w, https:\/\/transferstours.com\/wp-content\/uploads\/2022\/03\/Diseno-sin-titulo-22.png 1200w\" sizes=\"(max-width: 580px) 100vw, 580px\" \/>\t\t\t\t\t\t\t\t\t\t\t\t\t\t\t<\/div>\n\t\t\t\t<\/div>\n\t\t\t\t<div class=\"elementor-element elementor-element-d8d2a42 elementor-widget elementor-widget-text-editor\" data-id=\"d8d2a42\" data-element_type=\"widget\" data-e-type=\"widget\" data-widget_type=\"text-editor.default\">\n\t\t\t\t<div class=\"elementor-widget-container\">\n\t\t\t\t\t\t\t\t\t<p>Pour les amateurs de sensations fortes, nous vous r\u00e9servons des exp\u00e9riences uniques : parapente au-dessus <a href=\"https:\/\/transferstours.com\/fr\/le-meilleur-des-andes-colombiennes\/\" target=\"_blank\" rel=\"noopener\"><span style=\"color: #3366ff;\">des Andes<\/span><\/a>, randonn\u00e9e \u00e0 couper le souffle et bien plus encore. Laissez l&#8217;adr\u00e9naline vous envahir tout en vous sentant en s\u00e9curit\u00e9 entre les mains de nos guides exp\u00e9riment\u00e9s.<\/p><p>Alors, pr\u00eat \u00e0 vivre une aventure extraordinaire ? Ne laissez pas cette occasion unique passer ! Rejoignez-nous d\u00e8s maintenant pour une exp\u00e9rience inoubliable \u00e0 Bogota et ses alentours.<\/p><p>R\u00e9servez d\u00e8s maintenant et cr\u00e9ez des souvenirs qui resteront grav\u00e9s dans votre c\u0153ur pour toujours !<\/p><p>_Osez l&#8217;aventure ! R\u00e9servez d\u00e8s aujourd&#8217;hui !_<\/p>\t\t\t\t\t\t\t\t<\/div>\n\t\t\t\t<\/div>\n\t\t\t\t<div class=\"elementor-element elementor-element-02a3afd elementor-align-center elementor-widget elementor-widget-button\" data-id=\"02a3afd\" data-element_type=\"widget\" data-e-type=\"widget\" data-widget_type=\"button.default\">\n\t\t\t\t<div class=\"elementor-widget-container\">\n\t\t\t\t\t\t\t\t\t<div class=\"elementor-button-wrapper\">\n\t\t\t\t\t<a class=\"elementor-button elementor-button-link elementor-size-sm\" href=\"https:\/\/wa.link\/leldif\" target=\"_blank\" rel=\"noopener\">\n\t\t\t\t\t\t<span class=\"elementor-button-content-wrapper\">\n\t\t\t\t\t\t<span class=\"elementor-button-icon\">\n\t\t\t\t<i aria-hidden=\"true\" class=\"fab fa-whatsapp\"><\/i>\t\t\t<\/span>\n\t\t\t\t\t\t\t\t\t<span class=\"elementor-button-text\">Demandez-nous maintenant<\/span>\n\t\t\t\t\t<\/span>\n\t\t\t\t\t<\/a>\n\t\t\t\t<\/div>\n\t\t\t\t\t\t\t\t<\/div>\n\t\t\t\t<\/div>\n\t\t\t\t\t<\/div>\n\t\t<\/div>\n\t\t\t\t\t<\/div>\n\t\t<\/section>\n\t\t\t\t<\/div>\n\t\t","protected":false},"excerpt":{"rendered":"<p>Exp\u00e9riences \u00e0 Bogota D\u00e9couvrez l&#8217;exp\u00e9riences \u00e0 Bogota et ses alentours ! D\u00e9couvrez l&#8217;exp\u00e9rience ultime \u00e0 Bogota et ses alentours ! Vous r\u00eavez d&#8217;une aventure inoubliable, empreinte de d\u00e9couvertes et de sensations intenses ? Ne cherchez plus ! Notre exp\u00e9rience \u00e0 Bogota et ses alentours est sp\u00e9cialement con\u00e7ue pour vous offrir des moments uniques, riches en [&hellip;]<\/p>\n","protected":false},"author":1,"featured_media":3212,"parent":0,"menu_order":0,"comment_status":"closed","ping_status":"closed","template":"elementor_header_footer","meta":{"footnotes":""},"class_list":["post-3211","page","type-page","status-publish","has-post-thumbnail","hentry"],"_links":{"self":[{"href":"https:\/\/transferstours.com\/fr\/wp-json\/wp\/v2\/pages\/3211","targetHints":{"allow":["GET"]}}],"collection":[{"href":"https:\/\/transferstours.com\/fr\/wp-json\/wp\/v2\/pages"}],"about":[{"href":"https:\/\/transferstours.com\/fr\/wp-json\/wp\/v2\/types\/page"}],"author":[{"embeddable":true,"href":"https:\/\/transferstours.com\/fr\/wp-json\/wp\/v2\/users\/1"}],"replies":[{"embeddable":true,"href":"https:\/\/transferstours.com\/fr\/wp-json\/wp\/v2\/comments?post=3211"}],"version-history":[{"count":0,"href":"https:\/\/transferstours.com\/fr\/wp-json\/wp\/v2\/pages\/3211\/revisions"}],"wp:featuredmedia":[{"embeddable":true,"href":"https:\/\/transferstours.com\/fr\/wp-json\/wp\/v2\/media\/3212"}],"wp:attachment":[{"href":"https:\/\/transferstours.com\/fr\/wp-json\/wp\/v2\/media?parent=3211"}],"curies":[{"name":"wp","href":"https:\/\/api.w.org\/{rel}","templated":true}]}}