{"id":3216,"date":"2020-09-27T19:18:03","date_gmt":"2020-09-27T19:18:03","guid":{"rendered":"https:\/\/transferstours.com\/experiencias-en-medellin\/"},"modified":"2023-12-04T14:00:57","modified_gmt":"2023-12-04T14:00:57","slug":"experiences-a-medellin","status":"publish","type":"page","link":"https:\/\/transferstours.com\/fr\/experiences-a-medellin\/","title":{"rendered":"exp\u00e9riences \u00e0 medellin pour les \u00e9trangers"},"content":{"rendered":"\t\t<div data-elementor-type=\"wp-page\" data-elementor-id=\"3216\" class=\"elementor elementor-3216\" data-elementor-post-type=\"page\">\n\t\t\t\t\t\t<section class=\"elementor-section elementor-top-section elementor-element elementor-element-efebee8 elementor-section-boxed elementor-section-height-default elementor-section-height-default\" data-id=\"efebee8\" data-element_type=\"section\" data-e-type=\"section\">\n\t\t\t\t\t\t<div class=\"elementor-container elementor-column-gap-default\">\n\t\t\t\t\t<div class=\"elementor-column elementor-col-100 elementor-top-column elementor-element elementor-element-77cc6fd\" data-id=\"77cc6fd\" data-element_type=\"column\" data-e-type=\"column\">\n\t\t\t<div class=\"elementor-widget-wrap elementor-element-populated\">\n\t\t\t\t\t\t<div class=\"elementor-element elementor-element-d92ca48 elementor-widget elementor-widget-heading\" data-id=\"d92ca48\" data-element_type=\"widget\" data-e-type=\"widget\" data-widget_type=\"heading.default\">\n\t\t\t\t<div class=\"elementor-widget-container\">\n\t\t\t\t\t<h1 class=\"elementor-heading-title elementor-size-xxl\">exp\u00e9riences \u00e0 medellin<\/h1>\t\t\t\t<\/div>\n\t\t\t\t<\/div>\n\t\t\t\t\t<\/div>\n\t\t<\/div>\n\t\t\t\t\t<\/div>\n\t\t<\/section>\n\t\t\t\t<section class=\"elementor-section elementor-top-section elementor-element elementor-element-fbacb51 elementor-section-boxed elementor-section-height-default elementor-section-height-default\" data-id=\"fbacb51\" data-element_type=\"section\" data-e-type=\"section\">\n\t\t\t\t\t\t<div class=\"elementor-container elementor-column-gap-default\">\n\t\t\t\t\t<div class=\"elementor-column elementor-col-50 elementor-top-column elementor-element elementor-element-74711aa\" data-id=\"74711aa\" data-element_type=\"column\" data-e-type=\"column\">\n\t\t\t<div class=\"elementor-widget-wrap elementor-element-populated\">\n\t\t\t\t\t\t<div class=\"elementor-element elementor-element-9426707 elementor-widget elementor-widget-text-editor\" data-id=\"9426707\" data-element_type=\"widget\" data-e-type=\"widget\" data-widget_type=\"text-editor.default\">\n\t\t\t\t<div class=\"elementor-widget-container\">\n\t\t\t\t\t\t\t\t\t<h3>Ville de l&#8217;\u00e9ternel printemps<\/h3><p>Bienvenue \u00e0 Medellin ici, vous trouverez les meilleures options pour conna\u00eetre les plans et vos meilleures exp\u00e9riences \u00e0 Medellin accompagn\u00e9s d&#8217;experts locaux, nous vous proposons des exp\u00e9riences culturelles, de bien-\u00eatre et de nature afin que vous puissiez profiter de toutes les activit\u00e9s et plans \u00e0 Medellin en visitant les endroits les plus attrayants et leurs environs tels que Pueblito Paisa, la place Botero, le parc Arvi, le parc Barefoot, les fermes de caf\u00e9, le jardin d&#8217;Antioquia et bien plus encore&#8230; avec tous les plans que vous attendiez<\/p>\t\t\t\t\t\t\t\t<\/div>\n\t\t\t\t<\/div>\n\t\t\t\t\t<\/div>\n\t\t<\/div>\n\t\t\t\t<div class=\"elementor-column elementor-col-50 elementor-top-column elementor-element elementor-element-d9fc844\" data-id=\"d9fc844\" data-element_type=\"column\" data-e-type=\"column\">\n\t\t\t<div class=\"elementor-widget-wrap elementor-element-populated\">\n\t\t\t\t\t\t<div class=\"elementor-element elementor-element-f5fc614 elementor-widget elementor-widget-image\" data-id=\"f5fc614\" data-element_type=\"widget\" data-e-type=\"widget\" data-widget_type=\"image.default\">\n\t\t\t\t<div class=\"elementor-widget-container\">\n\t\t\t\t\t\t\t\t\t\t\t\t\t\t\t<img fetchpriority=\"high\" decoding=\"async\" width=\"580\" height=\"387\" src=\"https:\/\/transferstours.com\/wp-content\/uploads\/2021\/01\/medellin-1024x683.jpg\" class=\"attachment-large size-large wp-image-1652\" alt=\"experiencias-en-medellin\" srcset=\"https:\/\/transferstours.com\/wp-content\/uploads\/2021\/01\/medellin-1024x683.jpg 1024w, https:\/\/transferstours.com\/wp-content\/uploads\/2021\/01\/medellin-300x200.jpg 300w, https:\/\/transferstours.com\/wp-content\/uploads\/2021\/01\/medellin-768x512.jpg 768w, https:\/\/transferstours.com\/wp-content\/uploads\/2021\/01\/medellin-1536x1024.jpg 1536w, https:\/\/transferstours.com\/wp-content\/uploads\/2021\/01\/medellin-2048x1365.jpg 2048w, https:\/\/transferstours.com\/wp-content\/uploads\/2021\/01\/medellin-1200x800.jpg 1200w, https:\/\/transferstours.com\/wp-content\/uploads\/2021\/01\/medellin-1980x1320.jpg 1980w, https:\/\/transferstours.com\/wp-content\/uploads\/2021\/01\/medellin-600x400.jpg 600w, https:\/\/transferstours.com\/wp-content\/uploads\/2021\/01\/medellin.jpg 1600w\" sizes=\"(max-width: 580px) 100vw, 580px\" \/>\t\t\t\t\t\t\t\t\t\t\t\t\t\t\t<\/div>\n\t\t\t\t<\/div>\n\t\t\t\t\t<\/div>\n\t\t<\/div>\n\t\t\t\t\t<\/div>\n\t\t<\/section>\n\t\t\t\t<section class=\"elementor-section elementor-top-section elementor-element elementor-element-086ff08 elementor-section-boxed elementor-section-height-default elementor-section-height-default\" data-id=\"086ff08\" data-element_type=\"section\" data-e-type=\"section\">\n\t\t\t\t\t\t<div class=\"elementor-container elementor-column-gap-default\">\n\t\t\t\t\t<div class=\"elementor-column elementor-col-100 elementor-top-column elementor-element elementor-element-a8f3d63\" data-id=\"a8f3d63\" data-element_type=\"column\" data-e-type=\"column\">\n\t\t\t<div class=\"elementor-widget-wrap elementor-element-populated\">\n\t\t\t\t\t\t<div class=\"elementor-element elementor-element-df0a4e8 elementor-widget elementor-widget-html\" data-id=\"df0a4e8\" data-element_type=\"widget\" data-e-type=\"widget\" data-widget_type=\"html.default\">\n\t\t\t\t<div class=\"elementor-widget-container\">\n\t\t\t\t\t<script type=\"text\/javascript\" src=\"https:\/\/widgets.bokun.io\/assets\/javascripts\/apps\/build\/BokunWidgetsLoader.js?bookingChannelUUID=8923bcbd-8f4e-4237-9111-d79a717b2620\" async><\/script>\n<div class=\"bokunWidget\" data-src=\"https:\/\/widgets.bokun.io\/online-sales\/8923bcbd-8f4e-4237-9111-d79a717b2620\/product-list\/32978\"><\/div> <noscript>Por favor, habilite\njavascript en su navegador para reservar<\/noscript>\t\t\t\t<\/div>\n\t\t\t\t<\/div>\n\t\t\t\t\t<\/div>\n\t\t<\/div>\n\t\t\t\t\t<\/div>\n\t\t<\/section>\n\t\t\t\t<\/div>\n\t\t","protected":false},"excerpt":{"rendered":"<p>exp\u00e9riences \u00e0 medellin Ville de l&#8217;\u00e9ternel printemps Bienvenue \u00e0 Medellin ici, vous trouverez les meilleures options pour conna\u00eetre les plans et vos meilleures exp\u00e9riences \u00e0 Medellin accompagn\u00e9s d&#8217;experts locaux, nous vous proposons des exp\u00e9riences culturelles, de bien-\u00eatre et de nature afin que vous puissiez profiter de toutes les activit\u00e9s et plans \u00e0 Medellin en visitant [&hellip;]<\/p>\n","protected":false},"author":1,"featured_media":16071,"parent":0,"menu_order":0,"comment_status":"closed","ping_status":"closed","template":"elementor_header_footer","meta":{"footnotes":""},"class_list":["post-3216","page","type-page","status-publish","has-post-thumbnail","hentry"],"_links":{"self":[{"href":"https:\/\/transferstours.com\/fr\/wp-json\/wp\/v2\/pages\/3216","targetHints":{"allow":["GET"]}}],"collection":[{"href":"https:\/\/transferstours.com\/fr\/wp-json\/wp\/v2\/pages"}],"about":[{"href":"https:\/\/transferstours.com\/fr\/wp-json\/wp\/v2\/types\/page"}],"author":[{"embeddable":true,"href":"https:\/\/transferstours.com\/fr\/wp-json\/wp\/v2\/users\/1"}],"replies":[{"embeddable":true,"href":"https:\/\/transferstours.com\/fr\/wp-json\/wp\/v2\/comments?post=3216"}],"version-history":[{"count":0,"href":"https:\/\/transferstours.com\/fr\/wp-json\/wp\/v2\/pages\/3216\/revisions"}],"wp:featuredmedia":[{"embeddable":true,"href":"https:\/\/transferstours.com\/fr\/wp-json\/wp\/v2\/media\/16071"}],"wp:attachment":[{"href":"https:\/\/transferstours.com\/fr\/wp-json\/wp\/v2\/media?parent=3216"}],"curies":[{"name":"wp","href":"https:\/\/api.w.org\/{rel}","templated":true}]}}