{"id":3222,"date":"2020-09-27T23:21:44","date_gmt":"2020-09-27T23:21:44","guid":{"rendered":"https:\/\/transferstours.com\/experiencias-en-boyaca\/"},"modified":"2022-07-25T22:15:19","modified_gmt":"2022-07-25T22:15:19","slug":"experiences-a-boyaca","status":"publish","type":"page","link":"https:\/\/transferstours.com\/fr\/experiences-a-boyaca\/","title":{"rendered":"Exp\u00e9riences \u00c0 Boyaca"},"content":{"rendered":"\t\t<div data-elementor-type=\"wp-page\" data-elementor-id=\"3222\" class=\"elementor elementor-3222\" data-elementor-post-type=\"page\">\n\t\t\t\t\t\t<section class=\"elementor-section elementor-top-section elementor-element elementor-element-edd1876 elementor-section-boxed elementor-section-height-default elementor-section-height-default\" data-id=\"edd1876\" data-element_type=\"section\" data-e-type=\"section\">\n\t\t\t\t\t\t<div class=\"elementor-container elementor-column-gap-default\">\n\t\t\t\t\t<div class=\"elementor-column elementor-col-100 elementor-top-column elementor-element elementor-element-8ece1fb\" data-id=\"8ece1fb\" data-element_type=\"column\" data-e-type=\"column\">\n\t\t\t<div class=\"elementor-widget-wrap elementor-element-populated\">\n\t\t\t\t\t\t<div class=\"elementor-element elementor-element-a1324d8 elementor-widget elementor-widget-heading\" data-id=\"a1324d8\" data-element_type=\"widget\" data-e-type=\"widget\" data-widget_type=\"heading.default\">\n\t\t\t\t<div class=\"elementor-widget-container\">\n\t\t\t\t\t<h1 class=\"elementor-heading-title elementor-size-xxl\">exp\u00e9riences \u00e0 boyaca<\/h1>\t\t\t\t<\/div>\n\t\t\t\t<\/div>\n\t\t\t\t\t<\/div>\n\t\t<\/div>\n\t\t\t\t\t<\/div>\n\t\t<\/section>\n\t\t\t\t<section class=\"elementor-section elementor-top-section elementor-element elementor-element-dd5a39e elementor-section-boxed elementor-section-height-default elementor-section-height-default\" data-id=\"dd5a39e\" data-element_type=\"section\" data-e-type=\"section\">\n\t\t\t\t\t\t<div class=\"elementor-container elementor-column-gap-default\">\n\t\t\t\t\t<div class=\"elementor-column elementor-col-50 elementor-top-column elementor-element elementor-element-e523cd3\" data-id=\"e523cd3\" data-element_type=\"column\" data-e-type=\"column\">\n\t\t\t<div class=\"elementor-widget-wrap elementor-element-populated\">\n\t\t\t\t\t\t<div class=\"elementor-element elementor-element-32a03d6 elementor-widget elementor-widget-text-editor\" data-id=\"32a03d6\" data-element_type=\"widget\" data-e-type=\"widget\" data-widget_type=\"text-editor.default\">\n\t\t\t\t<div class=\"elementor-widget-container\">\n\t\t\t\t\t\t\t\t\t<p>Bienvenue \u00e0 Boyac\u00e1 ici, vous trouverez les meilleures options pour conna\u00eetre les plans et les meilleures exp\u00e9riences \u00e0 Boyac\u00e1 accompagn\u00e9s d&#8217;experts locaux, nous vous proposons des exp\u00e9riences culturelles, de bien-\u00eatre et de nature afin que vous puissiez profiter de toutes les activit\u00e9s et plans \u00e0 Boyaca en visitant les endroits les plus attrayants de son des environs tels que le couvent de Santo Ecceomo, la maison en terre cuite, le vignoble Karim, le mus\u00e9e El Fosil, la Villa de Leyva et bien plus encore&#8230; avec tous les plans que vous attendiez<\/p>\t\t\t\t\t\t\t\t<\/div>\n\t\t\t\t<\/div>\n\t\t\t\t\t<\/div>\n\t\t<\/div>\n\t\t\t\t<div class=\"elementor-column elementor-col-50 elementor-top-column elementor-element elementor-element-62e21eb\" data-id=\"62e21eb\" data-element_type=\"column\" data-e-type=\"column\">\n\t\t\t<div class=\"elementor-widget-wrap elementor-element-populated\">\n\t\t\t\t\t\t<div class=\"elementor-element elementor-element-8dcb6bb elementor-widget elementor-widget-image\" data-id=\"8dcb6bb\" data-element_type=\"widget\" data-e-type=\"widget\" data-widget_type=\"image.default\">\n\t\t\t\t<div class=\"elementor-widget-container\">\n\t\t\t\t\t\t\t\t\t\t\t\t\t\t\t<img fetchpriority=\"high\" decoding=\"async\" width=\"580\" height=\"435\" src=\"https:\/\/transferstours.com\/wp-content\/uploads\/2021\/01\/plazadevilladeyvanoche-1024x768.jpg\" class=\"attachment-large size-large wp-image-1538\" alt=\"experiencias-en-boyaca\" srcset=\"https:\/\/transferstours.com\/wp-content\/uploads\/2021\/01\/plazadevilladeyvanoche-1024x768.jpg 1024w, https:\/\/transferstours.com\/wp-content\/uploads\/2021\/01\/plazadevilladeyvanoche-300x225.jpg 300w, https:\/\/transferstours.com\/wp-content\/uploads\/2021\/01\/plazadevilladeyvanoche-768x576.jpg 768w, https:\/\/transferstours.com\/wp-content\/uploads\/2021\/01\/plazadevilladeyvanoche-1536x1152.jpg 1536w, https:\/\/transferstours.com\/wp-content\/uploads\/2021\/01\/plazadevilladeyvanoche-2048x1536.jpg 2048w, https:\/\/transferstours.com\/wp-content\/uploads\/2021\/01\/plazadevilladeyvanoche-1200x900.jpg 1200w, https:\/\/transferstours.com\/wp-content\/uploads\/2021\/01\/plazadevilladeyvanoche-1980x1485.jpg 1980w, https:\/\/transferstours.com\/wp-content\/uploads\/2021\/01\/plazadevilladeyvanoche-600x450.jpg 600w, https:\/\/transferstours.com\/wp-content\/uploads\/2021\/01\/plazadevilladeyvanoche.jpg 1600w\" sizes=\"(max-width: 580px) 100vw, 580px\" \/>\t\t\t\t\t\t\t\t\t\t\t\t\t\t\t<\/div>\n\t\t\t\t<\/div>\n\t\t\t\t\t<\/div>\n\t\t<\/div>\n\t\t\t\t\t<\/div>\n\t\t<\/section>\n\t\t\t\t<section class=\"elementor-section elementor-top-section elementor-element elementor-element-b3cbe90 elementor-section-boxed elementor-section-height-default elementor-section-height-default\" data-id=\"b3cbe90\" data-element_type=\"section\" data-e-type=\"section\">\n\t\t\t\t\t\t<div class=\"elementor-container elementor-column-gap-default\">\n\t\t\t\t\t<div class=\"elementor-column elementor-col-100 elementor-top-column elementor-element elementor-element-6b8d36b\" data-id=\"6b8d36b\" data-element_type=\"column\" data-e-type=\"column\">\n\t\t\t<div class=\"elementor-widget-wrap elementor-element-populated\">\n\t\t\t\t\t\t<div class=\"elementor-element elementor-element-3aeee21 elementor-widget elementor-widget-html\" data-id=\"3aeee21\" data-element_type=\"widget\" data-e-type=\"widget\" data-widget_type=\"html.default\">\n\t\t\t\t<div class=\"elementor-widget-container\">\n\t\t\t\t\t<script type=\"text\/javascript\" src=\"https:\/\/widgets.bokun.io\/assets\/javascripts\/apps\/build\/BokunWidgetsLoader.js?bookingChannelUUID=8923bcbd-8f4e-4237-9111-d79a717b2620\" async><\/script>\n<div class=\"bokunWidget\" data-src=\"https:\/\/widgets.bokun.io\/online-sales\/8923bcbd-8f4e-4237-9111-d79a717b2620\/product-list\/32980\"><\/div> <noscript>Por favor, habilite\njavascript en su navegador para reservar<\/noscript>\t\t\t\t<\/div>\n\t\t\t\t<\/div>\n\t\t\t\t\t<\/div>\n\t\t<\/div>\n\t\t\t\t\t<\/div>\n\t\t<\/section>\n\t\t\t\t<\/div>\n\t\t","protected":false},"excerpt":{"rendered":"<p>exp\u00e9riences \u00e0 boyaca Bienvenue \u00e0 Boyac\u00e1 ici, vous trouverez les meilleures options pour conna\u00eetre les plans et les meilleures exp\u00e9riences \u00e0 Boyac\u00e1 accompagn\u00e9s d&#8217;experts locaux, nous vous proposons des exp\u00e9riences culturelles, de bien-\u00eatre et de nature afin que vous puissiez profiter de toutes les activit\u00e9s et plans \u00e0 Boyaca en visitant les endroits les plus [&hellip;]<\/p>\n","protected":false},"author":1,"featured_media":3176,"parent":0,"menu_order":0,"comment_status":"closed","ping_status":"closed","template":"elementor_header_footer","meta":{"footnotes":""},"class_list":["post-3222","page","type-page","status-publish","has-post-thumbnail","hentry"],"_links":{"self":[{"href":"https:\/\/transferstours.com\/fr\/wp-json\/wp\/v2\/pages\/3222","targetHints":{"allow":["GET"]}}],"collection":[{"href":"https:\/\/transferstours.com\/fr\/wp-json\/wp\/v2\/pages"}],"about":[{"href":"https:\/\/transferstours.com\/fr\/wp-json\/wp\/v2\/types\/page"}],"author":[{"embeddable":true,"href":"https:\/\/transferstours.com\/fr\/wp-json\/wp\/v2\/users\/1"}],"replies":[{"embeddable":true,"href":"https:\/\/transferstours.com\/fr\/wp-json\/wp\/v2\/comments?post=3222"}],"version-history":[{"count":0,"href":"https:\/\/transferstours.com\/fr\/wp-json\/wp\/v2\/pages\/3222\/revisions"}],"wp:featuredmedia":[{"embeddable":true,"href":"https:\/\/transferstours.com\/fr\/wp-json\/wp\/v2\/media\/3176"}],"wp:attachment":[{"href":"https:\/\/transferstours.com\/fr\/wp-json\/wp\/v2\/media?parent=3222"}],"curies":[{"name":"wp","href":"https:\/\/api.w.org\/{rel}","templated":true}]}}