{"id":3226,"date":"2021-12-24T11:55:36","date_gmt":"2021-12-24T11:55:36","guid":{"rendered":"https:\/\/transferstours.com\/caribe-colombiano\/"},"modified":"2023-03-23T10:39:55","modified_gmt":"2023-03-23T10:39:55","slug":"le-meilleur-des-caraibes-colombiennes","status":"publish","type":"page","link":"https:\/\/transferstours.com\/fr\/destinations-en-colombie\/le-meilleur-des-caraibes-colombiennes\/","title":{"rendered":"Le Meilleur Des Cara\u00efbes Colombiennes"},"content":{"rendered":"\t\t<div data-elementor-type=\"wp-page\" data-elementor-id=\"3226\" class=\"elementor elementor-3226\" data-elementor-post-type=\"page\">\n\t\t\t\t\t\t<section class=\"elementor-section elementor-top-section elementor-element elementor-element-ea58424 elementor-section-boxed elementor-section-height-default elementor-section-height-default\" data-id=\"ea58424\" data-element_type=\"section\" data-e-type=\"section\">\n\t\t\t\t\t\t<div class=\"elementor-container elementor-column-gap-default\">\n\t\t\t\t\t<div class=\"elementor-column elementor-col-100 elementor-top-column elementor-element elementor-element-8ba2dea\" data-id=\"8ba2dea\" data-element_type=\"column\" data-e-type=\"column\">\n\t\t\t<div class=\"elementor-widget-wrap elementor-element-populated\">\n\t\t\t\t\t\t<div class=\"elementor-element elementor-element-67f6a20 elementor-widget elementor-widget-heading\" data-id=\"67f6a20\" data-element_type=\"widget\" data-e-type=\"widget\" data-widget_type=\"heading.default\">\n\t\t\t\t<div class=\"elementor-widget-container\">\n\t\t\t\t\t<h1 class=\"elementor-heading-title elementor-size-xl\">Le meilleur des Cara\u00efbes colombiennes<\/h1>\t\t\t\t<\/div>\n\t\t\t\t<\/div>\n\t\t\t\t\t<\/div>\n\t\t<\/div>\n\t\t\t\t\t<\/div>\n\t\t<\/section>\n\t\t\t\t<section class=\"elementor-section elementor-top-section elementor-element elementor-element-b24c2b1 elementor-section-boxed elementor-section-height-default elementor-section-height-default\" data-id=\"b24c2b1\" data-element_type=\"section\" data-e-type=\"section\">\n\t\t\t\t\t\t<div class=\"elementor-container elementor-column-gap-default\">\n\t\t\t\t\t<div class=\"elementor-column elementor-col-50 elementor-top-column elementor-element elementor-element-46cd29d\" data-id=\"46cd29d\" data-element_type=\"column\" data-e-type=\"column\">\n\t\t\t<div class=\"elementor-widget-wrap elementor-element-populated\">\n\t\t\t\t\t\t<div class=\"elementor-element elementor-element-8f16c40 elementor-widget elementor-widget-video\" data-id=\"8f16c40\" data-element_type=\"widget\" data-e-type=\"widget\" data-settings=\"{&quot;youtube_url&quot;:&quot;https:\\\/\\\/www.youtube.com\\\/watch?v=rxWEGJyoH9o&quot;,&quot;video_type&quot;:&quot;youtube&quot;,&quot;controls&quot;:&quot;yes&quot;}\" data-widget_type=\"video.default\">\n\t\t\t\t<div class=\"elementor-widget-container\">\n\t\t\t\t\t\t\t<div class=\"elementor-wrapper elementor-open-inline\">\n\t\t\t<div class=\"elementor-video\"><\/div>\t\t<\/div>\n\t\t\t\t\t\t<\/div>\n\t\t\t\t<\/div>\n\t\t\t\t<div class=\"elementor-element elementor-element-628cdc0 elementor-widget elementor-widget-image\" data-id=\"628cdc0\" data-element_type=\"widget\" data-e-type=\"widget\" data-widget_type=\"image.default\">\n\t\t\t\t<div class=\"elementor-widget-container\">\n\t\t\t\t\t\t\t\t\t\t\t\t\t\t\t<img fetchpriority=\"high\" decoding=\"async\" width=\"580\" height=\"820\" src=\"https:\/\/transferstours.com\/wp-content\/uploads\/2021\/12\/Map-3-724x1024.png\" class=\"attachment-large size-large wp-image-2581\" alt=\"caribe-colombiano\" srcset=\"https:\/\/transferstours.com\/wp-content\/uploads\/2021\/12\/Map-3-724x1024.png 724w, https:\/\/transferstours.com\/wp-content\/uploads\/2021\/12\/Map-3-212x300.png 212w, https:\/\/transferstours.com\/wp-content\/uploads\/2021\/12\/Map-3-768x1086.png 768w, https:\/\/transferstours.com\/wp-content\/uploads\/2021\/12\/Map-3-1086x1536.png 1086w, https:\/\/transferstours.com\/wp-content\/uploads\/2021\/12\/Map-3-1448x2048.png 1448w, https:\/\/transferstours.com\/wp-content\/uploads\/2021\/12\/Map-3-1200x1697.png 1200w, https:\/\/transferstours.com\/wp-content\/uploads\/2021\/12\/Map-3-1980x2800.png 1980w, https:\/\/transferstours.com\/wp-content\/uploads\/2021\/12\/Map-3-scaled.png 1920w\" sizes=\"(max-width: 580px) 100vw, 580px\" \/>\t\t\t\t\t\t\t\t\t\t\t\t\t\t\t<\/div>\n\t\t\t\t<\/div>\n\t\t\t\t\t<\/div>\n\t\t<\/div>\n\t\t\t\t<div class=\"elementor-column elementor-col-50 elementor-top-column elementor-element elementor-element-20e709a\" data-id=\"20e709a\" data-element_type=\"column\" data-e-type=\"column\">\n\t\t\t<div class=\"elementor-widget-wrap elementor-element-populated\">\n\t\t\t\t\t\t<div class=\"elementor-element elementor-element-7294b26 elementor-widget elementor-widget-heading\" data-id=\"7294b26\" data-element_type=\"widget\" data-e-type=\"widget\" data-widget_type=\"heading.default\">\n\t\t\t\t<div class=\"elementor-widget-container\">\n\t\t\t\t\t<h2 class=\"elementor-heading-title elementor-size-xl\">repos et d\u00e9tente avec les plages et le meilleur des cara\u00efbes colombiennes.<\/h2>\t\t\t\t<\/div>\n\t\t\t\t<\/div>\n\t\t\t\t<div class=\"elementor-element elementor-element-7191726 elementor-widget elementor-widget-text-editor\" data-id=\"7191726\" data-element_type=\"widget\" data-e-type=\"widget\" data-widget_type=\"text-editor.default\">\n\t\t\t\t<div class=\"elementor-widget-container\">\n\t\t\t\t\t\t\t\t\t<p><strong style=\"color: #000;\">La r\u00e9gion des Cara\u00efbes colombiennes<\/strong> regorge de lieux qui offrent des exp\u00e9riences uniques, sa vari\u00e9t\u00e9 de flore et de faune est si grande qu&#8217;elle permet des pratiques telles que l&#8217;observation des oiseaux et des espaces uniques pour l&#8217;\u00e9cotourisme.<\/p><p>Les plages au bord de la mer des Cara\u00efbes et les paysages tropicaux font partie des attraits de cette r\u00e9gion qui, par tradition, est l&#8217;une des plus pris\u00e9es du territoire colombien.<\/p><p><strong style=\"color: #0000ff;\">Cartagena de Indias<\/strong> reste parmi les destinations pr\u00e9f\u00e9r\u00e9es au monde pour nos touristes nationaux et \u00e9trangers, qui nous visitent pour des vacances au soleil et \u00e0 la plage en pratiquant les meilleurs sports nautiques (Windsurf, Kitesurf, Flyboard, Snorkel et bien d&#8217;autres&#8230;)<\/p><p><strong style=\"color: #0000ff;\">La Guajira<\/strong> se distingue par ses paysages d\u00e9sertiques et les villages de p\u00eacheurs traditionnels o\u00f9 vivent les indig\u00e8nes Way\u00fa.<\/p><p><strong style=\"color: #0000ff;\">Cesar<\/strong> o\u00f9 vous respirez vallenato le patrimoine culturel du cacique Upar et le joint, \u00e0 son tour, le fait avec C\u00f3rdoba et Sucre. Ces genres musicaux sont deux des plus grands h\u00e9ritages de la r\u00e9gion.<\/p><p><strong style=\"color: #0000ff;\">Mompox<\/strong> a \u00e9t\u00e9 d\u00e9clar\u00e9 site du patrimoine mondial par l&#8217;UNESCO et l&#8217;un des sites avec la plus belle architecture et lieu d&#8217;\u00e9v\u00e9nements culturels importants du pays.<\/p><p><strong style=\"color: #0000ff;\">Barranquilla<\/strong> se distingue par la joie de ses habitants et abrite l&#8217;\u00e9quipe de football colombienne et o\u00f9 se c\u00e9l\u00e8bre le deuxi\u00e8me plus grand carnaval d&#8217;Am\u00e9rique latine.<\/p><p><strong style=\"color: #0000ff;\">San Andr\u00e9s Y Providencia<\/strong> avec sa mer aux 7 couleurs et ses eaux cristallines fait de cette destination colombienne un paradis et l&#8217;une des plus recherch\u00e9es au monde o\u00f9 vous pourrez profiter de la saveur culturelle de sa musique et vous d\u00e9connecter du bruit de la grandes villes.<\/p>\t\t\t\t\t\t\t\t<\/div>\n\t\t\t\t<\/div>\n\t\t\t\t\t<\/div>\n\t\t<\/div>\n\t\t\t\t\t<\/div>\n\t\t<\/section>\n\t\t\t\t<\/div>\n\t\t","protected":false},"excerpt":{"rendered":"<p>Le meilleur des Cara\u00efbes colombiennes repos et d\u00e9tente avec les plages et le meilleur des cara\u00efbes colombiennes. La r\u00e9gion des Cara\u00efbes colombiennes regorge de lieux qui offrent des exp\u00e9riences uniques, sa vari\u00e9t\u00e9 de flore et de faune est si grande qu&#8217;elle permet des pratiques telles que l&#8217;observation des oiseaux et des espaces uniques pour l&#8217;\u00e9cotourisme. [&hellip;]<\/p>\n","protected":false},"author":1,"featured_media":4109,"parent":3457,"menu_order":0,"comment_status":"closed","ping_status":"closed","template":"elementor_header_footer","meta":{"footnotes":""},"class_list":["post-3226","page","type-page","status-publish","has-post-thumbnail","hentry"],"_links":{"self":[{"href":"https:\/\/transferstours.com\/fr\/wp-json\/wp\/v2\/pages\/3226","targetHints":{"allow":["GET"]}}],"collection":[{"href":"https:\/\/transferstours.com\/fr\/wp-json\/wp\/v2\/pages"}],"about":[{"href":"https:\/\/transferstours.com\/fr\/wp-json\/wp\/v2\/types\/page"}],"author":[{"embeddable":true,"href":"https:\/\/transferstours.com\/fr\/wp-json\/wp\/v2\/users\/1"}],"replies":[{"embeddable":true,"href":"https:\/\/transferstours.com\/fr\/wp-json\/wp\/v2\/comments?post=3226"}],"version-history":[{"count":0,"href":"https:\/\/transferstours.com\/fr\/wp-json\/wp\/v2\/pages\/3226\/revisions"}],"up":[{"embeddable":true,"href":"https:\/\/transferstours.com\/fr\/wp-json\/wp\/v2\/pages\/3457"}],"wp:featuredmedia":[{"embeddable":true,"href":"https:\/\/transferstours.com\/fr\/wp-json\/wp\/v2\/media\/4109"}],"wp:attachment":[{"href":"https:\/\/transferstours.com\/fr\/wp-json\/wp\/v2\/media?parent=3226"}],"curies":[{"name":"wp","href":"https:\/\/api.w.org\/{rel}","templated":true}]}}