{"id":3241,"date":"2020-10-06T08:43:26","date_gmt":"2020-10-06T08:43:26","guid":{"rendered":"https:\/\/transferstours.com\/experiencias-en-cartagena\/"},"modified":"2023-12-04T13:57:29","modified_gmt":"2023-12-04T13:57:29","slug":"experiences-a-carthagene","status":"publish","type":"page","link":"https:\/\/transferstours.com\/fr\/experiences-a-carthagene\/","title":{"rendered":"Exp\u00e9riences \u00e0 Carthag\u00e8ne"},"content":{"rendered":"\t\t<div data-elementor-type=\"wp-page\" data-elementor-id=\"3241\" class=\"elementor elementor-3241\" data-elementor-post-type=\"page\">\n\t\t\t\t\t\t<section class=\"elementor-section elementor-top-section elementor-element elementor-element-72a03c3 elementor-section-boxed elementor-section-height-default elementor-section-height-default\" data-id=\"72a03c3\" data-element_type=\"section\" data-e-type=\"section\">\n\t\t\t\t\t\t<div class=\"elementor-container elementor-column-gap-default\">\n\t\t\t\t\t<div class=\"elementor-column elementor-col-100 elementor-top-column elementor-element elementor-element-3b62a76\" data-id=\"3b62a76\" data-element_type=\"column\" data-e-type=\"column\">\n\t\t\t<div class=\"elementor-widget-wrap elementor-element-populated\">\n\t\t\t\t\t\t<div class=\"elementor-element elementor-element-3cc1f2e elementor-widget elementor-widget-heading\" data-id=\"3cc1f2e\" data-element_type=\"widget\" data-e-type=\"widget\" data-widget_type=\"heading.default\">\n\t\t\t\t<div class=\"elementor-widget-container\">\n\t\t\t\t\t<h1 class=\"elementor-heading-title elementor-size-xxl\">exp\u00e9riences \u00e0 Carthag\u00e8ne<\/h1>\t\t\t\t<\/div>\n\t\t\t\t<\/div>\n\t\t\t\t\t<\/div>\n\t\t<\/div>\n\t\t\t\t\t<\/div>\n\t\t<\/section>\n\t\t\t\t<section class=\"elementor-section elementor-top-section elementor-element elementor-element-6a7d358 elementor-section-boxed elementor-section-height-default elementor-section-height-default\" data-id=\"6a7d358\" data-element_type=\"section\" data-e-type=\"section\">\n\t\t\t\t\t\t<div class=\"elementor-container elementor-column-gap-default\">\n\t\t\t\t\t<div class=\"elementor-column elementor-col-50 elementor-top-column elementor-element elementor-element-fa72480\" data-id=\"fa72480\" data-element_type=\"column\" data-e-type=\"column\">\n\t\t\t<div class=\"elementor-widget-wrap elementor-element-populated\">\n\t\t\t\t\t\t<div class=\"elementor-element elementor-element-4584a68 elementor-widget elementor-widget-text-editor\" data-id=\"4584a68\" data-element_type=\"widget\" data-e-type=\"widget\" data-widget_type=\"text-editor.default\">\n\t\t\t\t<div class=\"elementor-widget-container\">\n\t\t\t\t\t\t\t\t\t<h2>Carthag\u00e8ne l&#8217;h\u00e9ro\u00efque<\/h2>\n<span style=\"font-weight: 400;\">Bienvenue \u00e0<strong>Carthag\u00e8ne<\/strong><\/span><span style=\"font-weight: 400;\"> vous trouverez ici les meilleures options pour conna\u00eetre les plans et leur meilleur <a href=\"https:\/\/transferstours.com\/destinos\/\">experiencias en Cartagena<\/a> accompagn\u00e9s d&#8217;experts locaux nous vous proposons <\/span><a href=\"https:\/\/transferstours.com\/\"><b> exp\u00e9riences culturelles <\/b><span style=\"font-weight: 400;\">, de<\/span><b> le bien-\u00eatre<\/b><span style=\"font-weight: 400;\"> <\/span><b>et nature<\/b><\/a><span style=\"font-weight: 400;\"> afin que vous puissiez profiter de toutes les activit\u00e9s et plans de Carthag\u00e8ne en visitant les endroits les plus attrayants de ses environs tels que le <strong><a href=\"https:\/\/www.tripadvisor.com\/Attraction_Review-g294074-d8846089-Reviews-Transfers_Tours-Bogota.html\" target=\"_blank\" rel=\"noopener\"> Tour de la ville<\/a> \u00e0 la ville fortifi\u00e9e, Isla Mucura et ses plages de repos ou randonn\u00e9e \u00e0 travers les Montes de Maria<\/strong> <\/span><span style=\"font-weight: 400;\">\u00a0et bien plus encore&#8230; avec tous les plans que vous attendiez<\/span>\t\t\t\t\t\t\t\t<\/div>\n\t\t\t\t<\/div>\n\t\t\t\t\t<\/div>\n\t\t<\/div>\n\t\t\t\t<div class=\"elementor-column elementor-col-50 elementor-top-column elementor-element elementor-element-92f221f\" data-id=\"92f221f\" data-element_type=\"column\" data-e-type=\"column\">\n\t\t\t<div class=\"elementor-widget-wrap elementor-element-populated\">\n\t\t\t\t\t\t<div class=\"elementor-element elementor-element-e1c0abb elementor-widget elementor-widget-image\" data-id=\"e1c0abb\" data-element_type=\"widget\" data-e-type=\"widget\" data-widget_type=\"image.default\">\n\t\t\t\t<div class=\"elementor-widget-container\">\n\t\t\t\t\t\t\t\t\t\t\t\t\t\t\t<img decoding=\"async\" src=\"https:\/\/transferstours.com\/wp-content\/uploads\/2021\/01\/ricardo-gomez-angel-lexRTRXv-ok-unsplash-450x450.jpg\" title=\"experiencias-en-cartagena\" alt=\"experiencias-en-cartagena\" loading=\"lazy\" \/>\t\t\t\t\t\t\t\t\t\t\t\t\t\t\t<\/div>\n\t\t\t\t<\/div>\n\t\t\t\t\t<\/div>\n\t\t<\/div>\n\t\t\t\t\t<\/div>\n\t\t<\/section>\n\t\t\t\t<section class=\"elementor-section elementor-top-section elementor-element elementor-element-c9a858e elementor-section-boxed elementor-section-height-default elementor-section-height-default\" data-id=\"c9a858e\" data-element_type=\"section\" data-e-type=\"section\">\n\t\t\t\t\t\t<div class=\"elementor-container elementor-column-gap-default\">\n\t\t\t\t\t<div class=\"elementor-column elementor-col-100 elementor-top-column elementor-element elementor-element-8840f69\" data-id=\"8840f69\" data-element_type=\"column\" data-e-type=\"column\">\n\t\t\t<div class=\"elementor-widget-wrap elementor-element-populated\">\n\t\t\t\t\t\t<div class=\"elementor-element elementor-element-5b92ed2 elementor-widget elementor-widget-html\" data-id=\"5b92ed2\" data-element_type=\"widget\" data-e-type=\"widget\" data-widget_type=\"html.default\">\n\t\t\t\t<div class=\"elementor-widget-container\">\n\t\t\t\t\t<script type=\"text\/javascript\" src=\"https:\/\/widgets.bokun.io\/assets\/javascripts\/apps\/build\/BokunWidgetsLoader.js?bookingChannelUUID=08e26d02-ee3c-48fb-bc18-154eccfe80e7\" async><\/script>\r\n     \r\n    <div class=\"bokunWidget\" data-src=\"https:\/\/widgets.bokun.io\/online-sales\/08e26d02-ee3c-48fb-bc18-154eccfe80e7\/product-list\/52563\"><\/div>\r\n    <noscript>Please enable javascript in your browser to book<\/noscript>\r\n\t\t\t\t<\/div>\n\t\t\t\t<\/div>\n\t\t\t\t\t<\/div>\n\t\t<\/div>\n\t\t\t\t\t<\/div>\n\t\t<\/section>\n\t\t\t\t<\/div>\n\t\t","protected":false},"excerpt":{"rendered":"<p>exp\u00e9riences \u00e0 Carthag\u00e8ne Carthag\u00e8ne l&#8217;h\u00e9ro\u00efque Bienvenue \u00e0Carthag\u00e8ne vous trouverez ici les meilleures options pour conna\u00eetre les plans et leur meilleur experiencias en Cartagena accompagn\u00e9s d&#8217;experts locaux nous vous proposons exp\u00e9riences culturelles , de le bien-\u00eatre et nature afin que vous puissiez profiter de toutes les activit\u00e9s et plans de Carthag\u00e8ne en visitant les endroits les [&hellip;]<\/p>\n","protected":false},"author":1,"featured_media":0,"parent":0,"menu_order":0,"comment_status":"closed","ping_status":"closed","template":"elementor_header_footer","meta":{"footnotes":""},"class_list":["post-3241","page","type-page","status-publish","hentry"],"_links":{"self":[{"href":"https:\/\/transferstours.com\/fr\/wp-json\/wp\/v2\/pages\/3241","targetHints":{"allow":["GET"]}}],"collection":[{"href":"https:\/\/transferstours.com\/fr\/wp-json\/wp\/v2\/pages"}],"about":[{"href":"https:\/\/transferstours.com\/fr\/wp-json\/wp\/v2\/types\/page"}],"author":[{"embeddable":true,"href":"https:\/\/transferstours.com\/fr\/wp-json\/wp\/v2\/users\/1"}],"replies":[{"embeddable":true,"href":"https:\/\/transferstours.com\/fr\/wp-json\/wp\/v2\/comments?post=3241"}],"version-history":[{"count":0,"href":"https:\/\/transferstours.com\/fr\/wp-json\/wp\/v2\/pages\/3241\/revisions"}],"wp:attachment":[{"href":"https:\/\/transferstours.com\/fr\/wp-json\/wp\/v2\/media?parent=3241"}],"curies":[{"name":"wp","href":"https:\/\/api.w.org\/{rel}","templated":true}]}}