{"id":3249,"date":"2021-12-28T10:45:09","date_gmt":"2021-12-28T10:45:09","guid":{"rendered":"https:\/\/transferstours.com\/macizo-colombiano\/"},"modified":"2023-03-23T10:57:53","modified_gmt":"2023-03-23T10:57:53","slug":"le-meilleur-du-massif-colombien","status":"publish","type":"page","link":"https:\/\/transferstours.com\/fr\/destinations-en-colombie\/le-meilleur-du-massif-colombien\/","title":{"rendered":"Le Meilleur Du Massif Colombien"},"content":{"rendered":"\t\t<div data-elementor-type=\"wp-page\" data-elementor-id=\"3249\" class=\"elementor elementor-3249\" data-elementor-post-type=\"page\">\n\t\t\t\t\t\t<section class=\"elementor-section elementor-top-section elementor-element elementor-element-ea58424 elementor-section-boxed elementor-section-height-default elementor-section-height-default\" data-id=\"ea58424\" data-element_type=\"section\" data-e-type=\"section\">\n\t\t\t\t\t\t<div class=\"elementor-container elementor-column-gap-default\">\n\t\t\t\t\t<div class=\"elementor-column elementor-col-100 elementor-top-column elementor-element elementor-element-8ba2dea\" data-id=\"8ba2dea\" data-element_type=\"column\" data-e-type=\"column\">\n\t\t\t<div class=\"elementor-widget-wrap elementor-element-populated\">\n\t\t\t\t\t\t<div class=\"elementor-element elementor-element-67f6a20 elementor-widget elementor-widget-heading\" data-id=\"67f6a20\" data-element_type=\"widget\" data-e-type=\"widget\" data-widget_type=\"heading.default\">\n\t\t\t\t<div class=\"elementor-widget-container\">\n\t\t\t\t\t<h1 class=\"elementor-heading-title elementor-size-xxl\">Le meilleur du Massif colombien<\/h1>\t\t\t\t<\/div>\n\t\t\t\t<\/div>\n\t\t\t\t\t<\/div>\n\t\t<\/div>\n\t\t\t\t\t<\/div>\n\t\t<\/section>\n\t\t\t\t<section class=\"elementor-section elementor-top-section elementor-element elementor-element-b24c2b1 elementor-section-boxed elementor-section-height-default elementor-section-height-default\" data-id=\"b24c2b1\" data-element_type=\"section\" data-e-type=\"section\">\n\t\t\t\t\t\t<div class=\"elementor-container elementor-column-gap-default\">\n\t\t\t\t\t<div class=\"elementor-column elementor-col-50 elementor-top-column elementor-element elementor-element-46cd29d\" data-id=\"46cd29d\" data-element_type=\"column\" data-e-type=\"column\">\n\t\t\t<div class=\"elementor-widget-wrap elementor-element-populated\">\n\t\t\t\t\t\t<div class=\"elementor-element elementor-element-628cdc0 elementor-widget elementor-widget-image\" data-id=\"628cdc0\" data-element_type=\"widget\" data-e-type=\"widget\" data-widget_type=\"image.default\">\n\t\t\t\t<div class=\"elementor-widget-container\">\n\t\t\t\t\t\t\t\t\t\t\t\t\t\t\t<img fetchpriority=\"high\" decoding=\"async\" width=\"580\" height=\"820\" src=\"https:\/\/transferstours.com\/wp-content\/uploads\/2021\/12\/Map-6-724x1024.png\" class=\"attachment-large size-large wp-image-2622\" alt=\"Mapa-region-macizo\" srcset=\"https:\/\/transferstours.com\/wp-content\/uploads\/2021\/12\/Map-6-724x1024.png 724w, https:\/\/transferstours.com\/wp-content\/uploads\/2021\/12\/Map-6-212x300.png 212w, https:\/\/transferstours.com\/wp-content\/uploads\/2021\/12\/Map-6-768x1086.png 768w, https:\/\/transferstours.com\/wp-content\/uploads\/2021\/12\/Map-6-1086x1536.png 1086w, https:\/\/transferstours.com\/wp-content\/uploads\/2021\/12\/Map-6-1448x2048.png 1448w, https:\/\/transferstours.com\/wp-content\/uploads\/2021\/12\/Map-6-1200x1697.png 1200w, https:\/\/transferstours.com\/wp-content\/uploads\/2021\/12\/Map-6-1980x2800.png 1980w, https:\/\/transferstours.com\/wp-content\/uploads\/2021\/12\/Map-6-scaled.png 1920w\" sizes=\"(max-width: 580px) 100vw, 580px\" \/>\t\t\t\t\t\t\t\t\t\t\t\t\t\t\t<\/div>\n\t\t\t\t<\/div>\n\t\t\t\t\t<\/div>\n\t\t<\/div>\n\t\t\t\t<div class=\"elementor-column elementor-col-50 elementor-top-column elementor-element elementor-element-20e709a\" data-id=\"20e709a\" data-element_type=\"column\" data-e-type=\"column\">\n\t\t\t<div class=\"elementor-widget-wrap elementor-element-populated\">\n\t\t\t\t\t\t<div class=\"elementor-element elementor-element-2cf0922 elementor-widget elementor-widget-heading\" data-id=\"2cf0922\" data-element_type=\"widget\" data-e-type=\"widget\" data-widget_type=\"heading.default\">\n\t\t\t\t<div class=\"elementor-widget-container\">\n\t\t\t\t\t<h2 class=\"elementor-heading-title elementor-size-xl\">conna\u00eetre le plus grand site arch\u00e9ologique qui figure parmi les meilleurs du massif colombien<\/h2>\t\t\t\t<\/div>\n\t\t\t\t<\/div>\n\t\t\t\t<div class=\"elementor-element elementor-element-7191726 elementor-widget elementor-widget-text-editor\" data-id=\"7191726\" data-element_type=\"widget\" data-e-type=\"widget\" data-widget_type=\"text-editor.default\">\n\t\t\t\t<div class=\"elementor-widget-container\">\n\t\t\t\t\t\t\t\t\t<p><strong>Le Massif colombien<\/strong> est un groupe montagneux des Andes colombiennes qui couvre les d\u00e9partements de Cauca et Nari\u00f1o, au sud se trouve le Nudo de los Pastos et au nord se trouvent les cha\u00eenes de montagnes centrale et orientale.<\/p><p>est identifi\u00e9 comme l&#8217;un des plus grands r\u00e9servoirs d&#8217;eau, le Massif colombien est mieux connu comme l&#8217;\u00e9toile de l&#8217;eau de la Colombie, car des rivi\u00e8res telles que la Pat\u00eda (du versant Pacifique), le Cauca et la Magdalena (du versant Pacifique) naissent de des Cara\u00efbes), et le Putumayo et le Caquet\u00e1 (du bassin amazonien).<\/p><p>Le d\u00e9partement de Nari\u00f1o en Colombie poss\u00e8de un m\u00e9lange d&#8217;attributs attrayants pour les touristes colombiens et ceux qui viennent de n&#8217;importe o\u00f9 dans le monde. Nari\u00f1o offre des rivi\u00e8res, des lagunes, des r\u00e9serves naturelles, des canyons, des plages, des volcans et des landes, parmi de nombreuses autres merveilles naturelles.<\/p><p>Nari\u00f1o, c&#8217;est aussi l&#8217;artisanat, la gastronomie et l&#8217;architecture. Il convient aux loisirs, \u00e0 l&#8217;alpinisme et \u00e0 l&#8217;athl\u00e9tisme, au parapente et \u00e0 la cr\u00e9ation de votre propre route du caf\u00e9. et si vous aimez l&#8217;alpinisme, le volcan Galeras est l&#8217;endroit id\u00e9al ; le parcours commence au sanctuaire.<\/p><p>Nari\u00f1o regorge de lieux de d\u00e9tente, de m\u00e9ditation et de p\u00e8lerinage. Si ce que vous recherchez est une visite religieuse ou architecturale, dans de nombreux endroits de Nari\u00f1o, vous pourrez appr\u00e9cier des b\u00e2timents uniques.<\/p><p>Il y a, par exemple, le sanctuaire de Notre-Dame de Las Lajas, la deuxi\u00e8me merveille architecturale de Colombie apr\u00e8s la cath\u00e9drale de sel de Zipaquir\u00e1. C&#8217;est une \u00e9glise n\u00e9o-gothique de 1868,<\/p><p>Le d\u00e9partement offre d&#8217;autres possibilit\u00e9s de p\u00e8lerinage, comme le Sanctuaire de la Virgen de la Playa, \u00e0 San Pablo, l&#8217;\u00e9glise paroissiale de Nuestra Se\u00f1ora de Las Mercedes ou la Basilique de Nuestra Se\u00f1ora del Rosario dans la municipalit\u00e9 de Sandon\u00e1.<\/p><p>Enfin, vous pouvez vous accorder un repos spirituel dans les Cascadas del Espiritu Santo ou dans les sources chaudes du m\u00eame nom.<\/p>\t\t\t\t\t\t\t\t<\/div>\n\t\t\t\t<\/div>\n\t\t\t\t\t<\/div>\n\t\t<\/div>\n\t\t\t\t\t<\/div>\n\t\t<\/section>\n\t\t\t\t<\/div>\n\t\t","protected":false},"excerpt":{"rendered":"<p>Le meilleur du Massif colombien conna\u00eetre le plus grand site arch\u00e9ologique qui figure parmi les meilleurs du massif colombien Le Massif colombien est un groupe montagneux des Andes colombiennes qui couvre les d\u00e9partements de Cauca et Nari\u00f1o, au sud se trouve le Nudo de los Pastos et au nord se trouvent les cha\u00eenes de montagnes [&hellip;]<\/p>\n","protected":false},"author":1,"featured_media":3978,"parent":3457,"menu_order":0,"comment_status":"closed","ping_status":"closed","template":"elementor_header_footer","meta":{"footnotes":""},"class_list":["post-3249","page","type-page","status-publish","has-post-thumbnail","hentry"],"_links":{"self":[{"href":"https:\/\/transferstours.com\/fr\/wp-json\/wp\/v2\/pages\/3249","targetHints":{"allow":["GET"]}}],"collection":[{"href":"https:\/\/transferstours.com\/fr\/wp-json\/wp\/v2\/pages"}],"about":[{"href":"https:\/\/transferstours.com\/fr\/wp-json\/wp\/v2\/types\/page"}],"author":[{"embeddable":true,"href":"https:\/\/transferstours.com\/fr\/wp-json\/wp\/v2\/users\/1"}],"replies":[{"embeddable":true,"href":"https:\/\/transferstours.com\/fr\/wp-json\/wp\/v2\/comments?post=3249"}],"version-history":[{"count":0,"href":"https:\/\/transferstours.com\/fr\/wp-json\/wp\/v2\/pages\/3249\/revisions"}],"up":[{"embeddable":true,"href":"https:\/\/transferstours.com\/fr\/wp-json\/wp\/v2\/pages\/3457"}],"wp:featuredmedia":[{"embeddable":true,"href":"https:\/\/transferstours.com\/fr\/wp-json\/wp\/v2\/media\/3978"}],"wp:attachment":[{"href":"https:\/\/transferstours.com\/fr\/wp-json\/wp\/v2\/media?parent=3249"}],"curies":[{"name":"wp","href":"https:\/\/api.w.org\/{rel}","templated":true}]}}