{"id":3253,"date":"2021-12-24T16:29:23","date_gmt":"2021-12-24T16:29:23","guid":{"rendered":"https:\/\/transferstours.com\/amazonas-y-orinoquia-colombiana\/"},"modified":"2023-03-23T08:33:19","modified_gmt":"2023-03-23T08:33:19","slug":"le-meilleur-de-lamazonie-et-de-lorenoque-colombien","status":"publish","type":"page","link":"https:\/\/transferstours.com\/fr\/destinations-en-colombie\/le-meilleur-de-lamazonie-et-de-lorenoque-colombien\/","title":{"rendered":"Le meilleur de l&#8217;Amazonie et de l&#8217;Or\u00e9noque colombien"},"content":{"rendered":"\t\t<div data-elementor-type=\"wp-page\" data-elementor-id=\"3253\" class=\"elementor elementor-3253\" data-elementor-post-type=\"page\">\n\t\t\t\t\t\t<section class=\"elementor-section elementor-top-section elementor-element elementor-element-ea58424 elementor-section-boxed elementor-section-height-default elementor-section-height-default\" data-id=\"ea58424\" data-element_type=\"section\" data-e-type=\"section\">\n\t\t\t\t\t\t<div class=\"elementor-container elementor-column-gap-default\">\n\t\t\t\t\t<div class=\"elementor-column elementor-col-100 elementor-top-column elementor-element elementor-element-8ba2dea\" data-id=\"8ba2dea\" data-element_type=\"column\" data-e-type=\"column\">\n\t\t\t<div class=\"elementor-widget-wrap elementor-element-populated\">\n\t\t\t\t\t\t<div class=\"elementor-element elementor-element-67f6a20 elementor-widget elementor-widget-heading\" data-id=\"67f6a20\" data-element_type=\"widget\" data-e-type=\"widget\" data-widget_type=\"heading.default\">\n\t\t\t\t<div class=\"elementor-widget-container\">\n\t\t\t\t\t<h1 class=\"elementor-heading-title elementor-size-xxl\">Le meilleur de l'Amazonie et de l'or\u00e9noque colombienne<\/h1>\t\t\t\t<\/div>\n\t\t\t\t<\/div>\n\t\t\t\t\t<\/div>\n\t\t<\/div>\n\t\t\t\t\t<\/div>\n\t\t<\/section>\n\t\t\t\t<section class=\"elementor-section elementor-top-section elementor-element elementor-element-b24c2b1 elementor-section-boxed elementor-section-height-default elementor-section-height-default\" data-id=\"b24c2b1\" data-element_type=\"section\" data-e-type=\"section\">\n\t\t\t\t\t\t<div class=\"elementor-container elementor-column-gap-default\">\n\t\t\t\t\t<div class=\"elementor-column elementor-col-50 elementor-top-column elementor-element elementor-element-46cd29d\" data-id=\"46cd29d\" data-element_type=\"column\" data-e-type=\"column\">\n\t\t\t<div class=\"elementor-widget-wrap elementor-element-populated\">\n\t\t\t\t\t\t<div class=\"elementor-element elementor-element-963e27f elementor-widget elementor-widget-video\" data-id=\"963e27f\" data-element_type=\"widget\" data-e-type=\"widget\" data-settings=\"{&quot;youtube_url&quot;:&quot;https:\\\/\\\/www.youtube.com\\\/watch?v=hOgGSV7LlI4&amp;list=PLl0VZQFxHNTXXmvecXC5DEI8pyX_dSBzs&amp;index=18&quot;,&quot;video_type&quot;:&quot;youtube&quot;,&quot;controls&quot;:&quot;yes&quot;}\" data-widget_type=\"video.default\">\n\t\t\t\t<div class=\"elementor-widget-container\">\n\t\t\t\t\t\t\t<div class=\"elementor-wrapper elementor-open-inline\">\n\t\t\t<div class=\"elementor-video\"><\/div>\t\t<\/div>\n\t\t\t\t\t\t<\/div>\n\t\t\t\t<\/div>\n\t\t\t\t<div class=\"elementor-element elementor-element-4c880f2 elementor-widget elementor-widget-image\" data-id=\"4c880f2\" data-element_type=\"widget\" data-e-type=\"widget\" data-widget_type=\"image.default\">\n\t\t\t\t<div class=\"elementor-widget-container\">\n\t\t\t\t\t\t\t\t\t\t\t\t\t\t\t<img fetchpriority=\"high\" decoding=\"async\" width=\"580\" height=\"820\" src=\"https:\/\/transferstours.com\/wp-content\/uploads\/2021\/12\/Map-7-724x1024.png\" class=\"attachment-large size-large wp-image-2605\" alt=\"amazonas y orinoquia\" srcset=\"https:\/\/transferstours.com\/wp-content\/uploads\/2021\/12\/Map-7-724x1024.png 724w, https:\/\/transferstours.com\/wp-content\/uploads\/2021\/12\/Map-7-212x300.png 212w, https:\/\/transferstours.com\/wp-content\/uploads\/2021\/12\/Map-7-768x1086.png 768w, https:\/\/transferstours.com\/wp-content\/uploads\/2021\/12\/Map-7-1086x1536.png 1086w, https:\/\/transferstours.com\/wp-content\/uploads\/2021\/12\/Map-7-1448x2048.png 1448w, https:\/\/transferstours.com\/wp-content\/uploads\/2021\/12\/Map-7-1200x1697.png 1200w, https:\/\/transferstours.com\/wp-content\/uploads\/2021\/12\/Map-7-1980x2800.png 1980w, https:\/\/transferstours.com\/wp-content\/uploads\/2021\/12\/Map-7-scaled.png 1920w\" sizes=\"(max-width: 580px) 100vw, 580px\" \/>\t\t\t\t\t\t\t\t\t\t\t\t\t\t\t<\/div>\n\t\t\t\t<\/div>\n\t\t\t\t\t<\/div>\n\t\t<\/div>\n\t\t\t\t<div class=\"elementor-column elementor-col-50 elementor-top-column elementor-element elementor-element-20e709a\" data-id=\"20e709a\" data-element_type=\"column\" data-e-type=\"column\">\n\t\t\t<div class=\"elementor-widget-wrap elementor-element-populated\">\n\t\t\t\t\t\t<div class=\"elementor-element elementor-element-031b96a elementor-widget elementor-widget-heading\" data-id=\"031b96a\" data-element_type=\"widget\" data-e-type=\"widget\" data-widget_type=\"heading.default\">\n\t\t\t\t<div class=\"elementor-widget-container\">\n\t\t\t\t\t<h2 class=\"elementor-heading-title elementor-size-default\">vivre la nature avec le meilleur de l'amazonie colombienne<\/h2>\t\t\t\t<\/div>\n\t\t\t\t<\/div>\n\t\t\t\t<div class=\"elementor-element elementor-element-7191726 elementor-widget elementor-widget-text-editor\" data-id=\"7191726\" data-element_type=\"widget\" data-e-type=\"widget\" data-widget_type=\"text-editor.default\">\n\t\t\t\t<div class=\"elementor-widget-container\">\n\t\t\t\t\t\t\t\t\t<p>Surprenez-vous avec une biodiversit\u00e9 aussi vaste que son fleuve, l&#8217;Amazonie colombienne est non seulement synonyme de nature et d&#8217;aventure mais aussi de durabilit\u00e9, mais avec une composante qui la rend unique dans la r\u00e9gion : ses habitants. Aujourd&#8217;hui, la communaut\u00e9 locale enchante des milliers de voyageurs du monde tout en pr\u00e9servant sa richesse culturelle gr\u00e2ce \u00e0 la promotion du tourisme durable, avec des exp\u00e9riences telles que\u00a0:<\/p><p><span style=\"color: #008000;\">P\u00eache artisanale<\/span> dans la maison sur l&#8217;eau : sur le chemin du lac Tarapoto, il y a un radeau flottant sur les rives du fleuve Amazone, un endroit parfait pour se reposer du mauvais temps tout en apprenant \u00e0 p\u00eacher les petits animaux de la r\u00e9gion comme le c\u00e9l\u00e8bre piranhas.<\/p><p><span style=\"color: #008000;\">L&#8217;Aquarium Etuena<\/span> : une collection d&#8217;environ 47 poissons vivants originaires d&#8217;Amazonie qui comprend une explication des esp\u00e8ces end\u00e9miques.<\/p><p><span style=\"color: #008000;\">Mus\u00e9e ethnographique Yai Pata Uinchi<\/span> : le nom signifie \u00ab les \u00e9l\u00e9ments sacr\u00e9s de la maison \u00bb, ici les voyageurs pourront d\u00e9couvrir les coutumes et les \u00e9chantillons culturels qui caract\u00e9risent les groupes ethniques indig\u00e8nes tels que les Ticunas, les Cocamas et les Yaguas.<\/p><p><span style=\"color: #008000;\">Point de vue Naipata II<\/span> : Comme son nom l&#8217;indique \u00ab cabane dans les arbres \u00bb, ce point de vue offre, \u00e0 18 m\u00e8tres au-dessus du sol, une vue panoramique sur le paysage de Puerto Nari\u00f1o, d&#8217;o\u00f9 l&#8217;on peut voir les fleuves Amazone et Loretoyacu.<\/p><p><span style=\"color: #008000;\">Centre d&#8217;interpr\u00e9tation Natutama<\/span> : situ\u00e9 \u00e0 Puerto Nari\u00f1o, cet espace propose un \u00e9chantillon simul\u00e9 du \u00ab monde sous-marin \u00bb. Vous pouvez y trouver une vari\u00e9t\u00e9 d&#8217;esp\u00e8ces entre les dauphins roses et gris et les lamantins, sculpt\u00e9s dans le bois par des artisans locaux.<\/p><p><span style=\"color: #008000;\">R\u00e9serve naturelle de Victoria Regia<\/span> : \u00e0 15 minutes en bateau de Leticia, vous pourrez admirer le plus grand lotus d&#8217;Amazonie<\/p><p>La r\u00e9gion d&#8217;Orinoquia ou plaines orientales est l&#8217;une des r\u00e9gions les plus importantes du pays gr\u00e2ce \u00e0 ses r\u00e9serves de gaz naturel et de p\u00e9trole, elle poss\u00e8de des paysages de galeries, de grandes vari\u00e9t\u00e9s de b\u00e9tail et une gastronomie qui ne peut passer inaper\u00e7ue, le veau llanera, le Hallaca et le palo a le pique sont quelques-uns de ses plats les plus connus. Ses chants de vaquer\u00eda et ses paysages naturels font de cette r\u00e9gion un site touristique incontournable du pays.<\/p>\t\t\t\t\t\t\t\t<\/div>\n\t\t\t\t<\/div>\n\t\t\t\t\t<\/div>\n\t\t<\/div>\n\t\t\t\t\t<\/div>\n\t\t<\/section>\n\t\t\t\t<\/div>\n\t\t","protected":false},"excerpt":{"rendered":"<p>Le meilleur de l&#8217;Amazonie et de l&#8217;or\u00e9noque colombienne vivre la nature avec le meilleur de l&#8217;amazonie colombienne Surprenez-vous avec une biodiversit\u00e9 aussi vaste que son fleuve, l&#8217;Amazonie colombienne est non seulement synonyme de nature et d&#8217;aventure mais aussi de durabilit\u00e9, mais avec une composante qui la rend unique dans la r\u00e9gion : ses habitants. Aujourd&#8217;hui, [&hellip;]<\/p>\n","protected":false},"author":1,"featured_media":4908,"parent":3457,"menu_order":0,"comment_status":"closed","ping_status":"closed","template":"elementor_header_footer","meta":{"footnotes":""},"class_list":["post-3253","page","type-page","status-publish","has-post-thumbnail","hentry"],"_links":{"self":[{"href":"https:\/\/transferstours.com\/fr\/wp-json\/wp\/v2\/pages\/3253","targetHints":{"allow":["GET"]}}],"collection":[{"href":"https:\/\/transferstours.com\/fr\/wp-json\/wp\/v2\/pages"}],"about":[{"href":"https:\/\/transferstours.com\/fr\/wp-json\/wp\/v2\/types\/page"}],"author":[{"embeddable":true,"href":"https:\/\/transferstours.com\/fr\/wp-json\/wp\/v2\/users\/1"}],"replies":[{"embeddable":true,"href":"https:\/\/transferstours.com\/fr\/wp-json\/wp\/v2\/comments?post=3253"}],"version-history":[{"count":0,"href":"https:\/\/transferstours.com\/fr\/wp-json\/wp\/v2\/pages\/3253\/revisions"}],"up":[{"embeddable":true,"href":"https:\/\/transferstours.com\/fr\/wp-json\/wp\/v2\/pages\/3457"}],"wp:featuredmedia":[{"embeddable":true,"href":"https:\/\/transferstours.com\/fr\/wp-json\/wp\/v2\/media\/4908"}],"wp:attachment":[{"href":"https:\/\/transferstours.com\/fr\/wp-json\/wp\/v2\/media?parent=3253"}],"curies":[{"name":"wp","href":"https:\/\/api.w.org\/{rel}","templated":true}]}}