{"id":3258,"date":"2020-09-27T23:29:27","date_gmt":"2020-09-27T23:29:27","guid":{"rendered":"https:\/\/transferstours.com\/circuitos-en-colombia\/"},"modified":"2022-07-27T09:28:10","modified_gmt":"2022-07-27T09:28:10","slug":"circuits-en-colombie","status":"publish","type":"page","link":"https:\/\/transferstours.com\/fr\/destinations-en-colombie\/circuits-en-colombie\/","title":{"rendered":"Circuits En Colombie"},"content":{"rendered":"\t\t<div data-elementor-type=\"wp-page\" data-elementor-id=\"3258\" class=\"elementor elementor-3258\" data-elementor-post-type=\"page\">\n\t\t\t\t\t\t<section class=\"elementor-section elementor-top-section elementor-element elementor-element-30bff33 elementor-section-boxed elementor-section-height-default elementor-section-height-default\" data-id=\"30bff33\" data-element_type=\"section\" data-e-type=\"section\">\n\t\t\t\t\t\t<div class=\"elementor-container elementor-column-gap-default\">\n\t\t\t\t\t<div class=\"elementor-column elementor-col-100 elementor-top-column elementor-element elementor-element-5930fad\" data-id=\"5930fad\" data-element_type=\"column\" data-e-type=\"column\">\n\t\t\t<div class=\"elementor-widget-wrap elementor-element-populated\">\n\t\t\t\t\t\t<div class=\"elementor-element elementor-element-b0298fb elementor-widget elementor-widget-heading\" data-id=\"b0298fb\" data-element_type=\"widget\" data-e-type=\"widget\" data-widget_type=\"heading.default\">\n\t\t\t\t<div class=\"elementor-widget-container\">\n\t\t\t\t\t<h1 class=\"elementor-heading-title elementor-size-xxl\">circuits en colombie<\/h1>\t\t\t\t<\/div>\n\t\t\t\t<\/div>\n\t\t\t\t\t<\/div>\n\t\t<\/div>\n\t\t\t\t\t<\/div>\n\t\t<\/section>\n\t\t\t\t<section class=\"elementor-section elementor-top-section elementor-element elementor-element-19a8d64 elementor-section-boxed elementor-section-height-default elementor-section-height-default\" data-id=\"19a8d64\" data-element_type=\"section\" data-e-type=\"section\">\n\t\t\t\t\t\t<div class=\"elementor-container elementor-column-gap-default\">\n\t\t\t\t\t<div class=\"elementor-column elementor-col-50 elementor-top-column elementor-element elementor-element-022a036\" data-id=\"022a036\" data-element_type=\"column\" data-e-type=\"column\">\n\t\t\t<div class=\"elementor-widget-wrap elementor-element-populated\">\n\t\t\t\t\t\t<div class=\"elementor-element elementor-element-cffbe4b elementor-widget elementor-widget-text-editor\" data-id=\"cffbe4b\" data-element_type=\"widget\" data-e-type=\"widget\" data-widget_type=\"text-editor.default\">\n\t\t\t\t<div class=\"elementor-widget-container\">\n\t\t\t\t\t\t\t\t\t<h4>La meilleure option de tourisme r\u00e9ceptif pour votre voyage ou groupes en Colombie<\/h4><p>Avec nos circuits \u00e0 travers la Colombie, vous avez la garantie de 7 ans d&#8217;exp\u00e9rience sur le march\u00e9 de l&#8217;organisation des meilleurs <span style=\"color: #800080;\"><a style=\"color: #800080;\" href=\"https:\/\/transferstours.com\/\">voyages personnalis\u00e9s<\/a><\/span> en Colombie pour tout type de voyageur et <span style=\"color: #800080;\"><a style=\"color: #800080;\" href=\"https:\/\/www.tripadvisor.com\/Attraction_Review-g294074-d8846089-Reviews-Transfers_Tours-Bogota.html\" target=\"_blank\" rel=\"noopener\">d&#8217;activit\u00e9s<\/a> <\/span>telles que la nature, la culture, le bien-\u00eatre ou l&#8217;incentive.<\/p><p>Nous avons une \u00e9quipe humaine et technique pour organiser des circuits \u00e0 travers la Colombie et \u00eatre en mesure de vous offrir des services exclusifs dont vous avez besoin dans les vols, les h\u00f4tels, les guides, les restaurants et bien plus encore. en tenant toujours compte du moindre d\u00e9tail pour que votre voyage en Colombie soit une exp\u00e9rience parfaite<\/p>\t\t\t\t\t\t\t\t<\/div>\n\t\t\t\t<\/div>\n\t\t\t\t\t<\/div>\n\t\t<\/div>\n\t\t\t\t<div class=\"elementor-column elementor-col-50 elementor-top-column elementor-element elementor-element-a82d17b\" data-id=\"a82d17b\" data-element_type=\"column\" data-e-type=\"column\">\n\t\t\t<div class=\"elementor-widget-wrap elementor-element-populated\">\n\t\t\t\t\t\t<div class=\"elementor-element elementor-element-f79140b elementor-widget elementor-widget-image\" data-id=\"f79140b\" data-element_type=\"widget\" data-e-type=\"widget\" data-widget_type=\"image.default\">\n\t\t\t\t<div class=\"elementor-widget-container\">\n\t\t\t\t\t\t\t\t\t\t\t\t\t\t\t<img fetchpriority=\"high\" decoding=\"async\" width=\"500\" height=\"500\" src=\"https:\/\/transferstours.com\/wp-content\/uploads\/2020\/09\/business-team-brainstorming-workspace-concept-PQ7EQMS.jpg\" class=\"attachment-large size-large wp-image-73\" alt=\"circuitos-en-colombia\" srcset=\"https:\/\/transferstours.com\/wp-content\/uploads\/2020\/09\/business-team-brainstorming-workspace-concept-PQ7EQMS.jpg 500w, https:\/\/transferstours.com\/wp-content\/uploads\/2020\/09\/business-team-brainstorming-workspace-concept-PQ7EQMS-450x450.jpg 450w, https:\/\/transferstours.com\/wp-content\/uploads\/2020\/09\/business-team-brainstorming-workspace-concept-PQ7EQMS-100x100.jpg 100w, https:\/\/transferstours.com\/wp-content\/uploads\/2020\/09\/business-team-brainstorming-workspace-concept-PQ7EQMS-300x300.jpg 300w, https:\/\/transferstours.com\/wp-content\/uploads\/2020\/09\/business-team-brainstorming-workspace-concept-PQ7EQMS-150x150.jpg 150w\" sizes=\"(max-width: 500px) 100vw, 500px\" \/>\t\t\t\t\t\t\t\t\t\t\t\t\t\t\t<\/div>\n\t\t\t\t<\/div>\n\t\t\t\t\t<\/div>\n\t\t<\/div>\n\t\t\t\t\t<\/div>\n\t\t<\/section>\n\t\t\t\t<section class=\"elementor-section elementor-top-section elementor-element elementor-element-e82ecf3 elementor-section-boxed elementor-section-height-default elementor-section-height-default\" data-id=\"e82ecf3\" data-element_type=\"section\" data-e-type=\"section\">\n\t\t\t\t\t\t<div class=\"elementor-container elementor-column-gap-default\">\n\t\t\t\t\t<div class=\"elementor-column elementor-col-100 elementor-top-column elementor-element elementor-element-f2d9c85\" data-id=\"f2d9c85\" data-element_type=\"column\" data-e-type=\"column\">\n\t\t\t<div class=\"elementor-widget-wrap elementor-element-populated\">\n\t\t\t\t\t\t<div class=\"elementor-element elementor-element-db7b9f8 elementor-widget elementor-widget-html\" data-id=\"db7b9f8\" data-element_type=\"widget\" data-e-type=\"widget\" data-widget_type=\"html.default\">\n\t\t\t\t<div class=\"elementor-widget-container\">\n\t\t\t\t\t<script type=\"text\/javascript\" src=\"https:\/\/widgets.bokun.io\/assets\/javascripts\/apps\/build\/BokunWidgetsLoader.js?bookingChannelUUID=57acad53-bca3-4063-a3fe-18a494115fbe\" async><\/script>\r\n     \r\n    <div class=\"bokunWidget\" data-src=\"https:\/\/widgets.bokun.io\/online-sales\/57acad53-bca3-4063-a3fe-18a494115fbe\/product-list\/32981\"><\/div>\r\n    <noscript>Please enable javascript in your browser to book<\/noscript>\r\n\t\t\t\t<\/div>\n\t\t\t\t<\/div>\n\t\t\t\t\t<\/div>\n\t\t<\/div>\n\t\t\t\t\t<\/div>\n\t\t<\/section>\n\t\t\t\t<\/div>\n\t\t","protected":false},"excerpt":{"rendered":"<p>circuits en colombie La meilleure option de tourisme r\u00e9ceptif pour votre voyage ou groupes en Colombie Avec nos circuits \u00e0 travers la Colombie, vous avez la garantie de 7 ans d&#8217;exp\u00e9rience sur le march\u00e9 de l&#8217;organisation des meilleurs voyages personnalis\u00e9s en Colombie pour tout type de voyageur et d&#8217;activit\u00e9s telles que la nature, la culture, [&hellip;]<\/p>\n","protected":false},"author":1,"featured_media":4210,"parent":3457,"menu_order":0,"comment_status":"closed","ping_status":"closed","template":"elementor_header_footer","meta":{"footnotes":""},"class_list":["post-3258","page","type-page","status-publish","has-post-thumbnail","hentry"],"_links":{"self":[{"href":"https:\/\/transferstours.com\/fr\/wp-json\/wp\/v2\/pages\/3258","targetHints":{"allow":["GET"]}}],"collection":[{"href":"https:\/\/transferstours.com\/fr\/wp-json\/wp\/v2\/pages"}],"about":[{"href":"https:\/\/transferstours.com\/fr\/wp-json\/wp\/v2\/types\/page"}],"author":[{"embeddable":true,"href":"https:\/\/transferstours.com\/fr\/wp-json\/wp\/v2\/users\/1"}],"replies":[{"embeddable":true,"href":"https:\/\/transferstours.com\/fr\/wp-json\/wp\/v2\/comments?post=3258"}],"version-history":[{"count":0,"href":"https:\/\/transferstours.com\/fr\/wp-json\/wp\/v2\/pages\/3258\/revisions"}],"up":[{"embeddable":true,"href":"https:\/\/transferstours.com\/fr\/wp-json\/wp\/v2\/pages\/3457"}],"wp:featuredmedia":[{"embeddable":true,"href":"https:\/\/transferstours.com\/fr\/wp-json\/wp\/v2\/media\/4210"}],"wp:attachment":[{"href":"https:\/\/transferstours.com\/fr\/wp-json\/wp\/v2\/media?parent=3258"}],"curies":[{"name":"wp","href":"https:\/\/api.w.org\/{rel}","templated":true}]}}