{"id":3299,"date":"2020-12-29T18:43:49","date_gmt":"2020-12-29T18:43:49","guid":{"rendered":"https:\/\/transferstours.com\/vuelos-a-colombia\/"},"modified":"2023-12-04T14:07:42","modified_gmt":"2023-12-04T14:07:42","slug":"vols-ver-la-colombie","status":"publish","type":"page","link":"https:\/\/transferstours.com\/fr\/vols-ver-la-colombie\/","title":{"rendered":"Vols vers la Colombie"},"content":{"rendered":"\t\t<div data-elementor-type=\"wp-page\" data-elementor-id=\"3299\" class=\"elementor elementor-3299\" data-elementor-post-type=\"page\">\n\t\t\t\t\t\t<section class=\"elementor-section elementor-top-section elementor-element elementor-element-af8cfd4 elementor-section-boxed elementor-section-height-default elementor-section-height-default\" data-id=\"af8cfd4\" data-element_type=\"section\" data-e-type=\"section\" data-settings=\"{&quot;background_background&quot;:&quot;classic&quot;}\">\n\t\t\t\t\t\t<div class=\"elementor-container elementor-column-gap-default\">\n\t\t\t\t\t<div class=\"elementor-column elementor-col-100 elementor-top-column elementor-element elementor-element-c5dbe75\" data-id=\"c5dbe75\" data-element_type=\"column\" data-e-type=\"column\">\n\t\t\t<div class=\"elementor-widget-wrap elementor-element-populated\">\n\t\t\t\t\t\t<section class=\"elementor-section elementor-inner-section elementor-element elementor-element-ae9c7ec elementor-section-boxed elementor-section-height-default elementor-section-height-default\" data-id=\"ae9c7ec\" data-element_type=\"section\" data-e-type=\"section\">\n\t\t\t\t\t\t<div class=\"elementor-container elementor-column-gap-default\">\n\t\t\t\t\t<div class=\"elementor-column elementor-col-50 elementor-inner-column elementor-element elementor-element-945f32f\" data-id=\"945f32f\" data-element_type=\"column\" data-e-type=\"column\" data-settings=\"{&quot;background_background&quot;:&quot;classic&quot;}\">\n\t\t\t<div class=\"elementor-widget-wrap elementor-element-populated\">\n\t\t\t\t\t\t<div class=\"elementor-element elementor-element-4c17652 elementor-widget elementor-widget-heading\" data-id=\"4c17652\" data-element_type=\"widget\" data-e-type=\"widget\" data-widget_type=\"heading.default\">\n\t\t\t\t<div class=\"elementor-widget-container\">\n\t\t\t\t\t<h1 class=\"elementor-heading-title elementor-size-small\">Vols vers la Colombie<\/h1>\t\t\t\t<\/div>\n\t\t\t\t<\/div>\n\t\t\t\t\t<\/div>\n\t\t<\/div>\n\t\t\t\t<div class=\"elementor-column elementor-col-50 elementor-inner-column elementor-element elementor-element-5e9488f elementor-hidden-tablet elementor-hidden-phone\" data-id=\"5e9488f\" data-element_type=\"column\" data-e-type=\"column\">\n\t\t\t<div class=\"elementor-widget-wrap\">\n\t\t\t\t\t\t\t<\/div>\n\t\t<\/div>\n\t\t\t\t\t<\/div>\n\t\t<\/section>\n\t\t\t\t\t<\/div>\n\t\t<\/div>\n\t\t\t\t\t<\/div>\n\t\t<\/section>\n\t\t\t\t<section class=\"elementor-section elementor-top-section elementor-element elementor-element-655653a8 elementor-section-content-middle elementor-section-boxed elementor-section-height-default elementor-section-height-default\" data-id=\"655653a8\" data-element_type=\"section\" data-e-type=\"section\" data-settings=\"{&quot;background_background&quot;:&quot;classic&quot;}\">\n\t\t\t\t\t\t<div class=\"elementor-container elementor-column-gap-default\">\n\t\t\t\t\t<div class=\"elementor-column elementor-col-50 elementor-top-column elementor-element elementor-element-3f815678\" data-id=\"3f815678\" data-element_type=\"column\" data-e-type=\"column\">\n\t\t\t<div class=\"elementor-widget-wrap elementor-element-populated\">\n\t\t\t\t\t\t<div class=\"elementor-element elementor-element-7752b2f5 elementor-widget elementor-widget-image\" data-id=\"7752b2f5\" data-element_type=\"widget\" data-e-type=\"widget\" data-widget_type=\"image.default\">\n\t\t\t\t<div class=\"elementor-widget-container\">\n\t\t\t\t\t\t\t\t\t\t\t\t\t\t\t<img fetchpriority=\"high\" decoding=\"async\" width=\"960\" height=\"540\" src=\"https:\/\/transferstours.com\/wp-content\/uploads\/2020\/12\/vuelos-colombia.jpg\" class=\"attachment-full size-full wp-image-1403\" alt=\"vuelos-colombia\" srcset=\"https:\/\/transferstours.com\/wp-content\/uploads\/2020\/12\/vuelos-colombia.jpg 960w, https:\/\/transferstours.com\/wp-content\/uploads\/2020\/12\/vuelos-colombia-300x169.jpg 300w, https:\/\/transferstours.com\/wp-content\/uploads\/2020\/12\/vuelos-colombia-768x432.jpg 768w, https:\/\/transferstours.com\/wp-content\/uploads\/2020\/12\/vuelos-colombia-600x338.jpg 600w\" sizes=\"(max-width: 960px) 100vw, 960px\" \/>\t\t\t\t\t\t\t\t\t\t\t\t\t\t\t<\/div>\n\t\t\t\t<\/div>\n\t\t\t\t<div class=\"elementor-element elementor-element-421e9797 elementor-widget__width-initial elementor-absolute elementor-widget-tablet__width-initial elementor-widget-mobile__width-initial elementor-widget elementor-widget-image\" data-id=\"421e9797\" data-element_type=\"widget\" data-e-type=\"widget\" data-settings=\"{&quot;_position&quot;:&quot;absolute&quot;}\" data-widget_type=\"image.default\">\n\t\t\t\t<div class=\"elementor-widget-container\">\n\t\t\t\t\t\t\t\t\t\t\t\t\t\t\t<img decoding=\"async\" width=\"300\" height=\"200\" src=\"https:\/\/transferstours.com\/wp-content\/uploads\/2020\/12\/hoteles-colombia-300x200.jpg\" class=\"attachment-medium size-medium wp-image-1401\" alt=\"hoteles-colombia\" srcset=\"https:\/\/transferstours.com\/wp-content\/uploads\/2020\/12\/hoteles-colombia-300x200.jpg 300w, https:\/\/transferstours.com\/wp-content\/uploads\/2020\/12\/hoteles-colombia-768x512.jpg 768w, https:\/\/transferstours.com\/wp-content\/uploads\/2020\/12\/hoteles-colombia-600x400.jpg 600w, https:\/\/transferstours.com\/wp-content\/uploads\/2020\/12\/hoteles-colombia.jpg 960w\" sizes=\"(max-width: 300px) 100vw, 300px\" \/>\t\t\t\t\t\t\t\t\t\t\t\t\t\t\t<\/div>\n\t\t\t\t<\/div>\n\t\t\t\t\t<\/div>\n\t\t<\/div>\n\t\t\t\t<div class=\"elementor-column elementor-col-50 elementor-top-column elementor-element elementor-element-762c28ae\" data-id=\"762c28ae\" data-element_type=\"column\" data-e-type=\"column\">\n\t\t\t<div class=\"elementor-widget-wrap elementor-element-populated\">\n\t\t\t\t\t\t<div class=\"elementor-element elementor-element-52589f6e elementor-widget elementor-widget-spacer\" data-id=\"52589f6e\" data-element_type=\"widget\" data-e-type=\"widget\" data-widget_type=\"spacer.default\">\n\t\t\t\t<div class=\"elementor-widget-container\">\n\t\t\t\t\t\t\t<div class=\"elementor-spacer\">\n\t\t\t<div class=\"elementor-spacer-inner\"><\/div>\n\t\t<\/div>\n\t\t\t\t\t\t<\/div>\n\t\t\t\t<\/div>\n\t\t\t\t<div class=\"elementor-element elementor-element-7949b8f5 elementor-widget elementor-widget-heading\" data-id=\"7949b8f5\" data-element_type=\"widget\" data-e-type=\"widget\" data-widget_type=\"heading.default\">\n\t\t\t\t<div class=\"elementor-widget-container\">\n\t\t\t\t\t<h2 class=\"elementor-heading-title elementor-size-default\">Vols ver la Colombie<\/h2>\t\t\t\t<\/div>\n\t\t\t\t<\/div>\n\t\t\t\t<div class=\"elementor-element elementor-element-24ba93d1 elementor-widget elementor-widget-text-editor\" data-id=\"24ba93d1\" data-element_type=\"widget\" data-e-type=\"widget\" data-widget_type=\"text-editor.default\">\n\t\t\t\t<div class=\"elementor-widget-container\">\n\t\t\t\t\t\t\t\t\t<p>Nous vous offrons les meilleures options de recherche en <a href=\"https:\/\/www.jdoqocy.com\/click-100227326-14074512\" target=\"_blank\" rel=\"noopener\">Vols<\/a> et h\u00f4tels selon notre exp\u00e9rience afin que l&#8217;organisation de votre voyage soit planifi\u00e9e selon vos go\u00fbts et votre budget avec des <a href=\"https:\/\/transferstours.com\/ofertas-colombia\/\">offres<\/a> exclusives<\/p>\t\t\t\t\t\t\t\t<\/div>\n\t\t\t\t<\/div>\n\t\t\t\t\t<\/div>\n\t\t<\/div>\n\t\t\t\t\t<\/div>\n\t\t<\/section>\n\t\t\t\t<section class=\"elementor-section elementor-top-section elementor-element elementor-element-bde53df elementor-section-boxed elementor-section-height-default elementor-section-height-default\" data-id=\"bde53df\" data-element_type=\"section\" data-e-type=\"section\">\n\t\t\t\t\t\t<div class=\"elementor-container elementor-column-gap-default\">\n\t\t\t\t\t<div class=\"elementor-column elementor-col-50 elementor-top-column elementor-element elementor-element-63bec5c\" data-id=\"63bec5c\" data-element_type=\"column\" data-e-type=\"column\">\n\t\t\t<div class=\"elementor-widget-wrap elementor-element-populated\">\n\t\t\t\t\t\t<div class=\"elementor-element elementor-element-532f8d3 elementor-widget elementor-widget-button\" data-id=\"532f8d3\" data-element_type=\"widget\" data-e-type=\"widget\" data-widget_type=\"button.default\">\n\t\t\t\t<div class=\"elementor-widget-container\">\n\t\t\t\t\t\t\t\t\t<div class=\"elementor-button-wrapper\">\n\t\t\t\t\t<a class=\"elementor-button elementor-button-link elementor-size-xs\" href=\"https:\/\/www.kqzyfj.com\/click-100227326-11047807\" target=\"_blank\" rel=\"noopener\">\n\t\t\t\t\t\t<span class=\"elementor-button-content-wrapper\">\n\t\t\t\t\t\t<span class=\"elementor-button-icon\">\n\t\t\t\t<i aria-hidden=\"true\" class=\"far fa-hand-point-down\"><\/i>\t\t\t<\/span>\n\t\t\t\t\t\t\t\t\t<span class=\"elementor-button-text\">Promociones aqui <\/span>\n\t\t\t\t\t<\/span>\n\t\t\t\t\t<\/a>\n\t\t\t\t<\/div>\n\t\t\t\t\t\t\t\t<\/div>\n\t\t\t\t<\/div>\n\t\t\t\t<div class=\"elementor-element elementor-element-5f7a9f5 elementor-widget elementor-widget-html\" data-id=\"5f7a9f5\" data-element_type=\"widget\" data-e-type=\"widget\" data-widget_type=\"html.default\">\n\t\t\t\t<div class=\"elementor-widget-container\">\n\t\t\t\t\t<a href=\"https:\/\/www.kqzyfj.com\/click-100227326-11047807\" target=\"_top\" rel=\"noopener\">\r\n<img decoding=\"async\" src=\"https:\/\/www.ftjcfx.com\/image-100227326-11047807\" width=\"300\" height=\"250\" alt=\"\" border=\"0\"\/><\/a>\t\t\t\t<\/div>\n\t\t\t\t<\/div>\n\t\t\t\t\t<\/div>\n\t\t<\/div>\n\t\t\t\t<div class=\"elementor-column elementor-col-50 elementor-top-column elementor-element elementor-element-9395aa9\" data-id=\"9395aa9\" data-element_type=\"column\" data-e-type=\"column\">\n\t\t\t<div class=\"elementor-widget-wrap elementor-element-populated\">\n\t\t\t\t\t\t<div class=\"elementor-element elementor-element-93921cb elementor-widget elementor-widget-text-editor\" data-id=\"93921cb\" data-element_type=\"widget\" data-e-type=\"widget\" data-widget_type=\"text-editor.default\">\n\t\t\t\t<div class=\"elementor-widget-container\">\n\t\t\t\t\t\t\t\t\t<p style=\"text-align: center;\"><strong>Outils pour rechercher des vols<\/strong><\/p><p>Le moyen le plus simple de citer des vols pas chers pour votre voyage et en toute s\u00e9curit\u00e9 sans avoir \u00e0 payer de commissions \u00e9lev\u00e9es et avec les diff\u00e9rentes compagnies a\u00e9riennes de chaque pays profitant des offres de derni\u00e8re minute, c&#8217;est pourquoi nous vous donnerons quelques pr\u00e9cieux conseils lors de la r\u00e9servation d&#8217;un vol et si Si vous n&#8217;avez pas l&#8217;habitude de voyager, nous avons plusieurs <a href=\"https:\/\/transferstours.com\/blog-recomendaciones-de-viaje\/\">recommandations de voyage<\/a> pour vous :<\/p><ul><li>Utilisez des outils fiables pour \u00e9tablir un devis de vol<\/li><li>Si possible, soyez flexible sur vos dates de voyage<\/li><li>\u00c9vitez de chercher des vols en haute saison si vous pouvez les acheter 2 mois \u00e0 l&#8217;avance<\/li><li>Regardez les horaires Les vols de nuit sont moins chers<\/li><li>Participer aux programmes de Miles ou de points des diff\u00e9rentes compagnies a\u00e9riennes (servira dans le futur)<\/li><li>Demandez toujours conseil \u00e0 quelqu&#8217;un en qui vous avez confiance, comme les <a href=\"https:\/\/transferstours.com\/\">transfertstours.com<\/a><\/li><\/ul>\t\t\t\t\t\t\t\t<\/div>\n\t\t\t\t<\/div>\n\t\t\t\t\t<\/div>\n\t\t<\/div>\n\t\t\t\t\t<\/div>\n\t\t<\/section>\n\t\t\t\t<section class=\"elementor-section elementor-top-section elementor-element elementor-element-915c956 elementor-section-boxed elementor-section-height-default elementor-section-height-default\" data-id=\"915c956\" data-element_type=\"section\" data-e-type=\"section\">\n\t\t\t\t\t\t<div class=\"elementor-container elementor-column-gap-default\">\n\t\t\t\t\t<div class=\"elementor-column elementor-col-50 elementor-top-column elementor-element elementor-element-43653a4\" data-id=\"43653a4\" data-element_type=\"column\" data-e-type=\"column\">\n\t\t\t<div class=\"elementor-widget-wrap elementor-element-populated\">\n\t\t\t\t\t\t<div class=\"elementor-element elementor-element-3e6e5dc elementor-widget elementor-widget-text-editor\" data-id=\"3e6e5dc\" data-element_type=\"widget\" data-e-type=\"widget\" data-widget_type=\"text-editor.default\">\n\t\t\t\t<div class=\"elementor-widget-container\">\n\t\t\t\t\t\t\t\t\t<h6>Vols en Am\u00e9rique latine<\/h6><h6><a href=\"https:\/\/www.jdoqocy.com\/click-100227326-14074512\" target=\"_blank\" rel=\"noopener\"><strong>Skyscanner<\/strong><\/a><\/h6><p>Si vous recherchez de bonnes options de vol, nous allons vous proposer un moyen tr\u00e8s simple de citer vos vols avec de nombreuses alternatives et avec l&#8217;un des meilleurs moteurs de recherche de vols au monde. Ici, vous avez la possibilit\u00e9 de rechercher des vols vers plusieurs villes de la m\u00eame voyage pour que vous n&#8217;ayez pas \u00e0 faire des r\u00e9servations diff\u00e9rentes et avec les principales compagnies a\u00e9riennes et avec la garantie de l&#8217;une des entreprises les plus importantes du march\u00e9 des moteurs de recherche de vols.<\/p>\t\t\t\t\t\t\t\t<\/div>\n\t\t\t\t<\/div>\n\t\t\t\t\t<\/div>\n\t\t<\/div>\n\t\t\t\t<div class=\"elementor-column elementor-col-50 elementor-top-column elementor-element elementor-element-9efd5a9\" data-id=\"9efd5a9\" data-element_type=\"column\" data-e-type=\"column\">\n\t\t\t<div class=\"elementor-widget-wrap elementor-element-populated\">\n\t\t\t\t\t\t<div class=\"elementor-element elementor-element-76b10c4 elementor-align-center elementor-widget elementor-widget-button\" data-id=\"76b10c4\" data-element_type=\"widget\" data-e-type=\"widget\" data-widget_type=\"button.default\">\n\t\t\t\t<div class=\"elementor-widget-container\">\n\t\t\t\t\t\t\t\t\t<div class=\"elementor-button-wrapper\">\n\t\t\t\t\t<a class=\"elementor-button elementor-button-link elementor-size-xl\" href=\"https:\/\/www.jdoqocy.com\/click-100227326-14074512%20\" target=\"_blank\" rel=\"noopener\">\n\t\t\t\t\t\t<span class=\"elementor-button-content-wrapper\">\n\t\t\t\t\t\t<span class=\"elementor-button-icon\">\n\t\t\t\t<i aria-hidden=\"true\" class=\"far fa-hand-point-down\"><\/i>\t\t\t<\/span>\n\t\t\t\t\t\t\t\t\t<span class=\"elementor-button-text\">citer ici<\/span>\n\t\t\t\t\t<\/span>\n\t\t\t\t\t<\/a>\n\t\t\t\t<\/div>\n\t\t\t\t\t\t\t\t<\/div>\n\t\t\t\t<\/div>\n\t\t\t\t<div class=\"elementor-element elementor-element-d46a3fd elementor-widget elementor-widget-html\" data-id=\"d46a3fd\" data-element_type=\"widget\" data-e-type=\"widget\" data-widget_type=\"html.default\">\n\t\t\t\t<div class=\"elementor-widget-container\">\n\t\t\t\t\t<a href=\"https:\/\/www.dpbolvw.net\/click-100227326-13455551\" target=\"_top\" rel=\"noopener\">\r\n<img loading=\"lazy\" decoding=\"async\" src=\"https:\/\/www.awltovhc.com\/image-100227326-13455551\" width=\"336\" height=\"280\" alt=\"\" border=\"0\"\/><\/a>\t\t\t\t<\/div>\n\t\t\t\t<\/div>\n\t\t\t\t\t<\/div>\n\t\t<\/div>\n\t\t\t\t\t<\/div>\n\t\t<\/section>\n\t\t\t\t<section class=\"elementor-section elementor-top-section elementor-element elementor-element-4fdb497 elementor-section-boxed elementor-section-height-default elementor-section-height-default\" data-id=\"4fdb497\" data-element_type=\"section\" data-e-type=\"section\">\n\t\t\t\t\t\t<div class=\"elementor-container elementor-column-gap-default\">\n\t\t\t\t\t<div class=\"elementor-column elementor-col-33 elementor-top-column elementor-element elementor-element-88b0713\" data-id=\"88b0713\" data-element_type=\"column\" data-e-type=\"column\">\n\t\t\t<div class=\"elementor-widget-wrap elementor-element-populated\">\n\t\t\t\t\t\t<div class=\"elementor-element elementor-element-39dce58 elementor-widget elementor-widget-button\" data-id=\"39dce58\" data-element_type=\"widget\" data-e-type=\"widget\" data-widget_type=\"button.default\">\n\t\t\t\t<div class=\"elementor-widget-container\">\n\t\t\t\t\t\t\t\t\t<div class=\"elementor-button-wrapper\">\n\t\t\t\t\t<a class=\"elementor-button elementor-size-xs\" role=\"button\">\n\t\t\t\t\t\t<span class=\"elementor-button-content-wrapper\">\n\t\t\t\t\t\t<span class=\"elementor-button-icon\">\n\t\t\t\t<i aria-hidden=\"true\" class=\"far fa-hand-point-down\"><\/i>\t\t\t<\/span>\n\t\t\t\t\t\t\t\t\t<span class=\"elementor-button-text\">Promociones aqui<\/span>\n\t\t\t\t\t<\/span>\n\t\t\t\t\t<\/a>\n\t\t\t\t<\/div>\n\t\t\t\t\t\t\t\t<\/div>\n\t\t\t\t<\/div>\n\t\t\t\t<div class=\"elementor-element elementor-element-0e500c7 elementor-widget elementor-widget-html\" data-id=\"0e500c7\" data-element_type=\"widget\" data-e-type=\"widget\" data-widget_type=\"html.default\">\n\t\t\t\t<div class=\"elementor-widget-container\">\n\t\t\t\t\t<a href=\"https:\/\/www.hotelscombined.es?a_aid=230087&amp;label=transferstours\" target=\"_blank\" rel=\"nofollow noopener\"><img decoding=\"async\" src=\"https:\/\/assets.portalhc.com\/banners\/affiliate\/es\/ES_300x250_CompreBookSave+V2.jpg\" alt=\"Ahorra en tu hotel - hotelscombined.es\" title=\"Ahorra en tu hotel - hotelscombined.es\" border=\"0\" \/><\/a>\r\n\t\t\t\t<\/div>\n\t\t\t\t<\/div>\n\t\t\t\t\t<\/div>\n\t\t<\/div>\n\t\t\t\t<div class=\"elementor-column elementor-col-66 elementor-top-column elementor-element elementor-element-bca2dcf\" data-id=\"bca2dcf\" data-element_type=\"column\" data-e-type=\"column\">\n\t\t\t<div class=\"elementor-widget-wrap elementor-element-populated\">\n\t\t\t\t\t\t<div class=\"elementor-element elementor-element-eb1b8ab elementor-widget elementor-widget-heading\" data-id=\"eb1b8ab\" data-element_type=\"widget\" data-e-type=\"widget\" data-widget_type=\"heading.default\">\n\t\t\t\t<div class=\"elementor-widget-container\">\n\t\t\t\t\t<h4 class=\"elementor-heading-title elementor-size-default\"><a href=\"https:\/\/www.awin1.com\/cread.php?awinmid=18119&#038;awinaffid=732887&#038;ued=https%3A%2F%2Fwww.booking.com\" target=\"_blank\" rel=\"noopener\">H\u00f4tels avec les meilleures offres<\/a><\/h4>\t\t\t\t<\/div>\n\t\t\t\t<\/div>\n\t\t\t\t<div class=\"elementor-element elementor-element-036a6bc elementor-widget elementor-widget-text-editor\" data-id=\"036a6bc\" data-element_type=\"widget\" data-e-type=\"widget\" data-widget_type=\"text-editor.default\">\n\t\t\t\t<div class=\"elementor-widget-container\">\n\t\t\t\t\t\t\t\t\t<p>Lorsqu&#8217;il s&#8217;agit de choisir un h\u00e9bergement dans notre exp\u00e9rience, le confort joue un r\u00f4le cl\u00e9 dans la r\u00e9ussite de tout voyage. Un h\u00f4tel \u00e0 la hauteur de nos attentes contribuera sans aucun doute \u00e0 notre satisfaction personnelle. Au-del\u00e0 de la cat\u00e9gorie ou de la structure, ce que nous attendons d&#8217;un \u00e9tablissement, c&#8217;est que les prestations pour lesquelles nous avons pay\u00e9 r\u00e9pondent aux normes de qualit\u00e9 et le repos est un \u00e9l\u00e9ment fondamental de notre aventure de voyage et nos meilleurs conseils \u00e0 retenir sont :<\/p><ul><li>Le m\u00e9nage<\/li><li>Le lit<\/li><li>Bain priv\u00e9<\/li><li>Service Wi-Fi (gratuit)<\/li><\/ul>\t\t\t\t\t\t\t\t<\/div>\n\t\t\t\t<\/div>\n\t\t\t\t\t<\/div>\n\t\t<\/div>\n\t\t\t\t\t<\/div>\n\t\t<\/section>\n\t\t\t\t<section class=\"elementor-section elementor-top-section elementor-element elementor-element-6a4dbd4c elementor-section-boxed elementor-section-height-default elementor-section-height-default\" data-id=\"6a4dbd4c\" data-element_type=\"section\" data-e-type=\"section\" data-settings=\"{&quot;background_background&quot;:&quot;classic&quot;}\">\n\t\t\t\t\t\t\t<div class=\"elementor-background-overlay\"><\/div>\n\t\t\t\t\t\t\t<div class=\"elementor-container elementor-column-gap-no\">\n\t\t\t\t\t<div class=\"elementor-column elementor-col-100 elementor-top-column elementor-element elementor-element-6e291ad7\" data-id=\"6e291ad7\" data-element_type=\"column\" data-e-type=\"column\">\n\t\t\t<div class=\"elementor-widget-wrap elementor-element-populated\">\n\t\t\t\t\t\t<section class=\"elementor-section elementor-inner-section elementor-element elementor-element-32ffbc4d elementor-section-boxed elementor-section-height-default elementor-section-height-default\" data-id=\"32ffbc4d\" data-element_type=\"section\" data-e-type=\"section\">\n\t\t\t\t\t\t<div class=\"elementor-container elementor-column-gap-default\">\n\t\t\t\t\t<div class=\"elementor-column elementor-col-100 elementor-inner-column elementor-element elementor-element-37bb831b\" data-id=\"37bb831b\" data-element_type=\"column\" data-e-type=\"column\">\n\t\t\t<div class=\"elementor-widget-wrap elementor-element-populated\">\n\t\t\t\t\t\t<div class=\"elementor-element elementor-element-109dab3d elementor-widget elementor-widget-heading\" data-id=\"109dab3d\" data-element_type=\"widget\" data-e-type=\"widget\" data-widget_type=\"heading.default\">\n\t\t\t\t<div class=\"elementor-widget-container\">\n\t\t\t\t\t<h2 class=\"elementor-heading-title elementor-size-default\">Obtenez une exp\u00e9rience de voyage fluide<\/h2>\t\t\t\t<\/div>\n\t\t\t\t<\/div>\n\t\t\t\t<div class=\"elementor-element elementor-element-30bbeb0d elementor-widget elementor-widget-text-editor\" data-id=\"30bbeb0d\" data-element_type=\"widget\" data-e-type=\"widget\" data-widget_type=\"text-editor.default\">\n\t\t\t\t<div class=\"elementor-widget-container\">\n\t\t\t\t\t\t\t\t\t<p>Une exp\u00e9rience inoubliable que vous aurez envie de r\u00e9p\u00e9ter<\/p>\t\t\t\t\t\t\t\t<\/div>\n\t\t\t\t<\/div>\n\t\t\t\t<div class=\"elementor-element elementor-element-6d6f657e elementor-widget-divider--view-line elementor-widget elementor-widget-divider\" data-id=\"6d6f657e\" data-element_type=\"widget\" data-e-type=\"widget\" data-widget_type=\"divider.default\">\n\t\t\t\t<div class=\"elementor-widget-container\">\n\t\t\t\t\t\t\t<div class=\"elementor-divider\">\n\t\t\t<span class=\"elementor-divider-separator\">\n\t\t\t\t\t\t<\/span>\n\t\t<\/div>\n\t\t\t\t\t\t<\/div>\n\t\t\t\t<\/div>\n\t\t\t\t\t<\/div>\n\t\t<\/div>\n\t\t\t\t\t<\/div>\n\t\t<\/section>\n\t\t\t\t\t<\/div>\n\t\t<\/div>\n\t\t\t\t\t<\/div>\n\t\t<\/section>\n\t\t\t\t<\/div>\n\t\t","protected":false},"excerpt":{"rendered":"<p>Vols vers la Colombie Vols ver la Colombie Nous vous offrons les meilleures options de recherche en Vols et h\u00f4tels selon notre exp\u00e9rience afin que l&#8217;organisation de votre voyage soit planifi\u00e9e selon vos go\u00fbts et votre budget avec des offres exclusives Promociones aqui Outils pour rechercher des vols Le moyen le plus simple de citer [&hellip;]<\/p>\n","protected":false},"author":1,"featured_media":4947,"parent":0,"menu_order":0,"comment_status":"closed","ping_status":"closed","template":"elementor_header_footer","meta":{"footnotes":""},"class_list":["post-3299","page","type-page","status-publish","has-post-thumbnail","hentry"],"_links":{"self":[{"href":"https:\/\/transferstours.com\/fr\/wp-json\/wp\/v2\/pages\/3299","targetHints":{"allow":["GET"]}}],"collection":[{"href":"https:\/\/transferstours.com\/fr\/wp-json\/wp\/v2\/pages"}],"about":[{"href":"https:\/\/transferstours.com\/fr\/wp-json\/wp\/v2\/types\/page"}],"author":[{"embeddable":true,"href":"https:\/\/transferstours.com\/fr\/wp-json\/wp\/v2\/users\/1"}],"replies":[{"embeddable":true,"href":"https:\/\/transferstours.com\/fr\/wp-json\/wp\/v2\/comments?post=3299"}],"version-history":[{"count":0,"href":"https:\/\/transferstours.com\/fr\/wp-json\/wp\/v2\/pages\/3299\/revisions"}],"wp:featuredmedia":[{"embeddable":true,"href":"https:\/\/transferstours.com\/fr\/wp-json\/wp\/v2\/media\/4947"}],"wp:attachment":[{"href":"https:\/\/transferstours.com\/fr\/wp-json\/wp\/v2\/media?parent=3299"}],"curies":[{"name":"wp","href":"https:\/\/api.w.org\/{rel}","templated":true}]}}