{"id":3326,"date":"2020-09-26T03:47:19","date_gmt":"2020-09-26T03:47:19","guid":{"rendered":"https:\/\/transferstours.com\/leyes-de-turismo-en-colombia\/"},"modified":"2023-12-04T14:02:36","modified_gmt":"2023-12-04T14:02:36","slug":"lois-sur-le-tourisme-en-colombie","status":"publish","type":"page","link":"https:\/\/transferstours.com\/fr\/lois-sur-le-tourisme-en-colombie\/","title":{"rendered":"Lois Sur Le Tourisme En Colombie"},"content":{"rendered":"\t\t<div data-elementor-type=\"wp-page\" data-elementor-id=\"3326\" class=\"elementor elementor-3326\" data-elementor-post-type=\"page\">\n\t\t\t\t\t\t<section class=\"elementor-section elementor-top-section elementor-element elementor-element-6b76e0f elementor-section-boxed elementor-section-height-default elementor-section-height-default\" data-id=\"6b76e0f\" data-element_type=\"section\" data-e-type=\"section\">\n\t\t\t\t\t\t<div class=\"elementor-container elementor-column-gap-default\">\n\t\t\t\t\t<div class=\"elementor-column elementor-col-100 elementor-top-column elementor-element elementor-element-b4d4b68\" data-id=\"b4d4b68\" data-element_type=\"column\" data-e-type=\"column\">\n\t\t\t<div class=\"elementor-widget-wrap elementor-element-populated\">\n\t\t\t\t\t\t<div class=\"elementor-element elementor-element-4408a93 elementor-widget elementor-widget-heading\" data-id=\"4408a93\" data-element_type=\"widget\" data-e-type=\"widget\" data-widget_type=\"heading.default\">\n\t\t\t\t<div class=\"elementor-widget-container\">\n\t\t\t\t\t<h1 class=\"elementor-heading-title elementor-size-xxl\"><a href=\"https:\/\/transferstours.com\/\">lois sur le tourisme en Colombie<\/a><\/h1>\t\t\t\t<\/div>\n\t\t\t\t<\/div>\n\t\t\t\t\t<\/div>\n\t\t<\/div>\n\t\t\t\t\t<\/div>\n\t\t<\/section>\n\t\t\t\t<section class=\"elementor-section elementor-top-section elementor-element elementor-element-4736572 elementor-section-boxed elementor-section-height-default elementor-section-height-default\" data-id=\"4736572\" data-element_type=\"section\" data-e-type=\"section\">\n\t\t\t\t\t\t<div class=\"elementor-container elementor-column-gap-default\">\n\t\t\t\t\t<div class=\"elementor-column elementor-col-100 elementor-top-column elementor-element elementor-element-a08fd9d\" data-id=\"a08fd9d\" data-element_type=\"column\" data-e-type=\"column\">\n\t\t\t<div class=\"elementor-widget-wrap elementor-element-populated\">\n\t\t\t\t\t\t<div class=\"elementor-element elementor-element-5ad31f7 elementor-widget elementor-widget-image\" data-id=\"5ad31f7\" data-element_type=\"widget\" data-e-type=\"widget\" data-widget_type=\"image.default\">\n\t\t\t\t<div class=\"elementor-widget-container\">\n\t\t\t\t\t\t\t\t\t\t\t\t\t\t\t<img fetchpriority=\"high\" decoding=\"async\" width=\"580\" height=\"326\" src=\"https:\/\/transferstours.com\/wp-content\/uploads\/2021\/01\/leyes-de-turismo-768x432.png\" class=\"attachment-medium_large size-medium_large wp-image-1521\" alt=\"leyes-de-turismo\" srcset=\"https:\/\/transferstours.com\/wp-content\/uploads\/2021\/01\/leyes-de-turismo-768x432.png 768w, https:\/\/transferstours.com\/wp-content\/uploads\/2021\/01\/leyes-de-turismo-300x169.png 300w, https:\/\/transferstours.com\/wp-content\/uploads\/2021\/01\/leyes-de-turismo-1024x576.png 1024w, https:\/\/transferstours.com\/wp-content\/uploads\/2021\/01\/leyes-de-turismo-1200x675.png 1200w, https:\/\/transferstours.com\/wp-content\/uploads\/2021\/01\/leyes-de-turismo.png 1280w\" sizes=\"(max-width: 580px) 100vw, 580px\" \/>\t\t\t\t\t\t\t\t\t\t\t\t\t\t\t<\/div>\n\t\t\t\t<\/div>\n\t\t\t\t\t<\/div>\n\t\t<\/div>\n\t\t\t\t\t<\/div>\n\t\t<\/section>\n\t\t\t\t<section class=\"elementor-section elementor-top-section elementor-element elementor-element-e3c8f4e elementor-section-boxed elementor-section-height-default elementor-section-height-default\" data-id=\"e3c8f4e\" data-element_type=\"section\" data-e-type=\"section\">\n\t\t\t\t\t\t<div class=\"elementor-container elementor-column-gap-default\">\n\t\t\t\t\t<div class=\"elementor-column elementor-col-100 elementor-top-column elementor-element elementor-element-b8e2170\" data-id=\"b8e2170\" data-element_type=\"column\" data-e-type=\"column\">\n\t\t\t<div class=\"elementor-widget-wrap elementor-element-populated\">\n\t\t\t\t\t\t<div class=\"elementor-element elementor-element-5ba4589 elementor-widget elementor-widget-text-editor\" data-id=\"5ba4589\" data-element_type=\"widget\" data-e-type=\"widget\" data-widget_type=\"text-editor.default\">\n\t\t\t\t<div class=\"elementor-widget-container\">\n\t\t\t\t\t\t\t\t\t<h2 style=\"text-align: center;\">Engagements touristiques et lois pour prot\u00e9ger l&#8217;int\u00e9grit\u00e9 de notre Colombie<\/h2><p style=\"text-align: center;\"><a href=\"https:\/\/www.mincit.gov.co\/minturismo\/viceministerio\" target=\"_blank\" rel=\"noopener\">https:\/\/www.mincit.gov.co\/minturismo\/viceministerio<\/a><\/p><h3 style=\"text-align: center;\">contre l&#8217;exploitation sexuelle des mineurs<\/h3><p>Loi 679 de 2001 : Contre l&#8217;exploitation, la pornographie et le tourisme sexuel avec des mineurs<\/p><p>Transferts &amp; Tours S.A.S. informe que conform\u00e9ment aux dispositions de l&#8217;article 16 de la loi 679 de 2001 \u00e9mise par le Congr\u00e8s de la R\u00e9publique de Colombie, avec laquelle des dispositions sont \u00e9mises pour pr\u00e9venir et lutter contre l&#8217;exploitation, la pornographie et le tourisme sexuel avec des mineurs , nous rejetons l&#8217;exploitation pornographique, le sexe l&#8217;exploitation des enfants et des adolescents, ou tout type de tourisme sexuel avec des mineurs, en nous engageant \u00e0 respecter \u00e0 tout moment l&#8217;article 44 de la Constitution colombienne.<\/p><h3 style=\"text-align: center;\">Des engagements pour prot\u00e9ger notre faune et notre flore<\/h3><p style=\"text-align: center;\"><a href=\"https:\/\/www.minambiente.gov.co\/\" target=\"_blank\" rel=\"noopener\">https:\/\/www.minambiente.gov.co\/<\/a><\/p><p>Loi 17 de 1981 : Contre le trafic d&#8217;esp\u00e8ces de faune et de flore sauvages<\/p><p>Transferts &amp; circuits S.A.S. est r\u00e9gie par cette loi, qui emp\u00eache le trafic et la commercialisation illicites des esp\u00e8ces de faune et de flore sauvages, et s&#8217;engage \u00e0 signaler tout acte qui enfreindrait cette loi. Diffusion du patrimoine culturel et naturel<\/p><h3 style=\"text-align: center;\">engagement protection patrimoine culturel<\/h3><p>Loi 397 de 1997 : Des r\u00e8gles sur le patrimoine culturel sont publi\u00e9es<\/p><p>Transferts &amp; Tours S.A.S. est r\u00e9gie par cette loi qui \u00e9dicte des r\u00e8gles sur le patrimoine culturel ainsi que sur les promotions et les incitations \u00e0 la culture et agit conform\u00e9ment \u00e0 la loi 397 de 1997 sur la promotion, la pr\u00e9vention et les d\u00e9lits et le trafic illicite du patrimoine culturel. Il agit conform\u00e9ment \u00e0 la loi 2811 de 74 pour la pr\u00e9servation et la gestion des ressources naturelles, et aux d\u00e9crets 622 de 77 et 1715 de 78 pour promouvoir les sites naturels et un comportement responsable dans ceux-ci.<\/p><h3 style=\"text-align: center;\">Protection des droits contre le racisme et la discrimination<\/h3><p>Loi 1482 de 2011 : Anti-discrimination<\/p><p><a href=\"https:\/\/transferstours.com\/\">Transferts &amp; Tours<\/a> S.A.S. est r\u00e9gie par cette loi, par laquelle elle rejette les conduites ou comportements de harc\u00e8lement ou de discrimination qui causent des dommages physiques et\/ou moraux en raison de l&#8217;ethnie, de la race, de la religion, de la nationalit\u00e9, de l&#8217;id\u00e9ologie politique ou philosophique, du sexe ou de l&#8217;orientation sexuelle.<\/p><h3 style=\"text-align: center;\">\u00a0 Pr\u00e9vention de la consommation de tabac et d&#8217;alcool<\/h3><p>Loi 1335 de 2009\u00a0: Des mesures sont adopt\u00e9es en ce qui concerne la consommation de cigarettes ou de tabac<\/p><p><a href=\"https:\/\/transferstours.com\/\">Transferts &amp; Tours<\/a> S.A.S. est r\u00e9gie par cette loi, qui pr\u00e9vient les atteintes \u00e0 la sant\u00e9 des mineurs, de la population non-fumeuse, et pr\u00e9cise les politiques publiques de pr\u00e9vention de la consommation de tabac. Nos espaces sont sans fum\u00e9e.<\/p><p>Nos lois s&#8217;appliquent et apparaissent dans les principaux moteurs de recherche :<\/p><p><a href=\"https:\/\/transferstours.com\/\">Google Internet Explorer Firefox<\/a><\/p><p>Tous les droits sont r\u00e9serv\u00e9s<\/p>\t\t\t\t\t\t\t\t<\/div>\n\t\t\t\t<\/div>\n\t\t\t\t\t<\/div>\n\t\t<\/div>\n\t\t\t\t\t<\/div>\n\t\t<\/section>\n\t\t\t\t<\/div>\n\t\t","protected":false},"excerpt":{"rendered":"<p>lois sur le tourisme en Colombie Engagements touristiques et lois pour prot\u00e9ger l&#8217;int\u00e9grit\u00e9 de notre Colombie https:\/\/www.mincit.gov.co\/minturismo\/viceministerio contre l&#8217;exploitation sexuelle des mineurs Loi 679 de 2001 : Contre l&#8217;exploitation, la pornographie et le tourisme sexuel avec des mineurs Transferts &amp; Tours S.A.S. informe que conform\u00e9ment aux dispositions de l&#8217;article 16 de la loi 679 de [&hellip;]<\/p>\n","protected":false},"author":1,"featured_media":3327,"parent":0,"menu_order":0,"comment_status":"closed","ping_status":"closed","template":"elementor_header_footer","meta":{"footnotes":""},"class_list":["post-3326","page","type-page","status-publish","has-post-thumbnail","hentry"],"_links":{"self":[{"href":"https:\/\/transferstours.com\/fr\/wp-json\/wp\/v2\/pages\/3326","targetHints":{"allow":["GET"]}}],"collection":[{"href":"https:\/\/transferstours.com\/fr\/wp-json\/wp\/v2\/pages"}],"about":[{"href":"https:\/\/transferstours.com\/fr\/wp-json\/wp\/v2\/types\/page"}],"author":[{"embeddable":true,"href":"https:\/\/transferstours.com\/fr\/wp-json\/wp\/v2\/users\/1"}],"replies":[{"embeddable":true,"href":"https:\/\/transferstours.com\/fr\/wp-json\/wp\/v2\/comments?post=3326"}],"version-history":[{"count":0,"href":"https:\/\/transferstours.com\/fr\/wp-json\/wp\/v2\/pages\/3326\/revisions"}],"wp:featuredmedia":[{"embeddable":true,"href":"https:\/\/transferstours.com\/fr\/wp-json\/wp\/v2\/media\/3327"}],"wp:attachment":[{"href":"https:\/\/transferstours.com\/fr\/wp-json\/wp\/v2\/media?parent=3326"}],"curies":[{"name":"wp","href":"https:\/\/api.w.org\/{rel}","templated":true}]}}