{"id":3331,"date":"2020-09-26T04:22:37","date_gmt":"2020-09-26T04:22:37","guid":{"rendered":"https:\/\/transferstours.com\/terminos-y-condiciones\/"},"modified":"2022-07-26T06:17:36","modified_gmt":"2022-07-26T06:17:36","slug":"termes-et-conditions","status":"publish","type":"page","link":"https:\/\/transferstours.com\/fr\/termes-et-conditions\/","title":{"rendered":"TERMES ET CONDITIONS"},"content":{"rendered":"\t\t<div data-elementor-type=\"wp-page\" data-elementor-id=\"3331\" class=\"elementor elementor-3331\" data-elementor-post-type=\"page\">\n\t\t\t\t\t\t<section class=\"elementor-section elementor-top-section elementor-element elementor-element-f346793 elementor-section-boxed elementor-section-height-default elementor-section-height-default\" data-id=\"f346793\" data-element_type=\"section\" data-e-type=\"section\">\n\t\t\t\t\t\t<div class=\"elementor-container elementor-column-gap-default\">\n\t\t\t\t\t<div class=\"elementor-column elementor-col-100 elementor-top-column elementor-element elementor-element-a12dcc5\" data-id=\"a12dcc5\" data-element_type=\"column\" data-e-type=\"column\">\n\t\t\t<div class=\"elementor-widget-wrap elementor-element-populated\">\n\t\t\t\t\t\t<div class=\"elementor-element elementor-element-38755c6 elementor-widget elementor-widget-text-editor\" data-id=\"38755c6\" data-element_type=\"widget\" data-e-type=\"widget\" data-widget_type=\"text-editor.default\">\n\t\t\t\t<div class=\"elementor-widget-container\">\n\t\t\t\t\t\t\t\t\t<header>\n<h3>TERMES ET CONDITIONS<\/h3>\n<\/header>\n<p style=\"text-align: center;\"><strong>Termes et conditions<\/strong><\/p>\n<p style=\"text-align: center;\"><strong>Transfers &amp; Tours s.a.s<\/strong><\/p>\n<p><strong>&nbsp;<\/strong><\/p>\n<p>Transfers &amp; Tours s.a.s op\u00e8re en Colombie et propose une vari\u00e9t\u00e9 de circuits et de services via son site Web (<strong>transferstours.com<\/strong>).<\/p>\n<p>Nos conditions g\u00e9n\u00e9rales contiennent des obligations l\u00e9gales, veuillez les lire attentivement. Elles constituent la base d&#8217;acceptation des r\u00e9servations chez Transfers &amp; Tours s.a.s.<\/p>\n<p>Les achats effectu\u00e9s par le biais de transfertstours.com ou de tout site Web affili\u00e9 \u00e0 transfertstours.com sont soumis aux pr\u00e9sentes conditions g\u00e9n\u00e9rales&nbsp;; Pour toute r\u00e9servation, la personne effectuant la r\u00e9servation sera r\u00e9put\u00e9e avoir accept\u00e9 ces conditions au nom des personnes figurant sur la r\u00e9servation.<\/p>\n<p>Aucune modification de ces Termes et Conditions ne sera valable \u00e0 moins d&#8217;\u00eatre faite par \u00e9crit et avec l&#8217;autorisation de Transfers &amp; Tours s.a.s.<\/p>\n<p><strong>Condition d&#8217;utilisation<\/strong><\/p>\n<ul>\n<li>En utilisant transfertours.com, vous acceptez et acceptez ces termes, qui entrent en vigueur imm\u00e9diatement.<\/li>\n<li>Transfers &amp; Tours peut modifier ces Termes et Conditions \u00e0 tout moment en publiant les modifications sur Internet. Veuillez consulter ces Termes et Conditions p\u00e9riodiquement pour vous assurer que vous \u00eates au courant de toute modification apport\u00e9e par Transfers &amp; Tours s.a.s.<\/li>\n<li>Vous ne pouvez pas copier, reproduire, republier, t\u00e9l\u00e9charger, publier, diffuser, transmettre, mettre \u00e0 la disposition du public ou utiliser autrement le contenu de transfertstours.com (y compris le texte, les images, les URL, les informations sur les prix, etc.) de quelque mani\u00e8re que ce soit, sauf pour votre usage personnel et non commercial. Toute autre utilisation du contenu de transfertstours.com<\/li>\n<li>Les informations pr\u00e9sentes sur transfertstours.com ont un caract\u00e8re personnel et non commercial, il s&#8217;agit d&#8217;obtenir des informations sur les services et d&#8217;effectuer des demandes l\u00e9gitimes de r\u00e9servation des produits ou services propos\u00e9s. Vous vous engagez \u00e0 ne pas utiliser ce site pour faire une sollicitation sp\u00e9culative, fausse ou frauduleuse. De m\u00eame, vous vous engagez \u00e0 ne pas utiliser de robots ou tout autre moyen automatis\u00e9 d&#8217;acc\u00e8s \u00e0 ce site, sauf autorisation expresse du repr\u00e9sentant de transferts &amp; tours s.a.s.<\/li>\n<\/ul>\n<p><b>validit\u00e9 du produit<\/b><\/p>\n<p>Tous les produits, circuits et services propos\u00e9s par Transfers &amp; Tours sont valables aux dates indiqu\u00e9es en ligne sur transfertours.com. Vous n&#8217;\u00eates pas responsable des informations que vous n&#8217;avez pas fournies directement.<\/p>\n<p>Toutes les demandes de modifications ou de rectifications doivent \u00eatre adress\u00e9es \u00e0 l&#8217;email du service client<\/p>\n<p>Transfers &amp; Tours ne facture rien pour modifier ou changer les dates d&#8217;une r\u00e9servation existante, \u00e0 condition que notre \u00e9quipe du service client re\u00e7oive la demande au moins trois (3) jours avant la date de votre voyage confirm\u00e9.<\/p>\n<p>Toutes les autres demandes de changement de date et modifications d\u00e9pendront de la disponibilit\u00e9 de nos vendeurs et\/ou prestataires de services&nbsp;; Transfers &amp; Tours ne peut garantir le respect de toute demande de changement de date.<\/p>\n<p>Si vous demandez un changement de date dans les trois (3) jours pr\u00e9c\u00e9dant votre date de voyage confirm\u00e9e, Transfers &amp; Tours s.a.s prendra votre demande en compte ; mais les modifications apport\u00e9es dans les trois jours suivant la date de voyage initiale peuvent entra\u00eener des frais suppl\u00e9mentaires. Pour les circuits de plusieurs jours ou de plusieurs nuits, les changements de date effectu\u00e9s dans les sept (7) jours suivant la date de votre voyage confirm\u00e9 peuvent \u00e9galement entra\u00eener des frais suppl\u00e9mentaires de la part de nos revendeurs ou prestataires de services.<\/p>\n<p>Si vous effectuez un achat promotionnel aupr\u00e8s de Transfers &amp; Tours ou si vous acceptez une r\u00e9duction lors du processus de paiement, votre r\u00e9duction ou offre sp\u00e9ciale peut \u00eatre annul\u00e9e en apportant des changements ou des modifications \u00e0 votre itin\u00e9raire une fois l&#8217;achat termin\u00e9. Transfers &amp; Tours s.a.s peut d\u00e9cider, \u00e0 sa seule discr\u00e9tion, d&#8217;accepter votre r\u00e9duction ou offre sp\u00e9ciale si vous apportez un changement ou une modification \u00e0 votre itin\u00e9raire une fois l&#8217;achat termin\u00e9.<\/p>\n<p>Occasionnellement, nos fournisseurs et\/ou prestataires de services modifient les dates des circuits, les prix, les inclusions, la couverture, les conditions d&#8217;\u00e2ge, Transfers &amp; Tours s.a.s se r\u00e9serve le droit d&#8217;annuler, de modifier ou de remplacer tout service, circuit, billet ou produit que vous avez r\u00e9serv\u00e9 sur transfertours.com, \u00e0 tout moment et pour quelque raison que ce soit. Si vous n&#8217;\u00eates pas satisfait des alternatives que nous proposons, vous avez droit \u00e0 un remboursement complet du prix d&#8217;achat initial.<\/p>\n<p>Nonobstant ce qui pr\u00e9c\u00e8de, lorsque nos agents, prestataires de services et\/ou fournisseurs nous informent \u00e0 l&#8217;avance d&#8217;un changement significatif dans une r\u00e9servation ou dans un circuit, un produit ou un \u00e9v\u00e9nement, nous nous effor\u00e7ons d&#8217;en informer le consommateur, l&#8217;agence de voyage et\/ou le distributeur d\u00e8s que possible. le cas \u00e9ch\u00e9ant, de modifier ou de r\u00e9\u00e9mettre la r\u00e9servation dans la mesure du possible.<\/p>\n<p><span style=\"font-size: inherit; text-align: inherit; letter-spacing: -0.015em;\"><b>Prix, inclusions et exclusions<\/b><\/span><\/p>\n<ul>\n<li><span style=\"font-size: inherit; text-align: inherit; letter-spacing: -0.015em;\">Les prix qui apparaissent sur transfertours.com sont par personne, sauf indication contraire.<\/span><\/li>\n<li>Les prix sont bas\u00e9s sur le tarif local au moment du devis, converti en utilisant le taux de change en vigueur tel que d\u00e9termin\u00e9 par Transfers &amp; Tours<\/li>\n<li>Les devis sont sujets \u00e0 changement sans pr\u00e9avis jusqu&#8217;\u00e0 ce qu&#8217;une r\u00e9servation soit confirm\u00e9e.<\/li>\n<li>Sauf indication contraire, les prix n&#8217;incluent pas les taxes locales ou les frais d&#8217;utilisation, y compris la s\u00e9curit\u00e9, ou les taxes de transport international.<\/li>\n<li>Les prix n&#8217;incluent pas les pourboires aux chauffeurs ou guides locaux; assurance personnelle et bagages; tout \u00e9l\u00e9ment de nature personnelle ; et toute boisson ou nourriture non sp\u00e9cifiquement incluse dans la visite.<\/li>\n<\/ul>\n<p><b>Paiements et annulations<\/b><\/p>\n<p>Transfers &amp; Tours s.a.s accepte les cartes de cr\u00e9dit suivantes : Mastercard, Visa et American Express. Cartes de d\u00e9bit et paiements en esp\u00e8ces<\/p>\n<p>Il n&#8217;y aura aucun frais ou commission pour le traitement des paiements par carte de cr\u00e9dit ou de d\u00e9bit.<\/p>\n<p>Pour effectuer une r\u00e9servation, le paiement int\u00e9gral par carte de cr\u00e9dit ou de d\u00e9bit est requis.<\/p>\n<p><span style=\"font-size: inherit; text-align: inherit; letter-spacing: -0.015em;\">Aucun remboursement ne sera offert une fois la visite ou le service commenc\u00e9, ou en relation avec les forfaits, l&#8217;h\u00e9bergement, la nourriture ou d&#8217;autres services utilis\u00e9s.<\/span><\/p>\n<p><span style=\"font-size: inherit; text-align: inherit; letter-spacing: -0.015em;\"><b>Autres services et produits touristiques<\/b><\/span><\/p>\n<ul>\n<li>&nbsp;<\/li>\n<li>Si vous annulez au moins 7 jours avant, aucun frais d&#8217;annulation ne s&#8217;appliquera.<\/li>\n<li>Si vous annulez entre 3 et 6 jours avant, des frais d&#8217;annulation de 50% s&#8217;appliqueront.<\/li>\n<li>Si vous annulez dans les 2 jours, des frais d&#8217;annulation de 100% s&#8217;appliqueront.<\/li>\n<li>La valeur de la transaction peut \u00eatre soumise \u00e0 des taxes, des transactions \u00e9trang\u00e8res, des op\u00e9rations de change ou d&#8217;autres d\u00e9penses. Votre banque ou soci\u00e9t\u00e9 de carte de cr\u00e9dit ou de d\u00e9bit peut convertir le paiement en devise locale et facturer des frais, ce qui entra\u00eenera des diff\u00e9rences entre le montant qui appara\u00eet sur transfertours.com et le montant final qui sera d\u00e9bit\u00e9 de votre compte bancaire ou qui appara\u00eetra sur votre relev\u00e9 de carte de cr\u00e9dit ou de d\u00e9bit. Contactez votre banque ou votre soci\u00e9t\u00e9 de carte si vous avez des questions sur les conversions ou les frais.<\/li>\n<\/ul>\n<p><b>Traitement des paiements<\/b><\/p>\n<ul>\n<li>En vertu de cet accord, les services de traitement des paiements pour les services achet\u00e9s sur ce site Web sont fournis par Payu Latin America ou Bancolombia<\/li>\n<\/ul>\n<p><b>Passeports, visas et assurances<\/b><\/p>\n<ul>\n<li>&nbsp;<\/li>\n<li>Il appartient \u00e0 tout passager, quelles que soient sa nationalit\u00e9 et sa destination, de v\u00e9rifier aupr\u00e8s du consulat du pays qu&#8217;il va visiter les conditions d&#8217;entr\u00e9e en vigueur.<\/li>\n<li>\u00c9tant donn\u00e9 que les exigences en mati\u00e8re de visa et de sant\u00e9 peuvent \u00eatre modifi\u00e9es sans pr\u00e9avis, nous vous recommandons de v\u00e9rifier ces exigences aupr\u00e8s du consulat appropri\u00e9 avant votre d\u00e9part.<\/li>\n<li>Nous vous recommandons de souscrire une assurance voyage tous risques avant votre d\u00e9part. Si vous annulez votre voyage ou modifiez consid\u00e9rablement vos dates de voyage, de nombreuses polices rembourseront le co\u00fbt des frais d&#8217;annulation et des d\u00e9penses connexes.<\/li>\n<\/ul>\n<p><b>Avis de non-responsabilit\u00e9 et limitations de responsabilit\u00e9<\/b><\/p>\n<ul>\n<li>En aucun cas, Transfer &amp; Tours s.a.s ni ses agents, soci\u00e9t\u00e9s affili\u00e9es, prestataires de services, fournisseurs et\/ou distributeurs ne seront responsables des dommages ou pertes suivants (qu&#8217;ils soient anticip\u00e9s, pr\u00e9visibles, connus ou non) : (a) perte de donn\u00e9es ; (b) perte de revenus ou manque \u00e0 gagner&nbsp;; (c) perte d&#8217;activit\u00e9 ; (d) occasions manqu\u00e9es; (e) perte de client\u00e8le ou atteinte \u00e0 la r\u00e9putation&nbsp;; (f) les dommages subis par des tiers&nbsp;; ou (g) tout dommage indirect, cons\u00e9cutif, sp\u00e9cial ou punitif d\u00e9coulant de l&#8217;utilisation de transfertstours.com, quelle que soit l&#8217;action en justice intent\u00e9e.<\/li>\n<li>Transfers &amp; Tours s.a.s et ses fournisseurs, lors de la r\u00e9servation d&#8217;h\u00f4tels, de visites, de transport ou de tout autre service en relation avec les itin\u00e9raires des clients individuels, ne seront pas responsables des blessures, dommages, pertes, accidents, retards ou irr\u00e9gularit\u00e9s, obligations ou d\u00e9penses \u00e0 la personne ou la propri\u00e9t\u00e9 en raison d&#8217;un acte ou d&#8217;une omission de la part d&#8217;un h\u00f4tel, d&#8217;une soci\u00e9t\u00e9 de transport ou d&#8217;une autre soci\u00e9t\u00e9 ou personne fournissant les services inclus dans les circuits.<\/li>\n<li>Transfers &amp; Tours s.a.s et ses fournisseurs d\u00e9clinent toute responsabilit\u00e9 en cas de maladie, vol, conflit de travail, manifestations gouvernementales, actes de guerre et\/ou de terrorisme, conditions m\u00e9t\u00e9orologiques, d\u00e9fauts de tout v\u00e9hicule de transport ou pour tout accident, \u00e9v\u00e9nement fortuit ou autres causes externes . \u00e0 votre contr\u00f4le.<\/li>\n<li>Le contenu de transfertstours.com, y compris les informations, les noms, les images, les photographies, les logos, les prix, les dates et la disponibilit\u00e9 se r\u00e9f\u00e9rant \u00e0 ou li\u00e9s \u00e0 transfertstours.com, fournisseur de services, voyagiste local en Colombie, est fourni &#8220;TEL QUEL&#8221; et &#8220;TEL QUEL DISPONIBLE&#8221; sans repr\u00e9sentations ou garanties d&#8217;aucune sorte (expresses ou implicites par la loi) dans toute la mesure permise par la loi, y compris les garanties implicites de qualit\u00e9 satisfaisante, d&#8217;ad\u00e9quation \u00e0 un usage particulier, de non-contrefa\u00e7on, de compatibilit\u00e9, de s\u00e9curit\u00e9 et de pr\u00e9cision.<\/li>\n<li>Chez Transfers &amp; Tours, nous v\u00e9rifions soigneusement les d\u00e9tails de tous les produits et services que nous proposons afin qu&#8217;ils soient exacts. Cependant, Transfers &amp; Tours ne garantit pas que les fonctions, le contenu ou les informations contenues sur transfertours.com seront ininterrompus ou sans erreur, que les d\u00e9fauts seront corrig\u00e9s ou que transfertours.com ou les serveurs qui le mettent \u00e0 votre disposition seront ne contiennent pas de virus ou de bugs.<\/li>\n<li>Si l&#8217;une de ces conditions est d\u00e9clar\u00e9e ill\u00e9gale, nulle ou inapplicable en vertu des lois de tout \u00c9tat ou pays dans lequel ces conditions doivent \u00eatre en vigueur, alors dans la mesure et dans la juridiction dans laquelle cette condition est ill\u00e9gale, nulle ou inapplicable, il sera s\u00e9par\u00e9 et \u00e9limin\u00e9 de ces termes, en maintenant la validit\u00e9 des autres termes, qui resteront en vigueur et de plein effet, et continueront d&#8217;\u00eatre contraignants et ex\u00e9cutoires.<\/li>\n<\/ul>\n<p><b>Restrictions d&#8217;utilisation<\/b><br><\/p>\n<p>Vous acceptez de ne pas faire ce qui suit ou d&#8217;aider ou de permettre \u00e0 un tiers de le faire conform\u00e9ment \u00e0 nos lois sur le tourisme :<\/p><p><br><\/p><p><ul><li>Utiliser le Site pour menacer, harceler, frauder, inciter, harceler ou soutenir le harc\u00e8lement d&#8217;une autre personne ou interf\u00e9rer de toute autre mani\u00e8re avec l&#8217;utilisation du Site par un autre utilisateur ;<\/li><li>Utilisez le site pour envoyer ou transmettre du spam, des cha\u00eenes de lettres, des concours, du spam, des syst\u00e8mes pyramidaux, des enqu\u00eates et d&#8217;autres m\u00e9thodes de publipostage de masse, qu&#8217;elles soient de nature commerciale ou non.<\/li><li>Utiliser le Site d&#8217;une mani\u00e8re qui pourrait cr\u00e9er un conflit d&#8217;int\u00e9r\u00eats, par exemple, en \u00e9changeant des avis avec d&#8217;autres propri\u00e9taires d&#8217;entreprise ou en \u00e9crivant ou en sollicitant des avis ;<\/li><li>Utiliser le site pour promouvoir le sectarisme ou la discrimination \u00e0 l&#8217;encontre de groupes prot\u00e9g\u00e9s ;<\/li><li>Utiliser le site pour violer les droits d&#8217;un tiers, y compris les violations li\u00e9es \u00e0 la confiance, au droit d&#8217;auteur, \u00e0 la marque, au brevet, au secret commercial, au droit moral, \u00e0 la vie priv\u00e9e, \u00e0 la publicit\u00e9 ou \u00e0 tout autre droit de propri\u00e9t\u00e9 intellectuelle ou de brevet.<\/li><li>Utiliser le site pour soumettre ou transmettre de la pornographie ou du contenu ill\u00e9gal ;<\/li><li>Utiliser le Site pour solliciter des informations personnelles aupr\u00e8s de mineurs, les harceler ou les menacer de leur faire du mal ;<\/li><li>Utiliser des robots, des araign\u00e9es, des applications de recherche\/r\u00e9cup\u00e9ration de site ou d&#8217;autres dispositifs, processus ou moyens automatis\u00e9s pour acc\u00e9der, r\u00e9cup\u00e9rer, agr\u00e9ger ou indexer le site ou tout Contenu qu&#8217;il contient ;<\/li><li>Tenter d&#8217;obtenir un acc\u00e8s non autoris\u00e9 au Site, aux comptes d&#8217;utilisateurs, aux syst\u00e8mes informatiques ou aux r\u00e9seaux connect\u00e9s au Site par piratage, extraction de mots de passe ou autres moyens ; utiliser le Site ou tout Contenu du Site pour transmettre des virus informatiques, des vers, des bogues, des chevaux de Troie ou d&#8217;autres \u00e9l\u00e9ments de nature destructrice (collectivement, les \u00ab Virus \u00bb) ; utiliser des appareils, des logiciels ou des routines qui interf\u00e8rent avec le bon fonctionnement du site ou tentent d&#8217;une autre mani\u00e8re d&#8217;interf\u00e9rer avec le site ; faire des demandes de trafic excessives ; utiliser le Site pour violer le syst\u00e8me de s\u00e9curit\u00e9 des r\u00e9seaux informatiques, obtenir ill\u00e9galement des mots de passe ou des codes de cryptage de s\u00e9curit\u00e9 ; perturber ou interf\u00e9rer avec la s\u00e9curit\u00e9 ou autrement causer des dommages au site ou \u00e0 son contenu ; supprimer, contourner, d\u00e9sactiver, endommager ou autrement interf\u00e9rer avec les fonctionnalit\u00e9s li\u00e9es \u00e0 la s\u00e9curit\u00e9 du site, les fonctionnalit\u00e9s qui emp\u00eachent ou restreignent l&#8217;utilisation ou la copie du contenu du site, ou les fonctionnalit\u00e9s qui imposent des limitations \u00e0 l&#8217;utilisation du site.<\/li><\/ul><\/p><ul>\n<\/ul>\t\t\t\t\t\t\t\t<\/div>\n\t\t\t\t<\/div>\n\t\t\t\t\t<\/div>\n\t\t<\/div>\n\t\t\t\t\t<\/div>\n\t\t<\/section>\n\t\t\t\t<\/div>\n\t\t","protected":false},"excerpt":{"rendered":"<p>TERMES ET CONDITIONS Termes et conditions Transfers &amp; Tours s.a.s &nbsp; Transfers &amp; Tours s.a.s op\u00e8re en Colombie et propose une vari\u00e9t\u00e9 de circuits et de services via son site Web (transferstours.com). Nos conditions g\u00e9n\u00e9rales contiennent des obligations l\u00e9gales, veuillez les lire attentivement. Elles constituent la base d&#8217;acceptation des r\u00e9servations chez Transfers &amp; Tours s.a.s. [&hellip;]<\/p>\n","protected":false},"author":1,"featured_media":0,"parent":0,"menu_order":0,"comment_status":"closed","ping_status":"closed","template":"elementor_header_footer","meta":{"footnotes":""},"class_list":["post-3331","page","type-page","status-publish","hentry"],"_links":{"self":[{"href":"https:\/\/transferstours.com\/fr\/wp-json\/wp\/v2\/pages\/3331","targetHints":{"allow":["GET"]}}],"collection":[{"href":"https:\/\/transferstours.com\/fr\/wp-json\/wp\/v2\/pages"}],"about":[{"href":"https:\/\/transferstours.com\/fr\/wp-json\/wp\/v2\/types\/page"}],"author":[{"embeddable":true,"href":"https:\/\/transferstours.com\/fr\/wp-json\/wp\/v2\/users\/1"}],"replies":[{"embeddable":true,"href":"https:\/\/transferstours.com\/fr\/wp-json\/wp\/v2\/comments?post=3331"}],"version-history":[{"count":0,"href":"https:\/\/transferstours.com\/fr\/wp-json\/wp\/v2\/pages\/3331\/revisions"}],"wp:attachment":[{"href":"https:\/\/transferstours.com\/fr\/wp-json\/wp\/v2\/media?parent=3331"}],"curies":[{"name":"wp","href":"https:\/\/api.w.org\/{rel}","templated":true}]}}