{"id":3376,"date":"2020-10-06T03:53:56","date_gmt":"2020-10-06T03:53:56","guid":{"rendered":"https:\/\/transferstours.com\/blog-recomendaciones-de-viaje\/"},"modified":"2024-09-02T18:39:33","modified_gmt":"2024-09-02T18:39:33","slug":"conseils-de-voyage-en-colombie","status":"publish","type":"page","link":"https:\/\/transferstours.com\/fr\/conseils-de-voyage-en-colombie\/","title":{"rendered":"Blog"},"content":{"rendered":"\t\t<div data-elementor-type=\"wp-page\" data-elementor-id=\"3376\" class=\"elementor elementor-3376\" data-elementor-post-type=\"page\">\n\t\t\t\t\t\t<section class=\"elementor-section elementor-top-section elementor-element elementor-element-5d6d9b97 elementor-section-boxed elementor-section-height-default elementor-section-height-default\" data-id=\"5d6d9b97\" data-element_type=\"section\" data-e-type=\"section\" data-settings=\"{&quot;background_background&quot;:&quot;classic&quot;}\">\n\t\t\t\t\t\t\t<div class=\"elementor-background-overlay\"><\/div>\n\t\t\t\t\t\t\t<div class=\"elementor-container elementor-column-gap-default\">\n\t\t\t\t\t<div class=\"elementor-column elementor-col-100 elementor-top-column elementor-element elementor-element-39d9a2d1\" data-id=\"39d9a2d1\" data-element_type=\"column\" data-e-type=\"column\">\n\t\t\t<div class=\"elementor-widget-wrap elementor-element-populated\">\n\t\t\t\t\t\t<section class=\"elementor-section elementor-inner-section elementor-element elementor-element-6389456d elementor-section-boxed elementor-section-height-default elementor-section-height-default\" data-id=\"6389456d\" data-element_type=\"section\" data-e-type=\"section\">\n\t\t\t\t\t\t<div class=\"elementor-container elementor-column-gap-default\">\n\t\t\t\t\t<div class=\"elementor-column elementor-col-50 elementor-inner-column elementor-element elementor-element-529d86e1\" data-id=\"529d86e1\" data-element_type=\"column\" data-e-type=\"column\" data-settings=\"{&quot;background_background&quot;:&quot;classic&quot;}\">\n\t\t\t<div class=\"elementor-widget-wrap elementor-element-populated\">\n\t\t\t\t\t\t<div class=\"elementor-element elementor-element-5788a37f elementor-widget-divider--separator-type-pattern elementor-widget-divider--no-spacing elementor-widget-divider--view-line elementor-widget elementor-widget-divider\" data-id=\"5788a37f\" data-element_type=\"widget\" data-e-type=\"widget\" data-widget_type=\"divider.default\">\n\t\t\t\t<div class=\"elementor-widget-container\">\n\t\t\t\t\t\t\t<div class=\"elementor-divider\" style=\"--divider-pattern-url: url(&quot;data:image\/svg+xml,%3Csvg xmlns=&#039;http:\/\/www.w3.org\/2000\/svg&#039; preserveAspectRatio=&#039;xMidYMid meet&#039; overflow=&#039;visible&#039; height=&#039;100%&#039; viewBox=&#039;0 0 121 26&#039; fill=&#039;black&#039; stroke=&#039;none&#039;%3E%3Cpath d=&#039;M29.6,10.3l2.1,2.2l-3.6,3.3h7v2.9h-7l3.6,3.5l-2.1,1.7l-5.2-5.2h-5.8v-2.9h5.8L29.6,10.3z M70.9,9.6l2.1,1.7l-3.6,3.5h7v2.9h-7l3.6,3.3l-2.1,2.2l-5.2-5.5h-5.8v-2.9h5.8L70.9,9.6z M111.5,9.6l2.1,1.7l-3.6,3.5h7v2.9h-7l3.6,3.3l-2.1,2.2l-5.2-5.5h-5.8v-2.9h5.8L111.5,9.6z M50.2,2.7l2.1,1.7l-3.6,3.5h7v2.9h-7l3.6,3.3l-2.1,2.2L45,10.7h-5.8V7.9H45L50.2,2.7z M11,2l2.1,1.7L9.6,7.2h7V10h-7l3.6,3.3L11,15.5L5.8,10H0V7.2h5.8L11,2z M91.5,2l2.1,2.2l-3.6,3.3h7v2.9h-7l3.6,3.5l-2.1,1.7l-5.2-5.2h-5.8V7.5h5.8L91.5,2z&#039;\/%3E%3C\/svg%3E&quot;);\">\n\t\t\t<span class=\"elementor-divider-separator\">\n\t\t\t\t\t\t<\/span>\n\t\t<\/div>\n\t\t\t\t\t\t<\/div>\n\t\t\t\t<\/div>\n\t\t\t\t<div class=\"elementor-element elementor-element-7c9eb349 elementor-widget elementor-widget-heading\" data-id=\"7c9eb349\" data-element_type=\"widget\" data-e-type=\"widget\" data-widget_type=\"heading.default\">\n\t\t\t\t<div class=\"elementor-widget-container\">\n\t\t\t\t\t<h1 class=\"elementor-heading-title elementor-size-small\">conseils de voyage en colombie<\/h1>\t\t\t\t<\/div>\n\t\t\t\t<\/div>\n\t\t\t\t\t<\/div>\n\t\t<\/div>\n\t\t\t\t<div class=\"elementor-column elementor-col-50 elementor-inner-column elementor-element elementor-element-368d7f4c elementor-hidden-tablet elementor-hidden-phone\" data-id=\"368d7f4c\" data-element_type=\"column\" data-e-type=\"column\">\n\t\t\t<div class=\"elementor-widget-wrap\">\n\t\t\t\t\t\t\t<\/div>\n\t\t<\/div>\n\t\t\t\t\t<\/div>\n\t\t<\/section>\n\t\t\t\t\t<\/div>\n\t\t<\/div>\n\t\t\t\t\t<\/div>\n\t\t<\/section>\n\t\t\t\t<section class=\"elementor-section elementor-top-section elementor-element elementor-element-5fa276e elementor-section-boxed elementor-section-height-default elementor-section-height-default\" data-id=\"5fa276e\" data-element_type=\"section\" data-e-type=\"section\">\n\t\t\t\t\t\t<div class=\"elementor-container elementor-column-gap-default\">\n\t\t\t\t\t<div class=\"elementor-column elementor-col-100 elementor-top-column elementor-element elementor-element-35bbe7e\" data-id=\"35bbe7e\" data-element_type=\"column\" data-e-type=\"column\">\n\t\t\t<div class=\"elementor-widget-wrap elementor-element-populated\">\n\t\t\t\t\t\t<div class=\"elementor-element elementor-element-afd3ba2 elementor-widget elementor-widget-heading\" data-id=\"afd3ba2\" data-element_type=\"widget\" data-e-type=\"widget\" data-widget_type=\"heading.default\">\n\t\t\t\t<div class=\"elementor-widget-container\">\n\t\t\t\t\t<h2 class=\"elementor-heading-title elementor-size-large\">D\u00e9couvrez les meilleurs conseils de voyage en Colombie.<\/h2>\t\t\t\t<\/div>\n\t\t\t\t<\/div>\n\t\t\t\t<div class=\"elementor-element elementor-element-a9fbc00 elementor-drop-cap-yes elementor-drop-cap-view-default elementor-widget elementor-widget-text-editor\" data-id=\"a9fbc00\" data-element_type=\"widget\" data-e-type=\"widget\" data-settings=\"{&quot;drop_cap&quot;:&quot;yes&quot;}\" data-widget_type=\"text-editor.default\">\n\t\t\t\t<div class=\"elementor-widget-container\">\n\t\t\t\t\t\t\t\t\t<p>Vous trouverez ce que vous attendiez des informations sur votre<span style=\"color: #3366ff;\"> <a style=\"color: #3366ff;\" href=\"https:\/\/transferstours.com\/fr\/destinations-en-colombie\/\" target=\"_blank\" rel=\"noopener\"><b>voyage en Colombie<\/b><\/a><\/span> dans cet espace avec des conseils sur la culture colombienne, la gastronomie, les \u00e9v\u00e9nements locaux,<span style=\"color: #3366ff;\"> le <a style=\"color: #3366ff;\" href=\"https:\/\/transferstours.com\/fr\/transferts-aeroport-en-colombie\/\">transport<\/a> <\/span>en toute s\u00e9curit\u00e9, nous vous informons des endroits les plus importants \u00e0 visiter et des projets que vous appr\u00e9cierez avec les locaux personnes de chaque r\u00e9gion. , nos recommandations de voyage sont \u00e9crites avec la connaissance des lieux que nous visitons, elles sont vraies et garanties par des experts en Colombie.<\/p><p><img fetchpriority=\"high\" decoding=\"async\" class=\"alignright wp-image-4754 size-medium\" src=\"https:\/\/transferstours.com\/wp-content\/uploads\/2023\/06\/ajiaco.sinfondo-300x228.jpg\" alt=\"conseils-de-voyage-en-colombie.\" width=\"300\" height=\"228\" srcset=\"https:\/\/transferstours.com\/wp-content\/uploads\/2023\/06\/ajiaco.sinfondo-300x228.jpg 300w, https:\/\/transferstours.com\/wp-content\/uploads\/2023\/06\/ajiaco.sinfondo.jpg 377w\" sizes=\"(max-width: 300px) 100vw, 300px\" \/>Nous travaillons pour que vos recommandations de voyage soient v\u00e9rifi\u00e9es avec notre personnel de soutien logistique et que vous puissiez personnaliser vos exp\u00e9riences.Nous vous offrons des conseils sur les h\u00f4tels, les vols, la location de voiture et tout ce dont vous avez besoin pour rendre le <span style=\"color: #3366ff;\"><a style=\"color: #3366ff;\" href=\"https:\/\/wwws.airfrance.fr\/\" target=\"_blank\" rel=\"noopener\">voyage en Colombie<\/a><\/span> inoubliable.N&#8217;h\u00e9sitez pas \u00e0 nous contacter nous.<\/p>\t\t\t\t\t\t\t\t<\/div>\n\t\t\t\t<\/div>\n\t\t\t\t\t<\/div>\n\t\t<\/div>\n\t\t\t\t\t<\/div>\n\t\t<\/section>\n\t\t\t\t<section class=\"elementor-section elementor-top-section elementor-element elementor-element-85e6639 elementor-section-boxed elementor-section-height-default elementor-section-height-default\" data-id=\"85e6639\" data-element_type=\"section\" data-e-type=\"section\">\n\t\t\t\t\t\t<div class=\"elementor-container elementor-column-gap-default\">\n\t\t\t\t\t<div class=\"elementor-column elementor-col-100 elementor-top-column elementor-element elementor-element-dadf782\" data-id=\"dadf782\" data-element_type=\"column\" data-e-type=\"column\">\n\t\t\t<div class=\"elementor-widget-wrap elementor-element-populated\">\n\t\t\t\t\t\t<div class=\"elementor-element elementor-element-900e484 elementor-grid-3 elementor-grid-tablet-2 elementor-grid-mobile-1 elementor-posts--thumbnail-top elementor-widget elementor-widget-posts\" data-id=\"900e484\" data-element_type=\"widget\" data-e-type=\"widget\" data-settings=\"{&quot;classic_columns&quot;:&quot;3&quot;,&quot;classic_columns_tablet&quot;:&quot;2&quot;,&quot;classic_columns_mobile&quot;:&quot;1&quot;,&quot;classic_row_gap&quot;:{&quot;unit&quot;:&quot;px&quot;,&quot;size&quot;:35,&quot;sizes&quot;:[]},&quot;classic_row_gap_tablet&quot;:{&quot;unit&quot;:&quot;px&quot;,&quot;size&quot;:&quot;&quot;,&quot;sizes&quot;:[]},&quot;classic_row_gap_mobile&quot;:{&quot;unit&quot;:&quot;px&quot;,&quot;size&quot;:&quot;&quot;,&quot;sizes&quot;:[]}}\" data-widget_type=\"posts.classic\">\n\t\t\t\t<div class=\"elementor-widget-container\">\n\t\t\t\t\t\t\t<div class=\"elementor-posts-container elementor-posts elementor-posts--skin-classic elementor-grid\" role=\"list\">\n\t\t\t\t<article class=\"elementor-post elementor-grid-item post-4989 post type-post status-publish format-standard has-post-thumbnail hentry\" role=\"listitem\">\n\t\t\t\t<a class=\"elementor-post__thumbnail__link\" href=\"https:\/\/transferstours.com\/fr\/se-deplacer-en-transport-en-colombie\/\" tabindex=\"-1\">\n\t\t\t<div class=\"elementor-post__thumbnail\"><img decoding=\"async\" width=\"300\" height=\"225\" src=\"https:\/\/transferstours.com\/wp-content\/uploads\/2022\/08\/Rio-claro-.web_-300x225.webp\" class=\"attachment-medium size-medium wp-image-3960\" alt=\"Comment se d\u00e9placer en transport en Colombie\" srcset=\"https:\/\/transferstours.com\/wp-content\/uploads\/2022\/08\/Rio-claro-.web_-300x225.webp 300w, https:\/\/transferstours.com\/wp-content\/uploads\/2022\/08\/Rio-claro-.web_-1024x768.webp 1024w, https:\/\/transferstours.com\/wp-content\/uploads\/2022\/08\/Rio-claro-.web_-768x576.webp 768w, https:\/\/transferstours.com\/wp-content\/uploads\/2022\/08\/Rio-claro-.web_-1536x1152.webp 1536w, https:\/\/transferstours.com\/wp-content\/uploads\/2022\/08\/Rio-claro-.web_-1200x900.webp 1200w, https:\/\/transferstours.com\/wp-content\/uploads\/2022\/08\/Rio-claro-.web_.webp 1980w\" sizes=\"(max-width: 300px) 100vw, 300px\" \/><\/div>\n\t\t<\/a>\n\t\t\t\t<div class=\"elementor-post__text\">\n\t\t\t\t<h3 class=\"elementor-post__title\">\n\t\t\t<a href=\"https:\/\/transferstours.com\/fr\/se-deplacer-en-transport-en-colombie\/\">\n\t\t\t\tComment se d\u00e9placer en transport en Colombie\t\t\t<\/a>\n\t\t<\/h3>\n\t\t\t\t<div class=\"elementor-post__meta-data\">\n\t\t\t\t\t<span class=\"elementor-post-date\">\n\t\t\tjuillet 24, 2023\t\t<\/span>\n\t\t\t\t<span class=\"elementor-post-avatar\">\n\t\t\tAucun commentaire\t\t<\/span>\n\t\t\t\t<\/div>\n\t\t\t\t<div class=\"elementor-post__excerpt\">\n\t\t\t<p>se d\u00e9placer en transport en Colombie Ah, le charme des d\u00e9placements en Colombie ! Voyager dans ce pays fascinant est une aventure \u00e9motionnelle qui vous<\/p>\n\t\t<\/div>\n\t\t\n\t\t<a class=\"elementor-post__read-more\" href=\"https:\/\/transferstours.com\/fr\/se-deplacer-en-transport-en-colombie\/\" aria-label=\"En savoir plus sur Comment se d\u00e9placer en transport en Colombie\" tabindex=\"-1\">\n\t\t\tLeer M\u00e1s \u00bb\t\t<\/a>\n\n\t\t\t\t<\/div>\n\t\t\t\t<\/article>\n\t\t\t\t<article class=\"elementor-post elementor-grid-item post-4981 post type-post status-publish format-standard has-post-thumbnail hentry category-gastronomie tag-delices\" role=\"listitem\">\n\t\t\t\t<a class=\"elementor-post__thumbnail__link\" href=\"https:\/\/transferstours.com\/fr\/plats-et-restaurants-typiques-en-colombie\/\" tabindex=\"-1\">\n\t\t\t<div class=\"elementor-post__thumbnail\"><img decoding=\"async\" width=\"300\" height=\"200\" src=\"https:\/\/transferstours.com\/wp-content\/uploads\/2023\/07\/Plats-et-restaurants-typiques-en-Colombie-300x200.webp\" class=\"attachment-medium size-medium wp-image-4982\" alt=\"Plats et restaurants typiques en Colombie\" srcset=\"https:\/\/transferstours.com\/wp-content\/uploads\/2023\/07\/Plats-et-restaurants-typiques-en-Colombie-300x200.webp 300w, https:\/\/transferstours.com\/wp-content\/uploads\/2023\/07\/Plats-et-restaurants-typiques-en-Colombie-1024x683.webp 1024w, https:\/\/transferstours.com\/wp-content\/uploads\/2023\/07\/Plats-et-restaurants-typiques-en-Colombie-768x512.webp 768w, https:\/\/transferstours.com\/wp-content\/uploads\/2023\/07\/Plats-et-restaurants-typiques-en-Colombie-1536x1024.webp 1536w, https:\/\/transferstours.com\/wp-content\/uploads\/2023\/07\/Plats-et-restaurants-typiques-en-Colombie-1200x800.webp 1200w, https:\/\/transferstours.com\/wp-content\/uploads\/2023\/07\/Plats-et-restaurants-typiques-en-Colombie.webp 1920w\" sizes=\"(max-width: 300px) 100vw, 300px\" \/><\/div>\n\t\t<\/a>\n\t\t\t\t<div class=\"elementor-post__text\">\n\t\t\t\t<h3 class=\"elementor-post__title\">\n\t\t\t<a href=\"https:\/\/transferstours.com\/fr\/plats-et-restaurants-typiques-en-colombie\/\">\n\t\t\t\tPlats et restaurants typiques en Colombie\t\t\t<\/a>\n\t\t<\/h3>\n\t\t\t\t<div class=\"elementor-post__meta-data\">\n\t\t\t\t\t<span class=\"elementor-post-date\">\n\t\t\tjuillet 23, 2023\t\t<\/span>\n\t\t\t\t<span class=\"elementor-post-avatar\">\n\t\t\tAucun commentaire\t\t<\/span>\n\t\t\t\t<\/div>\n\t\t\t\t<div class=\"elementor-post__excerpt\">\n\t\t\t<p>Plats et restaurants typiques en Colombie \u00e0 ne pas manquer Ah, les d\u00e9lices culinaires de la Colombie ! La gastronomie de ce merveilleux pays d&#8217;Am\u00e9rique<\/p>\n\t\t<\/div>\n\t\t\n\t\t<a class=\"elementor-post__read-more\" href=\"https:\/\/transferstours.com\/fr\/plats-et-restaurants-typiques-en-colombie\/\" aria-label=\"En savoir plus sur Plats et restaurants typiques en Colombie\" tabindex=\"-1\">\n\t\t\tLeer M\u00e1s \u00bb\t\t<\/a>\n\n\t\t\t\t<\/div>\n\t\t\t\t<\/article>\n\t\t\t\t<article class=\"elementor-post elementor-grid-item post-4992 post type-post status-publish format-standard has-post-thumbnail hentry category-non-classifiee\" role=\"listitem\">\n\t\t\t\t<a class=\"elementor-post__thumbnail__link\" href=\"https:\/\/transferstours.com\/fr\/que-faire-a-bogota\/\" tabindex=\"-1\">\n\t\t\t<div class=\"elementor-post__thumbnail\"><img loading=\"lazy\" decoding=\"async\" width=\"300\" height=\"199\" src=\"https:\/\/transferstours.com\/wp-content\/uploads\/2021\/01\/bogota_monserrate-2-300x199.jpg\" class=\"attachment-medium size-medium wp-image-3212\" alt=\"experiences \u00e0 bogota\" srcset=\"https:\/\/transferstours.com\/wp-content\/uploads\/2021\/01\/bogota_monserrate-2-300x199.jpg 300w, https:\/\/transferstours.com\/wp-content\/uploads\/2021\/01\/bogota_monserrate-2-768x511.jpg 768w, https:\/\/transferstours.com\/wp-content\/uploads\/2021\/01\/bogota_monserrate-2-600x399.jpg 600w, https:\/\/transferstours.com\/wp-content\/uploads\/2021\/01\/bogota_monserrate-2.jpg 913w\" sizes=\"(max-width: 300px) 100vw, 300px\" \/><\/div>\n\t\t<\/a>\n\t\t\t\t<div class=\"elementor-post__text\">\n\t\t\t\t<h3 class=\"elementor-post__title\">\n\t\t\t<a href=\"https:\/\/transferstours.com\/fr\/que-faire-a-bogota\/\">\n\t\t\t\tque faire \u00e0 bogota\t\t\t<\/a>\n\t\t<\/h3>\n\t\t\t\t<div class=\"elementor-post__meta-data\">\n\t\t\t\t\t<span class=\"elementor-post-date\">\n\t\t\tjuillet 22, 2023\t\t<\/span>\n\t\t\t\t<span class=\"elementor-post-avatar\">\n\t\t\tAucun commentaire\t\t<\/span>\n\t\t\t\t<\/div>\n\t\t\t\t<div class=\"elementor-post__excerpt\">\n\t\t\t<p>Que faire a Bogot\u00e1 la capitale envo\u00fbtante de la Colombie, est une ville vibrant au rythme de la vie ! Vous serez \u00e9bloui par les<\/p>\n\t\t<\/div>\n\t\t\n\t\t<a class=\"elementor-post__read-more\" href=\"https:\/\/transferstours.com\/fr\/que-faire-a-bogota\/\" aria-label=\"En savoir plus sur que faire \u00e0 bogota\" tabindex=\"-1\">\n\t\t\tLeer M\u00e1s \u00bb\t\t<\/a>\n\n\t\t\t\t<\/div>\n\t\t\t\t<\/article>\n\t\t\t\t<article class=\"elementor-post elementor-grid-item post-4987 post type-post status-publish format-standard has-post-thumbnail hentry\" role=\"listitem\">\n\t\t\t\t<a class=\"elementor-post__thumbnail__link\" href=\"https:\/\/transferstours.com\/fr\/reserver-un-transport-prive-en-colombie\/\" tabindex=\"-1\">\n\t\t\t<div class=\"elementor-post__thumbnail\"><img loading=\"lazy\" decoding=\"async\" width=\"300\" height=\"200\" src=\"https:\/\/transferstours.com\/wp-content\/uploads\/2023\/05\/traslados-seguros-en-colombia-300x200.webp\" class=\"attachment-medium size-medium wp-image-4614\" alt=\"r\u00e9server un transport priv\u00e9 en colombie\" srcset=\"https:\/\/transferstours.com\/wp-content\/uploads\/2023\/05\/traslados-seguros-en-colombia-300x200.webp 300w, https:\/\/transferstours.com\/wp-content\/uploads\/2023\/05\/traslados-seguros-en-colombia-1024x683.webp 1024w, https:\/\/transferstours.com\/wp-content\/uploads\/2023\/05\/traslados-seguros-en-colombia-768x512.webp 768w, https:\/\/transferstours.com\/wp-content\/uploads\/2023\/05\/traslados-seguros-en-colombia-1536x1024.webp 1536w, https:\/\/transferstours.com\/wp-content\/uploads\/2023\/05\/traslados-seguros-en-colombia-1200x800.webp 1200w, https:\/\/transferstours.com\/wp-content\/uploads\/2023\/05\/traslados-seguros-en-colombia.webp 1920w\" sizes=\"(max-width: 300px) 100vw, 300px\" \/><\/div>\n\t\t<\/a>\n\t\t\t\t<div class=\"elementor-post__text\">\n\t\t\t\t<h3 class=\"elementor-post__title\">\n\t\t\t<a href=\"https:\/\/transferstours.com\/fr\/reserver-un-transport-prive-en-colombie\/\">\n\t\t\t\tr\u00e9server un transport priv\u00e9 en colombie\t\t\t<\/a>\n\t\t<\/h3>\n\t\t\t\t<div class=\"elementor-post__meta-data\">\n\t\t\t\t\t<span class=\"elementor-post-date\">\n\t\t\tjuillet 22, 2023\t\t<\/span>\n\t\t\t\t<span class=\"elementor-post-avatar\">\n\t\t\tAucun commentaire\t\t<\/span>\n\t\t\t\t<\/div>\n\t\t\t\t<div class=\"elementor-post__excerpt\">\n\t\t\t<p>pourquoi r\u00e9server un transport priv\u00e9 en colombie La magie de r\u00e9server un transport avec Transfers &amp; Tours Colombia en Colombie est une exp\u00e9rience \u00e9motionnelle \u00e0<\/p>\n\t\t<\/div>\n\t\t\n\t\t<a class=\"elementor-post__read-more\" href=\"https:\/\/transferstours.com\/fr\/reserver-un-transport-prive-en-colombie\/\" aria-label=\"En savoir plus sur r\u00e9server un transport priv\u00e9 en colombie\" tabindex=\"-1\">\n\t\t\tLeer M\u00e1s \u00bb\t\t<\/a>\n\n\t\t\t\t<\/div>\n\t\t\t\t<\/article>\n\t\t\t\t<article class=\"elementor-post elementor-grid-item post-4975 post type-post status-publish format-standard has-post-thumbnail hentry category-voyages tag-vacances\" role=\"listitem\">\n\t\t\t\t<a class=\"elementor-post__thumbnail__link\" href=\"https:\/\/transferstours.com\/fr\/les-meilleures-vacances-en-colombie\/\" tabindex=\"-1\">\n\t\t\t<div class=\"elementor-post__thumbnail\"><img loading=\"lazy\" decoding=\"async\" width=\"300\" height=\"200\" src=\"https:\/\/transferstours.com\/wp-content\/uploads\/2023\/07\/les-meilleures-vacances-en-Colombie-300x200.webp\" class=\"attachment-medium size-medium wp-image-4976\" alt=\"\" srcset=\"https:\/\/transferstours.com\/wp-content\/uploads\/2023\/07\/les-meilleures-vacances-en-Colombie-300x200.webp 300w, https:\/\/transferstours.com\/wp-content\/uploads\/2023\/07\/les-meilleures-vacances-en-Colombie-1024x683.webp 1024w, https:\/\/transferstours.com\/wp-content\/uploads\/2023\/07\/les-meilleures-vacances-en-Colombie-768x512.webp 768w, https:\/\/transferstours.com\/wp-content\/uploads\/2023\/07\/les-meilleures-vacances-en-Colombie-1536x1024.webp 1536w, https:\/\/transferstours.com\/wp-content\/uploads\/2023\/07\/les-meilleures-vacances-en-Colombie-1200x800.webp 1200w, https:\/\/transferstours.com\/wp-content\/uploads\/2023\/07\/les-meilleures-vacances-en-Colombie.webp 1920w\" sizes=\"(max-width: 300px) 100vw, 300px\" \/><\/div>\n\t\t<\/a>\n\t\t\t\t<div class=\"elementor-post__text\">\n\t\t\t\t<h3 class=\"elementor-post__title\">\n\t\t\t<a href=\"https:\/\/transferstours.com\/fr\/les-meilleures-vacances-en-colombie\/\">\n\t\t\t\tOrganiser les meilleures vacances en Colombie\t\t\t<\/a>\n\t\t<\/h3>\n\t\t\t\t<div class=\"elementor-post__meta-data\">\n\t\t\t\t\t<span class=\"elementor-post-date\">\n\t\t\tjuillet 22, 2023\t\t<\/span>\n\t\t\t\t<span class=\"elementor-post-avatar\">\n\t\t\tAucun commentaire\t\t<\/span>\n\t\t\t\t<\/div>\n\t\t\t\t<div class=\"elementor-post__excerpt\">\n\t\t\t<p>Organiser les meilleures vacances en Colombie : Votre Guide Complet Bienvenue dans notre guide complet pour organiser les meilleures vacances en Colombie ! Nous sommes<\/p>\n\t\t<\/div>\n\t\t\n\t\t<a class=\"elementor-post__read-more\" href=\"https:\/\/transferstours.com\/fr\/les-meilleures-vacances-en-colombie\/\" aria-label=\"En savoir plus sur Organiser les meilleures vacances en Colombie\" tabindex=\"-1\">\n\t\t\tLeer M\u00e1s \u00bb\t\t<\/a>\n\n\t\t\t\t<\/div>\n\t\t\t\t<\/article>\n\t\t\t\t<\/div>\n\t\t\n\t\t\t\t\t\t<\/div>\n\t\t\t\t<\/div>\n\t\t\t\t\t<\/div>\n\t\t<\/div>\n\t\t\t\t\t<\/div>\n\t\t<\/section>\n\t\t\t\t<\/div>\n\t\t","protected":false},"excerpt":{"rendered":"<p>conseils de voyage en colombie D\u00e9couvrez les meilleurs conseils de voyage en Colombie. Vous trouverez ce que vous attendiez des informations sur votre voyage en Colombie dans cet espace avec des conseils sur la culture colombienne, la gastronomie, les \u00e9v\u00e9nements locaux, le transport en toute s\u00e9curit\u00e9, nous vous informons des endroits les plus importants \u00e0 [&hellip;]<\/p>\n","protected":false},"author":1,"featured_media":3310,"parent":0,"menu_order":0,"comment_status":"closed","ping_status":"closed","template":"elementor_header_footer","meta":{"footnotes":""},"class_list":["post-3376","page","type-page","status-publish","has-post-thumbnail","hentry"],"_links":{"self":[{"href":"https:\/\/transferstours.com\/fr\/wp-json\/wp\/v2\/pages\/3376","targetHints":{"allow":["GET"]}}],"collection":[{"href":"https:\/\/transferstours.com\/fr\/wp-json\/wp\/v2\/pages"}],"about":[{"href":"https:\/\/transferstours.com\/fr\/wp-json\/wp\/v2\/types\/page"}],"author":[{"embeddable":true,"href":"https:\/\/transferstours.com\/fr\/wp-json\/wp\/v2\/users\/1"}],"replies":[{"embeddable":true,"href":"https:\/\/transferstours.com\/fr\/wp-json\/wp\/v2\/comments?post=3376"}],"version-history":[{"count":0,"href":"https:\/\/transferstours.com\/fr\/wp-json\/wp\/v2\/pages\/3376\/revisions"}],"wp:featuredmedia":[{"embeddable":true,"href":"https:\/\/transferstours.com\/fr\/wp-json\/wp\/v2\/media\/3310"}],"wp:attachment":[{"href":"https:\/\/transferstours.com\/fr\/wp-json\/wp\/v2\/media?parent=3376"}],"curies":[{"name":"wp","href":"https:\/\/api.w.org\/{rel}","templated":true}]}}