{"id":3457,"date":"2022-07-25T22:06:07","date_gmt":"2022-07-25T22:06:07","guid":{"rendered":"https:\/\/transferstours.com\/?page_id=3457"},"modified":"2023-07-22T20:39:23","modified_gmt":"2023-07-22T20:39:23","slug":"destinations-en-colombie","status":"publish","type":"page","link":"https:\/\/transferstours.com\/fr\/destinations-en-colombie\/","title":{"rendered":"Destinations en Colombie"},"content":{"rendered":"\t\t<div data-elementor-type=\"wp-page\" data-elementor-id=\"3457\" class=\"elementor elementor-3457\" data-elementor-post-type=\"page\">\n\t\t\t\t\t\t<section class=\"elementor-section elementor-top-section elementor-element elementor-element-636b4a8 elementor-section-boxed elementor-section-height-default elementor-section-height-default\" data-id=\"636b4a8\" data-element_type=\"section\" data-e-type=\"section\">\n\t\t\t\t\t\t<div class=\"elementor-container elementor-column-gap-default\">\n\t\t\t\t\t<div class=\"elementor-column elementor-col-100 elementor-top-column elementor-element elementor-element-68f22d5\" data-id=\"68f22d5\" data-element_type=\"column\" data-e-type=\"column\">\n\t\t\t<div class=\"elementor-widget-wrap elementor-element-populated\">\n\t\t\t\t\t\t<div class=\"elementor-element elementor-element-9c1a352 elementor-widget elementor-widget-heading\" data-id=\"9c1a352\" data-element_type=\"widget\" data-e-type=\"widget\" data-widget_type=\"heading.default\">\n\t\t\t\t<div class=\"elementor-widget-container\">\n\t\t\t\t\t<h1 class=\"elementor-heading-title elementor-size-xxl\">Destinations en Colombie<\/h1>\t\t\t\t<\/div>\n\t\t\t\t<\/div>\n\t\t\t\t\t<\/div>\n\t\t<\/div>\n\t\t\t\t\t<\/div>\n\t\t<\/section>\n\t\t\t\t<section class=\"elementor-section elementor-top-section elementor-element elementor-element-a1d4965 elementor-section-boxed elementor-section-height-default elementor-section-height-default\" data-id=\"a1d4965\" data-element_type=\"section\" data-e-type=\"section\">\n\t\t\t\t\t\t<div class=\"elementor-container elementor-column-gap-default\">\n\t\t\t\t\t<div class=\"elementor-column elementor-col-50 elementor-top-column elementor-element elementor-element-a2b0af0\" data-id=\"a2b0af0\" data-element_type=\"column\" data-e-type=\"column\">\n\t\t\t<div class=\"elementor-widget-wrap elementor-element-populated\">\n\t\t\t\t\t\t<div class=\"elementor-element elementor-element-03d0c3d elementor-widget elementor-widget-heading\" data-id=\"03d0c3d\" data-element_type=\"widget\" data-e-type=\"widget\" data-widget_type=\"heading.default\">\n\t\t\t\t<div class=\"elementor-widget-container\">\n\t\t\t\t\t<h2 class=\"elementor-heading-title elementor-size-default\">explorer les meilleures destinations en colombie<\/h2>\t\t\t\t<\/div>\n\t\t\t\t<\/div>\n\t\t\t\t<div class=\"elementor-element elementor-element-f9af901 elementor-widget elementor-widget-text-editor\" data-id=\"f9af901\" data-element_type=\"widget\" data-e-type=\"widget\" data-widget_type=\"text-editor.default\">\n\t\t\t\t<div class=\"elementor-widget-container\">\n\t\t\t\t\t\t\t\t\t<p>Des paysages \u00e9poustouflants. Des exp\u00e9riences inoubliables. Des souvenirs grav\u00e9s dans votre c\u0153ur.*<\/p><h3>D\u00e9couvrez les 6 avantages exceptionnels :<\/h3><p>1. Aventure illimit\u00e9e.<br \/>2. Richesse culturelle.<br \/>3. Nature spectaculaire.<br \/>4. Hospitalit\u00e9 chaleureuse.<br \/>5. Saveurs exquises.<br \/>6. Moments magiques.<\/p><h3>Partez \u00e0 l&#8217;aventure dans les recoins \u00e9blouissants de la Colombie<\/h3><p>Parcourez les terres inexplor\u00e9es de la Colombie, l\u00e0 o\u00f9 l&#8217;aventure n&#8217;a pas de limites. Des sommets majestueux des Andes aux \u00e9tendues infinies de la for\u00eat amazonienne, d\u00e9couvrez des paysages \u00e9poustouflants qui vous laisseront sans voix.<\/p><h3>Immergez-vous dans une richesse culturelle vibrante<\/h3><p>Chaque coin de<a href=\"https:\/\/colombia.travel\/fr\" target=\"_blank\" rel=\"noopener\"><span style=\"color: #3366ff;\"> la Colombie<\/span><\/a> regorge d&#8217;histoire et de traditions uniques. Rencontrez des communaut\u00e9s chaleureuses, dansez au rythme enivrant de la musique locale et d\u00e9couvrez des festivals color\u00e9s qui illumineront votre \u00e2me.<\/p><h3>Explorez une nature spectaculaire et pr\u00e9serv\u00e9e<\/h3><p>La Colombie abrite une biodiversit\u00e9 incroyable, des jungles luxuriantes aux plages paradisiaques. Plongez dans des eaux cristallines, observez des oiseaux exotiques et explorez des parcs naturels pr\u00e9serv\u00e9s \u00e0 couper le souffle.<\/p><h3>Sentez-vous chez vous avec une hospitalit\u00e9 chaleureuse<\/h3><p>Les Colombiens sont connus pour leur accueil chaleureux et leur joie de vivre. Laissez-vous envelopper par leur hospitalit\u00e9 sinc\u00e8re, et cr\u00e9ez des liens qui dureront toute une vie.<\/p><p>\u00a0<\/p>\t\t\t\t\t\t\t\t<\/div>\n\t\t\t\t<\/div>\n\t\t\t\t<div class=\"elementor-element elementor-element-b2d004a elementor-align-center elementor-widget elementor-widget-button\" data-id=\"b2d004a\" data-element_type=\"widget\" data-e-type=\"widget\" data-widget_type=\"button.default\">\n\t\t\t\t<div class=\"elementor-widget-container\">\n\t\t\t\t\t\t\t\t\t<div class=\"elementor-button-wrapper\">\n\t\t\t\t\t<a class=\"elementor-button elementor-button-link elementor-size-sm\" href=\"https:\/\/transferstours.com\/Es_brochure\/Destinos\/Colombia\/index.html\">\n\t\t\t\t\t\t<span class=\"elementor-button-content-wrapper\">\n\t\t\t\t\t\t\t\t\t<span class=\"elementor-button-text\">Folleto<\/span>\n\t\t\t\t\t<\/span>\n\t\t\t\t\t<\/a>\n\t\t\t\t<\/div>\n\t\t\t\t\t\t\t\t<\/div>\n\t\t\t\t<\/div>\n\t\t\t\t\t<\/div>\n\t\t<\/div>\n\t\t\t\t<div class=\"elementor-column elementor-col-50 elementor-top-column elementor-element elementor-element-81e78f8\" data-id=\"81e78f8\" data-element_type=\"column\" data-e-type=\"column\">\n\t\t\t<div class=\"elementor-widget-wrap elementor-element-populated\">\n\t\t\t\t\t\t<div class=\"elementor-element elementor-element-2607b48 elementor-widget elementor-widget-image\" data-id=\"2607b48\" data-element_type=\"widget\" data-e-type=\"widget\" data-widget_type=\"image.default\">\n\t\t\t\t<div class=\"elementor-widget-container\">\n\t\t\t\t\t\t\t\t\t\t\t\t\t\t\t<img fetchpriority=\"high\" decoding=\"async\" width=\"580\" height=\"820\" src=\"https:\/\/transferstours.com\/wp-content\/uploads\/2021\/12\/Map-724x1024.png\" class=\"attachment-large size-large wp-image-3228\" alt=\"Destinations-en-Colombie\" srcset=\"https:\/\/transferstours.com\/wp-content\/uploads\/2021\/12\/Map-724x1024.png 724w, https:\/\/transferstours.com\/wp-content\/uploads\/2021\/12\/Map-212x300.png 212w, https:\/\/transferstours.com\/wp-content\/uploads\/2021\/12\/Map-768x1086.png 768w, https:\/\/transferstours.com\/wp-content\/uploads\/2021\/12\/Map-1086x1536.png 1086w, https:\/\/transferstours.com\/wp-content\/uploads\/2021\/12\/Map-1448x2048.png 1448w, https:\/\/transferstours.com\/wp-content\/uploads\/2021\/12\/Map-1200x1698.png 1200w, https:\/\/transferstours.com\/wp-content\/uploads\/2021\/12\/Map-1980x2801.png 1980w\" sizes=\"(max-width: 580px) 100vw, 580px\" \/>\t\t\t\t\t\t\t\t\t\t\t\t\t\t\t<\/div>\n\t\t\t\t<\/div>\n\t\t\t\t<div class=\"elementor-element elementor-element-812e8a0 elementor-widget elementor-widget-text-editor\" data-id=\"812e8a0\" data-element_type=\"widget\" data-e-type=\"widget\" data-widget_type=\"text-editor.default\">\n\t\t\t\t<div class=\"elementor-widget-container\">\n\t\t\t\t\t\t\t\t\t<h3>Savourez des d\u00e9lices culinaires uniques<\/h3><p>La cuisine colombienne est un v\u00e9ritable festin pour les sens. Go\u00fbtez \u00e0 une explosion de saveurs exquises, des d\u00e9licieux arepas aux fruits tropicaux juteux, laissez votre palais s&#8217;\u00e9merveiller \u00e0 chaque bouch\u00e9e.<\/p><h3>Vivez des moments magiques qui resteront \u00e0 jamais<\/h3><p>De moments de contemplation face \u00e0 des levers de soleil \u00e0 couper le souffle \u00e0 des aventures partag\u00e9es avec des amis, la Colombie vous r\u00e9serve des moments magiques qui resteront grav\u00e9s dans votre c\u0153ur pour toujours.<\/p><h3>Les T\u00e9moignages de nos Voyageurs Heureux :<\/h3><p>1. &#8220;<strong>Voyager en Colombie<\/strong> a \u00e9t\u00e9 une exp\u00e9rience transcendante. Les paysages m&#8217;ont \u00e9mu aux larmes.&#8221; &#8211; Isabelle<br \/>2. &#8220;J&#8217;ai \u00e9t\u00e9 fascin\u00e9 par la diversit\u00e9 culturelle du pays. Chaque r\u00e9gion offre quelque chose de nouveau et passionnant.&#8221; &#8211; Marc<br \/>3. &#8220;La faune et la flore de la Colombie sont extraordinaires. Je me suis senti connect\u00e9 \u00e0 la nature d&#8217;une mani\u00e8re in\u00e9dite.&#8221; &#8211; Sophie<br \/>4. &#8220;Les Colombiens sont tellement accueillants et sympathiques. Je me suis senti chez moi d\u00e8s le premier jour.&#8221; &#8211; Alexandre<\/p><p>**<strong>R\u00e9servez votre Aventure Colombienne d\u00e8s aujourd&#8217;hui !<\/strong>**<\/p><p>Ne manquez pas l&#8217;opportunit\u00e9 de vivre une exp\u00e9rience qui changera votre vie. R\u00e9servez votre voyage en Colombie d\u00e8s aujourd&#8217;hui et plongez dans une aventure \u00e9pique au c\u0153ur de la beaut\u00e9, de la culture et de l&#8217;hospitalit\u00e9 de ce pays enchanteur.<\/p><p>*Embarquez pour la Colombie, o\u00f9 l&#8217;\u00e9motion et la d\u00e9couverte vous attendent \u00e0 chaque tournant.*<\/p><p>Bonne route et bon voyage \u00e9motionnel en <a href=\"https:\/\/transferstours.com\/fr\/\" target=\"_blank\" rel=\"noopener\"><span style=\"color: #3366ff;\">Colombie<\/span><\/a> !<\/p>\t\t\t\t\t\t\t\t<\/div>\n\t\t\t\t<\/div>\n\t\t\t\t\t<\/div>\n\t\t<\/div>\n\t\t\t\t\t<\/div>\n\t\t<\/section>\n\t\t\t\t<\/div>\n\t\t","protected":false},"excerpt":{"rendered":"<p>Destinations en Colombie explorer les meilleures destinations en colombie Des paysages \u00e9poustouflants. Des exp\u00e9riences inoubliables. Des souvenirs grav\u00e9s dans votre c\u0153ur.* D\u00e9couvrez les 6 avantages exceptionnels : 1. Aventure illimit\u00e9e. 2. Richesse culturelle. 3. Nature spectaculaire. 4. Hospitalit\u00e9 chaleureuse. 5. Saveurs exquises. 6. Moments magiques. Partez \u00e0 l&#8217;aventure dans les recoins \u00e9blouissants de la Colombie [&hellip;]<\/p>\n","protected":false},"author":1,"featured_media":6144,"parent":0,"menu_order":0,"comment_status":"closed","ping_status":"closed","template":"elementor_header_footer","meta":{"footnotes":""},"class_list":["post-3457","page","type-page","status-publish","has-post-thumbnail","hentry"],"_links":{"self":[{"href":"https:\/\/transferstours.com\/fr\/wp-json\/wp\/v2\/pages\/3457","targetHints":{"allow":["GET"]}}],"collection":[{"href":"https:\/\/transferstours.com\/fr\/wp-json\/wp\/v2\/pages"}],"about":[{"href":"https:\/\/transferstours.com\/fr\/wp-json\/wp\/v2\/types\/page"}],"author":[{"embeddable":true,"href":"https:\/\/transferstours.com\/fr\/wp-json\/wp\/v2\/users\/1"}],"replies":[{"embeddable":true,"href":"https:\/\/transferstours.com\/fr\/wp-json\/wp\/v2\/comments?post=3457"}],"version-history":[{"count":0,"href":"https:\/\/transferstours.com\/fr\/wp-json\/wp\/v2\/pages\/3457\/revisions"}],"wp:featuredmedia":[{"embeddable":true,"href":"https:\/\/transferstours.com\/fr\/wp-json\/wp\/v2\/media\/6144"}],"wp:attachment":[{"href":"https:\/\/transferstours.com\/fr\/wp-json\/wp\/v2\/media?parent=3457"}],"curies":[{"name":"wp","href":"https:\/\/api.w.org\/{rel}","templated":true}]}}