{"id":28278,"date":"2025-04-12T16:04:26","date_gmt":"2025-04-12T16:04:26","guid":{"rendered":"https:\/\/transferstours.com\/quienes-somos\/"},"modified":"2025-04-12T16:30:04","modified_gmt":"2025-04-12T16:30:04","slug":"quem-somos","status":"publish","type":"page","link":"https:\/\/transferstours.com\/pt-br\/quem-somos\/","title":{"rendered":"QUEM SOMOS"},"content":{"rendered":"\t\t<div data-elementor-type=\"wp-page\" data-elementor-id=\"28278\" class=\"elementor elementor-28278\" data-elementor-post-type=\"page\">\n\t\t\t\t\t\t<section class=\"elementor-section elementor-top-section elementor-element elementor-element-5e1d340 elementor-section-boxed elementor-section-height-default elementor-section-height-default\" data-id=\"5e1d340\" data-element_type=\"section\" data-e-type=\"section\" data-settings=\"{&quot;background_background&quot;:&quot;classic&quot;}\">\n\t\t\t\t\t\t\t<div class=\"elementor-background-overlay\"><\/div>\n\t\t\t\t\t\t\t<div class=\"elementor-container elementor-column-gap-default\">\n\t\t\t\t\t<div class=\"elementor-column elementor-col-100 elementor-top-column elementor-element elementor-element-dea2c9a\" data-id=\"dea2c9a\" data-element_type=\"column\" data-e-type=\"column\">\n\t\t\t<div class=\"elementor-widget-wrap elementor-element-populated\">\n\t\t\t\t\t\t<section class=\"elementor-section elementor-inner-section elementor-element elementor-element-9581362 elementor-section-boxed elementor-section-height-default elementor-section-height-default\" data-id=\"9581362\" data-element_type=\"section\" data-e-type=\"section\">\n\t\t\t\t\t\t<div class=\"elementor-container elementor-column-gap-default\">\n\t\t\t\t\t<div class=\"elementor-column elementor-col-50 elementor-inner-column elementor-element elementor-element-a01913d\" data-id=\"a01913d\" data-element_type=\"column\" data-e-type=\"column\" data-settings=\"{&quot;background_background&quot;:&quot;classic&quot;}\">\n\t\t\t<div class=\"elementor-widget-wrap elementor-element-populated\">\n\t\t\t\t\t\t<div class=\"elementor-element elementor-element-870e996 elementor-widget-divider--view-line elementor-widget elementor-widget-divider\" data-id=\"870e996\" data-element_type=\"widget\" data-e-type=\"widget\" data-widget_type=\"divider.default\">\n\t\t\t\t<div class=\"elementor-widget-container\">\n\t\t\t\t\t\t\t<div class=\"elementor-divider\">\n\t\t\t<span class=\"elementor-divider-separator\">\n\t\t\t\t\t\t<\/span>\n\t\t<\/div>\n\t\t\t\t\t\t<\/div>\n\t\t\t\t<\/div>\n\t\t\t\t<div class=\"elementor-element elementor-element-dc9da3f elementor-widget elementor-widget-heading\" data-id=\"dc9da3f\" data-element_type=\"widget\" data-e-type=\"widget\" data-widget_type=\"heading.default\">\n\t\t\t\t<div class=\"elementor-widget-container\">\n\t\t\t\t\t<h1 class=\"elementor-heading-title elementor-size-default\">Quem Somos<\/h1>\t\t\t\t<\/div>\n\t\t\t\t<\/div>\n\t\t\t\t\t<\/div>\n\t\t<\/div>\n\t\t\t\t<div class=\"elementor-column elementor-col-50 elementor-inner-column elementor-element elementor-element-09aba4a elementor-hidden-tablet elementor-hidden-phone\" data-id=\"09aba4a\" data-element_type=\"column\" data-e-type=\"column\">\n\t\t\t<div class=\"elementor-widget-wrap\">\n\t\t\t\t\t\t\t<\/div>\n\t\t<\/div>\n\t\t\t\t\t<\/div>\n\t\t<\/section>\n\t\t\t\t\t<\/div>\n\t\t<\/div>\n\t\t\t\t\t<\/div>\n\t\t<\/section>\n\t\t\t\t<section class=\"elementor-section elementor-top-section elementor-element elementor-element-655653a8 elementor-section-content-middle elementor-section-boxed elementor-section-height-default elementor-section-height-default\" data-id=\"655653a8\" data-element_type=\"section\" data-e-type=\"section\" data-settings=\"{&quot;background_background&quot;:&quot;classic&quot;}\">\n\t\t\t\t\t\t<div class=\"elementor-container elementor-column-gap-default\">\n\t\t\t\t\t<div class=\"elementor-column elementor-col-50 elementor-top-column elementor-element elementor-element-3f815678\" data-id=\"3f815678\" data-element_type=\"column\" data-e-type=\"column\">\n\t\t\t<div class=\"elementor-widget-wrap elementor-element-populated\">\n\t\t\t\t\t\t<div class=\"elementor-element elementor-element-7752b2f5 elementor-widget elementor-widget-image\" data-id=\"7752b2f5\" data-element_type=\"widget\" data-e-type=\"widget\" data-widget_type=\"image.default\">\n\t\t\t\t<div class=\"elementor-widget-container\">\n\t\t\t\t\t\t\t\t\t\t\t\t\t\t\t<img fetchpriority=\"high\" decoding=\"async\" width=\"1600\" height=\"1067\" src=\"https:\/\/transferstours.com\/wp-content\/uploads\/2020\/12\/transferstours.jpg\" class=\"attachment-full size-full wp-image-1432\" alt=\"quienes-somos-tours-colombia\" srcset=\"https:\/\/transferstours.com\/wp-content\/uploads\/2020\/12\/transferstours.jpg 1600w, https:\/\/transferstours.com\/wp-content\/uploads\/2020\/12\/transferstours-300x200.jpg 300w, https:\/\/transferstours.com\/wp-content\/uploads\/2020\/12\/transferstours-1024x683.jpg 1024w, https:\/\/transferstours.com\/wp-content\/uploads\/2020\/12\/transferstours-768x512.jpg 768w, https:\/\/transferstours.com\/wp-content\/uploads\/2020\/12\/transferstours-1536x1024.jpg 1536w, https:\/\/transferstours.com\/wp-content\/uploads\/2020\/12\/transferstours-1200x800.jpg 1200w, https:\/\/transferstours.com\/wp-content\/uploads\/2020\/12\/transferstours-600x400.jpg 600w\" sizes=\"(max-width: 1600px) 100vw, 1600px\" \/>\t\t\t\t\t\t\t\t\t\t\t\t\t\t\t<\/div>\n\t\t\t\t<\/div>\n\t\t\t\t<div class=\"elementor-element elementor-element-421e9797 elementor-widget__width-initial elementor-absolute elementor-widget-tablet__width-initial elementor-widget-mobile__width-initial elementor-widget elementor-widget-image\" data-id=\"421e9797\" data-element_type=\"widget\" data-e-type=\"widget\" data-settings=\"{&quot;_position&quot;:&quot;absolute&quot;}\" data-widget_type=\"image.default\">\n\t\t\t\t<div class=\"elementor-widget-container\">\n\t\t\t\t\t\t\t\t\t\t\t\t\t\t\t<img decoding=\"async\" width=\"300\" height=\"300\" src=\"https:\/\/transferstours.com\/wp-content\/uploads\/2020\/09\/quienes-somos-2-300x300.jpg\" class=\"attachment-medium size-medium wp-image-544\" alt=\"Guatavita-tours-colombia\" srcset=\"https:\/\/transferstours.com\/wp-content\/uploads\/2020\/09\/quienes-somos-2-300x300.jpg 300w, https:\/\/transferstours.com\/wp-content\/uploads\/2020\/09\/quienes-somos-2-150x150.jpg 150w, https:\/\/transferstours.com\/wp-content\/uploads\/2020\/09\/quienes-somos-2-450x450.jpg 450w, https:\/\/transferstours.com\/wp-content\/uploads\/2020\/09\/quienes-somos-2-100x100.jpg 100w, https:\/\/transferstours.com\/wp-content\/uploads\/2020\/09\/quienes-somos-2.jpg 500w\" sizes=\"(max-width: 300px) 100vw, 300px\" \/>\t\t\t\t\t\t\t\t\t\t\t\t\t\t\t<\/div>\n\t\t\t\t<\/div>\n\t\t\t\t\t<\/div>\n\t\t<\/div>\n\t\t\t\t<div class=\"elementor-column elementor-col-50 elementor-top-column elementor-element elementor-element-762c28ae\" data-id=\"762c28ae\" data-element_type=\"column\" data-e-type=\"column\">\n\t\t\t<div class=\"elementor-widget-wrap elementor-element-populated\">\n\t\t\t\t\t\t<div class=\"elementor-element elementor-element-52589f6e elementor-widget elementor-widget-spacer\" data-id=\"52589f6e\" data-element_type=\"widget\" data-e-type=\"widget\" data-widget_type=\"spacer.default\">\n\t\t\t\t<div class=\"elementor-widget-container\">\n\t\t\t\t\t\t\t<div class=\"elementor-spacer\">\n\t\t\t<div class=\"elementor-spacer-inner\"><\/div>\n\t\t<\/div>\n\t\t\t\t\t\t<\/div>\n\t\t\t\t<\/div>\n\t\t\t\t<div class=\"elementor-element elementor-element-7949b8f5 elementor-widget elementor-widget-heading\" data-id=\"7949b8f5\" data-element_type=\"widget\" data-e-type=\"widget\" data-widget_type=\"heading.default\">\n\t\t\t\t<div class=\"elementor-widget-container\">\n\t\t\t\t\t<h2 class=\"elementor-heading-title elementor-size-default\">Quem somos - transfers &amp; tours colombia<\/h2>\t\t\t\t<\/div>\n\t\t\t\t<\/div>\n\t\t\t\t<div class=\"elementor-element elementor-element-24ba93d1 elementor-widget elementor-widget-text-editor\" data-id=\"24ba93d1\" data-element_type=\"widget\" data-e-type=\"widget\" data-widget_type=\"text-editor.default\">\n\t\t\t\t<div class=\"elementor-widget-container\">\n\t\t\t\t\t\t\t\t\t<p><strong data-start=\"56\" data-end=\"86\">Transfers &amp; Tours Colombia<\/strong> \u00e9 uma empresa que nasceu em 2010, explorando cada um dos tesouros naturais e culturais da Col\u00f4mbia, com a convic\u00e7\u00e3o de oferecer servi\u00e7os profissionais no design e implementa\u00e7\u00e3o de eventos, atividades, tours, transporte e log\u00edstica na Col\u00f4mbia, com experi\u00eancias focadas em grupos de motiva\u00e7\u00e3o, viagens personalizadas e eventos sociais. Quando voc\u00ea planeja uma experi\u00eancia ou evento em um dos nossos destinos, tamb\u00e9m oferecemos servi\u00e7os adicionais de acordo com suas necessidades.<\/p>\t\t\t\t\t\t\t\t<\/div>\n\t\t\t\t<\/div>\n\t\t\t\t\t<\/div>\n\t\t<\/div>\n\t\t\t\t\t<\/div>\n\t\t<\/section>\n\t\t\t\t<section class=\"elementor-section elementor-top-section elementor-element elementor-element-75cc2bff elementor-section-boxed elementor-section-height-default elementor-section-height-default\" data-id=\"75cc2bff\" data-element_type=\"section\" data-e-type=\"section\">\n\t\t\t\t\t\t<div class=\"elementor-container elementor-column-gap-default\">\n\t\t\t\t\t<div class=\"elementor-column elementor-col-50 elementor-top-column elementor-element elementor-element-4c7b1f5c\" data-id=\"4c7b1f5c\" data-element_type=\"column\" data-e-type=\"column\">\n\t\t\t<div class=\"elementor-widget-wrap elementor-element-populated\">\n\t\t\t\t\t\t<div class=\"elementor-element elementor-element-54f552b2 elementor-widget elementor-widget-heading\" data-id=\"54f552b2\" data-element_type=\"widget\" data-e-type=\"widget\" data-widget_type=\"heading.default\">\n\t\t\t\t<div class=\"elementor-widget-container\">\n\t\t\t\t\t<h2 class=\"elementor-heading-title elementor-size-xxl\">O Melhor Servi\u00e7o de Transfers &amp; Tours na Col\u00f4mbia<\/h2>\t\t\t\t<\/div>\n\t\t\t\t<\/div>\n\t\t\t\t<div class=\"elementor-element elementor-element-17d42438 elementor-widget-divider--view-line elementor-widget elementor-widget-divider\" data-id=\"17d42438\" data-element_type=\"widget\" data-e-type=\"widget\" data-widget_type=\"divider.default\">\n\t\t\t\t<div class=\"elementor-widget-container\">\n\t\t\t\t\t\t\t<div class=\"elementor-divider\">\n\t\t\t<span class=\"elementor-divider-separator\">\n\t\t\t\t\t\t<\/span>\n\t\t<\/div>\n\t\t\t\t\t\t<\/div>\n\t\t\t\t<\/div>\n\t\t\t\t\t<\/div>\n\t\t<\/div>\n\t\t\t\t<div class=\"elementor-column elementor-col-50 elementor-top-column elementor-element elementor-element-4949396\" data-id=\"4949396\" data-element_type=\"column\" data-e-type=\"column\">\n\t\t\t<div class=\"elementor-widget-wrap elementor-element-populated\">\n\t\t\t\t\t\t<section class=\"elementor-section elementor-inner-section elementor-element elementor-element-75d0e7e5 elementor-section-boxed elementor-section-height-default elementor-section-height-default\" data-id=\"75d0e7e5\" data-element_type=\"section\" data-e-type=\"section\">\n\t\t\t\t\t\t<div class=\"elementor-container elementor-column-gap-wider\">\n\t\t\t\t\t<div class=\"elementor-column elementor-col-50 elementor-inner-column elementor-element elementor-element-16d96510\" data-id=\"16d96510\" data-element_type=\"column\" data-e-type=\"column\">\n\t\t\t<div class=\"elementor-widget-wrap elementor-element-populated\">\n\t\t\t\t\t\t<div class=\"elementor-element elementor-element-37980271 elementor-position-left elementor-vertical-align-top elementor-widget elementor-widget-image-box\" data-id=\"37980271\" data-element_type=\"widget\" data-e-type=\"widget\" data-widget_type=\"image-box.default\">\n\t\t\t\t<div class=\"elementor-widget-container\">\n\t\t\t\t\t<div class=\"elementor-image-box-wrapper\"><figure class=\"elementor-image-box-img\"><a href=\"https:\/\/transferstours.com\/destinos-en-colombia\/\" tabindex=\"-1\"><img decoding=\"async\" width=\"86\" height=\"86\" src=\"https:\/\/transferstours.com\/wp-content\/uploads\/2020\/09\/compass.png\" class=\"attachment-full size-full wp-image-74\" alt=\"preguntas-de-viaje-a-colombia\" \/><\/a><\/figure><div class=\"elementor-image-box-content\"><h3 class=\"elementor-image-box-title\"><a href=\"https:\/\/transferstours.com\/destinos-en-colombia\/\">Tempo \u00e9 dinheiro<\/a><\/h3><p class=\"elementor-image-box-description\">Economia de tempo: N\u00f3s, como operadora de turismo, cuidamos de todos os detalhes da viagem, o que significa que voc\u00ea n\u00e3o precisa se preocupar com o planejamento nem buscar diferentes fornecedores para cada servi\u00e7o. Isso permite economizar tempo e esfor\u00e7o.<\/p><\/div><\/div>\t\t\t\t<\/div>\n\t\t\t\t<\/div>\n\t\t\t\t\t<\/div>\n\t\t<\/div>\n\t\t\t\t<div class=\"elementor-column elementor-col-50 elementor-inner-column elementor-element elementor-element-6f5cdb46\" data-id=\"6f5cdb46\" data-element_type=\"column\" data-e-type=\"column\">\n\t\t\t<div class=\"elementor-widget-wrap elementor-element-populated\">\n\t\t\t\t\t\t<div class=\"elementor-element elementor-element-408173d elementor-position-left elementor-vertical-align-top elementor-widget elementor-widget-image-box\" data-id=\"408173d\" data-element_type=\"widget\" data-e-type=\"widget\" data-widget_type=\"image-box.default\">\n\t\t\t\t<div class=\"elementor-widget-container\">\n\t\t\t\t\t<div class=\"elementor-image-box-wrapper\"><figure class=\"elementor-image-box-img\"><a href=\"https:\/\/colombia.travel\/es\/donde-ir\" tabindex=\"-1\" target=\"_blank\" rel=\"noopener\"><img loading=\"lazy\" decoding=\"async\" width=\"86\" height=\"86\" src=\"https:\/\/transferstours.com\/wp-content\/uploads\/2020\/09\/passport.png\" class=\"attachment-full size-full wp-image-16\" alt=\"pasaporte-colombiano\" \/><\/a><\/figure><div class=\"elementor-image-box-content\"><h3 class=\"elementor-image-box-title\"><a href=\"https:\/\/colombia.travel\/es\/donde-ir\" target=\"_blank\" rel=\"noopener\">Rutas personalizadas<\/a><\/h3><p class=\"elementor-image-box-description\">Pacotes personalizados: Preparamos todos os destinos para oferecer pacotes de viagem personalizados que se adaptem \u00e0s suas prefer\u00eancias e necessidades. Isso pode ser muito \u00fatil se voc\u00ea tiver um or\u00e7amento limitado ou se tiver interesses espec\u00edficos que deseja satisfazer durante a viagem.\n\n<\/p><\/div><\/div>\t\t\t\t<\/div>\n\t\t\t\t<\/div>\n\t\t\t\t\t<\/div>\n\t\t<\/div>\n\t\t\t\t\t<\/div>\n\t\t<\/section>\n\t\t\t\t<div class=\"elementor-element elementor-element-2bee1cac elementor-widget elementor-widget-spacer\" data-id=\"2bee1cac\" data-element_type=\"widget\" data-e-type=\"widget\" data-widget_type=\"spacer.default\">\n\t\t\t\t<div class=\"elementor-widget-container\">\n\t\t\t\t\t\t\t<div class=\"elementor-spacer\">\n\t\t\t<div class=\"elementor-spacer-inner\"><\/div>\n\t\t<\/div>\n\t\t\t\t\t\t<\/div>\n\t\t\t\t<\/div>\n\t\t\t\t<section class=\"elementor-section elementor-inner-section elementor-element elementor-element-6f140259 elementor-section-boxed elementor-section-height-default elementor-section-height-default\" data-id=\"6f140259\" data-element_type=\"section\" data-e-type=\"section\">\n\t\t\t\t\t\t<div class=\"elementor-container elementor-column-gap-wider\">\n\t\t\t\t\t<div class=\"elementor-column elementor-col-50 elementor-inner-column elementor-element elementor-element-6af2be45\" data-id=\"6af2be45\" data-element_type=\"column\" data-e-type=\"column\">\n\t\t\t<div class=\"elementor-widget-wrap elementor-element-populated\">\n\t\t\t\t\t\t<div class=\"elementor-element elementor-element-d55ac90 elementor-position-left elementor-vertical-align-top elementor-widget elementor-widget-image-box\" data-id=\"d55ac90\" data-element_type=\"widget\" data-e-type=\"widget\" data-widget_type=\"image-box.default\">\n\t\t\t\t<div class=\"elementor-widget-container\">\n\t\t\t\t\t<div class=\"elementor-image-box-wrapper\"><figure class=\"elementor-image-box-img\"><a href=\"https:\/\/transferstours.com\/destinos-en-colombia\/\" tabindex=\"-1\"><img loading=\"lazy\" decoding=\"async\" width=\"86\" height=\"86\" src=\"https:\/\/transferstours.com\/wp-content\/uploads\/2020\/09\/multiple-destinations.png\" class=\"attachment-full size-full wp-image-56\" alt=\"tours-personas-en sillas-de-ruedas\" \/><\/a><\/figure><div class=\"elementor-image-box-content\"><h3 class=\"elementor-image-box-title\"><a href=\"https:\/\/transferstours.com\/destinos-en-colombia\/\">Suporte 24\/7<\/a><\/h3><p class=\"elementor-image-box-description\">Suporte em caso de emerg\u00eancia: Caso surja algum problema durante a viagem, temos pessoal capacitado para oferecer apoio e assist\u00eancia para resolv\u00ea-lo. Isso pode ser especialmente \u00fatil se voc\u00ea estiver em uma cidade colombiana e precisar de um servi\u00e7o.<\/p><\/div><\/div>\t\t\t\t<\/div>\n\t\t\t\t<\/div>\n\t\t\t\t\t<\/div>\n\t\t<\/div>\n\t\t\t\t<div class=\"elementor-column elementor-col-50 elementor-inner-column elementor-element elementor-element-30a35e2a\" data-id=\"30a35e2a\" data-element_type=\"column\" data-e-type=\"column\">\n\t\t\t<div class=\"elementor-widget-wrap elementor-element-populated\">\n\t\t\t\t\t\t<div class=\"elementor-element elementor-element-6d4623c4 elementor-position-left elementor-vertical-align-top elementor-widget elementor-widget-image-box\" data-id=\"6d4623c4\" data-element_type=\"widget\" data-e-type=\"widget\" data-widget_type=\"image-box.default\">\n\t\t\t\t<div class=\"elementor-widget-container\">\n\t\t\t\t\t<div class=\"elementor-image-box-wrapper\"><figure class=\"elementor-image-box-img\"><a href=\"https:\/\/transferstours.com\/destinos-en-colombia\/\" tabindex=\"-1\"><img loading=\"lazy\" decoding=\"async\" width=\"86\" height=\"86\" src=\"https:\/\/transferstours.com\/wp-content\/uploads\/2020\/09\/footstep.png\" class=\"attachment-full size-full wp-image-75\" alt=\"clientes-transferstours\" \/><\/a><\/figure><div class=\"elementor-image-box-content\"><h3 class=\"elementor-image-box-title\"><a href=\"https:\/\/transferstours.com\/destinos-en-colombia\/\">Seguran\u00e7a<\/a><\/h3><p class=\"elementor-image-box-description\">Maior seguran\u00e7a: Ao contratar nossos servi\u00e7os, garantimos que voc\u00ea estar\u00e1 trabalhando com uma empresa que cumpre com certos padr\u00f5es de qualidade e seguran\u00e7a. Isso pode ser muito importante se voc\u00ea tiver preocupa\u00e7\u00f5es com a seguran\u00e7a durante a viagem.<\/p><\/div><\/div>\t\t\t\t<\/div>\n\t\t\t\t<\/div>\n\t\t\t\t\t<\/div>\n\t\t<\/div>\n\t\t\t\t\t<\/div>\n\t\t<\/section>\n\t\t\t\t\t<\/div>\n\t\t<\/div>\n\t\t\t\t\t<\/div>\n\t\t<\/section>\n\t\t\t\t<section class=\"elementor-section elementor-top-section elementor-element elementor-element-3e2ed89 elementor-section-boxed elementor-section-height-default elementor-section-height-default\" data-id=\"3e2ed89\" data-element_type=\"section\" data-e-type=\"section\" data-settings=\"{&quot;background_background&quot;:&quot;gradient&quot;}\">\n\t\t\t\t\t\t\t<div class=\"elementor-background-overlay\"><\/div>\n\t\t\t\t\t\t\t<div class=\"elementor-container elementor-column-gap-default\">\n\t\t\t\t\t<div class=\"elementor-column elementor-col-100 elementor-top-column elementor-element elementor-element-8d9be06\" data-id=\"8d9be06\" data-element_type=\"column\" data-e-type=\"column\">\n\t\t\t<div class=\"elementor-widget-wrap elementor-element-populated\">\n\t\t\t\t\t\t<div class=\"elementor-element elementor-element-b6f7760 elementor-widget elementor-widget-text-editor\" data-id=\"b6f7760\" data-element_type=\"widget\" data-e-type=\"widget\" data-widget_type=\"text-editor.default\">\n\t\t\t\t<div class=\"elementor-widget-container\">\n\t\t\t\t\t\t\t\t\t<h3 style=\"text-align: center;\"><span style=\"color: #ffffff;\">Transfers &amp; Tours, a solu\u00e7\u00e3o para a sua log\u00edstica de viagem na Col\u00f4mbia<\/span><\/h3> A experi\u00eancia e o conhecimento acumulados ao longo desses 13 anos nos posicionam como o operador de tours ideal para aqueles que buscam descobrir a Col\u00f4mbia de maneira profunda e enriquecedora. Nos orgulhamos da nossa capacidade de nos adaptar \u00e0s necessidades espec\u00edficas de cada ag\u00eancia e seus clientes, criando viagens que v\u00e3o al\u00e9m dos itiner\u00e1rios convencionais.\nTransfers &#038; Tours Col\u00f4mbia \u00e9 mais do que um fornecedor; somos criadores de conex\u00f5es emocionais, tecedores de experi\u00eancias e guardi\u00f5es dos segredos mais bem guardados da Col\u00f4mbia. Nosso compromisso \u00e9 oferecer um servi\u00e7o que supere as expectativas, que desperte a curiosidade e que deixe uma marca indel\u00e9vel no cora\u00e7\u00e3o de cada viajante.\n\nConvidamos as ag\u00eancias de viagens de todo o mundo a se juntar a n\u00f3s nesta aventura, para que juntos possamos oferecer aos seus clientes a chave que abre as portas de uma Col\u00f4mbia aut\u00eantica e cativante. Com <span style=\"color: #ffff00;\"><a style=\"color: #ffff00;\" href=\"https:\/\/transferstours.com\/\">Transfers &#038; Tours Col\u00f4mbia<\/a><\/span>, cada viagem \u00e9 uma hist\u00f3ria para contar, um sonho para viver e uma lembran\u00e7a para guardar.\t\t\t\t\t\t\t\t<\/div>\n\t\t\t\t<\/div>\n\t\t\t\t\t<\/div>\n\t\t<\/div>\n\t\t\t\t\t<\/div>\n\t\t<\/section>\n\t\t\t\t<section class=\"elementor-section elementor-top-section elementor-element elementor-element-6a4dbd4c elementor-section-boxed elementor-section-height-default elementor-section-height-default\" data-id=\"6a4dbd4c\" data-element_type=\"section\" data-e-type=\"section\" data-settings=\"{&quot;background_background&quot;:&quot;classic&quot;}\">\n\t\t\t\t\t\t\t<div class=\"elementor-background-overlay\"><\/div>\n\t\t\t\t\t\t\t<div class=\"elementor-container elementor-column-gap-no\">\n\t\t\t\t\t<div class=\"elementor-column elementor-col-100 elementor-top-column elementor-element elementor-element-6e291ad7\" data-id=\"6e291ad7\" data-element_type=\"column\" data-e-type=\"column\">\n\t\t\t<div class=\"elementor-widget-wrap elementor-element-populated\">\n\t\t\t\t\t\t<section class=\"elementor-section elementor-inner-section elementor-element elementor-element-32ffbc4d elementor-section-boxed elementor-section-height-default elementor-section-height-default\" data-id=\"32ffbc4d\" data-element_type=\"section\" data-e-type=\"section\">\n\t\t\t\t\t\t<div class=\"elementor-container elementor-column-gap-default\">\n\t\t\t\t\t<div class=\"elementor-column elementor-col-100 elementor-inner-column elementor-element elementor-element-37bb831b\" data-id=\"37bb831b\" data-element_type=\"column\" data-e-type=\"column\">\n\t\t\t<div class=\"elementor-widget-wrap elementor-element-populated\">\n\t\t\t\t\t\t<div class=\"elementor-element elementor-element-109dab3d elementor-widget elementor-widget-heading\" data-id=\"109dab3d\" data-element_type=\"widget\" data-e-type=\"widget\" data-widget_type=\"heading.default\">\n\t\t\t\t<div class=\"elementor-widget-container\">\n\t\t\t\t\t<h2 class=\"elementor-heading-title elementor-size-default\">Obtenha uma experi\u00eancia de viagem perfeita<\/h2>\t\t\t\t<\/div>\n\t\t\t\t<\/div>\n\t\t\t\t<div class=\"elementor-element elementor-element-30bbeb0d elementor-widget elementor-widget-text-editor\" data-id=\"30bbeb0d\" data-element_type=\"widget\" data-e-type=\"widget\" data-widget_type=\"text-editor.default\">\n\t\t\t\t<div class=\"elementor-widget-container\">\n\t\t\t\t\t\t\t\t\t<p>Uma experi\u00eancia de viagem na Col\u00f4mbia inesquec\u00edvel que voc\u00ea vai querer repetir.<\/p>\t\t\t\t\t\t\t\t<\/div>\n\t\t\t\t<\/div>\n\t\t\t\t<div class=\"elementor-element elementor-element-6d6f657e elementor-widget-divider--view-line elementor-widget elementor-widget-divider\" data-id=\"6d6f657e\" data-element_type=\"widget\" data-e-type=\"widget\" data-widget_type=\"divider.default\">\n\t\t\t\t<div class=\"elementor-widget-container\">\n\t\t\t\t\t\t\t<div class=\"elementor-divider\">\n\t\t\t<span class=\"elementor-divider-separator\">\n\t\t\t\t\t\t<\/span>\n\t\t<\/div>\n\t\t\t\t\t\t<\/div>\n\t\t\t\t<\/div>\n\t\t\t\t<div class=\"elementor-element elementor-element-3c3fb294 elementor-align-center elementor-mobile-align-justify elementor-widget elementor-widget-button\" data-id=\"3c3fb294\" data-element_type=\"widget\" data-e-type=\"widget\" data-widget_type=\"button.default\">\n\t\t\t\t<div class=\"elementor-widget-container\">\n\t\t\t\t\t\t\t\t\t<div class=\"elementor-button-wrapper\">\n\t\t\t\t\t<a class=\"elementor-button elementor-button-link elementor-size-sm\" href=\"https:\/\/transferstours.com\/contacto\/\">\n\t\t\t\t\t\t<span class=\"elementor-button-content-wrapper\">\n\t\t\t\t\t\t<span class=\"elementor-button-icon\">\n\t\t\t\t<i aria-hidden=\"true\" class=\"fas fa-caret-right\"><\/i>\t\t\t<\/span>\n\t\t\t\t\t\t\t\t\t<span class=\"elementor-button-text\">Entrar em contato<\/span>\n\t\t\t\t\t<\/span>\n\t\t\t\t\t<\/a>\n\t\t\t\t<\/div>\n\t\t\t\t\t\t\t\t<\/div>\n\t\t\t\t<\/div>\n\t\t\t\t\t<\/div>\n\t\t<\/div>\n\t\t\t\t\t<\/div>\n\t\t<\/section>\n\t\t\t\t\t<\/div>\n\t\t<\/div>\n\t\t\t\t\t<\/div>\n\t\t<\/section>\n\t\t\t\t<\/div>\n\t\t","protected":false},"excerpt":{"rendered":"<p>Qui\u00e9nes Somos Qui\u00e9nes Somos\u200b Transfers &amp; Tours Colombia Transfers&amp; Tours Colombia es una empresa que nace en el 2010 explorando cada uno de los tesoros naturales y culturales de Colombia, y con la convicci\u00f3n de brindar servicios profesionales en el dise\u00f1o e implementaci\u00f3n de eventos, actividades, tours, transporte y log\u00edstica en Colombia con experiencias enfocada [&hellip;]<\/p>\n","protected":false},"author":1,"featured_media":25162,"parent":0,"menu_order":0,"comment_status":"closed","ping_status":"closed","template":"elementor_header_footer","meta":{"footnotes":""},"class_list":["post-28278","page","type-page","status-publish","has-post-thumbnail","hentry"],"_links":{"self":[{"href":"https:\/\/transferstours.com\/pt-br\/wp-json\/wp\/v2\/pages\/28278","targetHints":{"allow":["GET"]}}],"collection":[{"href":"https:\/\/transferstours.com\/pt-br\/wp-json\/wp\/v2\/pages"}],"about":[{"href":"https:\/\/transferstours.com\/pt-br\/wp-json\/wp\/v2\/types\/page"}],"author":[{"embeddable":true,"href":"https:\/\/transferstours.com\/pt-br\/wp-json\/wp\/v2\/users\/1"}],"replies":[{"embeddable":true,"href":"https:\/\/transferstours.com\/pt-br\/wp-json\/wp\/v2\/comments?post=28278"}],"version-history":[{"count":0,"href":"https:\/\/transferstours.com\/pt-br\/wp-json\/wp\/v2\/pages\/28278\/revisions"}],"wp:featuredmedia":[{"embeddable":true,"href":"https:\/\/transferstours.com\/pt-br\/wp-json\/wp\/v2\/media\/25162"}],"wp:attachment":[{"href":"https:\/\/transferstours.com\/pt-br\/wp-json\/wp\/v2\/media?parent=28278"}],"curies":[{"name":"wp","href":"https:\/\/api.w.org\/{rel}","templated":true}]}}