{"id":28279,"date":"2025-04-12T16:06:54","date_gmt":"2025-04-12T16:06:54","guid":{"rendered":"https:\/\/transferstours.com\/?page_id=28279"},"modified":"2025-04-12T16:41:23","modified_gmt":"2025-04-12T16:41:23","slug":"transferencias","status":"publish","type":"page","link":"https:\/\/transferstours.com\/pt-br\/transferencias\/","title":{"rendered":"TRANSFER\u00caNCIAS"},"content":{"rendered":"\t\t<div data-elementor-type=\"wp-page\" data-elementor-id=\"28279\" class=\"elementor elementor-28279\" data-elementor-post-type=\"page\">\n\t\t\t\t\t\t<section class=\"elementor-section elementor-top-section elementor-element elementor-element-36815e4 elementor-section-boxed elementor-section-height-default elementor-section-height-default\" data-id=\"36815e4\" data-element_type=\"section\" data-e-type=\"section\" data-settings=\"{&quot;background_background&quot;:&quot;classic&quot;}\">\n\t\t\t\t\t\t\t<div class=\"elementor-background-overlay\"><\/div>\n\t\t\t\t\t\t\t<div class=\"elementor-container elementor-column-gap-default\">\n\t\t\t\t\t<div class=\"elementor-column elementor-col-100 elementor-top-column elementor-element elementor-element-f2ee7bb\" data-id=\"f2ee7bb\" data-element_type=\"column\" data-e-type=\"column\">\n\t\t\t<div class=\"elementor-widget-wrap elementor-element-populated\">\n\t\t\t\t\t\t<section class=\"elementor-section elementor-inner-section elementor-element elementor-element-110bf5a elementor-section-boxed elementor-section-height-default elementor-section-height-default\" data-id=\"110bf5a\" data-element_type=\"section\" data-e-type=\"section\">\n\t\t\t\t\t\t<div class=\"elementor-container elementor-column-gap-default\">\n\t\t\t\t\t<div class=\"elementor-column elementor-col-50 elementor-inner-column elementor-element elementor-element-8e9182d\" data-id=\"8e9182d\" data-element_type=\"column\" data-e-type=\"column\" data-settings=\"{&quot;background_background&quot;:&quot;classic&quot;}\">\n\t\t\t<div class=\"elementor-widget-wrap elementor-element-populated\">\n\t\t\t\t\t\t<div class=\"elementor-element elementor-element-9ccba00 elementor-widget-divider--view-line elementor-widget elementor-widget-divider\" data-id=\"9ccba00\" data-element_type=\"widget\" data-e-type=\"widget\" data-widget_type=\"divider.default\">\n\t\t\t\t<div class=\"elementor-widget-container\">\n\t\t\t\t\t\t\t<div class=\"elementor-divider\">\n\t\t\t<span class=\"elementor-divider-separator\">\n\t\t\t\t\t\t<\/span>\n\t\t<\/div>\n\t\t\t\t\t\t<\/div>\n\t\t\t\t<\/div>\n\t\t\t\t<div class=\"elementor-element elementor-element-e46b0fe elementor-widget elementor-widget-heading\" data-id=\"e46b0fe\" data-element_type=\"widget\" data-e-type=\"widget\" data-widget_type=\"heading.default\">\n\t\t\t\t<div class=\"elementor-widget-container\">\n\t\t\t\t\t<h1 class=\"elementor-heading-title elementor-size-default\">Transfer\u00eancias Seguras<\/h1>\t\t\t\t<\/div>\n\t\t\t\t<\/div>\n\t\t\t\t\t<\/div>\n\t\t<\/div>\n\t\t\t\t<div class=\"elementor-column elementor-col-50 elementor-inner-column elementor-element elementor-element-64faee3 elementor-hidden-tablet elementor-hidden-phone\" data-id=\"64faee3\" data-element_type=\"column\" data-e-type=\"column\">\n\t\t\t<div class=\"elementor-widget-wrap\">\n\t\t\t\t\t\t\t<\/div>\n\t\t<\/div>\n\t\t\t\t\t<\/div>\n\t\t<\/section>\n\t\t\t\t\t<\/div>\n\t\t<\/div>\n\t\t\t\t\t<\/div>\n\t\t<\/section>\n\t\t\t\t<section class=\"elementor-section elementor-top-section elementor-element elementor-element-8cd4378 elementor-section-boxed elementor-section-height-default elementor-section-height-default\" data-id=\"8cd4378\" data-element_type=\"section\" data-e-type=\"section\">\n\t\t\t\t\t\t<div class=\"elementor-container elementor-column-gap-default\">\n\t\t\t\t\t<div class=\"elementor-column elementor-col-50 elementor-top-column elementor-element elementor-element-3b5555e\" data-id=\"3b5555e\" data-element_type=\"column\" data-e-type=\"column\">\n\t\t\t<div class=\"elementor-widget-wrap elementor-element-populated\">\n\t\t\t\t\t\t<div class=\"elementor-element elementor-element-b3a07e5 elementor-widget elementor-widget-heading\" data-id=\"b3a07e5\" data-element_type=\"widget\" data-e-type=\"widget\" data-widget_type=\"heading.default\">\n\t\t\t\t<div class=\"elementor-widget-container\">\n\t\t\t\t\t<h2 class=\"elementor-heading-title elementor-size-large\">Transfer\u00eancias de aeroportos na Col\u00f4mbia<\/h2>\t\t\t\t<\/div>\n\t\t\t\t<\/div>\n\t\t\t\t<div class=\"elementor-element elementor-element-d95841d elementor-widget elementor-widget-text-editor\" data-id=\"d95841d\" data-element_type=\"widget\" data-e-type=\"widget\" data-widget_type=\"text-editor.default\">\n\t\t\t\t<div class=\"elementor-widget-container\">\n\t\t\t\t\t\t\t\t\t<p class=\"\" data-start=\"118\" data-end=\"264\">Voc\u00ea est\u00e1 procurando um servi\u00e7o de transfer\u00eancia confi\u00e1vel e confort\u00e1vel do aeroporto ou para atividades na Col\u00f4mbia? Veja o que temos a oferecer!<\/p><p class=\"\" data-start=\"266\" data-end=\"595\">Nossa empresa oferece servi\u00e7os de transfer\u00eancias de aeroportos na Col\u00f4mbia e por hora, com uma frota de ve\u00edculos de alta qualidade e motoristas profissionais e amig\u00e1veis. Todos os nossos ve\u00edculos est\u00e3o equipados com ar-condicionado e conectividade sem fio, para que voc\u00ea possa desfrutar de uma viagem confort\u00e1vel e sem problemas.<\/p><p class=\"\" data-start=\"597\" data-end=\"835\">Al\u00e9m disso, nossa empresa se dedica a garantir a seguran\u00e7a e a pontualidade de nossos servi\u00e7os. Nos esfor\u00e7amos para chegar no hor\u00e1rio em cada uma de nossas paradas e para fornecer um servi\u00e7o de alta qualidade a cada um de nossos clientes.<\/p><p class=\"\" data-start=\"837\" data-end=\"1105\">N\u00e3o importa se voc\u00ea precisa de uma transfer\u00eancia do aeroporto ou um servi\u00e7o por hora na Col\u00f4mbia, estamos prontos para oferecer um servi\u00e7o excepcional e adaptado \u00e0s suas necessidades. Entre em contato conosco hoje mesmo para obter mais informa\u00e7\u00f5es e fazer uma reserva!<\/p>\t\t\t\t\t\t\t\t<\/div>\n\t\t\t\t<\/div>\n\t\t\t\t<div class=\"elementor-element elementor-element-770a008 elementor-widget elementor-widget-heading\" data-id=\"770a008\" data-element_type=\"widget\" data-e-type=\"widget\" data-widget_type=\"heading.default\">\n\t\t\t\t<div class=\"elementor-widget-container\">\n\t\t\t\t\t<h2 class=\"elementor-heading-title elementor-size-large\">Tipos de Transportes para Transfer\u00eancias do Aeroporto<\/h2>\t\t\t\t<\/div>\n\t\t\t\t<\/div>\n\t\t\t\t\t<\/div>\n\t\t<\/div>\n\t\t\t\t<div class=\"elementor-column elementor-col-50 elementor-top-column elementor-element elementor-element-e505fca\" data-id=\"e505fca\" data-element_type=\"column\" data-e-type=\"column\">\n\t\t\t<div class=\"elementor-widget-wrap elementor-element-populated\">\n\t\t\t\t\t\t<div class=\"elementor-element elementor-element-f42ed38 elementor-widget elementor-widget-heading\" data-id=\"f42ed38\" data-element_type=\"widget\" data-e-type=\"widget\" data-widget_type=\"heading.default\">\n\t\t\t\t<div class=\"elementor-widget-container\">\n\t\t\t\t\t<h2 class=\"elementor-heading-title elementor-size-xl\">\"Transfer\u00eancias do aeroporto: o come\u00e7o perfeito da sua viagem\"<\/h2>\t\t\t\t<\/div>\n\t\t\t\t<\/div>\n\t\t\t\t<div class=\"elementor-element elementor-element-21de2a0 elementor-widget elementor-widget-image\" data-id=\"21de2a0\" data-element_type=\"widget\" data-e-type=\"widget\" data-widget_type=\"image.default\">\n\t\t\t\t<div class=\"elementor-widget-container\">\n\t\t\t\t\t\t\t\t\t\t\t\t\t\t\t<img fetchpriority=\"high\" decoding=\"async\" width=\"580\" height=\"457\" src=\"https:\/\/transferstours.com\/wp-content\/uploads\/2020\/12\/sin-ttulo-2-1-1024x807-1.png\" class=\"attachment-large size-large wp-image-1319\" alt=\"traslados-aeropuertos-en-colombia\" srcset=\"https:\/\/transferstours.com\/wp-content\/uploads\/2020\/12\/sin-ttulo-2-1-1024x807-1.png 1024w, https:\/\/transferstours.com\/wp-content\/uploads\/2020\/12\/sin-ttulo-2-1-1024x807-1-300x236.png 300w, https:\/\/transferstours.com\/wp-content\/uploads\/2020\/12\/sin-ttulo-2-1-1024x807-1-768x605.png 768w, https:\/\/transferstours.com\/wp-content\/uploads\/2020\/12\/sin-ttulo-2-1-1024x807-1-600x473.png 600w\" sizes=\"(max-width: 580px) 100vw, 580px\" \/>\t\t\t\t\t\t\t\t\t\t\t\t\t\t\t<\/div>\n\t\t\t\t<\/div>\n\t\t\t\t<div class=\"elementor-element elementor-element-f92cb4e elementor-align-center elementor-widget elementor-widget-button\" data-id=\"f92cb4e\" data-element_type=\"widget\" data-e-type=\"widget\" data-settings=\"{&quot;_animation&quot;:&quot;none&quot;}\" data-widget_type=\"button.default\">\n\t\t\t\t<div class=\"elementor-widget-container\">\n\t\t\t\t\t\t\t\t\t<div class=\"elementor-button-wrapper\">\n\t\t\t\t\t<a class=\"elementor-button elementor-button-link elementor-size-sm\" href=\"https:\/\/wa.me\/573146644303?text=!Hola!%20quiero%20mas%20informacion%20para%20viajar%20a%20Colombia.%20(traslado%20aeropuerto)\" target=\"_blank\" rel=\"noopener\">\n\t\t\t\t\t\t<span class=\"elementor-button-content-wrapper\">\n\t\t\t\t\t\t<span class=\"elementor-button-icon\">\n\t\t\t\t<i aria-hidden=\"true\" class=\"fas fa-plane-arrival\"><\/i>\t\t\t<\/span>\n\t\t\t\t\t\t\t\t\t<span class=\"elementor-button-text\">Solicite sua transfer\u00eancia aqui:<\/span>\n\t\t\t\t\t<\/span>\n\t\t\t\t\t<\/a>\n\t\t\t\t<\/div>\n\t\t\t\t\t\t\t\t<\/div>\n\t\t\t\t<\/div>\n\t\t\t\t\t<\/div>\n\t\t<\/div>\n\t\t\t\t\t<\/div>\n\t\t<\/section>\n\t\t\t\t<section class=\"elementor-section elementor-top-section elementor-element elementor-element-bb2a5c6 elementor-section-boxed elementor-section-height-default elementor-section-height-default\" data-id=\"bb2a5c6\" data-element_type=\"section\" data-e-type=\"section\">\n\t\t\t\t\t\t<div class=\"elementor-container elementor-column-gap-default\">\n\t\t\t\t\t<div class=\"elementor-column elementor-col-25 elementor-top-column elementor-element elementor-element-bb1b39f\" data-id=\"bb1b39f\" data-element_type=\"column\" data-e-type=\"column\">\n\t\t\t<div class=\"elementor-widget-wrap elementor-element-populated\">\n\t\t\t\t\t\t<div class=\"elementor-element elementor-element-84ceb7d elementor-widget elementor-widget-image\" data-id=\"84ceb7d\" data-element_type=\"widget\" data-e-type=\"widget\" data-widget_type=\"image.default\">\n\t\t\t\t<div class=\"elementor-widget-container\">\n\t\t\t\t\t\t\t\t\t\t\t\t\t\t\t<img decoding=\"async\" width=\"400\" height=\"267\" src=\"https:\/\/transferstours.com\/wp-content\/uploads\/2024\/06\/Automoviles-en-Medellin.webp\" class=\"attachment-large size-large wp-image-6252\" alt=\"atomoviles en aeropuerto\" srcset=\"https:\/\/transferstours.com\/wp-content\/uploads\/2024\/06\/Automoviles-en-Medellin.webp 400w, https:\/\/transferstours.com\/wp-content\/uploads\/2024\/06\/Automoviles-en-Medellin-300x200.webp 300w\" sizes=\"(max-width: 400px) 100vw, 400px\" \/>\t\t\t\t\t\t\t\t\t\t\t\t\t\t\t<\/div>\n\t\t\t\t<\/div>\n\t\t\t\t<div class=\"elementor-element elementor-element-2e41187 elementor-widget elementor-widget-heading\" data-id=\"2e41187\" data-element_type=\"widget\" data-e-type=\"widget\" data-widget_type=\"heading.default\">\n\t\t\t\t<div class=\"elementor-widget-container\">\n\t\t\t\t\t<h3 class=\"elementor-heading-title elementor-size-large\">Automovil<\/h3>\t\t\t\t<\/div>\n\t\t\t\t<\/div>\n\t\t\t\t<div class=\"elementor-element elementor-element-519fd53 elementor-widget elementor-widget-text-editor\" data-id=\"519fd53\" data-element_type=\"widget\" data-e-type=\"widget\" data-widget_type=\"text-editor.default\">\n\t\t\t\t<div class=\"elementor-widget-container\">\n\t\t\t\t\t\t\t\t\tVe\u00edculos ideais para transfer\u00eancias individuais ou para casais. <br> <br>\n\n<strong>Capacidade<\/strong>: At\u00e9 3 passageiros. <br> <br>\n\n<strong>Comodidades<\/strong>: ar-condicionado, Wi-Fi e servi\u00e7o de motorista profissional.\n <br> <br>\n<strong>Uso ideal<\/strong>: Viajantes de neg\u00f3cios ou casais que buscam conforto e seguran\u00e7a.\n\t\t\t\t\t\t\t\t<\/div>\n\t\t\t\t<\/div>\n\t\t\t\t<div class=\"elementor-element elementor-element-a76f58d elementor-align-center elementor-widget elementor-widget-button\" data-id=\"a76f58d\" data-element_type=\"widget\" data-e-type=\"widget\" data-widget_type=\"button.default\">\n\t\t\t\t<div class=\"elementor-widget-container\">\n\t\t\t\t\t\t\t\t\t<div class=\"elementor-button-wrapper\">\n\t\t\t\t\t<a class=\"elementor-button elementor-button-link elementor-size-sm\" href=\"https:\/\/wa.me\/573146644303?text=!Hola!%20quiero%20mas%20informacion%20para%20traslados%20en%20Colombia\" target=\"_blank\" rel=\"noopener\">\n\t\t\t\t\t\t<span class=\"elementor-button-content-wrapper\">\n\t\t\t\t\t\t\t\t\t<span class=\"elementor-button-text\">Solicite aqui<\/span>\n\t\t\t\t\t<\/span>\n\t\t\t\t\t<\/a>\n\t\t\t\t<\/div>\n\t\t\t\t\t\t\t\t<\/div>\n\t\t\t\t<\/div>\n\t\t\t\t\t<\/div>\n\t\t<\/div>\n\t\t\t\t<div class=\"elementor-column elementor-col-25 elementor-top-column elementor-element elementor-element-bed61b7\" data-id=\"bed61b7\" data-element_type=\"column\" data-e-type=\"column\">\n\t\t\t<div class=\"elementor-widget-wrap elementor-element-populated\">\n\t\t\t\t\t\t<div class=\"elementor-element elementor-element-259a936 elementor-widget elementor-widget-image\" data-id=\"259a936\" data-element_type=\"widget\" data-e-type=\"widget\" data-widget_type=\"image.default\">\n\t\t\t\t<div class=\"elementor-widget-container\">\n\t\t\t\t\t\t\t\t\t\t\t\t\t\t\t<img decoding=\"async\" width=\"580\" height=\"326\" src=\"https:\/\/transferstours.com\/wp-content\/uploads\/2023\/05\/traslados-en-medellin.png\" class=\"attachment-large size-large wp-image-4544\" alt=\"Traslados-desde-el-Aeropuerto-en-Colombia\" srcset=\"https:\/\/transferstours.com\/wp-content\/uploads\/2023\/05\/traslados-en-medellin.png 666w, https:\/\/transferstours.com\/wp-content\/uploads\/2023\/05\/traslados-en-medellin-300x168.png 300w\" sizes=\"(max-width: 580px) 100vw, 580px\" \/>\t\t\t\t\t\t\t\t\t\t\t\t\t\t\t<\/div>\n\t\t\t\t<\/div>\n\t\t\t\t<div class=\"elementor-element elementor-element-e266a30 elementor-widget elementor-widget-heading\" data-id=\"e266a30\" data-element_type=\"widget\" data-e-type=\"widget\" data-widget_type=\"heading.default\">\n\t\t\t\t<div class=\"elementor-widget-container\">\n\t\t\t\t\t<h3 class=\"elementor-heading-title elementor-size-large\">Mini van<\/h3>\t\t\t\t<\/div>\n\t\t\t\t<\/div>\n\t\t\t\t<div class=\"elementor-element elementor-element-3750e55 elementor-widget elementor-widget-text-editor\" data-id=\"3750e55\" data-element_type=\"widget\" data-e-type=\"widget\" data-widget_type=\"text-editor.default\">\n\t\t\t\t<div class=\"elementor-widget-container\">\n\t\t\t\t\t\t\t\t\tVe\u00edculos robustos e espa\u00e7osos, adequados para pequenos grupos e fam\u00edlias.\n<br><br>\n\n<strong>Capacidade<\/strong>: At\u00e9 7 passageiros.<br><br>\n\n<strong>Comodidades<\/strong>: Espa\u00e7o adicional para bagagem, ar-condicionado e maior conforto em terrenos irregulares.<br><br>\n\n<strong>Uso ideal<\/strong>: Fam\u00edlias ou pequenos grupos que precisam de mais espa\u00e7o e conforto.\n\t\t\t\t\t\t\t\t<\/div>\n\t\t\t\t<\/div>\n\t\t\t\t<div class=\"elementor-element elementor-element-c845293 elementor-align-center elementor-widget elementor-widget-button\" data-id=\"c845293\" data-element_type=\"widget\" data-e-type=\"widget\" data-widget_type=\"button.default\">\n\t\t\t\t<div class=\"elementor-widget-container\">\n\t\t\t\t\t\t\t\t\t<div class=\"elementor-button-wrapper\">\n\t\t\t\t\t<a class=\"elementor-button elementor-button-link elementor-size-sm\" href=\"https:\/\/wa.me\/573146644303?text=!Hola!%20quiero%20mas%20informacion%20para%20traslados%20en%20Colombia\" target=\"_blank\" rel=\"noopener\">\n\t\t\t\t\t\t<span class=\"elementor-button-content-wrapper\">\n\t\t\t\t\t\t\t\t\t<span class=\"elementor-button-text\">Solicite aqui<\/span>\n\t\t\t\t\t<\/span>\n\t\t\t\t\t<\/a>\n\t\t\t\t<\/div>\n\t\t\t\t\t\t\t\t<\/div>\n\t\t\t\t<\/div>\n\t\t\t\t\t<\/div>\n\t\t<\/div>\n\t\t\t\t<div class=\"elementor-column elementor-col-25 elementor-top-column elementor-element elementor-element-6661090\" data-id=\"6661090\" data-element_type=\"column\" data-e-type=\"column\">\n\t\t\t<div class=\"elementor-widget-wrap elementor-element-populated\">\n\t\t\t\t\t\t<div class=\"elementor-element elementor-element-240647b elementor-widget elementor-widget-image\" data-id=\"240647b\" data-element_type=\"widget\" data-e-type=\"widget\" data-widget_type=\"image.default\">\n\t\t\t\t<div class=\"elementor-widget-container\">\n\t\t\t\t\t\t\t\t\t\t\t\t\t\t\t<img loading=\"lazy\" decoding=\"async\" width=\"580\" height=\"301\" src=\"https:\/\/transferstours.com\/wp-content\/uploads\/2024\/06\/Van-de-19-Pax-1024x532.png\" class=\"attachment-large size-large wp-image-6256\" alt=\"transporte para grupos en colombia\" srcset=\"https:\/\/transferstours.com\/wp-content\/uploads\/2024\/06\/Van-de-19-Pax-1024x532.png 1024w, https:\/\/transferstours.com\/wp-content\/uploads\/2024\/06\/Van-de-19-Pax-300x156.png 300w, https:\/\/transferstours.com\/wp-content\/uploads\/2024\/06\/Van-de-19-Pax-768x399.png 768w, https:\/\/transferstours.com\/wp-content\/uploads\/2024\/06\/Van-de-19-Pax-1536x798.png 1536w, https:\/\/transferstours.com\/wp-content\/uploads\/2024\/06\/Van-de-19-Pax-1200x624.png 1200w, https:\/\/transferstours.com\/wp-content\/uploads\/2024\/06\/Van-de-19-Pax.png 1920w\" sizes=\"(max-width: 580px) 100vw, 580px\" \/>\t\t\t\t\t\t\t\t\t\t\t\t\t\t\t<\/div>\n\t\t\t\t<\/div>\n\t\t\t\t<div class=\"elementor-element elementor-element-ae40a8c elementor-widget elementor-widget-heading\" data-id=\"ae40a8c\" data-element_type=\"widget\" data-e-type=\"widget\" data-widget_type=\"heading.default\">\n\t\t\t\t<div class=\"elementor-widget-container\">\n\t\t\t\t\t<h3 class=\"elementor-heading-title elementor-size-large\">Van sprinter<\/h3>\t\t\t\t<\/div>\n\t\t\t\t<\/div>\n\t\t\t\t<div class=\"elementor-element elementor-element-6e349bb elementor-widget elementor-widget-text-editor\" data-id=\"6e349bb\" data-element_type=\"widget\" data-e-type=\"widget\" data-widget_type=\"text-editor.default\">\n\t\t\t\t<div class=\"elementor-widget-container\">\n\t\t\t\t\t\t\t\t\tVe\u00edculos de maior capacidade, perfeitos para grupos m\u00e9dios.\n<br> <br>\n\n<strong>Capacidade<\/strong>: At\u00e9 15 passageiros.<br> <br>\n\n\n<strong>Comodidades<\/strong>: Espa\u00e7o adicional para bagagem, ar-condicionado e maior conforto em terrenos irregulares.<br> <br>\n\n\n<strong>Uso ideal<\/strong>: Grupos m\u00e9dios, viagens corporativas ou turistas com muita bagagem.<br> <br>\n\n\t\t\t\t\t\t\t\t<\/div>\n\t\t\t\t<\/div>\n\t\t\t\t<div class=\"elementor-element elementor-element-f3faff0 elementor-align-center elementor-widget elementor-widget-button\" data-id=\"f3faff0\" data-element_type=\"widget\" data-e-type=\"widget\" data-widget_type=\"button.default\">\n\t\t\t\t<div class=\"elementor-widget-container\">\n\t\t\t\t\t\t\t\t\t<div class=\"elementor-button-wrapper\">\n\t\t\t\t\t<a class=\"elementor-button elementor-button-link elementor-size-sm\" href=\"https:\/\/wa.me\/573146644303?text=!Hola!%20quiero%20mas%20informacion%20para%20traslados%20en%20Colombia\" target=\"_blank\" rel=\"noopener\">\n\t\t\t\t\t\t<span class=\"elementor-button-content-wrapper\">\n\t\t\t\t\t\t\t\t\t<span class=\"elementor-button-text\">Solicite aqui<\/span>\n\t\t\t\t\t<\/span>\n\t\t\t\t\t<\/a>\n\t\t\t\t<\/div>\n\t\t\t\t\t\t\t\t<\/div>\n\t\t\t\t<\/div>\n\t\t\t\t\t<\/div>\n\t\t<\/div>\n\t\t\t\t<div class=\"elementor-column elementor-col-25 elementor-top-column elementor-element elementor-element-a5e0c2b\" data-id=\"a5e0c2b\" data-element_type=\"column\" data-e-type=\"column\">\n\t\t\t<div class=\"elementor-widget-wrap elementor-element-populated\">\n\t\t\t\t\t\t<div class=\"elementor-element elementor-element-a1d64b5 elementor-widget elementor-widget-image\" data-id=\"a1d64b5\" data-element_type=\"widget\" data-e-type=\"widget\" data-widget_type=\"image.default\">\n\t\t\t\t<div class=\"elementor-widget-container\">\n\t\t\t\t\t\t\t\t\t\t\t\t\t\t\t<img loading=\"lazy\" decoding=\"async\" width=\"400\" height=\"267\" src=\"https:\/\/transferstours.com\/wp-content\/uploads\/2024\/06\/alquiler-bus-en-medellin.png\" class=\"attachment-large size-large wp-image-6260\" alt=\"\" srcset=\"https:\/\/transferstours.com\/wp-content\/uploads\/2024\/06\/alquiler-bus-en-medellin.png 400w, https:\/\/transferstours.com\/wp-content\/uploads\/2024\/06\/alquiler-bus-en-medellin-300x200.png 300w\" sizes=\"(max-width: 400px) 100vw, 400px\" \/>\t\t\t\t\t\t\t\t\t\t\t\t\t\t\t<\/div>\n\t\t\t\t<\/div>\n\t\t\t\t<div class=\"elementor-element elementor-element-2e564cc elementor-widget elementor-widget-heading\" data-id=\"2e564cc\" data-element_type=\"widget\" data-e-type=\"widget\" data-widget_type=\"heading.default\">\n\t\t\t\t<div class=\"elementor-widget-container\">\n\t\t\t\t\t<h3 class=\"elementor-heading-title elementor-size-large\">\u00d4nibus<\/h3>\t\t\t\t<\/div>\n\t\t\t\t<\/div>\n\t\t\t\t<div class=\"elementor-element elementor-element-67964fd elementor-widget elementor-widget-text-editor\" data-id=\"67964fd\" data-element_type=\"widget\" data-e-type=\"widget\" data-widget_type=\"text-editor.default\">\n\t\t\t\t<div class=\"elementor-widget-container\">\n\t\t\t\t\t\t\t\t\t\u00d4nibus de grande capacidade, ideais para transfer\u00eancias de grandes grupos.\n<br><br>\n\n<strong>Capacidade<\/strong>: At\u00e9 40 passageiros.\n<br><br>\n\n<strong>Comodidades<\/strong>: Assentos reclin\u00e1veis, ar-condicionado, sistema de entretenimento, banheiro a bordo e amplo espa\u00e7o para bagagem.<br><br>\n\n\n<strong>Uso ideal<\/strong>: Grandes grupos tur\u00edsticos, eventos e transfer\u00eancias de conven\u00e7\u00f5es.\n\t\t\t\t\t\t\t\t<\/div>\n\t\t\t\t<\/div>\n\t\t\t\t<div class=\"elementor-element elementor-element-f2f1026 elementor-align-center elementor-widget elementor-widget-button\" data-id=\"f2f1026\" data-element_type=\"widget\" data-e-type=\"widget\" data-widget_type=\"button.default\">\n\t\t\t\t<div class=\"elementor-widget-container\">\n\t\t\t\t\t\t\t\t\t<div class=\"elementor-button-wrapper\">\n\t\t\t\t\t<a class=\"elementor-button elementor-button-link elementor-size-sm\" href=\"https:\/\/wa.me\/573146644303?text=!Hola!%20quiero%20mas%20informacion%20para%20traslados%20en%20Colombia\" target=\"_blank\" rel=\"noopener\">\n\t\t\t\t\t\t<span class=\"elementor-button-content-wrapper\">\n\t\t\t\t\t\t\t\t\t<span class=\"elementor-button-text\">Solicite aqui<\/span>\n\t\t\t\t\t<\/span>\n\t\t\t\t\t<\/a>\n\t\t\t\t<\/div>\n\t\t\t\t\t\t\t\t<\/div>\n\t\t\t\t<\/div>\n\t\t\t\t\t<\/div>\n\t\t<\/div>\n\t\t\t\t\t<\/div>\n\t\t<\/section>\n\t\t\t\t<section class=\"elementor-section elementor-top-section elementor-element elementor-element-311a153 elementor-section-boxed elementor-section-height-default elementor-section-height-default\" data-id=\"311a153\" data-element_type=\"section\" data-e-type=\"section\">\n\t\t\t\t\t\t<div class=\"elementor-container elementor-column-gap-default\">\n\t\t\t\t\t<div class=\"elementor-column elementor-col-100 elementor-top-column elementor-element elementor-element-d9cc1f8\" data-id=\"d9cc1f8\" data-element_type=\"column\" data-e-type=\"column\">\n\t\t\t<div class=\"elementor-widget-wrap elementor-element-populated\">\n\t\t\t\t\t\t<div class=\"elementor-element elementor-element-5f6460f elementor-widget elementor-widget-heading\" data-id=\"5f6460f\" data-element_type=\"widget\" data-e-type=\"widget\" data-widget_type=\"heading.default\">\n\t\t\t\t<div class=\"elementor-widget-container\">\n\t\t\t\t\t<h3 class=\"elementor-heading-title elementor-size-default\">Reserve transfer\u00eancias nos aeroportos da Col\u00f4mbia<\/h3>\t\t\t\t<\/div>\n\t\t\t\t<\/div>\n\t\t\t\t<div class=\"elementor-element elementor-element-45e1495 elementor-widget elementor-widget-html\" data-id=\"45e1495\" data-element_type=\"widget\" data-e-type=\"widget\" data-widget_type=\"html.default\">\n\t\t\t\t<div class=\"elementor-widget-container\">\n\t\t\t\t\t<script type=\"text\/javascript\" src=\"https:\/\/widgets.bokun.io\/assets\/javascripts\/apps\/build\/BokunWidgetsLoader.js?bookingChannelUUID=08e26d02-ee3c-48fb-bc18-154eccfe80e7\" async><\/script>\r\n     \r\n    <div class=\"bokunWidget\" data-src=\"https:\/\/widgets.bokun.io\/online-sales\/08e26d02-ee3c-48fb-bc18-154eccfe80e7\/product-list\/85137\"><\/div>\r\n    <noscript>Please enable javascript in your browser to book<\/noscript>\r\n\t\t\t\t<\/div>\n\t\t\t\t<\/div>\n\t\t\t\t<div class=\"elementor-element elementor-element-d38e62f elementor-align-center elementor-invisible elementor-widget elementor-widget-button\" data-id=\"d38e62f\" data-element_type=\"widget\" data-e-type=\"widget\" data-settings=\"{&quot;_animation&quot;:&quot;zoomIn&quot;}\" data-widget_type=\"button.default\">\n\t\t\t\t<div class=\"elementor-widget-container\">\n\t\t\t\t\t\t\t\t\t<div class=\"elementor-button-wrapper\">\n\t\t\t\t\t<a class=\"elementor-button elementor-button-link elementor-size-sm\" href=\"https:\/\/wa.me\/573146644303?text=!Hola!%20quiero%20mas%20informacion%20para%20viajar%20a%20Colombia.%20(traslado%20aeropuerto)\" target=\"_blank\" rel=\"noopener\">\n\t\t\t\t\t\t<span class=\"elementor-button-content-wrapper\">\n\t\t\t\t\t\t<span class=\"elementor-button-icon\">\n\t\t\t\t<i aria-hidden=\"true\" class=\"fab fa-whatsapp\"><\/i>\t\t\t<\/span>\n\t\t\t\t\t\t\t\t\t<span class=\"elementor-button-text\">informa\u00e7\u00f5es<\/span>\n\t\t\t\t\t<\/span>\n\t\t\t\t\t<\/a>\n\t\t\t\t<\/div>\n\t\t\t\t\t\t\t\t<\/div>\n\t\t\t\t<\/div>\n\t\t\t\t\t<\/div>\n\t\t<\/div>\n\t\t\t\t\t<\/div>\n\t\t<\/section>\n\t\t\t\t<\/div>\n\t\t","protected":false},"excerpt":{"rendered":"<p>Transfer\u00eancias Seguras Transfer\u00eancias de aeroportos na Col\u00f4mbia Voc\u00ea est\u00e1 procurando um servi\u00e7o de transfer\u00eancia confi\u00e1vel e confort\u00e1vel do aeroporto ou para atividades na Col\u00f4mbia? Veja o que temos a oferecer! Nossa empresa oferece servi\u00e7os de transfer\u00eancias de aeroportos na Col\u00f4mbia e por hora, com uma frota de ve\u00edculos de alta qualidade e motoristas profissionais e [&hellip;]<\/p>\n","protected":false},"author":1,"featured_media":24836,"parent":0,"menu_order":0,"comment_status":"closed","ping_status":"closed","template":"elementor_header_footer","meta":{"footnotes":""},"class_list":["post-28279","page","type-page","status-publish","has-post-thumbnail","hentry"],"_links":{"self":[{"href":"https:\/\/transferstours.com\/pt-br\/wp-json\/wp\/v2\/pages\/28279","targetHints":{"allow":["GET"]}}],"collection":[{"href":"https:\/\/transferstours.com\/pt-br\/wp-json\/wp\/v2\/pages"}],"about":[{"href":"https:\/\/transferstours.com\/pt-br\/wp-json\/wp\/v2\/types\/page"}],"author":[{"embeddable":true,"href":"https:\/\/transferstours.com\/pt-br\/wp-json\/wp\/v2\/users\/1"}],"replies":[{"embeddable":true,"href":"https:\/\/transferstours.com\/pt-br\/wp-json\/wp\/v2\/comments?post=28279"}],"version-history":[{"count":0,"href":"https:\/\/transferstours.com\/pt-br\/wp-json\/wp\/v2\/pages\/28279\/revisions"}],"wp:featuredmedia":[{"embeddable":true,"href":"https:\/\/transferstours.com\/pt-br\/wp-json\/wp\/v2\/media\/24836"}],"wp:attachment":[{"href":"https:\/\/transferstours.com\/pt-br\/wp-json\/wp\/v2\/media?parent=28279"}],"curies":[{"name":"wp","href":"https:\/\/api.w.org\/{rel}","templated":true}]}}